{"id":59510,"date":"2026-03-10T16:04:17","date_gmt":"2026-03-10T16:04:17","guid":{"rendered":"https:\/\/nullsignal.games\/%e4%ba%a7%e5%93%81\/%e5%88%b6%e9%ab%98%e7%82%b9\/%e3%80%8a%e5%88%b6%e9%ab%98%e7%82%b9%e3%80%8b%e8%af%bb%e9%9f%b3%e6%8c%87%e5%8d%97\/"},"modified":"2026-03-10T16:04:18","modified_gmt":"2026-03-10T16:04:18","slug":"%e3%80%8a%e5%88%b6%e9%ab%98%e7%82%b9%e3%80%8b%e8%af%bb%e9%9f%b3%e6%8c%87%e5%8d%97","status":"publish","type":"page","link":"https:\/\/nullsignal.games\/zh-hans\/%e4%ba%a7%e5%93%81\/%e5%88%b6%e9%ab%98%e7%82%b9\/%e3%80%8a%e5%88%b6%e9%ab%98%e7%82%b9%e3%80%8b%e8%af%bb%e9%9f%b3%e6%8c%87%e5%8d%97\/","title":{"rendered":"\u300a\u5236\u9ad8\u70b9\u300b\u8bfb\u97f3\u6307\u5357"},"content":{"rendered":"\n<p>\u6211\u4eec\u5e0c\u671b\u8fd9\u4efd\u8bfb\u97f3\u6307\u5357\u80fd\u5e2e\u52a9\u4f60\u8bfb\u51fa\u300a\u5236\u9ad8\u70b9\u300b\u5361\u724c\u540d\u79f0\u4e2d\u51fa\u73b0\u7684\u8bcd\u8bed\u3002\u5982\u679c\u4f60\u89c9\u5f97\u542c\u53d1\u97f3\u66f4\u76f4\u89c2\uff0c\u6211\u4eec\u5efa\u8bae\u4f60\u5c06\u56fd\u9645\u97f3\u6807\u590d\u5236\u7c98\u8d34\u5230\u4e00\u4e2a<a href=\"http:\/\/ipa-reader.xyz\/\" target=\"_blank\" rel=\"noreferrer noopener\">\u56fd\u9645\u97f3\u6807\u6717\u8bfb\u7f51\u7ad9<\/a>\u91cc\u6536\u542c\u3002<\/p>\n\n<p>\u867d\u7136\u5728\u6bcf\u4e00\u4e2a\u300a\u77e9\u9635\u6f5c\u88ad\u300b\u7cfb\u5217\u4e2d\uff0c\u5361\u724c\u540d\u79f0\u6240\u4f7f\u7528\u7684\u8bed\u8a00\u90fd\u4f1a\u6709\u6240\u53d8\u5316\uff0c\u4f46\u6211\u4eec\u4f1a\u5c3d\u91cf\u8ba9\u5176\u4e2d\u7684\u82f1\u8bed\u8fd1\u4f3c\u8bfb\u6cd5\u5728\u4e0d\u540c\u7cfb\u5217\u4e4b\u95f4\u4fdd\u6301\u76f8\u5bf9\u4e00\u81f4\u3002\u5e0c\u671b\u8fd9\u4efd\u6307\u5357\u80fd\u5bf9\u4f60\u6709\u6240\u5e2e\u52a9\u3002<\/p>\n\n<p>\u5982\u679c\u4f60\u8ba4\u4e3a\u5176\u4e2d\u6709\u4efb\u4f55\u9519\u8bef\uff0c\u8bf7\u53d1\u9001\u90ae\u4ef6\u81f3<a href=\"mailto:narrative@nullsignal.games\" target=\"_blank\" rel=\"noreferrer noopener\">narrative@nullsignal.games<\/a>\u3002<\/p>\n\n<p><strong>\u6ce8\u610f\uff1a<\/strong>\u5982\u679c\u4f60\u8bbf\u95ee\u8fd9\u4e2a\u9875\u9762\u662f\u4e3a\u4e86\u7814\u7a76\u67d0\u79cd\u7279\u5b9a\u7684\u6587\u5316\u6216\u8bed\u8a00\uff0c\u8bf7\u5c3d\u91cf\u67e5\u9605\u539f\u59cb\u4e14\u6743\u5a01\u7684\u8d44\u6599\uff0c\u800c\u4e0d\u8981\u53ea\u4f9d\u8d56\u8fd9\u4efd\u6307\u5357\u3002\u5b83\u4ee3\u8868\u4e86\u6211\u4eec\u7684\u6700\u5927\u52aa\u529b\uff0c\u4f46\u4e0d\u80fd\u66ff\u4ee3\u4f60\u81ea\u5df1\u7684\u7814\u7a76\u3002<\/p>\n\n<figure class=\"wp-block-table is-style-stripes\"><table><thead><tr><th>\u5361\u724c\u540d\u79f0<\/th><th>\u56fd\u9645\u97f3\u6807<\/th><th>\u82f1\u8bed\u8fd1\u4f3c\u8bfb\u6cd5<\/th><th>\u6e90\u8bed\u8a00<\/th><\/tr><\/thead><tbody><tr><td>Nurse H\u1ea1nh<\/td><td>h\u025b\u0272\u02e8\u02e9\u0294<\/td><td>HENYH<\/td><td>\u82f1\u8bed\u3001\u8d8a\u5357\u8bed<\/td><\/tr><tr><td>Hiram &#8220;0mission&#8221; Svensson<\/td><td>\u02c8\u03c7a\u026a.\u0279\u0259m \u02c8sv\u025bns.s\u0254n<\/td><td>KHY-ruhm SVENS-sown<\/td><td>\u5e0c\u4f2f\u6765\u8bed\u3001\u745e\u5178\u8bed<\/td><\/tr><tr><td>Sipa<\/td><td>\u02c8si\u02d0.p\u0250\u0294<\/td><td>SEE-pah<\/td><td>\u4ed6\u52a0\u7984\u8bed<\/td><\/tr><tr><td>M\u00e9li\u00e8s Luxury Line, M\u00e9li\u00e8s U: Only The Brightest<\/td><td>mel\u02c8j\u025bs<\/td><td>mel-YES<\/td><td>\u6cd5\u8bed\u3001\u82f1\u8bed<\/td><\/tr><tr><td>Vicsek<\/td><td>\u02c8vit\u0361\u0283\u025bk<\/td><td>VI-chek<\/td><td>\u5308\u7259\u5229\u8bed<\/td><\/tr><tr><td>Magistrate Revontulet <\/td><td>\u02c8re.\u028bon\u02cctu.let<\/td><td>RE-von-TOO-let<\/td><td>\u82f1\u8bed\u3001\u82ac\u5170\u8bed<\/td><\/tr><tr><td>Luana Campos<\/td><td>\u02c8k\u0250\u0303.pu\u0283<\/td><td>CAH-poosh<\/td><td>\u82f1\u8bed\u3001\u5df4\u897f\u8461\u8404\u7259\u8bed<\/td><\/tr><tr><td>My\u014dshu<\/td><td>\u02c8m\u02b2o\u02d0.\u0255\u026f<\/td><td>M(i)YO-shu<\/td><td>\u65e5\u8bed<\/td><\/tr><\/tbody><\/table><\/figure>\n","protected":false},"excerpt":{"rendered":"<p>\u6211\u4eec\u5e0c\u671b\u8fd9\u4efd\u8bfb\u97f3\u6307\u5357\u80fd\u5e2e\u52a9\u4f60\u8bfb\u51fa\u300a\u5236\u9ad8\u70b9\u300b\u5361\u724c\u540d\u79f0\u4e2d\u51fa\u73b0\u7684\u8bcd [&hellip;]<\/p>\n","protected":false},"author":61,"featured_media":0,"parent":59453,"menu_order":0,"comment_status":"closed","ping_status":"closed","template":"","meta":{"advgb_blocks_editor_width":"","advgb_blocks_columns_visual_guide":"","kt_blocks_editor_width":"","_links_to":"","_links_to_target":""},"pp_force_visibility":null,"pp_subpost_visibility":null,"pp_inherited_force_visibility":null,"pp_inherited_subpost_visibility":null,"yoast_head":"<!-- This site is optimized with the Yoast SEO plugin v17.7.1 - https:\/\/yoast.com\/wordpress\/plugins\/seo\/ -->\n<title>\u300a\u5236\u9ad8\u70b9\u300b\u8bfb\u97f3\u6307\u5357 - Null Signal Games<\/title>\n<meta name=\"robots\" content=\"index, follow, max-snippet:-1, max-image-preview:large, max-video-preview:-1\" \/>\n<link rel=\"canonical\" href=\"https:\/\/nullsignal.games\/zh-hans\/\u4ea7\u54c1\/\u5236\u9ad8\u70b9\/\u300a\u5236\u9ad8\u70b9\u300b\u8bfb\u97f3\u6307\u5357\/\" \/>\n<meta property=\"og:locale\" content=\"zh_CN\" \/>\n<meta property=\"og:type\" content=\"article\" \/>\n<meta property=\"og:title\" content=\"\u300a\u5236\u9ad8\u70b9\u300b\u8bfb\u97f3\u6307\u5357 - Null Signal Games\" \/>\n<meta property=\"og:description\" content=\"\u6211\u4eec\u5e0c\u671b\u8fd9\u4efd\u8bfb\u97f3\u6307\u5357\u80fd\u5e2e\u52a9\u4f60\u8bfb\u51fa\u300a\u5236\u9ad8\u70b9\u300b\u5361\u724c\u540d\u79f0\u4e2d\u51fa\u73b0\u7684\u8bcd [&hellip;]\" \/>\n<meta property=\"og:url\" content=\"https:\/\/nullsignal.games\/zh-hans\/\u4ea7\u54c1\/\u5236\u9ad8\u70b9\/\u300a\u5236\u9ad8\u70b9\u300b\u8bfb\u97f3\u6307\u5357\/\" \/>\n<meta property=\"og:site_name\" content=\"Null Signal Games\" \/>\n<meta property=\"article:publisher\" content=\"https:\/\/www.facebook.com\/NetrunnerNISEI\" \/>\n<meta property=\"article:modified_time\" content=\"2026-03-10T16:04:18+00:00\" \/>\n<meta name=\"twitter:card\" content=\"summary_large_image\" \/>\n<meta name=\"twitter:site\" content=\"@ProjectNISEI\" \/>\n<script type=\"application\/ld+json\" class=\"yoast-schema-graph\">{\"@context\":\"https:\/\/schema.org\",\"@graph\":[{\"@type\":\"Organization\",\"@id\":\"https:\/\/nisei.net\/#organization\",\"name\":\"NISEI\",\"url\":\"https:\/\/nisei.net\/\",\"sameAs\":[\"https:\/\/www.facebook.com\/NetrunnerNISEI\",\"https:\/\/www.youtube.com\/channel\/UC4j5b7f95JGN4RHvXS_7z1Q\",\"https:\/\/twitter.com\/ProjectNISEI\"],\"logo\":{\"@type\":\"ImageObject\",\"@id\":\"https:\/\/nisei.net\/#logo\",\"inLanguage\":\"zh-CN\",\"url\":\"https:\/\/nullsignal.games\/wp-content\/uploads\/2020\/08\/cropped-logo_black.png\",\"contentUrl\":\"https:\/\/nullsignal.games\/wp-content\/uploads\/2020\/08\/cropped-logo_black.png\",\"width\":512,\"height\":512,\"caption\":\"NISEI\"},\"image\":{\"@id\":\"https:\/\/nisei.net\/#logo\"}},{\"@type\":\"WebSite\",\"@id\":\"https:\/\/nisei.net\/#website\",\"url\":\"https:\/\/nisei.net\/\",\"name\":\"NISEI\",\"description\":\"The Future of Netrunner\",\"publisher\":{\"@id\":\"https:\/\/nisei.net\/#organization\"},\"potentialAction\":[{\"@type\":\"SearchAction\",\"target\":{\"@type\":\"EntryPoint\",\"urlTemplate\":\"https:\/\/nisei.net\/?s={search_term_string}\"},\"query-input\":\"required name=search_term_string\"}],\"inLanguage\":\"zh-CN\"},{\"@type\":\"WebPage\",\"@id\":\"https:\/\/nullsignal.games\/zh-hans\/%e4%ba%a7%e5%93%81\/%e5%88%b6%e9%ab%98%e7%82%b9\/%e3%80%8a%e5%88%b6%e9%ab%98%e7%82%b9%e3%80%8b%e8%af%bb%e9%9f%b3%e6%8c%87%e5%8d%97\/#webpage\",\"url\":\"https:\/\/nullsignal.games\/zh-hans\/%e4%ba%a7%e5%93%81\/%e5%88%b6%e9%ab%98%e7%82%b9\/%e3%80%8a%e5%88%b6%e9%ab%98%e7%82%b9%e3%80%8b%e8%af%bb%e9%9f%b3%e6%8c%87%e5%8d%97\/\",\"name\":\"\\u300a\\u5236\\u9ad8\\u70b9\\u300b\\u8bfb\\u97f3\\u6307\\u5357 - Null Signal Games\",\"isPartOf\":{\"@id\":\"https:\/\/nisei.net\/#website\"},\"datePublished\":\"2026-03-10T16:04:17+00:00\",\"dateModified\":\"2026-03-10T16:04:18+00:00\",\"breadcrumb\":{\"@id\":\"https:\/\/nullsignal.games\/zh-hans\/%e4%ba%a7%e5%93%81\/%e5%88%b6%e9%ab%98%e7%82%b9\/%e3%80%8a%e5%88%b6%e9%ab%98%e7%82%b9%e3%80%8b%e8%af%bb%e9%9f%b3%e6%8c%87%e5%8d%97\/#breadcrumb\"},\"inLanguage\":\"zh-CN\",\"potentialAction\":[{\"@type\":\"ReadAction\",\"target\":[\"https:\/\/nullsignal.games\/zh-hans\/%e4%ba%a7%e5%93%81\/%e5%88%b6%e9%ab%98%e7%82%b9\/%e3%80%8a%e5%88%b6%e9%ab%98%e7%82%b9%e3%80%8b%e8%af%bb%e9%9f%b3%e6%8c%87%e5%8d%97\/\"]}]},{\"@type\":\"BreadcrumbList\",\"@id\":\"https:\/\/nullsignal.games\/zh-hans\/%e4%ba%a7%e5%93%81\/%e5%88%b6%e9%ab%98%e7%82%b9\/%e3%80%8a%e5%88%b6%e9%ab%98%e7%82%b9%e3%80%8b%e8%af%bb%e9%9f%b3%e6%8c%87%e5%8d%97\/#breadcrumb\",\"itemListElement\":[{\"@type\":\"ListItem\",\"position\":1,\"name\":\"Home\",\"item\":\"https:\/\/nullsignal.games\/zh-hans\/\"},{\"@type\":\"ListItem\",\"position\":2,\"name\":\"\\u4ea7\\u54c1\",\"item\":\"https:\/\/nullsignal.games\/zh-hans\/%e4%ba%a7%e5%93%81\/\"},{\"@type\":\"ListItem\",\"position\":3,\"name\":\"\\u5236\\u9ad8\\u70b9\",\"item\":\"https:\/\/nullsignal.games\/zh-hans\/%e4%ba%a7%e5%93%81\/%e5%88%b6%e9%ab%98%e7%82%b9\/\"},{\"@type\":\"ListItem\",\"position\":4,\"name\":\"\\u300a\\u5236\\u9ad8\\u70b9\\u300b\\u8bfb\\u97f3\\u6307\\u5357\"}]}]}<\/script>\n<!-- \/ Yoast SEO plugin. -->","yoast_head_json":{"title":"\u300a\u5236\u9ad8\u70b9\u300b\u8bfb\u97f3\u6307\u5357 - Null Signal Games","robots":{"index":"index","follow":"follow","max-snippet":"max-snippet:-1","max-image-preview":"max-image-preview:large","max-video-preview":"max-video-preview:-1"},"canonical":"https:\/\/nullsignal.games\/zh-hans\/\u4ea7\u54c1\/\u5236\u9ad8\u70b9\/\u300a\u5236\u9ad8\u70b9\u300b\u8bfb\u97f3\u6307\u5357\/","og_locale":"zh_CN","og_type":"article","og_title":"\u300a\u5236\u9ad8\u70b9\u300b\u8bfb\u97f3\u6307\u5357 - Null Signal Games","og_description":"\u6211\u4eec\u5e0c\u671b\u8fd9\u4efd\u8bfb\u97f3\u6307\u5357\u80fd\u5e2e\u52a9\u4f60\u8bfb\u51fa\u300a\u5236\u9ad8\u70b9\u300b\u5361\u724c\u540d\u79f0\u4e2d\u51fa\u73b0\u7684\u8bcd [&hellip;]","og_url":"https:\/\/nullsignal.games\/zh-hans\/\u4ea7\u54c1\/\u5236\u9ad8\u70b9\/\u300a\u5236\u9ad8\u70b9\u300b\u8bfb\u97f3\u6307\u5357\/","og_site_name":"Null Signal Games","article_publisher":"https:\/\/www.facebook.com\/NetrunnerNISEI","article_modified_time":"2026-03-10T16:04:18+00:00","twitter_card":"summary_large_image","twitter_site":"@ProjectNISEI","schema":{"@context":"https:\/\/schema.org","@graph":[{"@type":"Organization","@id":"https:\/\/nisei.net\/#organization","name":"NISEI","url":"https:\/\/nisei.net\/","sameAs":["https:\/\/www.facebook.com\/NetrunnerNISEI","https:\/\/www.youtube.com\/channel\/UC4j5b7f95JGN4RHvXS_7z1Q","https:\/\/twitter.com\/ProjectNISEI"],"logo":{"@type":"ImageObject","@id":"https:\/\/nisei.net\/#logo","inLanguage":"zh-CN","url":"https:\/\/nullsignal.games\/wp-content\/uploads\/2020\/08\/cropped-logo_black.png","contentUrl":"https:\/\/nullsignal.games\/wp-content\/uploads\/2020\/08\/cropped-logo_black.png","width":512,"height":512,"caption":"NISEI"},"image":{"@id":"https:\/\/nisei.net\/#logo"}},{"@type":"WebSite","@id":"https:\/\/nisei.net\/#website","url":"https:\/\/nisei.net\/","name":"NISEI","description":"The Future of Netrunner","publisher":{"@id":"https:\/\/nisei.net\/#organization"},"potentialAction":[{"@type":"SearchAction","target":{"@type":"EntryPoint","urlTemplate":"https:\/\/nisei.net\/?s={search_term_string}"},"query-input":"required name=search_term_string"}],"inLanguage":"zh-CN"},{"@type":"WebPage","@id":"https:\/\/nullsignal.games\/zh-hans\/%e4%ba%a7%e5%93%81\/%e5%88%b6%e9%ab%98%e7%82%b9\/%e3%80%8a%e5%88%b6%e9%ab%98%e7%82%b9%e3%80%8b%e8%af%bb%e9%9f%b3%e6%8c%87%e5%8d%97\/#webpage","url":"https:\/\/nullsignal.games\/zh-hans\/%e4%ba%a7%e5%93%81\/%e5%88%b6%e9%ab%98%e7%82%b9\/%e3%80%8a%e5%88%b6%e9%ab%98%e7%82%b9%e3%80%8b%e8%af%bb%e9%9f%b3%e6%8c%87%e5%8d%97\/","name":"\u300a\u5236\u9ad8\u70b9\u300b\u8bfb\u97f3\u6307\u5357 - Null Signal Games","isPartOf":{"@id":"https:\/\/nisei.net\/#website"},"datePublished":"2026-03-10T16:04:17+00:00","dateModified":"2026-03-10T16:04:18+00:00","breadcrumb":{"@id":"https:\/\/nullsignal.games\/zh-hans\/%e4%ba%a7%e5%93%81\/%e5%88%b6%e9%ab%98%e7%82%b9\/%e3%80%8a%e5%88%b6%e9%ab%98%e7%82%b9%e3%80%8b%e8%af%bb%e9%9f%b3%e6%8c%87%e5%8d%97\/#breadcrumb"},"inLanguage":"zh-CN","potentialAction":[{"@type":"ReadAction","target":["https:\/\/nullsignal.games\/zh-hans\/%e4%ba%a7%e5%93%81\/%e5%88%b6%e9%ab%98%e7%82%b9\/%e3%80%8a%e5%88%b6%e9%ab%98%e7%82%b9%e3%80%8b%e8%af%bb%e9%9f%b3%e6%8c%87%e5%8d%97\/"]}]},{"@type":"BreadcrumbList","@id":"https:\/\/nullsignal.games\/zh-hans\/%e4%ba%a7%e5%93%81\/%e5%88%b6%e9%ab%98%e7%82%b9\/%e3%80%8a%e5%88%b6%e9%ab%98%e7%82%b9%e3%80%8b%e8%af%bb%e9%9f%b3%e6%8c%87%e5%8d%97\/#breadcrumb","itemListElement":[{"@type":"ListItem","position":1,"name":"Home","item":"https:\/\/nullsignal.games\/zh-hans\/"},{"@type":"ListItem","position":2,"name":"\u4ea7\u54c1","item":"https:\/\/nullsignal.games\/zh-hans\/%e4%ba%a7%e5%93%81\/"},{"@type":"ListItem","position":3,"name":"\u5236\u9ad8\u70b9","item":"https:\/\/nullsignal.games\/zh-hans\/%e4%ba%a7%e5%93%81\/%e5%88%b6%e9%ab%98%e7%82%b9\/"},{"@type":"ListItem","position":4,"name":"\u300a\u5236\u9ad8\u70b9\u300b\u8bfb\u97f3\u6307\u5357"}]}]}},"coauthors":[{"link":"https:\/\/nullsignal.games\/zh-hans\/blog\/author\/cobrabubbles\/","display_name":"CobraBubbles"}],"author_meta":{"author_link":"https:\/\/nullsignal.games\/zh-hans\/blog\/author\/cobrabubbles\/","display_name":"CobraBubbles"},"relative_dates":{"created":"Posted 1\u6708 ago","modified":"Updated 1\u6708 ago"},"absolute_dates":{"created":"Posted on 3\u6708 10, 2026","modified":"Updated on 3\u6708 10, 2026"},"absolute_dates_time":{"created":"Posted on 3\u6708 10, 2026 4:04 \u4e0b\u5348","modified":"Updated on 3\u6708 10, 2026 4:04 \u4e0b\u5348"},"featured_img_caption":"","featured_img":false,"series_order":"","_links":{"self":[{"href":"https:\/\/nullsignal.games\/zh-hans\/wp-json\/wp\/v2\/pages\/59510"}],"collection":[{"href":"https:\/\/nullsignal.games\/zh-hans\/wp-json\/wp\/v2\/pages"}],"about":[{"href":"https:\/\/nullsignal.games\/zh-hans\/wp-json\/wp\/v2\/types\/page"}],"author":[{"embeddable":true,"href":"https:\/\/nullsignal.games\/zh-hans\/wp-json\/wp\/v2\/users\/61"}],"replies":[{"embeddable":true,"href":"https:\/\/nullsignal.games\/zh-hans\/wp-json\/wp\/v2\/comments?post=59510"}],"version-history":[{"count":1,"href":"https:\/\/nullsignal.games\/zh-hans\/wp-json\/wp\/v2\/pages\/59510\/revisions"}],"predecessor-version":[{"id":59511,"href":"https:\/\/nullsignal.games\/zh-hans\/wp-json\/wp\/v2\/pages\/59510\/revisions\/59511"}],"up":[{"embeddable":true,"href":"https:\/\/nullsignal.games\/zh-hans\/wp-json\/wp\/v2\/pages\/59453"}],"wp:attachment":[{"href":"https:\/\/nullsignal.games\/zh-hans\/wp-json\/wp\/v2\/media?parent=59510"}],"curies":[{"name":"wp","href":"https:\/\/api.w.org\/{rel}","templated":true}]}}