{"id":35775,"date":"2023-01-14T14:41:26","date_gmt":"2023-01-14T14:41:26","guid":{"rendered":"https:\/\/nullsignal.games\/guia-de-compras-null-signal\/"},"modified":"2025-11-11T17:25:33","modified_gmt":"2025-11-11T17:25:33","slug":"guia-de-compras-null-signal","status":"publish","type":"page","link":"https:\/\/nullsignal.games\/pt-br\/jogadores\/guia-de-compras-null-signal\/","title":{"rendered":"Guia de Compras Null Signal"},"content":{"rendered":"\n<p>You can buy Null Signal cards from both our print-on-demand partners, <a href=\"https:\/\/www.makeplayingcards.com\/sell\/nullsignalgames\">MakePlayingCards<\/a> and <a href=\"https:\/\/www.drivethrucards.com\/browse\/pub\/14445\/Null-Signal-Games\">DriveThruCards<\/a>, with two different card stocks available from MakePlayingCards. Each option provides different benefits in terms of card quality and shipping cost. As of December, 2022, you can also buy our cards from <a href=\"http:\/\/shop.nullsignal.games\">our own online store<\/a>. This is currently available only in the United States and Australia, with more countries to be added gradually, and we are currently only stocking <em>Midnight Sun <\/em>and <em>Parhelion<\/em>, but more sets will be added very soon. <\/p>\n\n\n\n<p>Al\u00e9m disso, n\u00f3s estamos trabalhando internacionalmente com v\u00e1rias gr\u00e1ficas para fornecer produtos aos nossos revendedores autorizados, de forma a oferecer envios mais baratos para as comunidades locais. Alguns destes revendedores s\u00e3o lojas de jogos, outros s\u00e3o membros da comunidade que enviam nossas cartas de suas casas. Em todos os casos, s\u00e3o membros veteranos e confi\u00e1veis da comunidade: se eles est\u00e3o listados abaixo, voc\u00ea pode comprar deles com confian\u00e7a. Os produtos que eles vendem varia de acordo com qual gr\u00e1fica fornece a eles, mas n\u00f3s trabalhamos com cada gr\u00e1fica para garantir que a qualidade esteja de acordo com nossos padr\u00f5es, e voc\u00ea pode esperar cartas pelo menos t\u00e3o boas como as Standard da MakePlayingCards, se n\u00e3o melhores.<\/p>\n\n\n\n<p>Por fim, nossas cartas tamb\u00e9m est\u00e3o dispon\u00edveis como PDF pague-o-quanto-quiser para imprimir e jogar em casa. Cartas impressas desta forma <em>s\u00e3o<\/em> v\u00e1lidas para todos os torneios e eventos Netrunner, desde que o corte esteja correto e sejam colocadas em sleeves com fundo opaco.<\/p>\n\n\n\n<p>Abaixo h\u00e1 uma compara\u00e7\u00e3o de nossas diferentes op\u00e7\u00f5es de impress\u00e3o, assim como alguns detalhes que percebemos quando pedimos nossos prot\u00f3tipos. Pre\u00e7os n\u00e3o incluem o envio. Todas as figuras abaixo s\u00e3o baseadas no lan\u00e7amento de dezembro de 2019 de <em>Ascen\u00e7\u00e3o<\/em>, uma edi\u00e7\u00e3o contendo 3 x 65 cartas (num total de 195). Pre\u00e7os exatos ir\u00e3o variar de produto para produto.<\/p>\n\n\n\n\n\n<h2>Loja Null Signal Games<\/h2>\n\n\n\n<ul><li>Pre\u00e7o em torno de $45 por edi\u00e7\u00e3o, incluindo envio gr\u00e1tis<\/li><li>Initially only shipping to addresses within the United States<\/li><li>Initially only <em>Parhelion <\/em>will be available, with more sets to be added very soon<\/li><li>\u00c9 a melhor forma de apoiar a Null Signal Games em termos financeiros<\/li><li>Cartas com qualidade semelhante \u00e0s cartas da FFG, v\u00eam em uma caixa apropriada<\/li><li>Confira <a href=\"https:\/\/nullsignal.games\/blog\/towards-a-new-distribution-model-parhelion-direct-sales\/\">aqui<\/a> para todos os detalhes<\/li><\/ul>\n\n\n\n<div class=\"wp-block-buttons alignwide is-content-justification-center\">\n<div class=\"wp-block-button\"><a class=\"wp-block-button__link\" href=\"shop.nullsignal.games\">Visite a Loja Null Signal Games<\/a><\/div>\n<\/div>\n\n\n\n<h2>DriveThruCards<\/h2>\n\n\n\n<ul><li>Pre\u00e7o em torno de $45 por edi\u00e7\u00e3o<\/li><li>Cartas com qualidade semelhante \u00e0s cartas da FFG<\/li><li>Apenas cartas em ingl\u00eas<\/li><li><span style=\"color: initial;\">Envio r\u00e1pido dispon\u00edvel<\/span><\/li><li>Envio para fora dos EUA \u00e9 <em>muito<\/em> caro<\/li><\/ul>\n\n\n\n<div class=\"wp-block-buttons is-content-justification-center\">\n<div class=\"wp-block-button\"><a class=\"wp-block-button__link\" href=\"https:\/\/www.drivethrucards.com\/browse\/pub\/14445\/NISEI\">Visite nossa loja DriveThruCards<\/a><\/div>\n<\/div>\n\n\n\n<h2>MakePlayingCards: Qualidade Padr\u00e3o<\/h2>\n\n\n\n<ul><li>Pre\u00e7os iniciam em $50 por edi\u00e7\u00e3o<\/li><li>Envio para todo o mundo<\/li><li>Dispon\u00edvel em todos os idiomas apoiados<\/li><li>Envio r\u00e1pido dispon\u00edvel<\/li><li>Desconto dispon\u00edvel se pedir v\u00e1rias unidades &#8211; o custo por unidade \u00e9 mais baixo para pedidos de seis ou mais c\u00f3pias, e <em>muito<\/em> mais baixo para pedidos de 30 ou mais c\u00f3pias<\/li><li>Cartas <em>levemente<\/em> mais finas que da FFG, mas impercept\u00edvel quando sleevadas <\/li><li>Cantos mais arredondados que das cartas FFG<\/li><li>C\u00f3digos de desconto dispon\u00edveis (&#8220;thankyou5c&#8221; para desconto de $5 em pedidos de $35 ou mais, &#8220;15dpurchase&#8221; para desconto de $15 em pedidos de $500 ou mais)<\/li><\/ul>\n\n\n\n<div class=\"wp-block-buttons is-content-justification-center\">\n<div class=\"wp-block-button\"><a class=\"wp-block-button__link\" href=\"https:\/\/www.makeplayingcards.com\/sell\/nullsignalgames\">Visite nossa loja MakePlayingCards<\/a><\/div>\n<\/div>\n\n\n\n<h2>MakePlayingCards: Qualidade Premium<\/h2>\n\n\n\n<ul><li>Pre\u00e7os iniciam em $60 por edi\u00e7\u00e3o<\/li><li>Envio para todo o mundo<\/li><li>Dispon\u00edvel em todos os idiomas apoiados<\/li><li>Envio r\u00e1pido dispon\u00edvel<\/li><li>Desconto dispon\u00edvel se pedir v\u00e1rias unidades, o custo por unidade \u00e9 mais baixo para pedidos de seis ou mais c\u00f3pias, e <em>muito<\/em> mais baixo para pedidos de 30 ou mais c\u00f3pias<\/li><li>Cartas <em>levemente<\/em> mais finas que da FFG, mas impercept\u00edvel quando sleevadas (de forma equivalente a cartas com arte alternativa feitas por f\u00e3s)<\/li><li>Cantos mais arredondados que das cartas FFG<\/li><li>C\u00f3digos de desconto dispon\u00edveis (&#8220;thankyou5c&#8221; para desconto de $5 em pedidos de $35 ou mais, &#8220;15dpurchase&#8221; para desconto de $15 em pedidos de $500 ou mais)<\/li><\/ul>\n\n\n\n<div class=\"wp-block-buttons is-content-justification-center\">\n<div class=\"wp-block-button\"><a class=\"wp-block-button__link\" href=\"https:\/\/www.makeplayingcards.com\/sell\/nullsignalgames\">Visite nossa loja MakePlayingCards<\/a><\/div>\n<\/div>\n\n\n\n<h2>Revendedores Autorizados<\/h2>\n\n\n\n<ul><li>For cheaper shipping in the UK and most of Europe, visit <a href=\"https:\/\/netrunnercards.co.uk\/\"><strong>netrunnercards.co.uk<\/strong><\/a><\/li><li>For cheaper shipping in Germany and most of Europe, visit <a href=\"https:\/\/shop.spielespatz.de\/Null-Signal-Games\"><strong>spielspatz.de<\/strong><\/a><\/li><li>For cheaper shipping in Sweden and parts of northern Europe visit <a href=\"https:\/\/www.alltpaettkort.com\/produktetikett\/nisei\/\"><strong>alltpaettkort.com<\/strong><\/a><\/li><li>For cheaper shipping in Australia and certain Asia-Pacific countries, visit <a href=\"http:\/\/netrunnercards.com.au\/\"><strong>netrunnercards.com.au<\/strong><\/a> (note: this storefront will be gradually moving all of its products to the <a href=\"https:\/\/shop.nullsignal.games\/\">Null Signal Games storefront<\/a>)<\/li><li>For Europe-wide bulk orders of each new set organized by the Spanish community, visit <strong><a href=\"https:\/\/www.tipia.es\/product-page\/parhelion\">tipia.es<\/a> <\/strong>(bulk orders normally only have an ordering window of a few days following the release of each new set, and are not available year-round or for our older products).  <\/li><li>Other trusted community members also organize bulk buys for their local players. Get in touch with your local community to learn whether a bulk-buy is being organized whenever a new product&#8217;s release is imminent, or ask in online Netrunner communities such as <a href=\"http:\/\/discord.gg\/glc\"><strong>Green Level Clearance<\/strong><\/a> (navigate to the &#8220;Group Buys&#8221; section under &#8220;Utilities&#8221;), <a href=\"https:\/\/www.facebook.com\/groups\/netrunnerdorks\"><strong>Facebook<\/strong><\/a>, <a href=\"https:\/\/www.reddit.com\/r\/Netrunner\/\"><strong>Reddit<\/strong><\/a>, and the <a href=\"https:\/\/join.slack.com\/t\/stimhack\/shared_invite\/zt-1jyfyobxv-6e_iIVMcejGS9CQX5q2rWA\"><strong>Stimhack Slack<\/strong><\/a>. The order window for these is usually active in the first few days following the release of a new set, but some are happy to accept orders for older sets as well, and a few (such as Reddit user Myldside) order excess stock and might have cards available at other times. <\/li><li>Cartas e embalagens podem variar dependendo da gr\u00e1fica de onde vem cada produto, mas ser\u00e1 pelo menos equivalente \u00e0 qualidade padr\u00e3o da qualidade Padr\u00e3o da MakePlayingCards.<\/li><li>Em alguns casos, revendedores podem oferecer produtos da Null Signal Games adicionais (como os Game Night Kits), ou produtos n\u00e3o-NSG como cartas feitas pela comunidade com artes alternativas e marcadores para usar em Netrunner.<\/li><li>Por favor considere que, diferente dos nossos parceiros de impress\u00e3o sob demanda, o estoque nos sites dos nossos revendedores autorizados pode esgotar, e pode haver uma espera at\u00e9 o reabastecimento. Por favor confira a disponibilidade de estoque antes da compra.<\/li><li>Alguns destes revendedores s\u00e3o dedicados a servir a comunidade local de seu pr\u00f3prio pa\u00eds, por favor confira a descri\u00e7\u00e3o do produto para garantir que o produto est\u00e1 no idioma que voc\u00ea quer, e contate o revendedor se a descri\u00e7\u00e3o n\u00e3o parecer clara.<\/li><\/ul>\n\n\n\n<h2>PDF Imprime e Jogue<\/h2>\n\n\n\n<ul><li>Pague o quanto quiser (incluindo gratuito!)<\/li><li>Baix\u00e1vel diretamente em <a href=\"http:\/\/nullsignal.games\">nullsignal.games<\/a><\/li><li>Dispon\u00edvel em todos os idiomas apoiados<\/li><li>9 cartas por p\u00e1gina, 22 p\u00e1ginas (para a vers\u00e3o 3x) e 8 p\u00e1ginas (para a 1x)<\/li><li>Cantos quadrados, sem sangria<\/li><li>Simplesmente imprima e corte com uma tesoura<\/li><\/ul>\n\n\n\n<p>Qualquer que seja a forma que voc\u00ea escolher adquirir suas cartas, n\u00f3s agradecemos o apoio!<\/p>\n","protected":false},"excerpt":{"rendered":"<p>You can buy Null Signal cards from both our print-on-demand partners, MakePlayingCards and DriveThruCards, with two different card stocks available from MakePlayingCards. Each option provides different benefits in terms of [&hellip;]<\/p>\n","protected":false},"author":43,"featured_media":0,"parent":37381,"menu_order":0,"comment_status":"closed","ping_status":"closed","template":"","meta":{"advgb_blocks_editor_width":"","advgb_blocks_columns_visual_guide":"","kt_blocks_editor_width":"","_links_to":"","_links_to_target":""},"pp_force_visibility":null,"pp_subpost_visibility":null,"pp_inherited_force_visibility":null,"pp_inherited_subpost_visibility":null,"yoast_head":"<!-- This site is optimized with the Yoast SEO plugin v17.7.1 - https:\/\/yoast.com\/wordpress\/plugins\/seo\/ -->\n<title>Guia de Compras Null Signal - Null Signal Games<\/title>\n<meta name=\"description\" content=\"Aprenda sobre as diferentes formas de conseguir cartas NISEI e compare cada op\u00e7\u00e3o.\" \/>\n<meta name=\"robots\" content=\"index, follow, max-snippet:-1, max-image-preview:large, max-video-preview:-1\" \/>\n<link rel=\"canonical\" href=\"https:\/\/nullsignal.games\/pt-br\/jogadores\/guia-de-compras-null-signal\/\" \/>\n<meta property=\"og:locale\" content=\"pt_BR\" \/>\n<meta property=\"og:type\" content=\"article\" \/>\n<meta property=\"og:title\" content=\"Guia de Compras Null Signal - Null Signal Games\" \/>\n<meta property=\"og:description\" content=\"Aprenda sobre as diferentes formas de conseguir cartas NISEI e compare cada op\u00e7\u00e3o.\" \/>\n<meta property=\"og:url\" content=\"https:\/\/nullsignal.games\/pt-br\/jogadores\/guia-de-compras-null-signal\/\" \/>\n<meta property=\"og:site_name\" content=\"Null Signal Games\" \/>\n<meta property=\"article:publisher\" content=\"https:\/\/www.facebook.com\/NetrunnerNISEI\" \/>\n<meta property=\"article:modified_time\" content=\"2025-11-11T17:25:33+00:00\" \/>\n<meta name=\"twitter:card\" content=\"summary_large_image\" \/>\n<meta name=\"twitter:site\" content=\"@ProjectNISEI\" \/>\n<meta name=\"twitter:label1\" content=\"Est. tempo de leitura\" \/>\n\t<meta name=\"twitter:data1\" content=\"5 minutos\" \/>\n<script type=\"application\/ld+json\" class=\"yoast-schema-graph\">{\"@context\":\"https:\/\/schema.org\",\"@graph\":[{\"@type\":\"Organization\",\"@id\":\"https:\/\/nisei.net\/#organization\",\"name\":\"NISEI\",\"url\":\"https:\/\/nisei.net\/\",\"sameAs\":[\"https:\/\/www.facebook.com\/NetrunnerNISEI\",\"https:\/\/www.youtube.com\/channel\/UC4j5b7f95JGN4RHvXS_7z1Q\",\"https:\/\/twitter.com\/ProjectNISEI\"],\"logo\":{\"@type\":\"ImageObject\",\"@id\":\"https:\/\/nisei.net\/#logo\",\"inLanguage\":\"pt-BR\",\"url\":\"https:\/\/nullsignal.games\/wp-content\/uploads\/2020\/08\/cropped-logo_black.png\",\"contentUrl\":\"https:\/\/nullsignal.games\/wp-content\/uploads\/2020\/08\/cropped-logo_black.png\",\"width\":512,\"height\":512,\"caption\":\"NISEI\"},\"image\":{\"@id\":\"https:\/\/nisei.net\/#logo\"}},{\"@type\":\"WebSite\",\"@id\":\"https:\/\/nisei.net\/#website\",\"url\":\"https:\/\/nisei.net\/\",\"name\":\"NISEI\",\"description\":\"The Future of Netrunner\",\"publisher\":{\"@id\":\"https:\/\/nisei.net\/#organization\"},\"potentialAction\":[{\"@type\":\"SearchAction\",\"target\":{\"@type\":\"EntryPoint\",\"urlTemplate\":\"https:\/\/nisei.net\/?s={search_term_string}\"},\"query-input\":\"required name=search_term_string\"}],\"inLanguage\":\"pt-BR\"},{\"@type\":\"WebPage\",\"@id\":\"https:\/\/nullsignal.games\/pt-br\/jogadores\/guia-de-compras-null-signal\/#webpage\",\"url\":\"https:\/\/nullsignal.games\/pt-br\/jogadores\/guia-de-compras-null-signal\/\",\"name\":\"Guia de Compras Null Signal - Null Signal Games\",\"isPartOf\":{\"@id\":\"https:\/\/nisei.net\/#website\"},\"datePublished\":\"2023-01-14T14:41:26+00:00\",\"dateModified\":\"2025-11-11T17:25:33+00:00\",\"description\":\"Aprenda sobre as diferentes formas de conseguir cartas NISEI e compare cada op\\u00e7\\u00e3o.\",\"breadcrumb\":{\"@id\":\"https:\/\/nullsignal.games\/pt-br\/jogadores\/guia-de-compras-null-signal\/#breadcrumb\"},\"inLanguage\":\"pt-BR\",\"potentialAction\":[{\"@type\":\"ReadAction\",\"target\":[\"https:\/\/nullsignal.games\/pt-br\/jogadores\/guia-de-compras-null-signal\/\"]}]},{\"@type\":\"BreadcrumbList\",\"@id\":\"https:\/\/nullsignal.games\/pt-br\/jogadores\/guia-de-compras-null-signal\/#breadcrumb\",\"itemListElement\":[{\"@type\":\"ListItem\",\"position\":1,\"name\":\"Home\",\"item\":\"https:\/\/nullsignal.games\/pt-br\/\"},{\"@type\":\"ListItem\",\"position\":2,\"name\":\"Jogadores\",\"item\":\"https:\/\/nullsignal.games\/pt-br\/jogadores\/\"},{\"@type\":\"ListItem\",\"position\":3,\"name\":\"Guia de Compras Null Signal\"}]}]}<\/script>\n<!-- \/ Yoast SEO plugin. -->","yoast_head_json":{"title":"Guia de Compras Null Signal - Null Signal Games","description":"Aprenda sobre as diferentes formas de conseguir cartas NISEI e compare cada op\u00e7\u00e3o.","robots":{"index":"index","follow":"follow","max-snippet":"max-snippet:-1","max-image-preview":"max-image-preview:large","max-video-preview":"max-video-preview:-1"},"canonical":"https:\/\/nullsignal.games\/pt-br\/jogadores\/guia-de-compras-null-signal\/","og_locale":"pt_BR","og_type":"article","og_title":"Guia de Compras Null Signal - Null Signal Games","og_description":"Aprenda sobre as diferentes formas de conseguir cartas NISEI e compare cada op\u00e7\u00e3o.","og_url":"https:\/\/nullsignal.games\/pt-br\/jogadores\/guia-de-compras-null-signal\/","og_site_name":"Null Signal Games","article_publisher":"https:\/\/www.facebook.com\/NetrunnerNISEI","article_modified_time":"2025-11-11T17:25:33+00:00","twitter_card":"summary_large_image","twitter_site":"@ProjectNISEI","twitter_misc":{"Est. tempo de leitura":"5 minutos"},"schema":{"@context":"https:\/\/schema.org","@graph":[{"@type":"Organization","@id":"https:\/\/nisei.net\/#organization","name":"NISEI","url":"https:\/\/nisei.net\/","sameAs":["https:\/\/www.facebook.com\/NetrunnerNISEI","https:\/\/www.youtube.com\/channel\/UC4j5b7f95JGN4RHvXS_7z1Q","https:\/\/twitter.com\/ProjectNISEI"],"logo":{"@type":"ImageObject","@id":"https:\/\/nisei.net\/#logo","inLanguage":"pt-BR","url":"https:\/\/nullsignal.games\/wp-content\/uploads\/2020\/08\/cropped-logo_black.png","contentUrl":"https:\/\/nullsignal.games\/wp-content\/uploads\/2020\/08\/cropped-logo_black.png","width":512,"height":512,"caption":"NISEI"},"image":{"@id":"https:\/\/nisei.net\/#logo"}},{"@type":"WebSite","@id":"https:\/\/nisei.net\/#website","url":"https:\/\/nisei.net\/","name":"NISEI","description":"The Future of Netrunner","publisher":{"@id":"https:\/\/nisei.net\/#organization"},"potentialAction":[{"@type":"SearchAction","target":{"@type":"EntryPoint","urlTemplate":"https:\/\/nisei.net\/?s={search_term_string}"},"query-input":"required name=search_term_string"}],"inLanguage":"pt-BR"},{"@type":"WebPage","@id":"https:\/\/nullsignal.games\/pt-br\/jogadores\/guia-de-compras-null-signal\/#webpage","url":"https:\/\/nullsignal.games\/pt-br\/jogadores\/guia-de-compras-null-signal\/","name":"Guia de Compras Null Signal - Null Signal Games","isPartOf":{"@id":"https:\/\/nisei.net\/#website"},"datePublished":"2023-01-14T14:41:26+00:00","dateModified":"2025-11-11T17:25:33+00:00","description":"Aprenda sobre as diferentes formas de conseguir cartas NISEI e compare cada op\u00e7\u00e3o.","breadcrumb":{"@id":"https:\/\/nullsignal.games\/pt-br\/jogadores\/guia-de-compras-null-signal\/#breadcrumb"},"inLanguage":"pt-BR","potentialAction":[{"@type":"ReadAction","target":["https:\/\/nullsignal.games\/pt-br\/jogadores\/guia-de-compras-null-signal\/"]}]},{"@type":"BreadcrumbList","@id":"https:\/\/nullsignal.games\/pt-br\/jogadores\/guia-de-compras-null-signal\/#breadcrumb","itemListElement":[{"@type":"ListItem","position":1,"name":"Home","item":"https:\/\/nullsignal.games\/pt-br\/"},{"@type":"ListItem","position":2,"name":"Jogadores","item":"https:\/\/nullsignal.games\/pt-br\/jogadores\/"},{"@type":"ListItem","position":3,"name":"Guia de Compras Null Signal"}]}]}},"coauthors":[{"link":"https:\/\/nullsignal.games\/pt-br\/blog\/author\/spencer-dub\/","display_name":"Spencer Dub"}],"author_meta":{"author_link":"https:\/\/nullsignal.games\/pt-br\/blog\/author\/spencer-dub\/","display_name":"Spencer Dub"},"relative_dates":{"created":"Posted 3 anos ago","modified":"Updated 5 meses ago"},"absolute_dates":{"created":"Posted on janeiro 14, 2023","modified":"Updated on novembro 11, 2025"},"absolute_dates_time":{"created":"Posted on janeiro 14, 2023 2:41 pm","modified":"Updated on novembro 11, 2025 5:25 pm"},"featured_img_caption":"","featured_img":false,"series_order":"","_links":{"self":[{"href":"https:\/\/nullsignal.games\/pt-br\/wp-json\/wp\/v2\/pages\/35775"}],"collection":[{"href":"https:\/\/nullsignal.games\/pt-br\/wp-json\/wp\/v2\/pages"}],"about":[{"href":"https:\/\/nullsignal.games\/pt-br\/wp-json\/wp\/v2\/types\/page"}],"author":[{"embeddable":true,"href":"https:\/\/nullsignal.games\/pt-br\/wp-json\/wp\/v2\/users\/43"}],"replies":[{"embeddable":true,"href":"https:\/\/nullsignal.games\/pt-br\/wp-json\/wp\/v2\/comments?post=35775"}],"version-history":[{"count":2,"href":"https:\/\/nullsignal.games\/pt-br\/wp-json\/wp\/v2\/pages\/35775\/revisions"}],"predecessor-version":[{"id":54981,"href":"https:\/\/nullsignal.games\/pt-br\/wp-json\/wp\/v2\/pages\/35775\/revisions\/54981"}],"up":[{"embeddable":true,"href":"https:\/\/nullsignal.games\/pt-br\/wp-json\/wp\/v2\/pages\/37381"}],"wp:attachment":[{"href":"https:\/\/nullsignal.games\/pt-br\/wp-json\/wp\/v2\/media?parent=35775"}],"curies":[{"name":"wp","href":"https:\/\/api.w.org\/{rel}","templated":true}]}}