{"id":29690,"date":"2022-08-17T08:40:13","date_gmt":"2022-08-17T08:40:13","guid":{"rendered":"https:\/\/nullsignal.games\/aprenda-a-jogar\/"},"modified":"2022-08-17T08:41:38","modified_gmt":"2022-08-17T08:41:38","slug":"aprenda-a-jogar","status":"publish","type":"page","link":"https:\/\/nullsignal.games\/pt-br\/jogadores\/aprenda-a-jogar\/","title":{"rendered":"Aprenda a Jogar"},"content":{"rendered":"\n<p><strong>Bem vindo a Netrunner<\/strong><\/p>\n\n<p>Neste jogo de cartas assim\u00e9trico, jogue como <strong>Runners<\/strong>, hackers diversos que buscam derrubar ou lucrar com os sistemas da cidade Lunar de Heinlein, ou como <strong>Corps<\/strong>, avan\u00e7ando suas agendas para sugar ainda mais sangue e lucro da poeira lunar. Voc\u00ea e mais uma pessoa ir\u00e3o cada um assumir um desses pap\u00e9is e enfrentar-se.<\/p>\n\n<p>Our Learn to Play guide is designed for use with the <em><a href=\"https:\/\/nullsignal.games\/products\/system-gateway\/#starter\">System Gateway Starter Pack<\/a><\/em>. If you have the Starter Pack and a friend to play the game with, choose who will be Corp and who will be Runner, and follow the links below for your guides to the game. For a brief introduction to the basic concepts before diving into the written guides, watch our <a href=\"https:\/\/www.youtube.com\/watch?v=aG0eTf7BncU\" target=\"_blank\" rel=\"noreferrer noopener\">How to Play video here<\/a>! <\/p>\n\n<div id=\"kt-info-box_64c2bc-8d\" class=\"wp-block-kadence-infobox\"><a class=\"kt-blocks-info-box-link-wrap info-box-link kt-blocks-info-box-media-align-left kt-info-halign-left\" href=\"https:\/\/nullsignal.games\/players\/learn-to-play\/learn-to-play-corp\/\"><div class=\"kt-blocks-info-box-media-container\"><div class=\"kt-blocks-info-box-media kt-info-media-animate-grayscale\"><div class=\"kadence-info-box-image-inner-intrisic-container\"><div class=\"kadence-info-box-image-intrisic kt-info-animate-grayscale\"><div class=\"kadence-info-box-image-inner-intrisic\"><img loading=\"lazy\" src=\"https:\/\/nullsignal.games\/wp-content\/uploads\/2021\/03\/30077-q5f929dz06-215x300.png\" alt=\"The Syndicate: Profit Over Principle\" width=\"215\" height=\"300\" class=\"kt-info-box-image wp-image-30572\" srcset=\"https:\/\/nullsignal.games\/wp-content\/uploads\/2021\/03\/30077-q5f929dz06-215x300.png 215w, https:\/\/nullsignal.games\/wp-content\/uploads\/2021\/03\/30077-q5f929dz06.png 372w\" sizes=\"(max-width: 215px) 100vw, 215px\" \/><\/div><\/div><\/div><\/div><\/div><div class=\"kt-infobox-textcontent\"><h2 class=\"kt-blocks-info-box-title\">Aprenda a jogar: Corp<\/h2><p class=\"kt-blocks-info-box-text\">Aprenda a jogar Netrunner com uma impiedosa megacorpora\u00e7\u00e3o, buscando avan\u00e7ar suas agendas e repelindo intrusos cibern\u00e9ticos indesejados.<\/p><\/div><\/a><\/div>\n\n<div id=\"kt-info-box_d8c38a-d7\" class=\"wp-block-kadence-infobox\"><a class=\"kt-blocks-info-box-link-wrap info-box-link kt-blocks-info-box-media-align-left kt-info-halign-left\" href=\"https:\/\/nullsignal.games\/players\/learn-to-play\/learn-to-play-runner\/\"><div class=\"kt-blocks-info-box-media-container\"><div class=\"kt-blocks-info-box-media kt-info-media-animate-grayscale\"><div class=\"kadence-info-box-image-inner-intrisic-container\"><div class=\"kadence-info-box-image-intrisic kt-info-animate-grayscale\"><div class=\"kadence-info-box-image-inner-intrisic\"><img loading=\"lazy\" src=\"https:\/\/nullsignal.games\/wp-content\/uploads\/2021\/03\/30076-xmscse4qn1-215x300.png\" alt=\"The Catalyst: Convention Breaker\" width=\"215\" height=\"300\" class=\"kt-info-box-image wp-image-29693\" srcset=\"https:\/\/nullsignal.games\/wp-content\/uploads\/2021\/03\/30076-xmscse4qn1-215x300.png 215w, https:\/\/nullsignal.games\/wp-content\/uploads\/2021\/03\/30076-xmscse4qn1.png 372w\" sizes=\"(max-width: 215px) 100vw, 215px\" \/><\/div><\/div><\/div><\/div><\/div><div class=\"kt-infobox-textcontent\"><h2 class=\"kt-blocks-info-box-title\">Aprenda a jogar: Runner<\/h2><p class=\"kt-blocks-info-box-text\">Aprenda a jogar Netrunner como um hacker engenhoso, tentando invadir os servidores de corpora\u00e7\u00f5es e roubando\u2014ou liberando\u2014seus dados valiosos. <\/p><\/div><\/a><\/div>\n\n<div id=\"kt-info-box_e6c071-b8\" class=\"wp-block-kadence-infobox\"><a class=\"kt-blocks-info-box-link-wrap info-box-link kt-blocks-info-box-media-align-left kt-info-halign-left\" href=\"https:\/\/nullsignal.games\/players\/learn-to-play\/run-guide\/\"><div class=\"kt-blocks-info-box-media-container\"><div class=\"kt-blocks-info-box-media kt-info-media-animate-none\"><div class=\"kadence-info-box-icon-container kt-info-icon-animate-none\"><div class=\"kadence-info-box-icon-inner-container\"><span style=\"display:block;justify-content:center;align-items:center\" class=\"kt-info-svg-icon kt-info-svg-icon-ic_list\"><svg style=\"display:inline-block;vertical-align:middle\" viewbox=\"0 0 8 8\" height=\"80\" width=\"80\" fill=\"currentColor\" xmlns=\"http:\/\/www.w3.org\/2000\/svg\" aria-hidden=\"true\"><path d=\"M.5 0c-.28 0-.5.22-.5.5s.22.5.5.5.5-.22.5-.5-.22-.5-.5-.5zm1.5 0v1h6v-1h-6zm-1.5 2c-.28 0-.5.22-.5.5s.22.5.5.5.5-.22.5-.5-.22-.5-.5-.5zm1.5 0v1h6v-1h-6zm-1.5 2c-.28 0-.5.22-.5.5s.22.5.5.5.5-.22.5-.5-.22-.5-.5-.5zm1.5 0v1h6v-1h-6zm-1.5 2c-.28 0-.5.22-.5.5s.22.5.5.5.5-.22.5-.5-.22-.5-.5-.5zm1.5 0v1h6v-1h-6z\"><\/path><\/svg><\/span><\/div><\/div><\/div><\/div><div class=\"kt-infobox-textcontent\"><h2 class=\"kt-blocks-info-box-title\">Guia de Ordem do Corre<\/h2><p class=\"kt-blocks-info-box-text\">Uma r\u00e1pida refer\u00eancia para a estrutura de ordem de um corre.<\/p><\/div><\/a><\/div>\n\n<p><\/p>\n<style class=\"advgb-styles-renderer\">#kt-info-box_64c2bc-8d .kt-blocks-info-box-link-wrap{padding-top:20px;padding-right:20px;padding-bottom:20px;padding-left:20px;margin-top:0.5em;border-top-width:0px;border-right-width:0px;border-bottom-width:0px;border-left-width:0px;}#kt-info-box_64c2bc-8d .kt-blocks-info-box-link-wrap:hover{border-color:#eeeeee;background:#f2f2f2;}#kt-info-box_64c2bc-8d .kadence-info-box-image-inner-intrisic-container{max-width:150px;}#kt-info-box_64c2bc-8d .kadence-info-box-image-inner-intrisic-container .kadence-info-box-image-intrisic{padding-bottom:139.5349%;width:215px;height:0px;max-width:100%;}#kt-info-box_64c2bc-8d .kt-info-svg-icon, #kt-info-box_64c2bc-8d .kt-info-svg-icon-flip, #kt-info-box_64c2bc-8d .kt-blocks-info-box-number{font-size:50px;}#kt-info-box_64c2bc-8d .kt-blocks-info-box-media{color:#444444;border-top-width:0px;border-right-width:0px;border-bottom-width:0px;border-left-width:0px;padding-top:10px;padding-right:10px;padding-bottom:10px;padding-left:10px;margin-top:0px;margin-right:15px;margin-bottom:0px;margin-left:15px;}#kt-info-box_64c2bc-8d .kt-blocks-info-box-link-wrap:hover .kt-blocks-info-box-media{color:#444444;}#kt-info-box_64c2bc-8d .kt-blocks-info-box-title{padding-top:0px;padding-right:0px;padding-bottom:0px;padding-left:0px;margin-top:5px;margin-right:0px;margin-bottom:10px;margin-left:0px;}#kt-info-box_64c2bc-8d .kt-blocks-info-box-link-wrap:hover{box-shadow:0px 0px 14px 0px rgba(0,0,0,0.2);}#kt-info-box_d8c38a-d7 .kt-blocks-info-box-link-wrap{margin-top:0.5em;}#kt-info-box_d8c38a-d7 .kt-blocks-info-box-link-wrap:hover{border-color:#eeeeee;background:#f2f2f2;}#kt-info-box_d8c38a-d7 .kadence-info-box-image-inner-intrisic-container{max-width:150px;}#kt-info-box_d8c38a-d7 .kadence-info-box-image-inner-intrisic-container .kadence-info-box-image-intrisic{padding-bottom:139.5349%;width:215px;height:0px;max-width:100%;}#kt-info-box_d8c38a-d7 .kt-info-svg-icon, #kt-info-box_d8c38a-d7 .kt-info-svg-icon-flip, #kt-info-box_d8c38a-d7 .kt-blocks-info-box-number{font-size:50px;}#kt-info-box_d8c38a-d7 .kt-blocks-info-box-media{color:#444444;}#kt-info-box_d8c38a-d7 .kt-blocks-info-box-link-wrap:hover .kt-blocks-info-box-media{color:#444444;}#kt-info-box_d8c38a-d7 .kt-blocks-info-box-link-wrap:hover{box-shadow:0px 0px 14px 0px rgba(0,0,0,0.2);}#kt-info-box_e6c071-b8 .kt-blocks-info-box-link-wrap{margin-top:0.5em;}#kt-info-box_e6c071-b8 .kt-blocks-info-box-link-wrap:hover{border-color:#eeeeee;background:#f2f2f2;}#kt-info-box_e6c071-b8 .kt-info-svg-icon, #kt-info-box_e6c071-b8 .kt-info-svg-icon-flip, #kt-info-box_e6c071-b8 .kt-blocks-info-box-number{font-size:80px;}#kt-info-box_e6c071-b8 .kt-blocks-info-box-media{color:#444444;}#kt-info-box_e6c071-b8 .kt-blocks-info-box-link-wrap:hover .kt-blocks-info-box-media{color:#444444;}#kt-info-box_e6c071-b8 .kt-blocks-info-box-link-wrap:hover{box-shadow:0px 0px 14px 0px rgba(0,0,0,0.2);}<\/style>","protected":false},"excerpt":{"rendered":"<p>Bem vindo a Netrunner Neste jogo de cartas assim\u00e9trico, jogue como Runners, hackers diversos que buscam derrubar ou lucrar com os sistemas da cidade Lunar de Heinlein, ou como Corps, [&hellip;]<\/p>\n","protected":false},"author":43,"featured_media":0,"parent":37381,"menu_order":0,"comment_status":"closed","ping_status":"closed","template":"","meta":{"advgb_blocks_editor_width":"","advgb_blocks_columns_visual_guide":"","kt_blocks_editor_width":"","_links_to":"","_links_to_target":""},"pp_force_visibility":null,"pp_subpost_visibility":null,"pp_inherited_force_visibility":null,"pp_inherited_subpost_visibility":null,"yoast_head":"<!-- This site is optimized with the Yoast SEO plugin v17.7.1 - https:\/\/yoast.com\/wordpress\/plugins\/seo\/ -->\n<title>Aprenda a Jogar - Null Signal Games<\/title>\n<meta name=\"description\" content=\"Bem vindo a Netrunner, um jogo de cartas cyberpunk assim\u00e9trico para duas pessoas. Comece por aqui se voc\u00ea quiser aprender a jogar.\" \/>\n<meta name=\"robots\" content=\"index, follow, max-snippet:-1, max-image-preview:large, max-video-preview:-1\" \/>\n<link rel=\"canonical\" href=\"https:\/\/nisei.net\/pt-br\/aprenda-a-jogar\/\" \/>\n<meta property=\"og:locale\" content=\"pt_BR\" \/>\n<meta property=\"og:type\" content=\"article\" \/>\n<meta property=\"og:title\" content=\"Aprenda a Jogar - Null Signal Games\" \/>\n<meta property=\"og:description\" content=\"Bem vindo a Netrunner, um jogo de cartas cyberpunk assim\u00e9trico para duas pessoas. Comece por aqui se voc\u00ea quiser aprender a jogar.\" \/>\n<meta property=\"og:url\" content=\"https:\/\/nisei.net\/pt-br\/aprenda-a-jogar\/\" \/>\n<meta property=\"og:site_name\" content=\"Null Signal Games\" \/>\n<meta property=\"article:publisher\" content=\"https:\/\/www.facebook.com\/NetrunnerNISEI\" \/>\n<meta property=\"article:modified_time\" content=\"2022-08-17T08:41:38+00:00\" \/>\n<meta name=\"twitter:card\" content=\"summary_large_image\" \/>\n<meta name=\"twitter:site\" content=\"@ProjectNISEI\" \/>\n<meta name=\"twitter:label1\" content=\"Est. tempo de leitura\" \/>\n\t<meta name=\"twitter:data1\" content=\"1 minuto\" \/>\n<script type=\"application\/ld+json\" class=\"yoast-schema-graph\">{\"@context\":\"https:\/\/schema.org\",\"@graph\":[{\"@type\":\"Organization\",\"@id\":\"https:\/\/nisei.net\/#organization\",\"name\":\"NISEI\",\"url\":\"https:\/\/nisei.net\/\",\"sameAs\":[\"https:\/\/www.facebook.com\/NetrunnerNISEI\",\"https:\/\/www.youtube.com\/channel\/UC4j5b7f95JGN4RHvXS_7z1Q\",\"https:\/\/twitter.com\/ProjectNISEI\"],\"logo\":{\"@type\":\"ImageObject\",\"@id\":\"https:\/\/nisei.net\/#logo\",\"inLanguage\":\"pt-BR\",\"url\":\"https:\/\/nullsignal.games\/wp-content\/uploads\/2020\/08\/cropped-logo_black.png\",\"contentUrl\":\"https:\/\/nullsignal.games\/wp-content\/uploads\/2020\/08\/cropped-logo_black.png\",\"width\":512,\"height\":512,\"caption\":\"NISEI\"},\"image\":{\"@id\":\"https:\/\/nisei.net\/#logo\"}},{\"@type\":\"WebSite\",\"@id\":\"https:\/\/nisei.net\/#website\",\"url\":\"https:\/\/nisei.net\/\",\"name\":\"NISEI\",\"description\":\"The Future of Netrunner\",\"publisher\":{\"@id\":\"https:\/\/nisei.net\/#organization\"},\"potentialAction\":[{\"@type\":\"SearchAction\",\"target\":{\"@type\":\"EntryPoint\",\"urlTemplate\":\"https:\/\/nisei.net\/?s={search_term_string}\"},\"query-input\":\"required name=search_term_string\"}],\"inLanguage\":\"pt-BR\"},{\"@type\":\"WebPage\",\"@id\":\"https:\/\/nisei.net\/pt-br\/aprenda-a-jogar\/#webpage\",\"url\":\"https:\/\/nisei.net\/pt-br\/aprenda-a-jogar\/\",\"name\":\"Aprenda a Jogar - Null Signal Games\",\"isPartOf\":{\"@id\":\"https:\/\/nisei.net\/#website\"},\"datePublished\":\"2022-08-17T08:40:13+00:00\",\"dateModified\":\"2022-08-17T08:41:38+00:00\",\"description\":\"Bem vindo a Netrunner, um jogo de cartas cyberpunk assim\\u00e9trico para duas pessoas. Comece por aqui se voc\\u00ea quiser aprender a jogar.\",\"breadcrumb\":{\"@id\":\"https:\/\/nisei.net\/pt-br\/aprenda-a-jogar\/#breadcrumb\"},\"inLanguage\":\"pt-BR\",\"potentialAction\":[{\"@type\":\"ReadAction\",\"target\":[\"https:\/\/nisei.net\/pt-br\/aprenda-a-jogar\/\"]}]},{\"@type\":\"BreadcrumbList\",\"@id\":\"https:\/\/nisei.net\/pt-br\/aprenda-a-jogar\/#breadcrumb\",\"itemListElement\":[{\"@type\":\"ListItem\",\"position\":1,\"name\":\"Home\",\"item\":\"https:\/\/nullsignal.games\/pt-br\/\"},{\"@type\":\"ListItem\",\"position\":2,\"name\":\"Aprenda a Jogar\"}]}]}<\/script>\n<!-- \/ Yoast SEO plugin. -->","yoast_head_json":{"title":"Aprenda a Jogar - Null Signal Games","description":"Bem vindo a Netrunner, um jogo de cartas cyberpunk assim\u00e9trico para duas pessoas. Comece por aqui se voc\u00ea quiser aprender a jogar.","robots":{"index":"index","follow":"follow","max-snippet":"max-snippet:-1","max-image-preview":"max-image-preview:large","max-video-preview":"max-video-preview:-1"},"canonical":"https:\/\/nisei.net\/pt-br\/aprenda-a-jogar\/","og_locale":"pt_BR","og_type":"article","og_title":"Aprenda a Jogar - Null Signal Games","og_description":"Bem vindo a Netrunner, um jogo de cartas cyberpunk assim\u00e9trico para duas pessoas. Comece por aqui se voc\u00ea quiser aprender a jogar.","og_url":"https:\/\/nisei.net\/pt-br\/aprenda-a-jogar\/","og_site_name":"Null Signal Games","article_publisher":"https:\/\/www.facebook.com\/NetrunnerNISEI","article_modified_time":"2022-08-17T08:41:38+00:00","twitter_card":"summary_large_image","twitter_site":"@ProjectNISEI","twitter_misc":{"Est. tempo de leitura":"1 minuto"},"schema":{"@context":"https:\/\/schema.org","@graph":[{"@type":"Organization","@id":"https:\/\/nisei.net\/#organization","name":"NISEI","url":"https:\/\/nisei.net\/","sameAs":["https:\/\/www.facebook.com\/NetrunnerNISEI","https:\/\/www.youtube.com\/channel\/UC4j5b7f95JGN4RHvXS_7z1Q","https:\/\/twitter.com\/ProjectNISEI"],"logo":{"@type":"ImageObject","@id":"https:\/\/nisei.net\/#logo","inLanguage":"pt-BR","url":"https:\/\/nullsignal.games\/wp-content\/uploads\/2020\/08\/cropped-logo_black.png","contentUrl":"https:\/\/nullsignal.games\/wp-content\/uploads\/2020\/08\/cropped-logo_black.png","width":512,"height":512,"caption":"NISEI"},"image":{"@id":"https:\/\/nisei.net\/#logo"}},{"@type":"WebSite","@id":"https:\/\/nisei.net\/#website","url":"https:\/\/nisei.net\/","name":"NISEI","description":"The Future of Netrunner","publisher":{"@id":"https:\/\/nisei.net\/#organization"},"potentialAction":[{"@type":"SearchAction","target":{"@type":"EntryPoint","urlTemplate":"https:\/\/nisei.net\/?s={search_term_string}"},"query-input":"required name=search_term_string"}],"inLanguage":"pt-BR"},{"@type":"WebPage","@id":"https:\/\/nisei.net\/pt-br\/aprenda-a-jogar\/#webpage","url":"https:\/\/nisei.net\/pt-br\/aprenda-a-jogar\/","name":"Aprenda a Jogar - Null Signal Games","isPartOf":{"@id":"https:\/\/nisei.net\/#website"},"datePublished":"2022-08-17T08:40:13+00:00","dateModified":"2022-08-17T08:41:38+00:00","description":"Bem vindo a Netrunner, um jogo de cartas cyberpunk assim\u00e9trico para duas pessoas. Comece por aqui se voc\u00ea quiser aprender a jogar.","breadcrumb":{"@id":"https:\/\/nisei.net\/pt-br\/aprenda-a-jogar\/#breadcrumb"},"inLanguage":"pt-BR","potentialAction":[{"@type":"ReadAction","target":["https:\/\/nisei.net\/pt-br\/aprenda-a-jogar\/"]}]},{"@type":"BreadcrumbList","@id":"https:\/\/nisei.net\/pt-br\/aprenda-a-jogar\/#breadcrumb","itemListElement":[{"@type":"ListItem","position":1,"name":"Home","item":"https:\/\/nullsignal.games\/pt-br\/"},{"@type":"ListItem","position":2,"name":"Aprenda a Jogar"}]}]}},"coauthors":[{"link":"https:\/\/nullsignal.games\/pt-br\/blog\/author\/realitycheque\/","display_name":"Serenity \"SwearyPrincess\" Westfield"}],"author_meta":{"author_link":"https:\/\/nullsignal.games\/pt-br\/blog\/author\/spencer-dub\/","display_name":"Spencer Dub"},"relative_dates":{"created":"Posted 4 anos ago","modified":"Updated 4 anos ago"},"absolute_dates":{"created":"Posted on agosto 17, 2022","modified":"Updated on agosto 17, 2022"},"absolute_dates_time":{"created":"Posted on agosto 17, 2022 8:40 am","modified":"Updated on agosto 17, 2022 8:41 am"},"featured_img_caption":"","featured_img":false,"series_order":"","_links":{"self":[{"href":"https:\/\/nullsignal.games\/pt-br\/wp-json\/wp\/v2\/pages\/29690"}],"collection":[{"href":"https:\/\/nullsignal.games\/pt-br\/wp-json\/wp\/v2\/pages"}],"about":[{"href":"https:\/\/nullsignal.games\/pt-br\/wp-json\/wp\/v2\/types\/page"}],"author":[{"embeddable":true,"href":"https:\/\/nullsignal.games\/pt-br\/wp-json\/wp\/v2\/users\/43"}],"replies":[{"embeddable":true,"href":"https:\/\/nullsignal.games\/pt-br\/wp-json\/wp\/v2\/comments?post=29690"}],"version-history":[{"count":1,"href":"https:\/\/nullsignal.games\/pt-br\/wp-json\/wp\/v2\/pages\/29690\/revisions"}],"predecessor-version":[{"id":29779,"href":"https:\/\/nullsignal.games\/pt-br\/wp-json\/wp\/v2\/pages\/29690\/revisions\/29779"}],"up":[{"embeddable":true,"href":"https:\/\/nullsignal.games\/pt-br\/wp-json\/wp\/v2\/pages\/37381"}],"wp:attachment":[{"href":"https:\/\/nullsignal.games\/pt-br\/wp-json\/wp\/v2\/media?parent=29690"}],"curies":[{"name":"wp","href":"https:\/\/api.w.org\/{rel}","templated":true}]}}