{"id":29445,"date":"2022-08-11T13:06:40","date_gmt":"2022-08-11T13:06:40","guid":{"rendered":"https:\/\/nullsignal.games\/o-que-e-a-nisei\/"},"modified":"2022-09-24T13:14:30","modified_gmt":"2022-09-24T13:14:30","slug":"o-que-e-a-null-signal","status":"publish","type":"page","link":"https:\/\/nullsignal.games\/pt-br\/o-que-e-a-null-signal\/","title":{"rendered":"O que \u00e9 a Null Signal Games?"},"content":{"rendered":"\n<p>Null Signal Games \u00e9 um coletivo de f\u00e3s volunt\u00e1rios sem fins lucrativos. Nossa miss\u00e3o \u00e9 manter o jogo Netrunner vivo e pr\u00f3spero depois do fim da era oficial FFG. Fazemos isso atrav\u00e9s de v\u00e1rias iniciativas.<\/p>\n\n\n\n<p>Antes de mais nada, n\u00f3s desenvolvemos, testamos e lan\u00e7amos nossas pr\u00f3prias edi\u00e7\u00f5es de cartas para que a comunidade de Netrunner possa aproveitar. Cartas da Null Signal Games s\u00e3o totalmente compat\u00edveis com cartas cl\u00e1ssicas de <em>Android: Netrunner<\/em>. Nossos produtos incluem nossa edi\u00e7\u00e3o introdut\u00f3ria, <em><a href=\"https:\/\/nullsignal.games\/pt-br\/produtos\/entrada-do-sistema\/\">Entrada do Sistema<\/a>,<\/em> e nosso primeiro ciclo, o <em>Ciclo Cinzas,<\/em> consistindo de <em><a href=\"https:\/\/nullsignal.games\/products\/downfall\/\">Queda<\/a><\/em> e <em><a href=\"https:\/\/nullsignal.games\/products\/uprising\/\">Ascens\u00e3o<\/a><\/em>. <\/p>\n\n\n\n<p>Null Signal Games tamb\u00e9m fornece apoio para torneios organizados. N\u00f3s fornecemos kits pr\u00eamio para noites de jogos casuais (conhecidas como GNKs) e para eventos competitivos como Campeonatos de Loja ou Regionais. Nosso time de Jogos Organizados tamb\u00e9m coordena os torneios anuais de n\u00edvel Nacional, Continental e Mundial.<\/p>\n\n\n\n<p>Al\u00e9m de cultivar as op\u00e7\u00f5es de cartas atrav\u00e9s de novos lan\u00e7amentos, n\u00f3s tamb\u00e9m administramos a rota\u00e7\u00e3o de cartas mais antigas para manter o ambiente competitivo sempre fresco. Uma vez que n\u00f3s buscamos uma cena competitiva que apoia uma diversidade robusta de baralhos, nossas equipes monitoram tend\u00eancias no meta e usam a Lista de Ban Null Signal Games para bnair cartas que levam a um ambiente menos saud\u00e1vel.<\/p>\n\n\n\n<p>Por fim, nossa equipe de Regras atualiza os documentos de regras que est\u00e3o sempre em evolu\u00e7\u00e3o, para tornar o jogo poss\u00edvel<\/p>\n\n\n\n<p>Se voc\u00ea est\u00e1 interessado em se juntar \u00e0 Null Signal Games, por favor, confira nossa <a href=\"https:\/\/nullsignal.games\/about\/what-is-nisei\/join\/\">lista de vagas abertas<\/a>.<\/p>\n\n\n\n<p>Voc\u00ea pode doar para apoiar nosso trabalho via <a href=\"https:\/\/www.paypal.com\/paypalme\/niseiproject\">PayPal<\/a>, ou juntar-se ao nosso <a href=\"https:\/\/www.patreon.com\/m\/NullSignalGames\"><a href=\"https:\/\/www.patreon.com\/m\/NullSignalGames\">Patreon<\/a><\/a>.<\/p>\n\n\n\n<h2>A Equipe<\/h2>\n\n\n\n<p>Abaixo voc\u00ea ir\u00e1 encontrar uma lista das atuais equipes de lideran\u00e7a e executiva. Encontre-nos em <a rel=\"noreferrer noopener\" href=\"https:\/\/stimhack.slack.com\" target=\"_blank\">stimhack.slack.com<\/a> nos canais #nullsignal-general e #future, no Twitter em <a href=\"https:\/\/twitter.com\/nullsignalgames\" target=\"_blank\" rel=\"noreferrer noopener\"><a rel=\"noreferrer noopener\" href=\"https:\/\/twitter.com\/nullsignalgames\" target=\"_blank\">@NullSignalGa<\/a><a rel=\"noreferrer noopener\" href=\"https:\/\/twitter.com\/projectnisei\" target=\"_blank\">mes<\/a><\/a>, e no Facebook como <a href=\"https:\/\/www.facebook.com\/NullSignalGames\"><a href=\"https:\/\/www.facebook.com\/NullSignalGames\">Null Signal Games<\/a><\/a>. Voc\u00ea pode entrar em contato com nossa equipe de Regras em <a href=\"https:\/\/twitter.com\/Netunner_Rules\" target=\"_blank\" rel=\"noreferrer noopener\"><a href=\"https:\/\/twitter.com\/Netunner_Rules\" target=\"_blank\" rel=\"noreferrer noopener\">@Netunner_Rules<\/a><\/a> no Twitter. A maior parte dos nossos departamentos possui endere\u00e7os de email dedicados. mas se voc\u00ea n\u00e3o sabe com qual entrar em contato, nosso endere\u00e7o de email &#8220;recep\u00e7\u00e3o&#8221; \u00e9 <a href=\"mailto:info@nullsignal.games\">info@nullsignal.games<\/a>.<\/p>\n\n\n\n<h3>Executivos<\/h3>\n\n\n\n<ul><li>icecoldjazz (ele) <em>\u2014<\/em> Presidente<em>\u2014<\/em> president@nullsignal.games<\/li><li>SwearyPrincess (ela) <em>\u2014<\/em> VP de Engajamento<em> \u2014 <\/em>serenity@nullsignal.games<\/li><li>GoldenRubyFish (ele) <em>\u2014<\/em> VP de Pessoas<em>\u2014<\/em> carl@nullsignal.games<\/li><li>KevinTame (ele) <em>\u2014<\/em> VP de Produtos<em> \u2014<\/em> kevin@nullsignal.games<\/li><\/ul>\n\n\n\n<h3>Equipe de Lideran\u00e7as<\/h3>\n\n\n\n<ul><li>Spencer Dub (ele) <em>\u2014<\/em> Comunidade<em> \u2014<\/em> community@nullsignal.games<\/li><li>June Cuervo (elu\/ela) <em>\u2014<\/em> Design<em> \u2014<\/em> design@nullsignal.games<\/li><li>divadus (ele) <em>\u2014<\/em> Desenvolvimento<\/li><li>Laury Plant (ele)<em> \u2014 <\/em>Equalidade, Diversidade e Inclus\u00e3o<em> \u2014<\/em> edi@nullsignal.games<\/li><li>DanB (ele) <em>\u2014<\/em> Marketing<em> \u2014<\/em> marketing@nullsignal.games<\/li><li>Anzekay (elu) <em>\u2014<\/em> Narrativo<em> \u2014<\/em> creative@nullsignal.games<\/li><li>Orbital Tangent (ele) <em>\u2014<\/em> Jogo Organizado<em> \u2014<\/em> op@nullsignal.games<\/li><li>anarchomushroom (elu)<em> \u2014<\/em> Production<\/li><li>neuropantser (ele) <em>\u2014<\/em> Recrutamento<em> \u2014<\/em> recruitment@nullsignal.games<\/li><li>Jamie Perconti (elu) <em>\u2014<\/em> Regras<em> \u2014<\/em> rules@nullsignal.games<\/li><li>lostgeek (ele) <em>\u2014<\/em> Equipe de Balancemento de Standard<\/li><li>MrBuggles (ele) <em>\u2014<\/em> Tradu\u00e7\u00e3o<em> \u2014<\/em> translation@nullsignal.games<\/li><li>MattOhNo (ele) <em>\u2014<\/em> Visual<em> \u2014<\/em> art@nullsignal.games<\/li><li>Haway (ele) <em>\u2014<\/em> WebDesenvovlimento<em> \u2014<\/em> website@nullsignal.games<\/li><\/ul>\n\n\n\n<p><\/p>\n","protected":false},"excerpt":{"rendered":"<p>Null Signal Games \u00e9 um coletivo de f\u00e3s volunt\u00e1rios sem fins lucrativos. Nossa miss\u00e3o \u00e9 manter o jogo Netrunner vivo e pr\u00f3spero depois do fim da era oficial FFG. Fazemos [&hellip;]<\/p>\n","protected":false},"author":15,"featured_media":0,"parent":0,"menu_order":2,"comment_status":"closed","ping_status":"closed","template":"","meta":{"advgb_blocks_editor_width":"","advgb_blocks_columns_visual_guide":"","kt_blocks_editor_width":"","_links_to":"","_links_to_target":""},"pp_force_visibility":null,"pp_subpost_visibility":null,"pp_inherited_force_visibility":null,"pp_inherited_subpost_visibility":null,"yoast_head":"<!-- This site is optimized with the Yoast SEO plugin v17.7.1 - https:\/\/yoast.com\/wordpress\/plugins\/seo\/ -->\n<title>O que \u00e9 a Null Signal Games? - Null Signal Games<\/title>\n<meta name=\"robots\" content=\"index, follow, max-snippet:-1, max-image-preview:large, max-video-preview:-1\" \/>\n<link rel=\"canonical\" href=\"https:\/\/nullsignal.games\/pt-br\/o-que-e-a-null-signal\/\" \/>\n<meta property=\"og:locale\" content=\"pt_BR\" \/>\n<meta property=\"og:type\" content=\"article\" \/>\n<meta property=\"og:title\" content=\"O que \u00e9 a Null Signal Games? - Null Signal Games\" \/>\n<meta property=\"og:description\" content=\"Null Signal Games \u00e9 um coletivo de f\u00e3s volunt\u00e1rios sem fins lucrativos. Nossa miss\u00e3o \u00e9 manter o jogo Netrunner vivo e pr\u00f3spero depois do fim da era oficial FFG. Fazemos [&hellip;]\" \/>\n<meta property=\"og:url\" content=\"https:\/\/nullsignal.games\/pt-br\/o-que-e-a-null-signal\/\" \/>\n<meta property=\"og:site_name\" content=\"Null Signal Games\" \/>\n<meta property=\"article:publisher\" content=\"https:\/\/www.facebook.com\/NetrunnerNISEI\" \/>\n<meta property=\"article:modified_time\" content=\"2022-09-24T13:14:30+00:00\" \/>\n<meta name=\"twitter:card\" content=\"summary_large_image\" \/>\n<meta name=\"twitter:site\" content=\"@ProjectNISEI\" \/>\n<meta name=\"twitter:label1\" content=\"Est. tempo de leitura\" \/>\n\t<meta name=\"twitter:data1\" content=\"2 minutos\" \/>\n<script type=\"application\/ld+json\" class=\"yoast-schema-graph\">{\"@context\":\"https:\/\/schema.org\",\"@graph\":[{\"@type\":\"Organization\",\"@id\":\"https:\/\/nisei.net\/#organization\",\"name\":\"NISEI\",\"url\":\"https:\/\/nisei.net\/\",\"sameAs\":[\"https:\/\/www.facebook.com\/NetrunnerNISEI\",\"https:\/\/www.youtube.com\/channel\/UC4j5b7f95JGN4RHvXS_7z1Q\",\"https:\/\/twitter.com\/ProjectNISEI\"],\"logo\":{\"@type\":\"ImageObject\",\"@id\":\"https:\/\/nisei.net\/#logo\",\"inLanguage\":\"pt-BR\",\"url\":\"https:\/\/nullsignal.games\/wp-content\/uploads\/2020\/08\/cropped-logo_black.png\",\"contentUrl\":\"https:\/\/nullsignal.games\/wp-content\/uploads\/2020\/08\/cropped-logo_black.png\",\"width\":512,\"height\":512,\"caption\":\"NISEI\"},\"image\":{\"@id\":\"https:\/\/nisei.net\/#logo\"}},{\"@type\":\"WebSite\",\"@id\":\"https:\/\/nisei.net\/#website\",\"url\":\"https:\/\/nisei.net\/\",\"name\":\"NISEI\",\"description\":\"The Future of Netrunner\",\"publisher\":{\"@id\":\"https:\/\/nisei.net\/#organization\"},\"potentialAction\":[{\"@type\":\"SearchAction\",\"target\":{\"@type\":\"EntryPoint\",\"urlTemplate\":\"https:\/\/nisei.net\/?s={search_term_string}\"},\"query-input\":\"required name=search_term_string\"}],\"inLanguage\":\"pt-BR\"},{\"@type\":\"WebPage\",\"@id\":\"https:\/\/nullsignal.games\/pt-br\/o-que-e-a-null-signal\/#webpage\",\"url\":\"https:\/\/nullsignal.games\/pt-br\/o-que-e-a-null-signal\/\",\"name\":\"O que \\u00e9 a Null Signal Games? - Null Signal Games\",\"isPartOf\":{\"@id\":\"https:\/\/nisei.net\/#website\"},\"datePublished\":\"2022-08-11T13:06:40+00:00\",\"dateModified\":\"2022-09-24T13:14:30+00:00\",\"breadcrumb\":{\"@id\":\"https:\/\/nullsignal.games\/pt-br\/o-que-e-a-null-signal\/#breadcrumb\"},\"inLanguage\":\"pt-BR\",\"potentialAction\":[{\"@type\":\"ReadAction\",\"target\":[\"https:\/\/nullsignal.games\/pt-br\/o-que-e-a-null-signal\/\"]}]},{\"@type\":\"BreadcrumbList\",\"@id\":\"https:\/\/nullsignal.games\/pt-br\/o-que-e-a-null-signal\/#breadcrumb\",\"itemListElement\":[{\"@type\":\"ListItem\",\"position\":1,\"name\":\"Home\",\"item\":\"https:\/\/nullsignal.games\/pt-br\/\"},{\"@type\":\"ListItem\",\"position\":2,\"name\":\"O que \\u00e9 a Null Signal Games?\"}]}]}<\/script>\n<!-- \/ Yoast SEO plugin. -->","yoast_head_json":{"title":"O que \u00e9 a Null Signal Games? - Null Signal Games","robots":{"index":"index","follow":"follow","max-snippet":"max-snippet:-1","max-image-preview":"max-image-preview:large","max-video-preview":"max-video-preview:-1"},"canonical":"https:\/\/nullsignal.games\/pt-br\/o-que-e-a-null-signal\/","og_locale":"pt_BR","og_type":"article","og_title":"O que \u00e9 a Null Signal Games? - Null Signal Games","og_description":"Null Signal Games \u00e9 um coletivo de f\u00e3s volunt\u00e1rios sem fins lucrativos. Nossa miss\u00e3o \u00e9 manter o jogo Netrunner vivo e pr\u00f3spero depois do fim da era oficial FFG. Fazemos [&hellip;]","og_url":"https:\/\/nullsignal.games\/pt-br\/o-que-e-a-null-signal\/","og_site_name":"Null Signal Games","article_publisher":"https:\/\/www.facebook.com\/NetrunnerNISEI","article_modified_time":"2022-09-24T13:14:30+00:00","twitter_card":"summary_large_image","twitter_site":"@ProjectNISEI","twitter_misc":{"Est. tempo de leitura":"2 minutos"},"schema":{"@context":"https:\/\/schema.org","@graph":[{"@type":"Organization","@id":"https:\/\/nisei.net\/#organization","name":"NISEI","url":"https:\/\/nisei.net\/","sameAs":["https:\/\/www.facebook.com\/NetrunnerNISEI","https:\/\/www.youtube.com\/channel\/UC4j5b7f95JGN4RHvXS_7z1Q","https:\/\/twitter.com\/ProjectNISEI"],"logo":{"@type":"ImageObject","@id":"https:\/\/nisei.net\/#logo","inLanguage":"pt-BR","url":"https:\/\/nullsignal.games\/wp-content\/uploads\/2020\/08\/cropped-logo_black.png","contentUrl":"https:\/\/nullsignal.games\/wp-content\/uploads\/2020\/08\/cropped-logo_black.png","width":512,"height":512,"caption":"NISEI"},"image":{"@id":"https:\/\/nisei.net\/#logo"}},{"@type":"WebSite","@id":"https:\/\/nisei.net\/#website","url":"https:\/\/nisei.net\/","name":"NISEI","description":"The Future of Netrunner","publisher":{"@id":"https:\/\/nisei.net\/#organization"},"potentialAction":[{"@type":"SearchAction","target":{"@type":"EntryPoint","urlTemplate":"https:\/\/nisei.net\/?s={search_term_string}"},"query-input":"required name=search_term_string"}],"inLanguage":"pt-BR"},{"@type":"WebPage","@id":"https:\/\/nullsignal.games\/pt-br\/o-que-e-a-null-signal\/#webpage","url":"https:\/\/nullsignal.games\/pt-br\/o-que-e-a-null-signal\/","name":"O que \u00e9 a Null Signal Games? - Null Signal Games","isPartOf":{"@id":"https:\/\/nisei.net\/#website"},"datePublished":"2022-08-11T13:06:40+00:00","dateModified":"2022-09-24T13:14:30+00:00","breadcrumb":{"@id":"https:\/\/nullsignal.games\/pt-br\/o-que-e-a-null-signal\/#breadcrumb"},"inLanguage":"pt-BR","potentialAction":[{"@type":"ReadAction","target":["https:\/\/nullsignal.games\/pt-br\/o-que-e-a-null-signal\/"]}]},{"@type":"BreadcrumbList","@id":"https:\/\/nullsignal.games\/pt-br\/o-que-e-a-null-signal\/#breadcrumb","itemListElement":[{"@type":"ListItem","position":1,"name":"Home","item":"https:\/\/nullsignal.games\/pt-br\/"},{"@type":"ListItem","position":2,"name":"O que \u00e9 a Null Signal Games?"}]}]}},"coauthors":[{"link":"https:\/\/nullsignal.games\/pt-br\/blog\/author\/absotively\/","display_name":"Absotively"}],"author_meta":{"author_link":"https:\/\/nullsignal.games\/pt-br\/blog\/author\/absotively\/","display_name":"Absotively"},"relative_dates":{"created":"Posted 4 anos ago","modified":"Updated 4 anos ago"},"absolute_dates":{"created":"Posted on agosto 11, 2022","modified":"Updated on setembro 24, 2022"},"absolute_dates_time":{"created":"Posted on agosto 11, 2022 1:06 pm","modified":"Updated on setembro 24, 2022 1:14 pm"},"featured_img_caption":"","featured_img":false,"series_order":"","_links":{"self":[{"href":"https:\/\/nullsignal.games\/pt-br\/wp-json\/wp\/v2\/pages\/29445"}],"collection":[{"href":"https:\/\/nullsignal.games\/pt-br\/wp-json\/wp\/v2\/pages"}],"about":[{"href":"https:\/\/nullsignal.games\/pt-br\/wp-json\/wp\/v2\/types\/page"}],"author":[{"embeddable":true,"href":"https:\/\/nullsignal.games\/pt-br\/wp-json\/wp\/v2\/users\/15"}],"replies":[{"embeddable":true,"href":"https:\/\/nullsignal.games\/pt-br\/wp-json\/wp\/v2\/comments?post=29445"}],"version-history":[{"count":3,"href":"https:\/\/nullsignal.games\/pt-br\/wp-json\/wp\/v2\/pages\/29445\/revisions"}],"predecessor-version":[{"id":32366,"href":"https:\/\/nullsignal.games\/pt-br\/wp-json\/wp\/v2\/pages\/29445\/revisions\/32366"}],"wp:attachment":[{"href":"https:\/\/nullsignal.games\/pt-br\/wp-json\/wp\/v2\/media?parent=29445"}],"curies":[{"name":"wp","href":"https:\/\/api.w.org\/{rel}","templated":true}]}}