{"id":37385,"date":"2023-02-15T19:11:21","date_gmt":"2023-02-15T19:11:21","guid":{"rendered":"https:\/\/nullsignal.games\/czym-jest-null-signal-games\/"},"modified":"2023-02-15T19:11:23","modified_gmt":"2023-02-15T19:11:23","slug":"czym-jest-null-signal-games","status":"publish","type":"page","link":"https:\/\/nullsignal.games\/pl\/czym-jest-null-signal-games\/","title":{"rendered":"Czym jest Null Signal Games?"},"content":{"rendered":"\n<p>Null Signal Games to organizacja wydaj\u0105ca gry, dzia\u0142aj\u0105ca jako zarejestrowana firma non profit. Naszym jedynym aktualnym produktem jest rozszerzalna gra karciana Netrunner, kt\u00f3rej rozw\u00f3j kontynuujemy po zaprzestaniu jej wydawania przez poprzedniego wydawc\u0119, firm\u0119 Fantasy Flight Games. <\/p>\n\n<p>Robimy to g\u0142\u00f3wnie poprzez tworzenie nowych zestaw\u00f3w oryginalnych kart do Netrunnera. S\u0105 one w pe\u0142ni kompatybilne z kartami wydanymi przez FFG w ramach gry <em>Android: Netrunner<\/em>.<\/p>\n\n<p>Nasze produkty to <a href=\"https:\/\/nullsignal.games\/pl\/produkty\/wejscie-do-systemu\/\"><em>Wej\u015bcie do Systemu<\/em><\/a> \u2013 zestaw dla pocz\u0105tkuj\u0105cych, stanowi\u0105cy samodzieln\u0105 gr\u0119 oraz dwa pierwsze cykle kart: <em>cykl Popio\u0142y<\/em> (sk\u0142adaj\u0105cy si\u0119 z <a href=\"https:\/\/nullsignal.games\/pl\/produkty\/upadek\/\"><em>Upadku<\/em><\/a> i <a href=\"https:\/\/nullsignal.games\/pl\/produkty\/powstanie\/\"><em>Powstania<\/em><\/a>) oraz <em>cykl Borealis<\/em> (sk\u0142adaj\u0105cy si\u0119 ze <a href=\"https:\/\/nullsignal.games\/pl\/produkty\/nocne-slonce\/\"><em>S\u0142o\u0144ca p\u00f3\u0142nocy<\/em><\/a> i <em>Parheliona<\/em>). Nasze karty s\u0105 przet\u0142umaczone na r\u00f3\u017cne j\u0119zyki i s\u0105 dost\u0119pne w sprzeda\u017cy za po\u015brednictwem us\u0142ug druku na zam\u00f3wienie oraz rosn\u0105cej listy autoryzowanych partner\u00f3w sprzeda\u017cy. Uwa\u017camy, \u017ce Netrunner powinien by\u0107 dost\u0119pny dla wszystkich. Dlatego te\u017c oferujemy darmowe pliki PDF do samodzielnego wydruku, z mo\u017cliwo\u015bci\u0105 wsparcia nas poprzez datki dowolnej wysoko\u015bci. Samodzielnie wydrukowane karty s\u0105 akceptowane i dozwolone podczas wszystkich turniej\u00f3w organizowanych przez Null Signal Games.<\/p>\n\n<p>Poza publikowaniem nowych zestaw\u00f3w, organizujemy pul\u0119 istniej\u0105cych kart poprzez wykluczanie z gry starszych zestaw\u00f3w wraz z ukazywaniem si\u0119 nowych, a tak\u017ce zarz\u0105dzanie turniejow\u0105 meta-gr\u0105 za pomoc\u0105 wyklucze\u0144 lub ogranicze\u0144 wybranych kart. Nasz Zesp\u00f3\u0142 R\u00f3wnowagi organizuje trzy formaty turniejowe: Startup, obejmuj\u0105cy jedynie produkty Null Signal; Standard, z wi\u0119ksz\u0105 pul\u0105 kart, obejmuj\u0105c\u0105 dodatkowo niekt\u00f3re produkty wydane przez FFG; Eternal, czyli wszystkie karty wydane w ramach <em>Android: Netrunner<\/em> oraz przez Null Signal Games. <\/p>\n\n<p>Null Signal Games zarz\u0105dza r\u00f3wnie\u017c turniejowymi rozgrywkami Netrunnera. Dokonujemy tego poprzez tworzenie zestaw\u00f3w nagr\u00f3d dla os\u00f3b graj\u0105cych dla zabawy, jak r\u00f3wnie\u017c organizuj\u0105c turniejowy sezon Netrunnera, pocz\u0105wszy od lokalnych turniej\u00f3w o nazwie Circuit Opener, poprzez turnieje na poziomie narodowym i kontynentalnym, a\u017c po mistrzowstwa \u015bwiata. Turnieje na ni\u017cszych poziomach s\u0105 organizowane przez osoby zaanga\u017cowane w gr\u0119 na lokalnym szczeblu, kt\u00f3re korzystaj\u0105 z naszych zestaw\u00f3w nagr\u00f3d, narz\u0119dzi organizowania turniej\u00f3w i innych zasob\u00f3w. Mistrzostwa kontynentalne i mistrzostwa \u015bwiata s\u0105 organizowane przez nasz zesp\u00f3\u0142 Organizacji Turniejowej<\/p>\n\n<p>Nasz zesp\u00f3\u0142 Zasad utrzymuje porz\u0105dek w rozwijaj\u0105cych i zmieniaj\u0105cych si\u0119 dokumentach opisuj\u0105cych zasady gry, a tak\u017ce formatuje tekst nowych kart, by zapewni\u0107 sp\u00f3jno\u015b\u0107 i brak niejasno\u015bci lub konflikt\u00f3w.<\/p>\n\n<p>Wszystkie osoby w zespole Null Signal Games pracuj\u0105 na zasadach bezp\u0142atnego wolontariatu. Karty tworzone s\u0105 przez zespo\u0142y Projektowania i Rozwoju. Pe\u0142en proces ich tworzenia uwzgl\u0119dnia udzia\u0142 wielu os\u00f3b ze spo\u0142eczno\u015bci Netrunnera, ochotniczo testuj\u0105cych nowe produkty przed ich ostatecznym wydaniem. Grafiki i wszystkie pozosta\u0142e elementy wizualne s\u0105 tworzone przez nasz zesp\u00f3\u0142 projektowania graficznego lub zamawiane u zawodowych artyst\u00f3w i artystek, op\u0142acanych zgodnie z cenami rynkowymi. Osoby wsp\u00f3\u0142pracuj\u0105ce z nami na ochotniczych zasadach wywodz\u0105 si\u0119 z globalnej spo\u0142eczno\u015bci Netrunnera i kieruje nimi ch\u0119\u0107 utrzymania i rozwoju gry, a tak\u017ce przedstawienia jej jak najwi\u0119kszej liczbie potencjalnych nowych graczy i graczek, a nie ch\u0119\u0107 zysku. Null Signal Games to zarejestrowana organizacja o charakterze non profit, kt\u00f3ra inwestuje wszystkie wypracowane dochody w tworzenie nowych zestaw\u00f3w kart, a tak\u017ce wspierania gry na szczeblu turniejowym. Je\u015bli chcesz do\u0142\u0105czy\u0107 do Null Signal Games, sprawd\u017a nasz\u0105 <a href=\"https:\/\/nullsignal.games\/about\/what-is-null-signal\/join\/\">list\u0119 otwartych r\u00f3l<\/a>. Mo\u017cesz r\u00f3wnie\u017c wesprze\u0107 nasz\u0105 prac\u0119 za po\u015brednictwem us\u0142ugi <a href=\"https:\/\/www.paypal.com\/paypalme\/niseiproject\">PayPal<\/a> lub platformy <a href=\"https:\/\/www.patreon.com\/m\/NullSignalGames\">Patreon<\/a>.<\/p>\n\n<h2>Zesp\u00f3\u0142<\/h2>\n\n<p>Poni\u017cej znajdziesz list\u0119 os\u00f3b pe\u0142ni\u0105cych aktualnie w Null Signal Games funkcje kierownicze. Znajdziesz nas na serwerze <a href=\"https:\/\/stimhack.slack.com\/\">stimhack.slack.com<\/a>, na kana\u0142ach #NullSignal oraz #future, na Twitterze jako <a href=\"https:\/\/twitter.com\/NullSignalGames\">@NullSignalGames<\/a> oraz na Facebooku jako <a href=\"https:\/\/www.facebook.com\/NullSignalGames\/\">NullSignalGames<\/a>. Nasz zesp\u00f3\u0142 Zasad znajdziesz na Twitterze jako <a href=\"https:\/\/twitter.com\/NISEI_Rules\">@Netrunner_Rules<\/a>.<\/p>\n\n<p>Wi\u0119kszo\u015b\u0107 naszych zespo\u0142\u00f3w u\u017cywa w\u0142asnych adres\u00f3w e-mailowych, ale je\u015bli nie wiesz, z kim si\u0119 skontaktowa\u0107, skorzystaj z adresu naszej \u201erecepcji\u201d: <strong>info@nullsignal.games<\/strong>.<\/p>\n\n<h3>Zarz\u0105d<\/h3>\n\n<ul><li>icecoldjazz (on\/jego) <em>\u2013<\/em> Prezydent <em>\u2013<\/em> president@nullsignal.games<\/li><li>SwearyPrincess (ona\/jej) <em>\u2013<\/em> Wiceprezydent ds. Zaanga\u017cowania <em>\u2013 <\/em>serenity@nullsignal.games<\/li><li>KevinTame (on\/jego) <em>\u2014<\/em> Wiceprezydent ds. Produktu  <em>\u2014<\/em> kevin@nullsignal.games<\/li><\/ul>\n\n<h3>Kierownictwo<\/h3>\n\n<ul><li>Spencer Dub (on\/ich) <em>\u2013<\/em> Spo\u0142eczno\u015b\u0107 <em>\u2013<\/em> community@nullsignal.games<\/li><li>June Cuervo (oni\/ona) <em>\u2013<\/em> Projekt <em>\u2013<\/em> design@nullsignal.games<\/li><li>divadus (on\/jego) <em>\u2014<\/em> Rozw\u00f3j \u2014 development@nullsignal.games<\/li><li>Paillu (ey\/em)<em> \u2014 <\/em>Equality, Diversity, Inclusion<em> \u2014<\/em> edi@nullsignal.games<\/li><li>DanB (on\/jego) <em>\u2013<\/em> Marketing <em>\u2013<\/em> marketing@nullsignal.games<\/li><li>Anzekay (oni\/ich) <em>\u2013<\/em> Fabu\u0142a <em>\u2013<\/em> creative@nullsignal.games<\/li><li>Orbital Tangent (on\/jego) <em>\u2013<\/em> Organizacja Turniejowa <em>\u2013<\/em> op@nullsignal.games<\/li><li>anarchomushroom (oni\/ich) <em>\u2013<\/em> Produkcja \u2013 production@nullsignal.games<\/li><li>neuropantser (on\/jego) <em>\u2013<\/em>Rekrutacja <em>\u2013<\/em> recruitment@nullsignal.games<\/li><li>Jamie Perconti (oni\/ich) <em>\u2013<\/em> Zasady <em>\u2013<\/em> rules@nullsignal.games<\/li><li>lostgeek (on\/jego) <em>\u2013<\/em> Zesp\u00f3\u0142 R\u00f3wnowagi formatu Standard<\/li><li>MrBuggles (he\/him) and PouchSurfer (he\/him) <em>\u2014<\/em> Translation<em> \u2014<\/em> translation@nullsignal.games<\/li><li>Conrad &#8222;Banknote&#8221; (on\/jego) <em>\u2014<\/em> Materia\u0142y wizualne <em>\u2014<\/em> art@nullsignal.games<\/li><li>Ams (she\/her) <em>\u2014<\/em> WebDevelopment<em> \u2014<\/em> website@nullsignal.games<\/li><\/ul>\n\n<p><\/p>\n","protected":false},"excerpt":{"rendered":"<p>Null Signal Games to organizacja wydaj\u0105ca gry, dzia\u0142aj\u0105ca jako zarejestrowana firma non profit. Naszym jedynym aktualnym produktem jest rozszerzalna gra karciana Netrunner, kt\u00f3rej rozw\u00f3j kontynuujemy po zaprzestaniu jej wydawania przez [&hellip;]<\/p>\n","protected":false},"author":15,"featured_media":0,"parent":0,"menu_order":2,"comment_status":"closed","ping_status":"closed","template":"","meta":{"advgb_blocks_editor_width":"","advgb_blocks_columns_visual_guide":"","kt_blocks_editor_width":"","_links_to":"","_links_to_target":""},"pp_force_visibility":null,"pp_subpost_visibility":null,"pp_inherited_force_visibility":null,"pp_inherited_subpost_visibility":null,"yoast_head":"<!-- This site is optimized with the Yoast SEO plugin v17.7.1 - https:\/\/yoast.com\/wordpress\/plugins\/seo\/ -->\n<title>Czym jest Null Signal Games? - Null Signal Games<\/title>\n<meta name=\"robots\" content=\"index, follow, max-snippet:-1, max-image-preview:large, max-video-preview:-1\" \/>\n<link rel=\"canonical\" href=\"https:\/\/nullsignal.games\/pl\/czym-jest-null-signal-games\/\" \/>\n<meta property=\"og:locale\" content=\"pl_PL\" \/>\n<meta property=\"og:type\" content=\"article\" \/>\n<meta property=\"og:title\" content=\"Czym jest Null Signal Games? - Null Signal Games\" \/>\n<meta property=\"og:description\" content=\"Null Signal Games to organizacja wydaj\u0105ca gry, dzia\u0142aj\u0105ca jako zarejestrowana firma non profit. Naszym jedynym aktualnym produktem jest rozszerzalna gra karciana Netrunner, kt\u00f3rej rozw\u00f3j kontynuujemy po zaprzestaniu jej wydawania przez [&hellip;]\" \/>\n<meta property=\"og:url\" content=\"https:\/\/nullsignal.games\/pl\/czym-jest-null-signal-games\/\" \/>\n<meta property=\"og:site_name\" content=\"Null Signal Games\" \/>\n<meta property=\"article:publisher\" content=\"https:\/\/www.facebook.com\/NetrunnerNISEI\" \/>\n<meta property=\"article:modified_time\" content=\"2023-02-15T19:11:23+00:00\" \/>\n<meta name=\"twitter:card\" content=\"summary_large_image\" \/>\n<meta name=\"twitter:site\" content=\"@ProjectNISEI\" \/>\n<meta name=\"twitter:label1\" content=\"Szacowany czas czytania\" \/>\n\t<meta name=\"twitter:data1\" content=\"4 minuty\" \/>\n<script type=\"application\/ld+json\" class=\"yoast-schema-graph\">{\"@context\":\"https:\/\/schema.org\",\"@graph\":[{\"@type\":\"Organization\",\"@id\":\"https:\/\/nisei.net\/#organization\",\"name\":\"NISEI\",\"url\":\"https:\/\/nisei.net\/\",\"sameAs\":[\"https:\/\/www.facebook.com\/NetrunnerNISEI\",\"https:\/\/www.youtube.com\/channel\/UC4j5b7f95JGN4RHvXS_7z1Q\",\"https:\/\/twitter.com\/ProjectNISEI\"],\"logo\":{\"@type\":\"ImageObject\",\"@id\":\"https:\/\/nisei.net\/#logo\",\"inLanguage\":\"pl-PL\",\"url\":\"https:\/\/nullsignal.games\/wp-content\/uploads\/2020\/08\/cropped-logo_black.png\",\"contentUrl\":\"https:\/\/nullsignal.games\/wp-content\/uploads\/2020\/08\/cropped-logo_black.png\",\"width\":512,\"height\":512,\"caption\":\"NISEI\"},\"image\":{\"@id\":\"https:\/\/nisei.net\/#logo\"}},{\"@type\":\"WebSite\",\"@id\":\"https:\/\/nisei.net\/#website\",\"url\":\"https:\/\/nisei.net\/\",\"name\":\"NISEI\",\"description\":\"The Future of Netrunner\",\"publisher\":{\"@id\":\"https:\/\/nisei.net\/#organization\"},\"potentialAction\":[{\"@type\":\"SearchAction\",\"target\":{\"@type\":\"EntryPoint\",\"urlTemplate\":\"https:\/\/nisei.net\/?s={search_term_string}\"},\"query-input\":\"required name=search_term_string\"}],\"inLanguage\":\"pl-PL\"},{\"@type\":\"WebPage\",\"@id\":\"https:\/\/nullsignal.games\/pl\/czym-jest-null-signal-games\/#webpage\",\"url\":\"https:\/\/nullsignal.games\/pl\/czym-jest-null-signal-games\/\",\"name\":\"Czym jest Null Signal Games? - Null Signal Games\",\"isPartOf\":{\"@id\":\"https:\/\/nisei.net\/#website\"},\"datePublished\":\"2023-02-15T19:11:21+00:00\",\"dateModified\":\"2023-02-15T19:11:23+00:00\",\"breadcrumb\":{\"@id\":\"https:\/\/nullsignal.games\/pl\/czym-jest-null-signal-games\/#breadcrumb\"},\"inLanguage\":\"pl-PL\",\"potentialAction\":[{\"@type\":\"ReadAction\",\"target\":[\"https:\/\/nullsignal.games\/pl\/czym-jest-null-signal-games\/\"]}]},{\"@type\":\"BreadcrumbList\",\"@id\":\"https:\/\/nullsignal.games\/pl\/czym-jest-null-signal-games\/#breadcrumb\",\"itemListElement\":[{\"@type\":\"ListItem\",\"position\":1,\"name\":\"Home\",\"item\":\"https:\/\/nullsignal.games\/pl\/\"},{\"@type\":\"ListItem\",\"position\":2,\"name\":\"Czym jest Null Signal Games?\"}]}]}<\/script>\n<!-- \/ Yoast SEO plugin. -->","yoast_head_json":{"title":"Czym jest Null Signal Games? - Null Signal Games","robots":{"index":"index","follow":"follow","max-snippet":"max-snippet:-1","max-image-preview":"max-image-preview:large","max-video-preview":"max-video-preview:-1"},"canonical":"https:\/\/nullsignal.games\/pl\/czym-jest-null-signal-games\/","og_locale":"pl_PL","og_type":"article","og_title":"Czym jest Null Signal Games? - Null Signal Games","og_description":"Null Signal Games to organizacja wydaj\u0105ca gry, dzia\u0142aj\u0105ca jako zarejestrowana firma non profit. Naszym jedynym aktualnym produktem jest rozszerzalna gra karciana Netrunner, kt\u00f3rej rozw\u00f3j kontynuujemy po zaprzestaniu jej wydawania przez [&hellip;]","og_url":"https:\/\/nullsignal.games\/pl\/czym-jest-null-signal-games\/","og_site_name":"Null Signal Games","article_publisher":"https:\/\/www.facebook.com\/NetrunnerNISEI","article_modified_time":"2023-02-15T19:11:23+00:00","twitter_card":"summary_large_image","twitter_site":"@ProjectNISEI","twitter_misc":{"Szacowany czas czytania":"4 minuty"},"schema":{"@context":"https:\/\/schema.org","@graph":[{"@type":"Organization","@id":"https:\/\/nisei.net\/#organization","name":"NISEI","url":"https:\/\/nisei.net\/","sameAs":["https:\/\/www.facebook.com\/NetrunnerNISEI","https:\/\/www.youtube.com\/channel\/UC4j5b7f95JGN4RHvXS_7z1Q","https:\/\/twitter.com\/ProjectNISEI"],"logo":{"@type":"ImageObject","@id":"https:\/\/nisei.net\/#logo","inLanguage":"pl-PL","url":"https:\/\/nullsignal.games\/wp-content\/uploads\/2020\/08\/cropped-logo_black.png","contentUrl":"https:\/\/nullsignal.games\/wp-content\/uploads\/2020\/08\/cropped-logo_black.png","width":512,"height":512,"caption":"NISEI"},"image":{"@id":"https:\/\/nisei.net\/#logo"}},{"@type":"WebSite","@id":"https:\/\/nisei.net\/#website","url":"https:\/\/nisei.net\/","name":"NISEI","description":"The Future of Netrunner","publisher":{"@id":"https:\/\/nisei.net\/#organization"},"potentialAction":[{"@type":"SearchAction","target":{"@type":"EntryPoint","urlTemplate":"https:\/\/nisei.net\/?s={search_term_string}"},"query-input":"required name=search_term_string"}],"inLanguage":"pl-PL"},{"@type":"WebPage","@id":"https:\/\/nullsignal.games\/pl\/czym-jest-null-signal-games\/#webpage","url":"https:\/\/nullsignal.games\/pl\/czym-jest-null-signal-games\/","name":"Czym jest Null Signal Games? - Null Signal Games","isPartOf":{"@id":"https:\/\/nisei.net\/#website"},"datePublished":"2023-02-15T19:11:21+00:00","dateModified":"2023-02-15T19:11:23+00:00","breadcrumb":{"@id":"https:\/\/nullsignal.games\/pl\/czym-jest-null-signal-games\/#breadcrumb"},"inLanguage":"pl-PL","potentialAction":[{"@type":"ReadAction","target":["https:\/\/nullsignal.games\/pl\/czym-jest-null-signal-games\/"]}]},{"@type":"BreadcrumbList","@id":"https:\/\/nullsignal.games\/pl\/czym-jest-null-signal-games\/#breadcrumb","itemListElement":[{"@type":"ListItem","position":1,"name":"Home","item":"https:\/\/nullsignal.games\/pl\/"},{"@type":"ListItem","position":2,"name":"Czym jest Null Signal Games?"}]}]}},"coauthors":[{"link":"https:\/\/nullsignal.games\/pl\/blog\/author\/absotively\/","display_name":"Absotively"}],"author_meta":{"author_link":"https:\/\/nullsignal.games\/pl\/blog\/author\/absotively\/","display_name":"Absotively"},"relative_dates":{"created":"Posted 3 lata ago","modified":"Updated 3 lata ago"},"absolute_dates":{"created":"Posted on 15 lutego, 2023","modified":"Updated on 15 lutego, 2023"},"absolute_dates_time":{"created":"Posted on 15 lutego, 2023 7:11 pm","modified":"Updated on 15 lutego, 2023 7:11 pm"},"featured_img_caption":"","featured_img":false,"series_order":"","_links":{"self":[{"href":"https:\/\/nullsignal.games\/pl\/wp-json\/wp\/v2\/pages\/37385"}],"collection":[{"href":"https:\/\/nullsignal.games\/pl\/wp-json\/wp\/v2\/pages"}],"about":[{"href":"https:\/\/nullsignal.games\/pl\/wp-json\/wp\/v2\/types\/page"}],"author":[{"embeddable":true,"href":"https:\/\/nullsignal.games\/pl\/wp-json\/wp\/v2\/users\/15"}],"replies":[{"embeddable":true,"href":"https:\/\/nullsignal.games\/pl\/wp-json\/wp\/v2\/comments?post=37385"}],"version-history":[{"count":1,"href":"https:\/\/nullsignal.games\/pl\/wp-json\/wp\/v2\/pages\/37385\/revisions"}],"predecessor-version":[{"id":37387,"href":"https:\/\/nullsignal.games\/pl\/wp-json\/wp\/v2\/pages\/37385\/revisions\/37387"}],"wp:attachment":[{"href":"https:\/\/nullsignal.games\/pl\/wp-json\/wp\/v2\/media?parent=37385"}],"curies":[{"name":"wp","href":"https:\/\/api.w.org\/{rel}","templated":true}]}}