{"id":36499,"date":"2023-02-09T16:48:57","date_gmt":"2023-02-09T16:48:57","guid":{"rendered":"https:\/\/nullsignal.games\/produkty\/rdzen-systemu-2019-system-core\/"},"modified":"2023-02-09T21:34:07","modified_gmt":"2023-02-09T21:34:07","slug":"rdzen-systemu-2019-system-core","status":"publish","type":"page","link":"https:\/\/nullsignal.games\/pl\/produkty\/rdzen-systemu-2019-system-core\/","title":{"rendered":"Rdze\u0144 Systemu 2019 (System Core)"},"content":{"rendered":"\n<p><em>Rdze\u0144 Systemu 2019 (System Core)<\/em> to zestaw wybranych kart z historii Netrunnera, kt\u00f3ra s\u0142u\u017cy\u0142a przez pewien czas jako \u201ezestaw podstawowy\u201d. Nigdy nie by\u0142a opublikowana jako fizyczny produkt i zosta\u0142a zast\u0105piona przez zestawy <em><a href=\"https:\/\/nullsignal.games\/pl\/produkty\/wejscie-do-systemu\/\">Wej\u015bcie do Systemu<\/a><\/em> oraz <em><a href=\"https:\/\/nullsignal.games\/pl\/produkty\/aktualizacja-systemu-2021\/\">Aktualizacja Systemu<\/a><\/em>.<\/p>\n\n\n\n<hr class=\"wp-block-separator\"\/>\n\n\n\n<aside class=\"wp-block-group has-nav-text-background-color has-background\">\n<h3>Rozpoczynasz przygod\u0119 z Netrunnerem?<\/h3>\n\n\n\n<p>Nasz zestaw startowy o nazwie <em>Wej\u015bcie do Systemu<\/em> to najlepszy spos\u00f3b na wej\u015bcie do gry.<\/p>\n\n\n\n<div class=\"wp-block-buttons is-content-justification-center\">\n<div class=\"wp-block-button\"><a class=\"wp-block-button__link\" href=\"https:\/\/nullsignal.games\/pl\/produkty\/wejscie-do-systemu\/\">Zacznij od <em>Wej\u015bcia do Systemu<\/em><\/a><\/div>\n<\/div>\n<\/aside>\n\n\n\n<hr class=\"wp-block-separator\"\/>\n\n\n\n<h2>W skr\u00f3cie <\/h2>\n\n\n\n<div class=\"wp-block-columns\">\n<div class=\"wp-block-column\" style=\"flex-basis:33.33%\">\n<div class=\"wp-block-image\"><figure class=\"aligncenter size-full\"><img loading=\"lazy\" width=\"100\" height=\"100\" src=\"https:\/\/nullsignal.games\/wp-content\/uploads\/2022\/02\/SC19.png\" alt=\"\" class=\"wp-image-23118\"\/><\/figure><\/div>\n<\/div>\n\n\n\n<div class=\"wp-block-column\" style=\"flex-basis:66.66%\">\n<ul><li><strong>Data publikacji:<\/strong> 15 listopada 2018<\/li><li><strong>Rozmiar:<\/strong> lista 147 klasycznych kart (w tym 14 kart to\u017csamo\u015bci: po 2 dla ka\u017cdej frakcji)<\/li><li><strong>Symbol zestawu:<\/strong> \u201e19\u201d w obramowaniu<\/li><li><strong>Skr\u00f3t zestawu w NetrunnerDB:<\/strong> <a href=\"https:\/\/netrunnerdb.com\/en\/set\/sc19\"><code>sc19<\/code><\/a><\/li><\/ul>\n<\/div>\n<\/div>\n\n\n\n<h2>Wi\u0119cej o zestawie \u201eRdze\u0144 Systemu 2019\u201d (System Core)<\/h2>\n\n\n\n<p><em>Rdze\u0144 Systemu 2019<\/em> nie zosta\u0142 nigdy wydany jako plik do samodzielnego wydruku lub fizyczny produkt. By\u0142a to lista klasycznych kart, kt\u00f3r\u0105 mo\u017cna by\u0142o z\u0142o\u017cy\u0107 z w\u0142asnej kolekcji wcze\u015bniej dost\u0119pnych w sprzeda\u017cy kart.<\/p>\n\n\n\n<p>Chocia\u017c <em>Rdze\u0144 Systemu 2019<\/em> nigdy nie zosta\u0142 opublikowany, ka\u017cda karta w zestawie wyst\u0119powa\u0142a w okre\u015blonej ilo\u015bci kopii. Mia\u0142o to na celu dostosowanie zestawu do modelu szybkiego sk\u0142adania talii poprzez wsp\u00f3lne tasowanie kart jednej z frakcji oraz kart neutralnych, wykorzystywanego w <em>zestawie podstawowym<\/em> i <em>od\u015bwie\u017conym zestawie podstawowym<\/em> \u2013 produktach wydanych przez Fantasy Flight Games. Okre\u015blona liczba kart by\u0142a r\u00f3wnie\u017c przestrzegana na potrzeby nieaktualnego ju\u017c formatu Core Experience, kt\u00f3ry korzysta\u0142 z talii zbudowanych za pomoc\u0105 jednej kopii <em>Rdzenia Systemu 2019<\/em>.<\/p>\n\n\n\n<p>Lista kart w zestawie <em>Rdze\u0144 Systemu 2019<\/em> jest dost\u0119pna tutaj jako materia\u0142 archiwalny:<\/p>\n\n\n\n<div class=\"wp-block-file\"><object class=\"wp-block-file__embed\" data=\"https:\/\/nullsignal.games\/wp-content\/uploads\/2021\/05\/SYSTEM-CORE-2019.pdf\" type=\"application\/pdf\" style=\"width:100%;height:600px\" aria-label=\"Embed of System Core 2019.\"><\/object><a href=\"https:\/\/nullsignal.games\/wp-content\/uploads\/2021\/05\/SYSTEM-CORE-2019.pdf\">Rdze\u0144 Systemu 2019 (System Core)<\/a><a href=\"https:\/\/nullsignal.games\/wp-content\/uploads\/2021\/05\/SYSTEM-CORE-2019.pdf\" class=\"wp-block-file__button\" download=\"\">Pobierz<\/a><\/div>\n\n\n\n<h2><em>Rdze\u0144 Systemu 2019<\/em>\u2013 cz\u0119sto zadawane pytania<\/h2>\n\n\n\n<div class=\"wp-block-kadence-accordion alignnone\"><div class=\"kt-accordion-wrap kt-accordion-wrap kt-accordion-id_357e32-fb kt-accordion-has-3-panes kt-active-pane-0 kt-accordion-block kt-pane-header-alignment-left kt-accodion-icon-style-basic kt-accodion-icon-side-right\" style=\"max-width:none\"><div class=\"kt-accordion-inner-wrap\" data-allow-multiple-open=\"false\" data-start-open=\"0\">\n<div class=\"wp-block-kadence-pane kt-accordion-pane kt-accordion-pane-1 kt-pane_0a1caf-e5\"><div class=\"kt-accordion-header-wrap\"><button class=\"kt-blocks-accordion-header kt-acccordion-button-label-show\"><span class=\"kt-blocks-accordion-title-wrap\"><span class=\"kt-blocks-accordion-title\">Czym s\u0105 \u201epodstawowe to\u017csamo\u015bci\u201d i \u201ezaawansowane to\u017csamo\u015bci\u201d?<\/span><\/span><span class=\"kt-blocks-accordion-icon-trigger\"><\/span><\/button><\/div><div class=\"kt-accordion-panel\"><div class=\"kt-accordion-panel-inner\">\n<p>Ka\u017cda frakcja mia\u0142a dwie karty to\u017csamo\u015bci w <em>Rdzeniu Systemu 2019<\/em>. To\u017csamo\u015bci \u201epodstawowe\u201d by\u0142y \u0142atwiejsze do opanowania i zosta\u0142y wybrane jako dobry punkt startowy dla os\u00f3b dopiero rozpoczynaj\u0105cych nauk\u0119 gry. To\u017csamo\u015bci \u201ezaawansowane\u201d oferowa\u0142y nowe strategiczne mo\u017cliwo\u015bci w ramach ka\u017cdej z frakcji.<\/p>\n\n\n\n<blockquote class=\"wp-block-quote\"><p>Ka\u017cda frakcja dysponuje pul\u0105 kart dostosowan\u0105 do <em>dw\u00f3ch<\/em> r\u00f3\u017cnych to\u017csamo\u015bci. Jedna z nich pochodzi z <em>od\u015bwie\u017conego zestawu podstawowego<\/em>, a druga jest bardziej zaawansowana i korzysta z tych samych kart w innych, ciekawy spos\u00f3b. Przyk\u0142adowo, dla os\u00f3b kt\u00f3re opanowa\u0142y silne karty ekonomii i lodu oferowane przez Weylanda \u2013 <a href=\"https:\/\/netrunnerdb.com\/en\/card\/20077\">Budujemy lepszy \u015bwiat<\/a>, pragn\u0105cych rozpocz\u0105\u0107 samodzielne tworzenie talii, dost\u0119pna jest zaawansowana to\u017csamo\u015b\u0107 <a href=\"https:\/\/netrunnerdb.com\/en\/card\/06068\">B\u0142\u0119kitne s\u0142o\u0144ce<\/a>!<\/p><cite><a href=\"https:\/\/nullsignal.games\/blog\/rebirth\/\">G\u0142\u00f3wny projektant <em>Rdzenia Systemu 2019<\/em>, Gregory \u201eCritHitD20\u201d Tongue<\/a><\/cite><\/blockquote>\n\n\n\n<p><\/p>\n<\/div><\/div><\/div>\n\n\n\n<div class=\"wp-block-kadence-pane kt-accordion-pane kt-accordion-pane-2 kt-pane_2ef58b-8c\"><div class=\"kt-accordion-header-wrap\"><button class=\"kt-blocks-accordion-header kt-acccordion-button-label-show\"><span class=\"kt-blocks-accordion-title-wrap\"><span class=\"kt-blocks-accordion-title\">Jak mog\u0119 zdoby\u0107 kopi\u0119 <em>Rdzenia Systemu 2019<\/em> od Null Signal Games?<\/span><\/span><span class=\"kt-blocks-accordion-icon-trigger\"><\/span><\/button><\/div><div class=\"kt-accordion-panel\"><div class=\"kt-accordion-panel-inner\">\n<p>Nie jest to mo\u017cliwe. Ten zestaw nigdy nie zosta\u0142 wydrukowany lub opublikowany jako plik do samodzielnego wydruku. By\u0142a to lista kart, kt\u00f3r\u0105 mo\u017cna by\u0142o z\u0142o\u017cy\u0107 z w\u0142asnej kolekcji wcze\u015bniej dost\u0119pnych w sprzeda\u017cy lub samodzielnie wydrukowanych kart.<\/p>\n<\/div><\/div><\/div>\n\n\n\n<div class=\"wp-block-kadence-pane kt-accordion-pane kt-accordion-pane-3 kt-pane_81a2a6-cc\"><div class=\"kt-accordion-header-wrap\"><button class=\"kt-blocks-accordion-header kt-acccordion-button-label-show\"><span class=\"kt-blocks-accordion-title-wrap\"><span class=\"kt-blocks-accordion-title\">Czy Null Signal Games kiedykolwiek wydrukuje <em>Rdze\u0144 Systemu 2019<\/em>?<\/span><\/span><span class=\"kt-blocks-accordion-icon-trigger\"><\/span><\/button><\/div><div class=\"kt-accordion-panel\"><div class=\"kt-accordion-panel-inner\">\n<p>Nie. Dla os\u00f3b pragn\u0105cych nauczy\u0107 si\u0119 podstaw gry polecamy <em><a href=\"https:\/\/nullsignal.games\/pl\/produkty\/wejscie-do-systemu\/\">Wej\u015bcie do Systemu<\/a><\/em>, nasz w\u0142asny zestaw dla pocz\u0105tkuj\u0105cych. Osobom pragn\u0105cym uzupe\u0142ni\u0107 swoj\u0105 kolekcj\u0119 nowymi wersjami klasycznych kart polecamy ostatni z zestaw\u00f3w w serii <em>Aktualizacja Systemu<\/em>, czyli <em><a href=\"https:\/\/nullsignal.games\/pl\/produkty\/aktualizacja-systemu-2021\/\">Aktualizacja Systemu 2021<\/a>.<\/em> Mo\u017cna w nim znale\u017a\u0107 niekt\u00f3re karty z <em>Rdzenia Systemu 2019<\/em>, chocia\u017c na pewno nie wszystkie.<em><\/em><\/p>\n<\/div><\/div><\/div>\n<\/div><\/div><\/div>\n<style class=\"advgb-styles-renderer\">.kt-accordion-id_357e32-fb .kt-accordion-panel-inner {border-width:0px 0px 0px 0px;}.kt-accordion-id_357e32-fb .wp-block-kadence-pane .kt-accordion-header-wrap .kt-blocks-accordion-header {color:#555555;background:#f2f2f2;border-color:#555555 #555555 #555555 #555555;font-size:18px;line-height:24px;border-radius:0px 0px 0px 0px;border-width:0px 0px 0px 0px;padding-top:10px;padding-right:14px;padding-bottom:10px;padding-left:14px;}.kt-accordion-id_357e32-fb .kt-blocks-accordion-header .kt-btn-svg-icon svg {width:18px;height:18px;}.kt-accordion-id_357e32-fb:not( .kt-accodion-icon-style-basiccircle ):not( .kt-accodion-icon-style-xclosecircle ):not( .kt-accodion-icon-style-arrowcircle ) .kt-blocks-accordion-icon-trigger:after, .kt-accordion-id_357e32-fb:not( .kt-accodion-icon-style-basiccircle ):not( .kt-accodion-icon-style-xclosecircle ):not( .kt-accodion-icon-style-arrowcircle ) .kt-blocks-accordion-icon-trigger:before {background:#555555;}.kt-accordion-id_357e32-fb:not( .kt-accodion-icon-style-basic ):not( .kt-accodion-icon-style-xclose ):not( .kt-accodion-icon-style-arrow ) .kt-blocks-accordion-icon-trigger {background:#555555;}.kt-accordion-id_357e32-fb:not( .kt-accodion-icon-style-basic ):not( .kt-accodion-icon-style-xclose ):not( .kt-accodion-icon-style-arrow ) .kt-blocks-accordion-icon-trigger:after, .kt-accordion-id_357e32-fb:not( .kt-accodion-icon-style-basic ):not( .kt-accodion-icon-style-xclose ):not( .kt-accodion-icon-style-arrow ) .kt-blocks-accordion-icon-trigger:before {background:#f2f2f2;}.kt-accordion-id_357e32-fb .kt-accordion-header-wrap .kt-blocks-accordion-header:hover, .kt-accordion-id_357e32-fb .kt-accordion-header-wrap .kt-blocks-accordion-header:focus {color:#444444;background:#eeeeee;border-color:#eeeeee #eeeeee #eeeeee #eeeeee;}.kt-accordion-id_357e32-fb:not( .kt-accodion-icon-style-basiccircle ):not( .kt-accodion-icon-style-xclosecircle ):not( .kt-accodion-icon-style-arrowcircle ) .kt-blocks-accordion-header:hover .kt-blocks-accordion-icon-trigger:after, .kt-accordion-id_357e32-fb:not( .kt-accodion-icon-style-basiccircle ):not( .kt-accodion-icon-style-xclosecircle ):not( .kt-accodion-icon-style-arrowcircle ) .kt-blocks-accordion-header:hover .kt-blocks-accordion-icon-trigger:before, .kt-accordion-id_357e32-fb:not( .kt-accodion-icon-style-basiccircle ):not( .kt-accodion-icon-style-xclosecircle ):not( .kt-accodion-icon-style-arrowcircle ) .kt-blocks-accordion-header:focus .kt-blocks-accordion-icon-trigger:after, .kt-accordion-id_357e32-fb:not( .kt-accodion-icon-style-basiccircle ):not( .kt-accodion-icon-style-xclosecircle ):not( .kt-accodion-icon-style-arrowcircle ) .kt-blocks-accordion-header:focus .kt-blocks-accordion-icon-trigger:before {background:#444444;}.kt-accordion-id_357e32-fb:not( .kt-accodion-icon-style-basic ):not( .kt-accodion-icon-style-xclose ):not( .kt-accodion-icon-style-arrow ) .kt-blocks-accordion-header:hover .kt-blocks-accordion-icon-trigger, .kt-accordion-id_357e32-fb:not( .kt-accodion-icon-style-basic ):not( .kt-accodion-icon-style-xclose ):not( .kt-accodion-icon-style-arrow ) .kt-blocks-accordion-header:focus .kt-blocks-accordion-icon-trigger {background:#444444;}.kt-accordion-id_357e32-fb:not( .kt-accodion-icon-style-basic ):not( .kt-accodion-icon-style-xclose ):not( .kt-accodion-icon-style-arrow ) .kt-blocks-accordion-header:hover .kt-blocks-accordion-icon-trigger:after, .kt-accordion-id_357e32-fb:not( .kt-accodion-icon-style-basic ):not( .kt-accodion-icon-style-xclose ):not( .kt-accodion-icon-style-arrow ) .kt-blocks-accordion-header:hover .kt-blocks-accordion-icon-trigger:before, .kt-accordion-id_357e32-fb:not( .kt-accodion-icon-style-basic ):not( .kt-accodion-icon-style-xclose ):not( .kt-accodion-icon-style-arrow ) .kt-blocks-accordion-header:focus .kt-blocks-accordion-icon-trigger:after, .kt-accordion-id_357e32-fb:not( .kt-accodion-icon-style-basic ):not( .kt-accodion-icon-style-xclose ):not( .kt-accodion-icon-style-arrow ) .kt-blocks-accordion-header:focus .kt-blocks-accordion-icon-trigger:before {background:#eeeeee;}.kt-accordion-id_357e32-fb .kt-accordion-header-wrap .kt-blocks-accordion-header.kt-accordion-panel-active {color:#ffffff;background:#444444;border-color:#444444 #444444 #444444 #444444;}.kt-accordion-id_357e32-fb:not( .kt-accodion-icon-style-basiccircle ):not( .kt-accodion-icon-style-xclosecircle ):not( .kt-accodion-icon-style-arrowcircle ) .kt-blocks-accordion-header.kt-accordion-panel-active .kt-blocks-accordion-icon-trigger:after, .kt-accordion-id_357e32-fb:not( .kt-accodion-icon-style-basiccircle ):not( .kt-accodion-icon-style-xclosecircle ):not( .kt-accodion-icon-style-arrowcircle ) .kt-blocks-accordion-header.kt-accordion-panel-active .kt-blocks-accordion-icon-trigger:before {background:#ffffff;}.kt-accordion-id_357e32-fb:not( .kt-accodion-icon-style-basic ):not( .kt-accodion-icon-style-xclose ):not( .kt-accodion-icon-style-arrow ) .kt-blocks-accordion-header.kt-accordion-panel-active .kt-blocks-accordion-icon-trigger {background:#ffffff;}.kt-accordion-id_357e32-fb:not( .kt-accodion-icon-style-basic ):not( .kt-accodion-icon-style-xclose ):not( .kt-accodion-icon-style-arrow ) .kt-blocks-accordion-header.kt-accordion-panel-active .kt-blocks-accordion-icon-trigger:after, .kt-accordion-id_357e32-fb:not( .kt-accodion-icon-style-basic ):not( .kt-accodion-icon-style-xclose ):not( .kt-accodion-icon-style-arrow ) .kt-blocks-accordion-header.kt-accordion-panel-active .kt-blocks-accordion-icon-trigger:before {background:#444444;}<\/style>","protected":false},"excerpt":{"rendered":"<p>Rdze\u0144 Systemu 2019 (System Core) to zestaw wybranych kart z historii Netrunnera, kt\u00f3ra s\u0142u\u017cy\u0142a przez pewien czas jako \u201ezestaw podstawowy\u201d. Nigdy nie by\u0142a opublikowana jako fizyczny produkt i zosta\u0142a zast\u0105piona [&hellip;]<\/p>\n","protected":false},"author":43,"featured_media":0,"parent":7379,"menu_order":0,"comment_status":"closed","ping_status":"closed","template":"","meta":{"advgb_blocks_editor_width":"","advgb_blocks_columns_visual_guide":"","kt_blocks_editor_width":"","_links_to":"","_links_to_target":""},"pp_force_visibility":null,"pp_subpost_visibility":null,"pp_inherited_force_visibility":null,"pp_inherited_subpost_visibility":null,"yoast_head":"<!-- This site is optimized with the Yoast SEO plugin v17.7.1 - https:\/\/yoast.com\/wordpress\/plugins\/seo\/ -->\n<title>Rdze\u0144 Systemu 2019 (System Core) - Null Signal Games<\/title>\n<meta name=\"robots\" content=\"index, follow, max-snippet:-1, max-image-preview:large, max-video-preview:-1\" \/>\n<link rel=\"canonical\" href=\"https:\/\/nullsignal.games\/pl\/produkty\/rdzen-systemu-2019-system-core\/\" \/>\n<meta property=\"og:locale\" content=\"pl_PL\" \/>\n<meta property=\"og:type\" content=\"article\" \/>\n<meta property=\"og:title\" content=\"Rdze\u0144 Systemu 2019 (System Core) - Null Signal Games\" \/>\n<meta property=\"og:description\" content=\"Rdze\u0144 Systemu 2019 (System Core) to zestaw wybranych kart z historii Netrunnera, kt\u00f3ra s\u0142u\u017cy\u0142a przez pewien czas jako \u201ezestaw podstawowy\u201d. Nigdy nie by\u0142a opublikowana jako fizyczny produkt i zosta\u0142a zast\u0105piona [&hellip;]\" \/>\n<meta property=\"og:url\" content=\"https:\/\/nullsignal.games\/pl\/produkty\/rdzen-systemu-2019-system-core\/\" \/>\n<meta property=\"og:site_name\" content=\"Null Signal Games\" \/>\n<meta property=\"article:publisher\" content=\"https:\/\/www.facebook.com\/NetrunnerNISEI\" \/>\n<meta property=\"article:modified_time\" content=\"2023-02-09T21:34:07+00:00\" \/>\n<meta property=\"og:image\" content=\"https:\/\/nullsignal.games\/wp-content\/uploads\/2022\/02\/SC19.png\" \/>\n<meta name=\"twitter:card\" content=\"summary_large_image\" \/>\n<meta name=\"twitter:site\" content=\"@ProjectNISEI\" \/>\n<meta name=\"twitter:label1\" content=\"Szacowany czas czytania\" \/>\n\t<meta name=\"twitter:data1\" content=\"3 minuty\" \/>\n<script type=\"application\/ld+json\" class=\"yoast-schema-graph\">{\"@context\":\"https:\/\/schema.org\",\"@graph\":[{\"@type\":\"Organization\",\"@id\":\"https:\/\/nisei.net\/#organization\",\"name\":\"NISEI\",\"url\":\"https:\/\/nisei.net\/\",\"sameAs\":[\"https:\/\/www.facebook.com\/NetrunnerNISEI\",\"https:\/\/www.youtube.com\/channel\/UC4j5b7f95JGN4RHvXS_7z1Q\",\"https:\/\/twitter.com\/ProjectNISEI\"],\"logo\":{\"@type\":\"ImageObject\",\"@id\":\"https:\/\/nisei.net\/#logo\",\"inLanguage\":\"pl-PL\",\"url\":\"https:\/\/nullsignal.games\/wp-content\/uploads\/2020\/08\/cropped-logo_black.png\",\"contentUrl\":\"https:\/\/nullsignal.games\/wp-content\/uploads\/2020\/08\/cropped-logo_black.png\",\"width\":512,\"height\":512,\"caption\":\"NISEI\"},\"image\":{\"@id\":\"https:\/\/nisei.net\/#logo\"}},{\"@type\":\"WebSite\",\"@id\":\"https:\/\/nisei.net\/#website\",\"url\":\"https:\/\/nisei.net\/\",\"name\":\"NISEI\",\"description\":\"The Future of Netrunner\",\"publisher\":{\"@id\":\"https:\/\/nisei.net\/#organization\"},\"potentialAction\":[{\"@type\":\"SearchAction\",\"target\":{\"@type\":\"EntryPoint\",\"urlTemplate\":\"https:\/\/nisei.net\/?s={search_term_string}\"},\"query-input\":\"required name=search_term_string\"}],\"inLanguage\":\"pl-PL\"},{\"@type\":\"ImageObject\",\"@id\":\"https:\/\/nullsignal.games\/pl\/produkty\/rdzen-systemu-2019-system-core\/#primaryimage\",\"inLanguage\":\"pl-PL\",\"url\":\"https:\/\/nullsignal.games\/wp-content\/uploads\/2022\/02\/SC19.png\",\"contentUrl\":\"https:\/\/nullsignal.games\/wp-content\/uploads\/2022\/02\/SC19.png\",\"width\":100,\"height\":100,\"caption\":\"Icona de Joc b\\u00e0sic 2019\"},{\"@type\":\"WebPage\",\"@id\":\"https:\/\/nullsignal.games\/pl\/produkty\/rdzen-systemu-2019-system-core\/#webpage\",\"url\":\"https:\/\/nullsignal.games\/pl\/produkty\/rdzen-systemu-2019-system-core\/\",\"name\":\"Rdze\\u0144 Systemu 2019 (System Core) - Null Signal Games\",\"isPartOf\":{\"@id\":\"https:\/\/nisei.net\/#website\"},\"primaryImageOfPage\":{\"@id\":\"https:\/\/nullsignal.games\/pl\/produkty\/rdzen-systemu-2019-system-core\/#primaryimage\"},\"datePublished\":\"2023-02-09T16:48:57+00:00\",\"dateModified\":\"2023-02-09T21:34:07+00:00\",\"breadcrumb\":{\"@id\":\"https:\/\/nullsignal.games\/pl\/produkty\/rdzen-systemu-2019-system-core\/#breadcrumb\"},\"inLanguage\":\"pl-PL\",\"potentialAction\":[{\"@type\":\"ReadAction\",\"target\":[\"https:\/\/nullsignal.games\/pl\/produkty\/rdzen-systemu-2019-system-core\/\"]}]},{\"@type\":\"BreadcrumbList\",\"@id\":\"https:\/\/nullsignal.games\/pl\/produkty\/rdzen-systemu-2019-system-core\/#breadcrumb\",\"itemListElement\":[{\"@type\":\"ListItem\",\"position\":1,\"name\":\"Home\",\"item\":\"https:\/\/nullsignal.games\/pl\/\"},{\"@type\":\"ListItem\",\"position\":2,\"name\":\"Produkty\",\"item\":\"https:\/\/nullsignal.games\/pl\/produkty\/\"},{\"@type\":\"ListItem\",\"position\":3,\"name\":\"Rdze\\u0144 Systemu 2019 (System Core)\"}]}]}<\/script>\n<!-- \/ Yoast SEO plugin. -->","yoast_head_json":{"title":"Rdze\u0144 Systemu 2019 (System Core) - Null Signal Games","robots":{"index":"index","follow":"follow","max-snippet":"max-snippet:-1","max-image-preview":"max-image-preview:large","max-video-preview":"max-video-preview:-1"},"canonical":"https:\/\/nullsignal.games\/pl\/produkty\/rdzen-systemu-2019-system-core\/","og_locale":"pl_PL","og_type":"article","og_title":"Rdze\u0144 Systemu 2019 (System Core) - Null Signal Games","og_description":"Rdze\u0144 Systemu 2019 (System Core) to zestaw wybranych kart z historii Netrunnera, kt\u00f3ra s\u0142u\u017cy\u0142a przez pewien czas jako \u201ezestaw podstawowy\u201d. Nigdy nie by\u0142a opublikowana jako fizyczny produkt i zosta\u0142a zast\u0105piona [&hellip;]","og_url":"https:\/\/nullsignal.games\/pl\/produkty\/rdzen-systemu-2019-system-core\/","og_site_name":"Null Signal Games","article_publisher":"https:\/\/www.facebook.com\/NetrunnerNISEI","article_modified_time":"2023-02-09T21:34:07+00:00","og_image":[{"url":"https:\/\/nullsignal.games\/wp-content\/uploads\/2022\/02\/SC19.png"}],"twitter_card":"summary_large_image","twitter_site":"@ProjectNISEI","twitter_misc":{"Szacowany czas czytania":"3 minuty"},"schema":{"@context":"https:\/\/schema.org","@graph":[{"@type":"Organization","@id":"https:\/\/nisei.net\/#organization","name":"NISEI","url":"https:\/\/nisei.net\/","sameAs":["https:\/\/www.facebook.com\/NetrunnerNISEI","https:\/\/www.youtube.com\/channel\/UC4j5b7f95JGN4RHvXS_7z1Q","https:\/\/twitter.com\/ProjectNISEI"],"logo":{"@type":"ImageObject","@id":"https:\/\/nisei.net\/#logo","inLanguage":"pl-PL","url":"https:\/\/nullsignal.games\/wp-content\/uploads\/2020\/08\/cropped-logo_black.png","contentUrl":"https:\/\/nullsignal.games\/wp-content\/uploads\/2020\/08\/cropped-logo_black.png","width":512,"height":512,"caption":"NISEI"},"image":{"@id":"https:\/\/nisei.net\/#logo"}},{"@type":"WebSite","@id":"https:\/\/nisei.net\/#website","url":"https:\/\/nisei.net\/","name":"NISEI","description":"The Future of Netrunner","publisher":{"@id":"https:\/\/nisei.net\/#organization"},"potentialAction":[{"@type":"SearchAction","target":{"@type":"EntryPoint","urlTemplate":"https:\/\/nisei.net\/?s={search_term_string}"},"query-input":"required name=search_term_string"}],"inLanguage":"pl-PL"},{"@type":"ImageObject","@id":"https:\/\/nullsignal.games\/pl\/produkty\/rdzen-systemu-2019-system-core\/#primaryimage","inLanguage":"pl-PL","url":"https:\/\/nullsignal.games\/wp-content\/uploads\/2022\/02\/SC19.png","contentUrl":"https:\/\/nullsignal.games\/wp-content\/uploads\/2022\/02\/SC19.png","width":100,"height":100,"caption":"Icona de Joc b\u00e0sic 2019"},{"@type":"WebPage","@id":"https:\/\/nullsignal.games\/pl\/produkty\/rdzen-systemu-2019-system-core\/#webpage","url":"https:\/\/nullsignal.games\/pl\/produkty\/rdzen-systemu-2019-system-core\/","name":"Rdze\u0144 Systemu 2019 (System Core) - Null Signal Games","isPartOf":{"@id":"https:\/\/nisei.net\/#website"},"primaryImageOfPage":{"@id":"https:\/\/nullsignal.games\/pl\/produkty\/rdzen-systemu-2019-system-core\/#primaryimage"},"datePublished":"2023-02-09T16:48:57+00:00","dateModified":"2023-02-09T21:34:07+00:00","breadcrumb":{"@id":"https:\/\/nullsignal.games\/pl\/produkty\/rdzen-systemu-2019-system-core\/#breadcrumb"},"inLanguage":"pl-PL","potentialAction":[{"@type":"ReadAction","target":["https:\/\/nullsignal.games\/pl\/produkty\/rdzen-systemu-2019-system-core\/"]}]},{"@type":"BreadcrumbList","@id":"https:\/\/nullsignal.games\/pl\/produkty\/rdzen-systemu-2019-system-core\/#breadcrumb","itemListElement":[{"@type":"ListItem","position":1,"name":"Home","item":"https:\/\/nullsignal.games\/pl\/"},{"@type":"ListItem","position":2,"name":"Produkty","item":"https:\/\/nullsignal.games\/pl\/produkty\/"},{"@type":"ListItem","position":3,"name":"Rdze\u0144 Systemu 2019 (System Core)"}]}]}},"coauthors":[{"link":"https:\/\/nullsignal.games\/pl\/blog\/author\/spencer-dub\/","display_name":"Spencer Dub"}],"author_meta":{"author_link":"https:\/\/nullsignal.games\/pl\/blog\/author\/spencer-dub\/","display_name":"Spencer Dub"},"relative_dates":{"created":"Posted 3 lata ago","modified":"Updated 3 lata ago"},"absolute_dates":{"created":"Posted on 9 lutego, 2023","modified":"Updated on 9 lutego, 2023"},"absolute_dates_time":{"created":"Posted on 9 lutego, 2023 4:48 pm","modified":"Updated on 9 lutego, 2023 9:34 pm"},"featured_img_caption":"","featured_img":false,"series_order":"","_links":{"self":[{"href":"https:\/\/nullsignal.games\/pl\/wp-json\/wp\/v2\/pages\/36499"}],"collection":[{"href":"https:\/\/nullsignal.games\/pl\/wp-json\/wp\/v2\/pages"}],"about":[{"href":"https:\/\/nullsignal.games\/pl\/wp-json\/wp\/v2\/types\/page"}],"author":[{"embeddable":true,"href":"https:\/\/nullsignal.games\/pl\/wp-json\/wp\/v2\/users\/43"}],"replies":[{"embeddable":true,"href":"https:\/\/nullsignal.games\/pl\/wp-json\/wp\/v2\/comments?post=36499"}],"version-history":[{"count":2,"href":"https:\/\/nullsignal.games\/pl\/wp-json\/wp\/v2\/pages\/36499\/revisions"}],"predecessor-version":[{"id":36881,"href":"https:\/\/nullsignal.games\/pl\/wp-json\/wp\/v2\/pages\/36499\/revisions\/36881"}],"up":[{"embeddable":true,"href":"https:\/\/nullsignal.games\/pl\/wp-json\/wp\/v2\/pages\/7379"}],"wp:attachment":[{"href":"https:\/\/nullsignal.games\/pl\/wp-json\/wp\/v2\/media?parent=36499"}],"curies":[{"name":"wp","href":"https:\/\/api.w.org\/{rel}","templated":true}]}}