{"id":35906,"date":"2023-01-19T23:15:46","date_gmt":"2023-01-19T23:15:46","guid":{"rendered":"https:\/\/nullsignal.games\/poradnik-zakupow-null-signal-games\/"},"modified":"2025-11-11T17:26:06","modified_gmt":"2025-11-11T17:26:06","slug":"poradnik-zakupow-null-signal-games","status":"publish","type":"page","link":"https:\/\/nullsignal.games\/pl\/gra\/poradnik-zakupow-null-signal-games\/","title":{"rendered":"Poradnik zakup\u00f3w Null Signal Games"},"content":{"rendered":"\n<p>You can buy Null Signal cards from both our print-on-demand partners, <a href=\"https:\/\/www.makeplayingcards.com\/sell\/nullsignalgames\">MakePlayingCards<\/a> and <a href=\"https:\/\/www.drivethrucards.com\/browse\/pub\/14445\/Null-Signal-Games\">DriveThruCards<\/a>, with two different card stocks available from MakePlayingCards. Each option provides different benefits in terms of card quality and shipping cost. As of December, 2022, you can also buy our cards from <a href=\"http:\/\/shop.nullsignal.games\">our own online store<\/a>. This is currently available only in the United States and Australia, with more countries to be added gradually, and we are currently only stocking <em>Midnight Sun <\/em>and <em>Parhelion<\/em>, but more sets will be added very soon. <\/p>\n\n\n\n<p>Wsp\u00f3\u0142pracujemy r\u00f3wnie\u017c z r\u00f3\u017cnymi drukarniami w r\u00f3\u017cnych miejscach \u015bwiata, kt\u00f3re dostarczaj\u0105 karty naszym autoryzowanym partnerom sprzeda\u017cy, co umo\u017cliwia na ta\u0144sz\u0105 wysy\u0142k\u0119 dla lokalnych spo\u0142eczno\u015bci. Niekt\u00f3rymi z naszych autoryzowanych partner\u00f3w sprzeda\u017cy s\u0105 sklepy handluj\u0105ce grami. Innymi \u2013 osoby ze spo\u0142eczno\u015bci, kt\u00f3re wysy\u0142aj\u0105 karty samodzielnie. We wszystkich przypadkach mowa o zaufanych i rzetelnych osobach z naszej spo\u0142eczno\u015bci. Je\u015bli widniej\u0105 poni\u017cej, mo\u017cecie od nich kupowa\u0107 z pe\u0142nym zaufaniem. Rozprowadzane przez nich produkty maj\u0105 r\u00f3\u017cn\u0105 jako\u015b\u0107, zale\u017cnie od drukarni, ale wsp\u00f3\u0142pracujemy z ka\u017cd\u0105 z nich, by zapewni\u0107 odpowiedni standard produkt\u00f3w. Mo\u017cna spodziewa\u0107 si\u0119 jako\u015bci kart co najmniej tak dobrej, jak standardowe karty MakePlayingCards \u2013 lub lepszej.<\/p>\n\n\n\n<p>Nasze karty s\u0105 r\u00f3wnie\u017c dost\u0119pne jako pliki PDF do samodzielnego wydruku, za darmo, z opcjonaln\u0105 mo\u017cliwo\u015bci\u0105 finansowego wsparcia NSG. Karty wydrukowane samodzielnie z tych plik\u00f3w <em>s\u0105<\/em> dopuszczane do gry podczas wszystkich turniej\u00f3w i wydarze\u0144 zwi\u0105zanych z Netrunnerem, o ile s\u0105 odpowiednio wyci\u0119te i umieszczone w nieprzezroczystych koszulkach z \u201ekartami-podk\u0142adkami\u201d z ty\u0142u.<\/p>\n\n\n\n<p>Poni\u017cej widoczne jest por\u00f3wnanie r\u00f3\u017cnych opcji wydruku, a tak\u017ce kilka rzeczy, kt\u00f3re uda\u0142o nam si\u0119 zauwa\u017cy\u0107 podczas zamawiania wersji pr\u00f3bnych wydruk\u00f3w. Ceny nie zawieraj\u0105 koszt\u00f3w wysy\u0142ki. Wszystkie podane poni\u017cej ceny s\u0105 oparte o wydanie dodatku <em>Powstanie<\/em> z grudnia 2019 roku, zawieraj\u0105cego po 3 kopie 65 r\u00f3\u017cnych kart (razem 195 kart). Poszczeg\u00f3lne produkty b\u0119d\u0105 si\u0119 r\u00f3\u017cni\u0142y cenami.<\/p>\n\n\n\n\n\n<h2>Sklep Null Signal Games<\/h2>\n\n\n\n<ul><li>Koszt: 45 USD\/zestaw, darmowa wysy\u0142ka<\/li><li>Initially only shipping to addresses within the United States<\/li><li>Initially only <em>Parhelion <\/em>will be available, with more sets to be added very soon<\/li><li>Najlepszy spos\u00f3b na wsparcie Null Signal Games pod k\u0105tem zysk\u00f3w<\/li><li>Podobna jako\u015b\u0107 do kart FFG, karty w pude\u0142ku<\/li><li>Wi\u0119cej szczeg\u00f3\u0142\u00f3w <a href=\"https:\/\/nullsignal.games\/blog\/towards-a-new-distribution-model-parhelion-direct-sales\/\">tutaj<\/a><\/li><\/ul>\n\n\n\n<div class=\"wp-block-buttons alignwide is-content-justification-center\">\n<div class=\"wp-block-button\"><a class=\"wp-block-button__link\" href=\"shop.nullsignal.games\">Odwied\u017a sklep Null Signal Games<\/a><\/div>\n<\/div>\n\n\n\n<h2>DriveThruCards<\/h2>\n\n\n\n<ul><li>Koszt oko\u0142o 45 USD\/zestaw<\/li><li>Jako\u015b\u0107 kart podobna do kart FFG<\/li><li>Karty jedynie w wersji angielskiej<\/li><li><span style=\"color: initial;\">Dost\u0119pna szybka wysy\u0142ka<\/span><\/li><li>Wysy\u0142ka poza teren USA jest <em>bardzo<\/em> droga<\/li><\/ul>\n\n\n\n<div class=\"wp-block-buttons is-content-justification-center\">\n<div class=\"wp-block-button\"><a class=\"wp-block-button__link\" href=\"https:\/\/www.drivethrucards.com\/browse\/pub\/14445\/NISEI\">Odwied\u017a nasz sklep w DriveThruCards<\/a><\/div>\n<\/div>\n\n\n\n<h2>MakePlayingCards: jako\u015b\u0107 standardowa<\/h2>\n\n\n\n<ul><li>Koszt od 50 USD\/zestaw<\/li><li>Wysy\u0142ka na skal\u0119 globaln\u0105<\/li><li>Dost\u0119pne we wszystkich publikowanych przez nas j\u0119zykach<\/li><li>Dost\u0119pna szybka wysy\u0142ka<\/li><li>Cena ze zestaw spada przy zakupie wielu kopii. Ka\u017cdy zestaw kosztuje mniej przy zam\u00f3wieniach co najmniej sze\u015bciu zestaw\u00f3w. Cena staje si\u0119 <em>o wiele ni\u017csza<\/em> przy zam\u00f3wieniach co najmniej trzydziestu zestaw\u00f3w<\/li><li>Karty <em>odrobin\u0119<\/em> cie\u0144sze od kart FFG, ale nie jest to zauwa\u017calne po w\u0142o\u017ceniu ich w koszulki<\/li><li>Naro\u017cniki bardziej zaokr\u0105glone ni\u017c w kartach FFG<\/li><li>Dost\u0119pne kody zni\u017ckowe (\u201ethankyou5c\u201d = 5 USD zni\u017cki dla zam\u00f3wie\u0144 o warto\u015bci co najmniej 35 USD; \u201e15dpurchase\u201d = 15 USD zni\u017cki dla zam\u00f3wie\u0144 o warto\u015bci co najmniej 500 USD)<\/li><\/ul>\n\n\n\n<div class=\"wp-block-buttons is-content-justification-center\">\n<div class=\"wp-block-button\"><a class=\"wp-block-button__link\" href=\"https:\/\/www.makeplayingcards.com\/sell\/nullsignalgames\">Odwied\u017a nasz sklep w MakePlayingCards<\/a><\/div>\n<\/div>\n\n\n\n<h2>MakePlayingCards: jako\u015b\u0107 premium<\/h2>\n\n\n\n<ul><li>Koszt od 60 USD\/zestaw<\/li><li>Wysy\u0142ka na skal\u0119 globaln\u0105<\/li><li>Dost\u0119pne we wszystkich publikowanych przez nas j\u0119zykach<\/li><li>Dost\u0119pna szybka wysy\u0142ka<\/li><li>Cena ze zestaw spada przy zakupie wielu kopii. Ka\u017cdy zestaw kosztuje mniej przy zam\u00f3wieniach co najmniej sze\u015bciu zestaw\u00f3w. Cena staje si\u0119 <em>o wiele ni\u017csza<\/em> przy zam\u00f3wieniach co najmniej trzydziestu zestaw\u00f3w<\/li><li>Karty <em>odrobin\u0119<\/em> grubsze od kart FFG, ale nie jest to zauwa\u017calne po w\u0142o\u017ceniu ich w koszulki (podobne w dotyku do wielu fanowskich wersji alternatywnych kart)<\/li><li>Naro\u017cniki bardziej zaokr\u0105glone ni\u017c w kartach FFG<\/li><li>Dost\u0119pne kody zni\u017ckowe (\u201ethankyou5c\u201d = 5 USD zni\u017cki dla zam\u00f3wie\u0144 o warto\u015bci co najmniej 35 USD; \u201e15dpurchase\u201d = 15 USD zni\u017cki dla zam\u00f3wie\u0144 o warto\u015bci co najmniej 500 USD)<\/li><\/ul>\n\n\n\n<div class=\"wp-block-buttons is-content-justification-center\">\n<div class=\"wp-block-button\"><a class=\"wp-block-button__link\" href=\"https:\/\/www.makeplayingcards.com\/sell\/nullsignalgames\">Odwied\u017a nasz sklep w MakePlayingCards<\/a><\/div>\n<\/div>\n\n\n\n<h2>Autoryzowani partnerzy sprzeda\u017cy<\/h2>\n\n\n\n<ul><li>For cheaper shipping in the UK and most of Europe, visit <a href=\"https:\/\/netrunnercards.co.uk\/\"><strong>netrunnercards.co.uk<\/strong><\/a><\/li><li>For cheaper shipping in Germany and most of Europe, visit <a href=\"https:\/\/shop.spielespatz.de\/Null-Signal-Games\"><strong>spielspatz.de<\/strong><\/a><\/li><li>For cheaper shipping in Sweden and parts of northern Europe visit <a href=\"https:\/\/www.alltpaettkort.com\/produktetikett\/nisei\/\"><strong>alltpaettkort.com<\/strong><\/a><\/li><li>For cheaper shipping in Australia and certain Asia-Pacific countries, visit <a href=\"http:\/\/netrunnercards.com.au\/\"><strong>netrunnercards.com.au<\/strong><\/a> (note: this storefront will be gradually moving all of its products to the <a href=\"https:\/\/shop.nullsignal.games\/\">Null Signal Games storefront<\/a>)<\/li><li>For Europe-wide bulk orders of each new set organized by the Spanish community, visit <strong><a href=\"https:\/\/www.tipia.es\/product-page\/parhelion\">tipia.es<\/a> <\/strong>(bulk orders normally only have an ordering window of a few days following the release of each new set, and are not available year-round or for our older products).  <\/li><li>Other trusted community members also organize bulk buys for their local players. Get in touch with your local community to learn whether a bulk-buy is being organized whenever a new product&#8217;s release is imminent, or ask in online Netrunner communities such as <a href=\"http:\/\/discord.gg\/glc\"><strong>Green Level Clearance<\/strong><\/a> (navigate to the &#8222;Group Buys&#8221; section under &#8222;Utilities&#8221;), <a href=\"https:\/\/www.facebook.com\/groups\/netrunnerdorks\"><strong>Facebook<\/strong><\/a>, <a href=\"https:\/\/www.reddit.com\/r\/Netrunner\/\"><strong>Reddit<\/strong><\/a>, and the <a href=\"https:\/\/join.slack.com\/t\/stimhack\/shared_invite\/zt-1jyfyobxv-6e_iIVMcejGS9CQX5q2rWA\"><strong>Stimhack Slack<\/strong><\/a>. The order window for these is usually active in the first few days following the release of a new set, but some are happy to accept orders for older sets as well, and a few (such as Reddit user Myldside) order excess stock and might have cards available at other times. <\/li><li>Jako\u015b\u0107 kart i opakowanie mog\u0105 si\u0119 r\u00f3\u017cni\u0107 w przypadku r\u00f3\u017cnych drukarni, ale b\u0119d\u0105 r\u00f3wne co najmniej standardowej jako\u015bci wersji z MakePlayingCards.<\/li><li>W niekt\u00f3rych przypadkach autoryzowani partnerzy sprzeda\u017cy mog\u0105 oferowa\u0107 dodatkowe produkty Null Signal Games (na przyk\u0142ad zestawy Game Night Kit) lub produkty powi\u0105zane z gr\u0105, ale nie pochodz\u0105ce od NSG \u2013 na przyk\u0142ad tworzone przez spo\u0142eczno\u015b\u0107 alternatywne wersje kart lub \u017cetony do wykorzystania w grze Netrunner.<\/li><li>Nale\u017cy pami\u0119ta\u0107, \u017ce w przypadku naszych autoryzowanych partner\u00f3w sprzeda\u017cy, ich zapasy produkt\u00f3w mog\u0105 ulec wyczerpaniu (w odr\u00f3\u017cnieniu od naszych partner\u00f3w druku na zam\u00f3wienie), co mo\u017ce oznacza\u0107 konieczno\u015b\u0107 czekania na ich uzupe\u0142nienie. Zalecamy sprawdzenie stanu zapas\u00f3w przez dokonaniem zakupu.<\/li><li>Niekt\u00f3rzy autoryzowani partnerzy sprzeda\u017cy po\u015bwi\u0119caj\u0105 si\u0119 g\u0142\u00f3wnie zaopatrzeniu lokalnej spo\u0142eczno\u015bci, wi\u0119c zalecamy dok\u0142adne sprawdzenie opisu produktu w celu upewnienia si\u0119, \u017ce produkt jest oferowany w odpowiedniej wersji j\u0119zykowej \u2013 oraz kontakt z autoryzowanym partnerem sprzeda\u017cy, je\u015bli opisu produktu jest niejasny.<\/li><\/ul>\n\n\n\n<h2>Plik PDF do samodzielnego wydruku<\/h2>\n\n\n\n<ul><li>Dowolny datek w ramach wsparcia (s\u0105 dost\u0119pne r\u00f3wnie\u017c za darmo!)<\/li><li>Do pobrania bezpo\u015brednio z witryny <a href=\"http:\/\/nullsignal.games\">nullsignal.games<\/a><\/li><li>Dost\u0119pne we wszystkich publikowanych przez nas j\u0119zykach<\/li><li>9 kart na stronie, 22 strony (3 kopie ka\u017cdej karty) lub 8 stron (1 kopia ka\u017cdej karty)<\/li><li>Proste naro\u017cniki, bez spadu drukarskiego<\/li><li>Wystarczy wydrukowa\u0107 i wyci\u0105\u0107<\/li><\/ul>\n\n\n\n<p>Niezale\u017cnie od sposobu, w jaki zdob\u0119dziesz karty, dzi\u0119kujemy za wsparcie i zainteresowanie gr\u0105!<\/p>\n","protected":false},"excerpt":{"rendered":"<p>You can buy Null Signal cards from both our print-on-demand partners, MakePlayingCards and DriveThruCards, with two different card stocks available from MakePlayingCards. Each option provides different benefits in terms of [&hellip;]<\/p>\n","protected":false},"author":43,"featured_media":0,"parent":36059,"menu_order":0,"comment_status":"closed","ping_status":"closed","template":"","meta":{"advgb_blocks_editor_width":"","advgb_blocks_columns_visual_guide":"","kt_blocks_editor_width":"","_links_to":"","_links_to_target":""},"pp_force_visibility":null,"pp_subpost_visibility":null,"pp_inherited_force_visibility":null,"pp_inherited_subpost_visibility":null,"yoast_head":"<!-- This site is optimized with the Yoast SEO plugin v17.7.1 - https:\/\/yoast.com\/wordpress\/plugins\/seo\/ -->\n<title>Poradnik zakup\u00f3w Null Signal Games - Null Signal Games<\/title>\n<meta name=\"description\" content=\"Dowiedz si\u0119 o sposobach zdobycia kart Null Signal Games i por\u00f3wnaj dost\u0119pne opcje.\" \/>\n<meta name=\"robots\" content=\"index, follow, max-snippet:-1, max-image-preview:large, max-video-preview:-1\" \/>\n<link rel=\"canonical\" href=\"https:\/\/nullsignal.games\/pl\/gra\/poradnik-zakupow-null-signal-games\/\" \/>\n<meta property=\"og:locale\" content=\"pl_PL\" \/>\n<meta property=\"og:type\" content=\"article\" \/>\n<meta property=\"og:title\" content=\"Poradnik zakup\u00f3w Null Signal Games - Null Signal Games\" \/>\n<meta property=\"og:description\" content=\"Dowiedz si\u0119 o sposobach zdobycia kart Null Signal Games i por\u00f3wnaj dost\u0119pne opcje.\" \/>\n<meta property=\"og:url\" content=\"https:\/\/nullsignal.games\/pl\/gra\/poradnik-zakupow-null-signal-games\/\" \/>\n<meta property=\"og:site_name\" content=\"Null Signal Games\" \/>\n<meta property=\"article:publisher\" content=\"https:\/\/www.facebook.com\/NetrunnerNISEI\" \/>\n<meta property=\"article:modified_time\" content=\"2025-11-11T17:26:06+00:00\" \/>\n<meta name=\"twitter:card\" content=\"summary_large_image\" \/>\n<meta name=\"twitter:site\" content=\"@ProjectNISEI\" \/>\n<meta name=\"twitter:label1\" content=\"Szacowany czas czytania\" \/>\n\t<meta name=\"twitter:data1\" content=\"5 minut\" \/>\n<script type=\"application\/ld+json\" class=\"yoast-schema-graph\">{\"@context\":\"https:\/\/schema.org\",\"@graph\":[{\"@type\":\"Organization\",\"@id\":\"https:\/\/nisei.net\/#organization\",\"name\":\"NISEI\",\"url\":\"https:\/\/nisei.net\/\",\"sameAs\":[\"https:\/\/www.facebook.com\/NetrunnerNISEI\",\"https:\/\/www.youtube.com\/channel\/UC4j5b7f95JGN4RHvXS_7z1Q\",\"https:\/\/twitter.com\/ProjectNISEI\"],\"logo\":{\"@type\":\"ImageObject\",\"@id\":\"https:\/\/nisei.net\/#logo\",\"inLanguage\":\"pl-PL\",\"url\":\"https:\/\/nullsignal.games\/wp-content\/uploads\/2020\/08\/cropped-logo_black.png\",\"contentUrl\":\"https:\/\/nullsignal.games\/wp-content\/uploads\/2020\/08\/cropped-logo_black.png\",\"width\":512,\"height\":512,\"caption\":\"NISEI\"},\"image\":{\"@id\":\"https:\/\/nisei.net\/#logo\"}},{\"@type\":\"WebSite\",\"@id\":\"https:\/\/nisei.net\/#website\",\"url\":\"https:\/\/nisei.net\/\",\"name\":\"NISEI\",\"description\":\"The Future of Netrunner\",\"publisher\":{\"@id\":\"https:\/\/nisei.net\/#organization\"},\"potentialAction\":[{\"@type\":\"SearchAction\",\"target\":{\"@type\":\"EntryPoint\",\"urlTemplate\":\"https:\/\/nisei.net\/?s={search_term_string}\"},\"query-input\":\"required name=search_term_string\"}],\"inLanguage\":\"pl-PL\"},{\"@type\":\"WebPage\",\"@id\":\"https:\/\/nullsignal.games\/pl\/gra\/poradnik-zakupow-null-signal-games\/#webpage\",\"url\":\"https:\/\/nullsignal.games\/pl\/gra\/poradnik-zakupow-null-signal-games\/\",\"name\":\"Poradnik zakup\\u00f3w Null Signal Games - Null Signal Games\",\"isPartOf\":{\"@id\":\"https:\/\/nisei.net\/#website\"},\"datePublished\":\"2023-01-19T23:15:46+00:00\",\"dateModified\":\"2025-11-11T17:26:06+00:00\",\"description\":\"Dowiedz si\\u0119 o sposobach zdobycia kart Null Signal Games i por\\u00f3wnaj dost\\u0119pne opcje.\",\"breadcrumb\":{\"@id\":\"https:\/\/nullsignal.games\/pl\/gra\/poradnik-zakupow-null-signal-games\/#breadcrumb\"},\"inLanguage\":\"pl-PL\",\"potentialAction\":[{\"@type\":\"ReadAction\",\"target\":[\"https:\/\/nullsignal.games\/pl\/gra\/poradnik-zakupow-null-signal-games\/\"]}]},{\"@type\":\"BreadcrumbList\",\"@id\":\"https:\/\/nullsignal.games\/pl\/gra\/poradnik-zakupow-null-signal-games\/#breadcrumb\",\"itemListElement\":[{\"@type\":\"ListItem\",\"position\":1,\"name\":\"Home\",\"item\":\"https:\/\/nullsignal.games\/pl\/\"},{\"@type\":\"ListItem\",\"position\":2,\"name\":\"Gra\",\"item\":\"https:\/\/nullsignal.games\/pl\/gra\/\"},{\"@type\":\"ListItem\",\"position\":3,\"name\":\"Poradnik zakup\\u00f3w Null Signal Games\"}]}]}<\/script>\n<!-- \/ Yoast SEO plugin. -->","yoast_head_json":{"title":"Poradnik zakup\u00f3w Null Signal Games - Null Signal Games","description":"Dowiedz si\u0119 o sposobach zdobycia kart Null Signal Games i por\u00f3wnaj dost\u0119pne opcje.","robots":{"index":"index","follow":"follow","max-snippet":"max-snippet:-1","max-image-preview":"max-image-preview:large","max-video-preview":"max-video-preview:-1"},"canonical":"https:\/\/nullsignal.games\/pl\/gra\/poradnik-zakupow-null-signal-games\/","og_locale":"pl_PL","og_type":"article","og_title":"Poradnik zakup\u00f3w Null Signal Games - Null Signal Games","og_description":"Dowiedz si\u0119 o sposobach zdobycia kart Null Signal Games i por\u00f3wnaj dost\u0119pne opcje.","og_url":"https:\/\/nullsignal.games\/pl\/gra\/poradnik-zakupow-null-signal-games\/","og_site_name":"Null Signal Games","article_publisher":"https:\/\/www.facebook.com\/NetrunnerNISEI","article_modified_time":"2025-11-11T17:26:06+00:00","twitter_card":"summary_large_image","twitter_site":"@ProjectNISEI","twitter_misc":{"Szacowany czas czytania":"5 minut"},"schema":{"@context":"https:\/\/schema.org","@graph":[{"@type":"Organization","@id":"https:\/\/nisei.net\/#organization","name":"NISEI","url":"https:\/\/nisei.net\/","sameAs":["https:\/\/www.facebook.com\/NetrunnerNISEI","https:\/\/www.youtube.com\/channel\/UC4j5b7f95JGN4RHvXS_7z1Q","https:\/\/twitter.com\/ProjectNISEI"],"logo":{"@type":"ImageObject","@id":"https:\/\/nisei.net\/#logo","inLanguage":"pl-PL","url":"https:\/\/nullsignal.games\/wp-content\/uploads\/2020\/08\/cropped-logo_black.png","contentUrl":"https:\/\/nullsignal.games\/wp-content\/uploads\/2020\/08\/cropped-logo_black.png","width":512,"height":512,"caption":"NISEI"},"image":{"@id":"https:\/\/nisei.net\/#logo"}},{"@type":"WebSite","@id":"https:\/\/nisei.net\/#website","url":"https:\/\/nisei.net\/","name":"NISEI","description":"The Future of Netrunner","publisher":{"@id":"https:\/\/nisei.net\/#organization"},"potentialAction":[{"@type":"SearchAction","target":{"@type":"EntryPoint","urlTemplate":"https:\/\/nisei.net\/?s={search_term_string}"},"query-input":"required name=search_term_string"}],"inLanguage":"pl-PL"},{"@type":"WebPage","@id":"https:\/\/nullsignal.games\/pl\/gra\/poradnik-zakupow-null-signal-games\/#webpage","url":"https:\/\/nullsignal.games\/pl\/gra\/poradnik-zakupow-null-signal-games\/","name":"Poradnik zakup\u00f3w Null Signal Games - Null Signal Games","isPartOf":{"@id":"https:\/\/nisei.net\/#website"},"datePublished":"2023-01-19T23:15:46+00:00","dateModified":"2025-11-11T17:26:06+00:00","description":"Dowiedz si\u0119 o sposobach zdobycia kart Null Signal Games i por\u00f3wnaj dost\u0119pne opcje.","breadcrumb":{"@id":"https:\/\/nullsignal.games\/pl\/gra\/poradnik-zakupow-null-signal-games\/#breadcrumb"},"inLanguage":"pl-PL","potentialAction":[{"@type":"ReadAction","target":["https:\/\/nullsignal.games\/pl\/gra\/poradnik-zakupow-null-signal-games\/"]}]},{"@type":"BreadcrumbList","@id":"https:\/\/nullsignal.games\/pl\/gra\/poradnik-zakupow-null-signal-games\/#breadcrumb","itemListElement":[{"@type":"ListItem","position":1,"name":"Home","item":"https:\/\/nullsignal.games\/pl\/"},{"@type":"ListItem","position":2,"name":"Gra","item":"https:\/\/nullsignal.games\/pl\/gra\/"},{"@type":"ListItem","position":3,"name":"Poradnik zakup\u00f3w Null Signal Games"}]}]}},"coauthors":[{"link":"https:\/\/nullsignal.games\/pl\/blog\/author\/spencer-dub\/","display_name":"Spencer Dub"}],"author_meta":{"author_link":"https:\/\/nullsignal.games\/pl\/blog\/author\/spencer-dub\/","display_name":"Spencer Dub"},"relative_dates":{"created":"Posted 3 lata ago","modified":"Updated 6 miesi\u0119cy ago"},"absolute_dates":{"created":"Posted on 19 stycznia, 2023","modified":"Updated on 11 listopada, 2025"},"absolute_dates_time":{"created":"Posted on 19 stycznia, 2023 11:15 pm","modified":"Updated on 11 listopada, 2025 5:26 pm"},"featured_img_caption":"","featured_img":false,"series_order":"","_links":{"self":[{"href":"https:\/\/nullsignal.games\/pl\/wp-json\/wp\/v2\/pages\/35906"}],"collection":[{"href":"https:\/\/nullsignal.games\/pl\/wp-json\/wp\/v2\/pages"}],"about":[{"href":"https:\/\/nullsignal.games\/pl\/wp-json\/wp\/v2\/types\/page"}],"author":[{"embeddable":true,"href":"https:\/\/nullsignal.games\/pl\/wp-json\/wp\/v2\/users\/43"}],"replies":[{"embeddable":true,"href":"https:\/\/nullsignal.games\/pl\/wp-json\/wp\/v2\/comments?post=35906"}],"version-history":[{"count":2,"href":"https:\/\/nullsignal.games\/pl\/wp-json\/wp\/v2\/pages\/35906\/revisions"}],"predecessor-version":[{"id":54982,"href":"https:\/\/nullsignal.games\/pl\/wp-json\/wp\/v2\/pages\/35906\/revisions\/54982"}],"up":[{"embeddable":true,"href":"https:\/\/nullsignal.games\/pl\/wp-json\/wp\/v2\/pages\/36059"}],"wp:attachment":[{"href":"https:\/\/nullsignal.games\/pl\/wp-json\/wp\/v2\/media?parent=35906"}],"curies":[{"name":"wp","href":"https:\/\/api.w.org\/{rel}","templated":true}]}}