{"id":19881,"date":"2021-07-01T08:16:11","date_gmt":"2021-07-01T08:16:11","guid":{"rendered":"https:\/\/nullsignal.games\/czym-jest-netrunner\/"},"modified":"2021-07-01T08:16:12","modified_gmt":"2021-07-01T08:16:12","slug":"czym-jest-netrunner","status":"publish","type":"page","link":"https:\/\/nullsignal.games\/pl\/czym-jest-netrunner\/","title":{"rendered":"Czym jest Netrunner?"},"content":{"rendered":"\n<p>Netrunner to asymetryczna gra karciana dla dw\u00f3ch os\u00f3b, rozgrywaj\u0105ca si\u0119 w dystopicznej przysz\u0142o\u015bci, w kt\u00f3rej cztery megakorporacje kontroluj\u0105 praktycznie wszystkie aspekty codziennego \u017cycia. Legendarni hakerzy zwani &#8222;runnerami&#8221; walcz\u0105 przeciwko wp\u0142ywowym korporacjom w\u0142amuj\u0105c si\u0119 na ich serwery i zapobiegaj\u0105c realizacji ich z\u0142owrogich projekt\u00f3w.<\/p>\n\n<figure class=\"wp-block-image alignwide size-large\"><img loading=\"lazy\" width=\"1000\" height=\"685\" src=\"https:\/\/nullsignal.games\/wp-content\/uploads\/2021\/03\/Runner-vs-Corp.png\" alt=\"Karta to&#x17C;samo&#x15B;ci Runnera i Korpo(racji)\" class=\"wp-image-9673\" srcset=\"https:\/\/nullsignal.games\/wp-content\/uploads\/2021\/03\/Runner-vs-Corp.png 1000w, https:\/\/nullsignal.games\/wp-content\/uploads\/2021\/03\/Runner-vs-Corp-300x206.png 300w, https:\/\/nullsignal.games\/wp-content\/uploads\/2021\/03\/Runner-vs-Corp-768x526.png 768w\" sizes=\"(max-width: 1000px) 100vw, 1000px\" \/><\/figure>\n\n<p>W Netrunnerze, jedna ze stron rozgrywki to <strong>Korpo<\/strong>, dysponuj\u0105ca mi\u0119dzy innymi korporacyjnymi aktywami i oprogramowaniem obronnym zwanym &#8222;lodem&#8221;. Te narz\u0119dzia, w po\u0142\u0105czeniu z elementem zaskoczenia, pozwalaj\u0105 Korpo tworzy\u0107, rozwija\u0107 i ko\u0144czy\u0107 tajne projekty. Po drugiej stronie sto\u0142u zasiada <strong>Runner<\/strong>, kt\u00f3rego celem jest infiltracja serwer\u00f3w Korpo i wykradni\u0119cie jej projekt\u00f3w. Aby osi\u0105gn\u0105\u0107 ten cel, b\u0119dzie korzysta\u0107 ze swoich zasob\u00f3w, a tak\u017ce specjalnego sprz\u0119tu i oprogramowania. Martwy Runner to oczywi\u015bcie zerowe zagro\u017cenie, wi\u0119c Korpo mo\u017ce pr\u00f3bowa\u0107 \u201ewyp\u0142aszczy\u0107\u201d przeciwnika, zadaj\u0105c mu obra\u017cenia. Runner mo\u017ce r\u00f3wnie\u017c wygra\u0107 powstrzymuj\u0105c Korpo wystarczaj\u0105co d\u0142ugo, by sko\u0144czy\u0142y jej si\u0119 mo\u017cliwo\u015bci dalszego dzia\u0142ania.<\/p>\n\n<p>Netrunner to gra stworzona z my\u015bl\u0105 o dostosowywaniu jej do osobistych preferencji graczy. Gracze mog\u0105 wybiera\u0107 spo\u015br\u00f3d tuzin\u00f3w to\u017csamo\u015bci Runner\u00f3w i Korpo. Ka\u017cda z nich oferuje wyj\u0105tkowe zdolno\u015bci, kt\u00f3re dodatkowo wspieraj\u0105 samodzielne tworzone talie. System \u201ewp\u0142ywu\u201d pozwala graczom na zapo\u017cyczenie kilku dodatkowych kart z innych fakcji. Pot\u0119\u017cniejsze lub bardziej charakterystyczne karty dla danej fakcji zazwyczaj wymagaj\u0105 wydania wi\u0119kszej ilo\u015bci tego cennego zasobu do tworzenia talii. Skrupulatny Kryminal mo\u017ce zastosowa\u0107 niszczycielskie narz\u0119dzia Anarcha, ale nie mo\u017ce mie\u0107 wszystkiego \u2014 konieczne jest ostro\u017cne wybranie takich, kt\u00f3re najlepiej pasuj\u0105 do og\u00f3lnej strategii talii!<\/p>\n\n<p>Czy Runner nie da si\u0119 zwie\u015b\u0107 fortelom Korpo i zwyci\u0119sko przeprowadzi sieciowe obl\u0119\u017cenie, czy te\u017c Korpo jeszcze bardziej wzmocni swoj\u0105 kontrol\u0119 nad \u015bwiatem? Odpowied\u017a na to pytanie znajdziesz graj\u0105c w Netrunnera.<\/p>\n\n<div class=\"wp-block-buttons is-content-justification-center\">\n<div class=\"wp-block-button\"><a class=\"wp-block-button__link\" href=\"https:\/\/nullsignal.games\/products\/system-gateway\/\">Zacznij od <em>Wej\u015bcia do Systemu<\/em><\/a><\/div>\n<\/div>\n","protected":false},"excerpt":{"rendered":"<p>Netrunner to asymetryczna gra karciana dla dw\u00f3ch os\u00f3b, rozgrywaj\u0105ca si\u0119 w dystopicznej przysz\u0142o\u015bci, w kt\u00f3rej cztery megakorporacje kontroluj\u0105 praktycznie wszystkie aspekty codziennego \u017cycia. Legendarni hakerzy zwani &#8222;runnerami&#8221; walcz\u0105 przeciwko wp\u0142ywowym [&hellip;]<\/p>\n","protected":false},"author":15,"featured_media":0,"parent":0,"menu_order":1,"comment_status":"closed","ping_status":"closed","template":"","meta":{"advgb_blocks_editor_width":"","advgb_blocks_columns_visual_guide":"","kt_blocks_editor_width":"","_links_to":"","_links_to_target":""},"pp_force_visibility":null,"pp_subpost_visibility":null,"pp_inherited_force_visibility":null,"pp_inherited_subpost_visibility":null,"yoast_head":"<!-- This site is optimized with the Yoast SEO plugin v17.7.1 - https:\/\/yoast.com\/wordpress\/plugins\/seo\/ -->\n<title>Czym jest Netrunner? - Null Signal Games<\/title>\n<meta name=\"robots\" content=\"index, follow, max-snippet:-1, max-image-preview:large, max-video-preview:-1\" \/>\n<link rel=\"canonical\" href=\"https:\/\/nisei.net\/pl\/czym-jest-netrunner\/\" \/>\n<meta property=\"og:locale\" content=\"pl_PL\" \/>\n<meta property=\"og:type\" content=\"article\" \/>\n<meta property=\"og:title\" content=\"Czym jest Netrunner? - Null Signal Games\" \/>\n<meta property=\"og:description\" content=\"Netrunner to asymetryczna gra karciana dla dw\u00f3ch os\u00f3b, rozgrywaj\u0105ca si\u0119 w dystopicznej przysz\u0142o\u015bci, w kt\u00f3rej cztery megakorporacje kontroluj\u0105 praktycznie wszystkie aspekty codziennego \u017cycia. Legendarni hakerzy zwani &#8222;runnerami&#8221; walcz\u0105 przeciwko wp\u0142ywowym [&hellip;]\" \/>\n<meta property=\"og:url\" content=\"https:\/\/nisei.net\/pl\/czym-jest-netrunner\/\" \/>\n<meta property=\"og:site_name\" content=\"Null Signal Games\" \/>\n<meta property=\"article:publisher\" content=\"https:\/\/www.facebook.com\/NetrunnerNISEI\" \/>\n<meta property=\"article:modified_time\" content=\"2021-07-01T08:16:12+00:00\" \/>\n<meta property=\"og:image\" content=\"https:\/\/nisei.net\/wp-content\/uploads\/2021\/03\/Runner-vs-Corp.png\" \/>\n<meta name=\"twitter:card\" content=\"summary_large_image\" \/>\n<meta name=\"twitter:site\" content=\"@ProjectNISEI\" \/>\n<meta name=\"twitter:label1\" content=\"Szacowany czas czytania\" \/>\n\t<meta name=\"twitter:data1\" content=\"2 minuty\" \/>\n<script type=\"application\/ld+json\" class=\"yoast-schema-graph\">{\"@context\":\"https:\/\/schema.org\",\"@graph\":[{\"@type\":\"Organization\",\"@id\":\"https:\/\/nisei.net\/#organization\",\"name\":\"NISEI\",\"url\":\"https:\/\/nisei.net\/\",\"sameAs\":[\"https:\/\/www.facebook.com\/NetrunnerNISEI\",\"https:\/\/www.youtube.com\/channel\/UC4j5b7f95JGN4RHvXS_7z1Q\",\"https:\/\/twitter.com\/ProjectNISEI\"],\"logo\":{\"@type\":\"ImageObject\",\"@id\":\"https:\/\/nisei.net\/#logo\",\"inLanguage\":\"pl-PL\",\"url\":\"https:\/\/nullsignal.games\/wp-content\/uploads\/2020\/08\/cropped-logo_black.png\",\"contentUrl\":\"https:\/\/nullsignal.games\/wp-content\/uploads\/2020\/08\/cropped-logo_black.png\",\"width\":512,\"height\":512,\"caption\":\"NISEI\"},\"image\":{\"@id\":\"https:\/\/nisei.net\/#logo\"}},{\"@type\":\"WebSite\",\"@id\":\"https:\/\/nisei.net\/#website\",\"url\":\"https:\/\/nisei.net\/\",\"name\":\"NISEI\",\"description\":\"The Future of Netrunner\",\"publisher\":{\"@id\":\"https:\/\/nisei.net\/#organization\"},\"potentialAction\":[{\"@type\":\"SearchAction\",\"target\":{\"@type\":\"EntryPoint\",\"urlTemplate\":\"https:\/\/nisei.net\/?s={search_term_string}\"},\"query-input\":\"required name=search_term_string\"}],\"inLanguage\":\"pl-PL\"},{\"@type\":\"ImageObject\",\"@id\":\"https:\/\/nisei.net\/pl\/czym-jest-netrunner\/#primaryimage\",\"inLanguage\":\"pl-PL\",\"url\":\"https:\/\/nullsignal.games\/wp-content\/uploads\/2021\/03\/Runner-vs-Corp.png\",\"contentUrl\":\"https:\/\/nullsignal.games\/wp-content\/uploads\/2021\/03\/Runner-vs-Corp.png\",\"width\":1000,\"height\":685},{\"@type\":\"WebPage\",\"@id\":\"https:\/\/nisei.net\/pl\/czym-jest-netrunner\/#webpage\",\"url\":\"https:\/\/nisei.net\/pl\/czym-jest-netrunner\/\",\"name\":\"Czym jest Netrunner? - Null Signal Games\",\"isPartOf\":{\"@id\":\"https:\/\/nisei.net\/#website\"},\"primaryImageOfPage\":{\"@id\":\"https:\/\/nisei.net\/pl\/czym-jest-netrunner\/#primaryimage\"},\"datePublished\":\"2021-07-01T08:16:11+00:00\",\"dateModified\":\"2021-07-01T08:16:12+00:00\",\"breadcrumb\":{\"@id\":\"https:\/\/nisei.net\/pl\/czym-jest-netrunner\/#breadcrumb\"},\"inLanguage\":\"pl-PL\",\"potentialAction\":[{\"@type\":\"ReadAction\",\"target\":[\"https:\/\/nisei.net\/pl\/czym-jest-netrunner\/\"]}]},{\"@type\":\"BreadcrumbList\",\"@id\":\"https:\/\/nisei.net\/pl\/czym-jest-netrunner\/#breadcrumb\",\"itemListElement\":[{\"@type\":\"ListItem\",\"position\":1,\"name\":\"Home\",\"item\":\"https:\/\/nullsignal.games\/pl\/\"},{\"@type\":\"ListItem\",\"position\":2,\"name\":\"Czym jest Netrunner?\"}]}]}<\/script>\n<!-- \/ Yoast SEO plugin. -->","yoast_head_json":{"title":"Czym jest Netrunner? - Null Signal Games","robots":{"index":"index","follow":"follow","max-snippet":"max-snippet:-1","max-image-preview":"max-image-preview:large","max-video-preview":"max-video-preview:-1"},"canonical":"https:\/\/nisei.net\/pl\/czym-jest-netrunner\/","og_locale":"pl_PL","og_type":"article","og_title":"Czym jest Netrunner? - Null Signal Games","og_description":"Netrunner to asymetryczna gra karciana dla dw\u00f3ch os\u00f3b, rozgrywaj\u0105ca si\u0119 w dystopicznej przysz\u0142o\u015bci, w kt\u00f3rej cztery megakorporacje kontroluj\u0105 praktycznie wszystkie aspekty codziennego \u017cycia. Legendarni hakerzy zwani &#8222;runnerami&#8221; walcz\u0105 przeciwko wp\u0142ywowym [&hellip;]","og_url":"https:\/\/nisei.net\/pl\/czym-jest-netrunner\/","og_site_name":"Null Signal Games","article_publisher":"https:\/\/www.facebook.com\/NetrunnerNISEI","article_modified_time":"2021-07-01T08:16:12+00:00","og_image":[{"url":"https:\/\/nisei.net\/wp-content\/uploads\/2021\/03\/Runner-vs-Corp.png"}],"twitter_card":"summary_large_image","twitter_site":"@ProjectNISEI","twitter_misc":{"Szacowany czas czytania":"2 minuty"},"schema":{"@context":"https:\/\/schema.org","@graph":[{"@type":"Organization","@id":"https:\/\/nisei.net\/#organization","name":"NISEI","url":"https:\/\/nisei.net\/","sameAs":["https:\/\/www.facebook.com\/NetrunnerNISEI","https:\/\/www.youtube.com\/channel\/UC4j5b7f95JGN4RHvXS_7z1Q","https:\/\/twitter.com\/ProjectNISEI"],"logo":{"@type":"ImageObject","@id":"https:\/\/nisei.net\/#logo","inLanguage":"pl-PL","url":"https:\/\/nullsignal.games\/wp-content\/uploads\/2020\/08\/cropped-logo_black.png","contentUrl":"https:\/\/nullsignal.games\/wp-content\/uploads\/2020\/08\/cropped-logo_black.png","width":512,"height":512,"caption":"NISEI"},"image":{"@id":"https:\/\/nisei.net\/#logo"}},{"@type":"WebSite","@id":"https:\/\/nisei.net\/#website","url":"https:\/\/nisei.net\/","name":"NISEI","description":"The Future of Netrunner","publisher":{"@id":"https:\/\/nisei.net\/#organization"},"potentialAction":[{"@type":"SearchAction","target":{"@type":"EntryPoint","urlTemplate":"https:\/\/nisei.net\/?s={search_term_string}"},"query-input":"required name=search_term_string"}],"inLanguage":"pl-PL"},{"@type":"ImageObject","@id":"https:\/\/nisei.net\/pl\/czym-jest-netrunner\/#primaryimage","inLanguage":"pl-PL","url":"https:\/\/nullsignal.games\/wp-content\/uploads\/2021\/03\/Runner-vs-Corp.png","contentUrl":"https:\/\/nullsignal.games\/wp-content\/uploads\/2021\/03\/Runner-vs-Corp.png","width":1000,"height":685},{"@type":"WebPage","@id":"https:\/\/nisei.net\/pl\/czym-jest-netrunner\/#webpage","url":"https:\/\/nisei.net\/pl\/czym-jest-netrunner\/","name":"Czym jest Netrunner? - Null Signal Games","isPartOf":{"@id":"https:\/\/nisei.net\/#website"},"primaryImageOfPage":{"@id":"https:\/\/nisei.net\/pl\/czym-jest-netrunner\/#primaryimage"},"datePublished":"2021-07-01T08:16:11+00:00","dateModified":"2021-07-01T08:16:12+00:00","breadcrumb":{"@id":"https:\/\/nisei.net\/pl\/czym-jest-netrunner\/#breadcrumb"},"inLanguage":"pl-PL","potentialAction":[{"@type":"ReadAction","target":["https:\/\/nisei.net\/pl\/czym-jest-netrunner\/"]}]},{"@type":"BreadcrumbList","@id":"https:\/\/nisei.net\/pl\/czym-jest-netrunner\/#breadcrumb","itemListElement":[{"@type":"ListItem","position":1,"name":"Home","item":"https:\/\/nullsignal.games\/pl\/"},{"@type":"ListItem","position":2,"name":"Czym jest Netrunner?"}]}]}},"coauthors":[{"link":"https:\/\/nullsignal.games\/pl\/blog\/author\/absotively\/","display_name":"Absotively"}],"author_meta":{"author_link":"https:\/\/nullsignal.games\/pl\/blog\/author\/absotively\/","display_name":"Absotively"},"relative_dates":{"created":"Posted 5 lat ago","modified":"Updated 5 lat ago"},"absolute_dates":{"created":"Posted on 1 lipca, 2021","modified":"Updated on 1 lipca, 2021"},"absolute_dates_time":{"created":"Posted on 1 lipca, 2021 8:16 am","modified":"Updated on 1 lipca, 2021 8:16 am"},"featured_img_caption":"","featured_img":false,"series_order":"","_links":{"self":[{"href":"https:\/\/nullsignal.games\/pl\/wp-json\/wp\/v2\/pages\/19881"}],"collection":[{"href":"https:\/\/nullsignal.games\/pl\/wp-json\/wp\/v2\/pages"}],"about":[{"href":"https:\/\/nullsignal.games\/pl\/wp-json\/wp\/v2\/types\/page"}],"author":[{"embeddable":true,"href":"https:\/\/nullsignal.games\/pl\/wp-json\/wp\/v2\/users\/15"}],"replies":[{"embeddable":true,"href":"https:\/\/nullsignal.games\/pl\/wp-json\/wp\/v2\/comments?post=19881"}],"version-history":[{"count":1,"href":"https:\/\/nullsignal.games\/pl\/wp-json\/wp\/v2\/pages\/19881\/revisions"}],"predecessor-version":[{"id":19882,"href":"https:\/\/nullsignal.games\/pl\/wp-json\/wp\/v2\/pages\/19881\/revisions\/19882"}],"wp:attachment":[{"href":"https:\/\/nullsignal.games\/pl\/wp-json\/wp\/v2\/media?parent=19881"}],"curies":[{"name":"wp","href":"https:\/\/api.w.org\/{rel}","templated":true}]}}