{"id":36043,"date":"2023-01-29T22:01:15","date_gmt":"2023-01-29T22:01:15","guid":{"rendered":"https:\/\/nullsignal.games\/risorse-visive-null-signal-games\/"},"modified":"2023-01-29T22:01:25","modified_gmt":"2023-01-29T22:01:25","slug":"risorse-visive-null-signal-games","status":"publish","type":"page","link":"https:\/\/nullsignal.games\/it\/risorse-visive-null-signal-games\/","title":{"rendered":"Risorse Visive Null Signal Games"},"content":{"rendered":"\n<h2>Linee guida e Termini e Condizioni<\/h2>\n\n<p>Abbiamo il piacere di rilasciare le risorse visive racchiuse in questo pacco affinch\u00e9 vengano utilizzate da chiunque per i propri progetti, sotto la <a href=\"https:\/\/creativecommons.org\/licenses\/by-nd\/4.0\/\">Creative Commons Attribution-NoDerivatives 4.0 International License (CC BY-ND 4.0)<\/a>. Speriamo che facendo cos\u00ec, Null Signal Games possa promuovere lo spirito di creativit\u00e0 che ha sempre contraddistinto questa Community di gioco, come aumentare la visibilit\u00e0 pubblica di Netrunner e di Null Signal Games stessa come associazione.<\/p>\n\n<p>Guarda le linee guida qui di seguito per informazioni su come usare le risorse visive di questo pacco. Queste sono linee guida generali, e non comprendono l&#8217;intera lista delle obbligazioni e diritti legali da tenere in considerazione durante l&#8217;uso di tali risorse. Guarda in fondo a questa pagina per una lista dettagliata dei termini e condizioni sotto la quale queste risorse sono licenziate, per un link all intero testo della licenza CC BY-ND 4.0, per un link al Codice di Condotta di Null Signal Games, e un link ad un file zip contenente le risorse in formato SVG.<\/p>\n\n<figure class=\"wp-block-image alignwide size-large\"><img loading=\"lazy\" width=\"1024\" height=\"576\" src=\"https:\/\/nullsignal.games\/wp-content\/uploads\/2021\/04\/Asset-Release-1024x576.jpg\" alt=\"Illustrazione di Risorsa Rilascio: diverse icone NISEI, incandescendi, che schizzano via dal cyberspazio verso l'osservatore.\" class=\"wp-image-19689\" srcset=\"https:\/\/nullsignal.games\/wp-content\/uploads\/2021\/04\/Asset-Release-1024x576.jpg 1024w, https:\/\/nullsignal.games\/wp-content\/uploads\/2021\/04\/Asset-Release-300x169.jpg 300w, https:\/\/nullsignal.games\/wp-content\/uploads\/2021\/04\/Asset-Release-768x432.jpg 768w, https:\/\/nullsignal.games\/wp-content\/uploads\/2021\/04\/Asset-Release.jpg 1280w\" sizes=\"(max-width: 1024px) 100vw, 1024px\" \/><\/figure>\n\n<h2><strong>Linee guida generali per utilizzare queste risorse<\/strong><\/h2>\n\n<h4>1. Si prega di non mescolare le nostre risorse grafiche con qualsiasi risorsa FFG.<\/h4>\n\n<p>Qui alla Null Signal Games abbiamo effettuato un lungo lavoro di ridisegno delle risorse grafiche e delle illustrazioni del gioco per differenziare appositamente le nostre carte da quelle ufficiali Fantasy Flight Games (FFG) <em>Android: Netrunner <\/em>carte pubblicate tra il 2012\u20132018. Questo \u00e8 dovuto a motivi legali, oltre che per rispetto degli ideatori e proprietari delle risorse originali. Se utilizzi le nostre risorse grafiche in combinazione alle risorse originali FFG sulle tue carte, potresti far credere a nuovi acquirenti, coinvolgendo anche Null Signal Games, che tali carte siano in realt\u00e0 carte pubblicate dalla FFG. Questo potrebbe far incorrere Null Signal Games in problemi legali. In particolare, ricorda quanto segue:<\/p>\n\n<ul><li>Non utilizzare risorse grafiche FFG in combinazione al nostro gioco o ai simboli fazione<\/li><li>Non utilizzare il retro carta FFG in combinazione al nostro gioco o ai simboli fazione<\/li><li>Non utilizzare il retro carta Null Signal Games in combinazione alle risorse grafiche FFG, al gioco o ai simboli fazione (esempio, utilizzando il fronte delle carte Null Signal Games sul retro carte FFG o viceversa)<\/li><\/ul>\n\n<h4>2. Si prega di utilizzare un modello di retro carta di tua propriet\u00e0<\/h4>\n\n<p>In aggiunta a quanto sopra, si prega di creare i propri modelli di carte e dorsi di carte. Non utilizzare i modelli Null Signal Games o i retro carta per i tuoi design alternativi delle carte.<\/p>\n\n<p>Questo \u00e8 in gran parte per evitare di confondere i giocatori che potrebbero non conoscere bene la totalit\u00e0 delle carte e potrebbero essere confusi nel dover distinguere tra carte ufficiali Null Signal Games e carte personalizzate progettate da giocatori creativi per il gioco casuale all&#8217;interno dei propri gruppi di gioco.<\/p>\n\n<p>Se non riesci a realizzare un modello personalizzato o un retro carta, queste sono risorse della Community che puoi utilizzare. Per esempio, <a href=\"https:\/\/www.reddit.com\/r\/Netrunner\/comments\/beu869\/announcing_system_backup_proxy_backs\/\">questi retro carta<\/a> sono realizzati da un membro della Community e rese disponibili all&#8217;uso gratuitamente, sotto la licenza CC BY-NC 4.0.<\/p>\n\n<h4>3. Ricorda di rispettare le linee guida EDI.<\/h4>\n\n<p>Ci aspettiamo che tutti i giocatori rispettino il <a href=\"https:\/\/nullsignal.games\/about\/code-of-conduct\/\">Codice di Condotta Null Signal Games<\/a> quando si impegnano con la Community in qualsiasi modo, e questo include la creazione di carte alternative e altri media. Questo \u00e8 particolarmente rilevante per l&#8217;arte \u201dcheesecake&#8221; e asessualizzata che \u00e8 stata un problema in alcune comunit\u00e0 di gioco. Null Signal Games \u00e8 un&#8217;associazione inclusiva e non desideriamo che le nostre risorse vengano utilizzate in carte con illustrazioni alternative o supporti che non siano conformi agli standard del nostro Codice di Condotta.<\/p>\n\n<h4>4. Rispetta sempre le propriet\u00e0 intellettuali di terze parti.<\/h4>\n\n<p>Si prega di rispettare la propriet\u00e0 intellettuale di terzi quando si realizzano carte e supporti con illustrazioni alternative. Per esempio, non realizzare carte personalizzate che presentino personaggi che assomiglino a carte con personaggio protetto da Copyright.<\/p>\n\n<h4>5. Non utilizzare il logo Null Signal Games nelle tue carte.<\/h4>\n\n<p>Si prega di non utilizzare il logo Null Signal Games sulle tue carte con illustrazione personalizzata. Il logo Null Signal Games \u00e8 il marchio che rappresenta le carte ufficiali Null Signal Games utilizzate nei formati di gioco Null Signal Games. Ancora una volta, questo aiuta i nuovi giocatori a comprendere la collezione di carte disponibili.<\/p>\n\n<h4>6. Non riscrivere mai le note legali.<\/h4>\n\n<p>Le note legali di Null Signal Games sono state formulate in modi molto specifici per proteggerci come associazione. Si prega di non rimuoverle o riscriverle.<\/p>\n\n<h4>7. Si prega di non utilizzare sponsors che potrebbero danneggiare Null Signal Games (segui le linee guida EDI).<\/h4>\n\n<p>Si prega di praticare la sponsorizzazione sicura. Le nostre linee guida per l&#8217;uguaglianza e la diversit\u00e0 e il nostro Codice di Condotta dovrebbero applicarsi a qualsiasi sponsor con cui lavori mentre realizzi contenuti adiacenti a Netrunner o Null Signal Games.<\/p>\n\n<h4>8. Fai sapere alle persone da dove provengono le risorse.<\/h4>\n\n<p>Cita Null Signal Games per le risorse che utilizzi. Questo non deve necessariamente essere effettuato sull&#8217;oggetto o sul supporto reale se non ragionevolmente fattibile, ma pu\u00f2 essere, ad esempio, effettuato nelle note di un video di YouTube o nel tuo negozio online.<\/p>\n\n<h4>9. Segui la legge nella tua giurisdizione.<\/h4>\n\n<p>Qualsiasi media che realizzi \u00e8 di tua propriet\u00e0, quindi \u00e8 compito e tua responsabilit\u00e0 assicurarti che le tue realizzazioni non violino le leggi del tuo paese o regione. Dove queste leggi possono essere in conflitto con le linee guida Null Signal Games, si prega di seguire invece la legge della propria giurisdizione per sicurezza e correttezza.<\/p>\n\n<h4>10. Non portarci in una disputa legale.<\/h4>\n\n<p>Le tue realizzazioni sono di tua esclusiva responsabilit\u00e0 legale. Si prega di non coinvolgere Null Signal Games in qualsiasi disputa legale in cui saresti coinvolto.<\/p>\n\n<p>In breve questo \u00e8 tutto, ma ti preghiamo di rivedere pi\u00f9 approfonditamente i Termini e le Condizioni, cos\u00ec come la licenza CC BY-ND 4.0 per assicurarti di comprendere appieno i tuoi diritti e obblighi legali durante l&#8217;utilizzo di queste risorse!<\/p>\n\n<figure class=\"wp-block-image alignwide size-large\"><img loading=\"lazy\" width=\"1024\" height=\"576\" src=\"https:\/\/nullsignal.games\/wp-content\/uploads\/2021\/03\/Mutual-Favor-1024x576.png\" alt=\"Illustrazione di favore reciproco: un corriere consegna un pacco luminescente a un lavoratore.\" class=\"wp-image-17037\" srcset=\"https:\/\/nullsignal.games\/wp-content\/uploads\/2021\/03\/Mutual-Favor-1024x576.png 1024w, https:\/\/nullsignal.games\/wp-content\/uploads\/2021\/03\/Mutual-Favor-300x169.png 300w, https:\/\/nullsignal.games\/wp-content\/uploads\/2021\/03\/Mutual-Favor-768x432.png 768w, https:\/\/nullsignal.games\/wp-content\/uploads\/2021\/03\/Mutual-Favor.png 1280w\" sizes=\"(max-width: 1024px) 100vw, 1024px\" \/><\/figure>\n\n<h2>Termini e Condizioni<\/h2>\n\n<p>Al fine di garantire che tali risorse siano utilizzate in un modo che non ritragga Null Signal Games, il nostro gioco o la sua comunit\u00e0 in cattiva luce, oltre per proteggere Null Signal Games da qualsiasi responsabilit\u00e0 legale, l&#8217;uso di tali risorse \u00e8 soggetto ai seguenti termini e condizioni:<\/p>\n\n<p>1. Le risorse visive in questa pagina sono rilasciate sotto la <a href=\"https:\/\/creativecommons.org\/licenses\/by-nd\/4.0\/\">Creative Commons Attribution-NoDerivatives 4.0 International license<\/a> (CC BY-ND 4.0). Questo significa che sei libero di scaricare e usarle in qualsiasi media e formato (carte con illustrazione alternativa, artwork, t-shirts, eccetera), e sei libero di distribuire il tuo lavoro e addirittura farci profitto vendendolo. I tuoi diritti e obbligazioni sotto tale licenza sono riassunti sotto, ma si raccomanda di leggere l&#8217;<a href=\"https:\/\/creativecommons.org\/licenses\/by-nd\/4.0\/legalcode\">intero testo della licenza<\/a>. Ci sono una serie di guide dettagliate per i licenziatari scritti in linguaggio non legalistico sul sito web Creative Commons, e se avete domande che tali guide non risolvono, vi invitiamo a contattare Null Signal Games.<\/p>\n\n<p><strong>1. a. <\/strong>\u00c8 necessario fornire l&#8217;attribuzione a Null Signal Games e il collegamento alla licenza (se possibile), ma senza che questo suggerisca che Null Signal Games approvi te o il tuo utilizzo dei nostri beni. Ad esempio, una carta con illustrazione alternativa potrebbe includere &#8220;Simboli di gioco da Null Signal Games CC BY-ND 4.0&#8221;. Non \u00e8 necessario includere tale attribuzione se non vi \u00e8 ragionevolmente possibilit\u00e0 di farlo. Ad esempio, un video in cui hai utilizzato le nostre risorse pu\u00f2 includere l&#8217;attribuzione alla fine del video stesso o pu\u00f2 includerlo nella descrizione del video su YouTube. Una t-shirt o un set di token di gioco potrebbe includerlo nella pagina relativa sul sito Web su cui lo stai mettendo in vendita, piuttosto che sull&#8217;oggetto stesso. Devi anche indicare se vi sono state effettuate modifiche (vedi sotto in merito al lavoro derivato) Ulteriori istruzioni sull&#8217;attribuzione puoi trovarla <a href=\"https:\/\/wiki.creativecommons.org\/wiki\/Best_practices_for_attribution\">qui, nel wiki di Creative Commons<\/a>.<\/p>\n\n<p><strong>1. b.<\/strong> Non puoi distribuire lavori derivati (remix) da queste risorse. Cosa costituisce un lavoro derivato \u00e8 in realt\u00e0 un filo sottile. Una leggera modifica (come cambiare colore ad un simbolo fazione) non costituisce un lavoro derivato. Utilizzare i nostri glifi e simboli su carte con grafica alternativa non costituisce un lavoro derivato. Modificare questi simboli in modo pi\u00f9 sostanziale, per creare un nuovo simbolo basato sull&#8217;originale, costituisce un&#8217;opera derivata e non \u00e8 consentito distribuirla. \u00c8 comunque raccomandato contattare Null Signal Games in caso di dubbi.<\/p>\n\n<p><strong>2. <\/strong>L&#8217;utilizzo di queste risorse \u00e8 inoltre legato al tuo consenso nel rispettare le linee guida indicate all&#8217;interno del <a href=\"http:\/\/nullsignal.games\/about\/code-of-conduct\">Codice di Condotta Null Signal Games<\/a>. In particolare, ma in forma esclusiva, noi non desideriamo che le nostre risorse vengano utilizzate in combinazione con:<\/p>\n\n<ul><li>Immagini o linguaggio sessualizzato;<\/li><li>Incitamento all&#8217;odio, o immagini associate a gruppi con tale fine;<\/li><li>Linguaggio dispregiativo o insulti rivolti a qualsiasi gruppo o individuo;<\/li><li>Linguaggio o immagini che offendono una particolare scelta di carte\/stile di gioco\/strategia;<\/li><li>Qualsiasi delle gi\u00e0 elencate sopra ma rappresentate come &#8220;ironiche&#8221; o &#8220;giocose&#8221;.<\/li><\/ul>\n\n<p>Si prega di guardare in cima a questo documento per linee guida pi\u00f9 dettagliate su come utilizzare queste risorse.<\/p>\n\n<p>L&#8217;uso di quanto sopra in combinazione con risorse di Null Signal Games risulter\u00e0 nella richiesta di rimozione da parte di Null Signal Games dell&#8217;attribuzione, come specificato nella Sezione 3 (a) (3) della licenza CC BY-ND 4.0.<\/p>\n\n<p><strong>3.<\/strong> Infine, accetti di non utilizzare queste risorse in modo che possano violare il copyright e\/o marchi registrati di terze parti, che sia queste delle persone, corporazioni, o altre entit\u00e0. Questo significa che devi possedere il diritto d&#8217;uso delle altre risorse in combinazione alle nostre risorse. Non riuscendo a soddisfare tale obbligazione, si proceder\u00e0 con una richiesta di rimozione attribuzione da parte di Null Signal Games, come specificato nella Sezione 3 (a) (3) della licenza CC BY-ND 4.0.<\/p>\n\n<p><strong>4.<\/strong> Si prega di notare che la licenza fa riferimento solo alle risorse incluse in questo pacco, e non include altre risorse grafiche di Null Signal Games (come gli artwork, l&#8217;incorniciatura delle carte o il loro retro). L&#8217;illustrazione delle carte, l&#8217;incorniciatura e il retro delle carte non sono disponibili per l&#8217;uso da parte del pubblico e il loro utilizzo costituisce una violazione dei diritti di propriet\u00e0 intellettuale di Null Signal Games e di quelli degli artisti commissionati da Null Signal Games. L&#8217;utilizzo delle illustrazioni carta di Null Signal Games, delle incorniciature, o dei retro carta in combinazione con le nostre risorse grafiche registrate \u00e8 una violazione di questi termini e condizioni come dettagliato nella Parte 3 di cui sopra.<\/p>\n\n<div class=\"wp-block-buttons is-content-justification-center\">\n<div class=\"wp-block-button\"><a class=\"wp-block-button__link\" href=\"https:\/\/nullsignal.games\/wp-content\/uploads\/2022\/09\/NSG-Visual-Assets.zip\">Scarica le Risorse Visive Netrunner di Null Signal<\/a><\/div>\n<\/div>\n\n<figure class=\"wp-block-image alignwide size-large\"><img loading=\"lazy\" width=\"1024\" height=\"567\" src=\"https:\/\/nullsignal.games\/wp-content\/uploads\/2021\/03\/Offworld-Office16-9-1200-1024x567.png\" alt=\"Illustrazione dell Ufficio Extraterrestre: Due persone si affacciano sul paesaggio urbano lunare, guardando una scultura olografica tra di loro.\" class=\"wp-image-18350\" srcset=\"https:\/\/nullsignal.games\/wp-content\/uploads\/2021\/03\/Offworld-Office16-9-1200-1024x567.png 1024w, https:\/\/nullsignal.games\/wp-content\/uploads\/2021\/03\/Offworld-Office16-9-1200-300x166.png 300w, https:\/\/nullsignal.games\/wp-content\/uploads\/2021\/03\/Offworld-Office16-9-1200-768x426.png 768w, https:\/\/nullsignal.games\/wp-content\/uploads\/2021\/03\/Offworld-Office16-9-1200.png 1200w\" sizes=\"(max-width: 1024px) 100vw, 1024px\" \/><\/figure>\n\n<p><\/p>\n","protected":false},"excerpt":{"rendered":"<p>Linee guida e Termini e Condizioni Abbiamo il piacere di rilasciare le risorse visive racchiuse in questo pacco affinch\u00e9 vengano utilizzate da chiunque per i propri progetti, sotto la Creative [&hellip;]<\/p>\n","protected":false},"author":43,"featured_media":19689,"parent":0,"menu_order":5,"comment_status":"closed","ping_status":"closed","template":"","meta":{"advgb_blocks_editor_width":"","advgb_blocks_columns_visual_guide":"","kt_blocks_editor_width":"","_links_to":"","_links_to_target":""},"pp_force_visibility":null,"pp_subpost_visibility":null,"pp_inherited_force_visibility":null,"pp_inherited_subpost_visibility":null,"yoast_head":"<!-- This site is optimized with the Yoast SEO plugin v17.7.1 - https:\/\/yoast.com\/wordpress\/plugins\/seo\/ -->\n<title>Risorse Visive Null Signal Games - Null Signal Games<\/title>\n<meta name=\"description\" content=\"Vuoi utilizzare le icone e i glifi Null Signal Games in un tuo prodotto Netrunner? Sei fortunato! Controlla le nostre linee guida e i Termini e Condizioni all&#039;uso.\" \/>\n<meta name=\"robots\" content=\"index, follow, max-snippet:-1, max-image-preview:large, max-video-preview:-1\" \/>\n<link rel=\"canonical\" href=\"https:\/\/nullsignal.games\/it\/risorse-visive-null-signal-games\/\" \/>\n<meta property=\"og:locale\" content=\"it_IT\" \/>\n<meta property=\"og:type\" content=\"article\" \/>\n<meta property=\"og:title\" content=\"Risorse Visive Null Signal Games - Null Signal Games\" \/>\n<meta property=\"og:description\" content=\"Vuoi utilizzare le icone e i glifi Null Signal Games in un tuo prodotto Netrunner? Sei fortunato! Controlla le nostre linee guida e i Termini e Condizioni all&#039;uso.\" \/>\n<meta property=\"og:url\" content=\"https:\/\/nullsignal.games\/it\/risorse-visive-null-signal-games\/\" \/>\n<meta property=\"og:site_name\" content=\"Null Signal Games\" \/>\n<meta property=\"article:publisher\" content=\"https:\/\/www.facebook.com\/NetrunnerNISEI\" \/>\n<meta property=\"article:modified_time\" content=\"2023-01-29T22:01:25+00:00\" \/>\n<meta property=\"og:image\" content=\"https:\/\/nullsignal.games\/wp-content\/uploads\/2021\/04\/Asset-Release.jpg\" \/>\n\t<meta property=\"og:image:width\" content=\"1280\" \/>\n\t<meta property=\"og:image:height\" content=\"720\" \/>\n<meta name=\"twitter:card\" content=\"summary_large_image\" \/>\n<meta name=\"twitter:site\" content=\"@ProjectNISEI\" \/>\n<meta name=\"twitter:label1\" content=\"Tempo di lettura stimato\" \/>\n\t<meta name=\"twitter:data1\" content=\"8 minuti\" \/>\n<script type=\"application\/ld+json\" class=\"yoast-schema-graph\">{\"@context\":\"https:\/\/schema.org\",\"@graph\":[{\"@type\":\"Organization\",\"@id\":\"https:\/\/nisei.net\/#organization\",\"name\":\"NISEI\",\"url\":\"https:\/\/nisei.net\/\",\"sameAs\":[\"https:\/\/www.facebook.com\/NetrunnerNISEI\",\"https:\/\/www.youtube.com\/channel\/UC4j5b7f95JGN4RHvXS_7z1Q\",\"https:\/\/twitter.com\/ProjectNISEI\"],\"logo\":{\"@type\":\"ImageObject\",\"@id\":\"https:\/\/nisei.net\/#logo\",\"inLanguage\":\"it-IT\",\"url\":\"https:\/\/nullsignal.games\/wp-content\/uploads\/2020\/08\/cropped-logo_black.png\",\"contentUrl\":\"https:\/\/nullsignal.games\/wp-content\/uploads\/2020\/08\/cropped-logo_black.png\",\"width\":512,\"height\":512,\"caption\":\"NISEI\"},\"image\":{\"@id\":\"https:\/\/nisei.net\/#logo\"}},{\"@type\":\"WebSite\",\"@id\":\"https:\/\/nisei.net\/#website\",\"url\":\"https:\/\/nisei.net\/\",\"name\":\"NISEI\",\"description\":\"The Future of Netrunner\",\"publisher\":{\"@id\":\"https:\/\/nisei.net\/#organization\"},\"potentialAction\":[{\"@type\":\"SearchAction\",\"target\":{\"@type\":\"EntryPoint\",\"urlTemplate\":\"https:\/\/nisei.net\/?s={search_term_string}\"},\"query-input\":\"required name=search_term_string\"}],\"inLanguage\":\"it-IT\"},{\"@type\":\"ImageObject\",\"@id\":\"https:\/\/nullsignal.games\/it\/risorse-visive-null-signal-games\/#primaryimage\",\"inLanguage\":\"it-IT\",\"url\":\"https:\/\/nullsignal.games\/wp-content\/uploads\/2021\/04\/Asset-Release.jpg\",\"contentUrl\":\"https:\/\/nullsignal.games\/wp-content\/uploads\/2021\/04\/Asset-Release.jpg\",\"width\":1280,\"height\":720,\"caption\":\"Banner Rilascio Risorse\"},{\"@type\":\"WebPage\",\"@id\":\"https:\/\/nullsignal.games\/it\/risorse-visive-null-signal-games\/#webpage\",\"url\":\"https:\/\/nullsignal.games\/it\/risorse-visive-null-signal-games\/\",\"name\":\"Risorse Visive Null Signal Games - Null Signal Games\",\"isPartOf\":{\"@id\":\"https:\/\/nisei.net\/#website\"},\"primaryImageOfPage\":{\"@id\":\"https:\/\/nullsignal.games\/it\/risorse-visive-null-signal-games\/#primaryimage\"},\"datePublished\":\"2023-01-29T22:01:15+00:00\",\"dateModified\":\"2023-01-29T22:01:25+00:00\",\"description\":\"Vuoi utilizzare le icone e i glifi Null Signal Games in un tuo prodotto Netrunner? Sei fortunato! Controlla le nostre linee guida e i Termini e Condizioni all'uso.\",\"breadcrumb\":{\"@id\":\"https:\/\/nullsignal.games\/it\/risorse-visive-null-signal-games\/#breadcrumb\"},\"inLanguage\":\"it-IT\",\"potentialAction\":[{\"@type\":\"ReadAction\",\"target\":[\"https:\/\/nullsignal.games\/it\/risorse-visive-null-signal-games\/\"]}]},{\"@type\":\"BreadcrumbList\",\"@id\":\"https:\/\/nullsignal.games\/it\/risorse-visive-null-signal-games\/#breadcrumb\",\"itemListElement\":[{\"@type\":\"ListItem\",\"position\":1,\"name\":\"Home\",\"item\":\"https:\/\/nullsignal.games\/it\/\"},{\"@type\":\"ListItem\",\"position\":2,\"name\":\"Risorse Visive Null Signal Games\"}]}]}<\/script>\n<!-- \/ Yoast SEO plugin. -->","yoast_head_json":{"title":"Risorse Visive Null Signal Games - Null Signal Games","description":"Vuoi utilizzare le icone e i glifi Null Signal Games in un tuo prodotto Netrunner? Sei fortunato! Controlla le nostre linee guida e i Termini e Condizioni all'uso.","robots":{"index":"index","follow":"follow","max-snippet":"max-snippet:-1","max-image-preview":"max-image-preview:large","max-video-preview":"max-video-preview:-1"},"canonical":"https:\/\/nullsignal.games\/it\/risorse-visive-null-signal-games\/","og_locale":"it_IT","og_type":"article","og_title":"Risorse Visive Null Signal Games - Null Signal Games","og_description":"Vuoi utilizzare le icone e i glifi Null Signal Games in un tuo prodotto Netrunner? Sei fortunato! Controlla le nostre linee guida e i Termini e Condizioni all'uso.","og_url":"https:\/\/nullsignal.games\/it\/risorse-visive-null-signal-games\/","og_site_name":"Null Signal Games","article_publisher":"https:\/\/www.facebook.com\/NetrunnerNISEI","article_modified_time":"2023-01-29T22:01:25+00:00","og_image":[{"width":1280,"height":720,"url":"https:\/\/nullsignal.games\/wp-content\/uploads\/2021\/04\/Asset-Release.jpg","type":"image\/jpeg"}],"twitter_card":"summary_large_image","twitter_site":"@ProjectNISEI","twitter_misc":{"Tempo di lettura stimato":"8 minuti"},"schema":{"@context":"https:\/\/schema.org","@graph":[{"@type":"Organization","@id":"https:\/\/nisei.net\/#organization","name":"NISEI","url":"https:\/\/nisei.net\/","sameAs":["https:\/\/www.facebook.com\/NetrunnerNISEI","https:\/\/www.youtube.com\/channel\/UC4j5b7f95JGN4RHvXS_7z1Q","https:\/\/twitter.com\/ProjectNISEI"],"logo":{"@type":"ImageObject","@id":"https:\/\/nisei.net\/#logo","inLanguage":"it-IT","url":"https:\/\/nullsignal.games\/wp-content\/uploads\/2020\/08\/cropped-logo_black.png","contentUrl":"https:\/\/nullsignal.games\/wp-content\/uploads\/2020\/08\/cropped-logo_black.png","width":512,"height":512,"caption":"NISEI"},"image":{"@id":"https:\/\/nisei.net\/#logo"}},{"@type":"WebSite","@id":"https:\/\/nisei.net\/#website","url":"https:\/\/nisei.net\/","name":"NISEI","description":"The Future of Netrunner","publisher":{"@id":"https:\/\/nisei.net\/#organization"},"potentialAction":[{"@type":"SearchAction","target":{"@type":"EntryPoint","urlTemplate":"https:\/\/nisei.net\/?s={search_term_string}"},"query-input":"required name=search_term_string"}],"inLanguage":"it-IT"},{"@type":"ImageObject","@id":"https:\/\/nullsignal.games\/it\/risorse-visive-null-signal-games\/#primaryimage","inLanguage":"it-IT","url":"https:\/\/nullsignal.games\/wp-content\/uploads\/2021\/04\/Asset-Release.jpg","contentUrl":"https:\/\/nullsignal.games\/wp-content\/uploads\/2021\/04\/Asset-Release.jpg","width":1280,"height":720,"caption":"Banner Rilascio Risorse"},{"@type":"WebPage","@id":"https:\/\/nullsignal.games\/it\/risorse-visive-null-signal-games\/#webpage","url":"https:\/\/nullsignal.games\/it\/risorse-visive-null-signal-games\/","name":"Risorse Visive Null Signal Games - Null Signal Games","isPartOf":{"@id":"https:\/\/nisei.net\/#website"},"primaryImageOfPage":{"@id":"https:\/\/nullsignal.games\/it\/risorse-visive-null-signal-games\/#primaryimage"},"datePublished":"2023-01-29T22:01:15+00:00","dateModified":"2023-01-29T22:01:25+00:00","description":"Vuoi utilizzare le icone e i glifi Null Signal Games in un tuo prodotto Netrunner? Sei fortunato! Controlla le nostre linee guida e i Termini e Condizioni all'uso.","breadcrumb":{"@id":"https:\/\/nullsignal.games\/it\/risorse-visive-null-signal-games\/#breadcrumb"},"inLanguage":"it-IT","potentialAction":[{"@type":"ReadAction","target":["https:\/\/nullsignal.games\/it\/risorse-visive-null-signal-games\/"]}]},{"@type":"BreadcrumbList","@id":"https:\/\/nullsignal.games\/it\/risorse-visive-null-signal-games\/#breadcrumb","itemListElement":[{"@type":"ListItem","position":1,"name":"Home","item":"https:\/\/nullsignal.games\/it\/"},{"@type":"ListItem","position":2,"name":"Risorse Visive Null Signal Games"}]}]}},"coauthors":[{"link":"https:\/\/nullsignal.games\/it\/blog\/author\/spencer-dub\/","display_name":"Spencer Dub"}],"author_meta":{"author_link":"https:\/\/nullsignal.games\/it\/blog\/author\/spencer-dub\/","display_name":"Spencer Dub"},"relative_dates":{"created":"Pubblicato 3 anni fa","modified":"Aggiornato 3 anni fa"},"absolute_dates":{"created":"Pubblicato il Gennaio 29, 2023","modified":"Aggiornato il Gennaio 29, 2023"},"absolute_dates_time":{"created":"Pubblicato il Gennaio 29, 2023 10:01 pm","modified":"Aggiornato il Gennaio 29, 2023 10:01 pm"},"featured_img_caption":"","featured_img":"https:\/\/nullsignal.games\/wp-content\/uploads\/2021\/04\/Asset-Release.jpg","series_order":"","_links":{"self":[{"href":"https:\/\/nullsignal.games\/it\/wp-json\/wp\/v2\/pages\/36043"}],"collection":[{"href":"https:\/\/nullsignal.games\/it\/wp-json\/wp\/v2\/pages"}],"about":[{"href":"https:\/\/nullsignal.games\/it\/wp-json\/wp\/v2\/types\/page"}],"author":[{"embeddable":true,"href":"https:\/\/nullsignal.games\/it\/wp-json\/wp\/v2\/users\/43"}],"replies":[{"embeddable":true,"href":"https:\/\/nullsignal.games\/it\/wp-json\/wp\/v2\/comments?post=36043"}],"version-history":[{"count":1,"href":"https:\/\/nullsignal.games\/it\/wp-json\/wp\/v2\/pages\/36043\/revisions"}],"predecessor-version":[{"id":36044,"href":"https:\/\/nullsignal.games\/it\/wp-json\/wp\/v2\/pages\/36043\/revisions\/36044"}],"wp:featuredmedia":[{"embeddable":true,"href":"https:\/\/nullsignal.games\/it\/wp-json\/wp\/v2\/media\/19689"}],"wp:attachment":[{"href":"https:\/\/nullsignal.games\/it\/wp-json\/wp\/v2\/media?parent=36043"}],"curies":[{"name":"wp","href":"https:\/\/api.w.org\/{rel}","templated":true}]}}