{"id":36041,"date":"2023-01-29T22:01:13","date_gmt":"2023-01-29T22:01:13","guid":{"rendered":"https:\/\/nullsignal.games\/cose-null-signal-games\/"},"modified":"2023-01-29T22:01:25","modified_gmt":"2023-01-29T22:01:25","slug":"cose-null-signal-games","status":"publish","type":"page","link":"https:\/\/nullsignal.games\/it\/cose-null-signal-games\/","title":{"rendered":"Cos&#8217;\u00e8 Null Signal Games?"},"content":{"rendered":"\n<p>Null Signal Games \u00e8 un editore di giochi che opera come un&#8217;associazione no profit legalmente registrata. Il nostro attuale ed unico prodotto \u00e8 il gioco espandibile Netrunner, del quale abbiamo esteso il supporto dopo che era terminato dal precedente editore, la Fantasy Flight Games. <\/p>\n\n<p>Facciamo principalmente questo creando set innovativi di carte Netrunner. Questi sono completamente interoperabili con le carte <em>Android: Netrunner<\/em> delI&#8217;era FFG.<\/p>\n\n<p>I nostri prodotti includono <a href=\"https:\/\/nullsignal.games\/it\/prodotti\/system-gateway\/\"><em>System Gateway<\/em><\/a>, un pacchetto introduttivo  valido come esperienza autoesplicativa, e i primi due cicli, <em>Ciclo Ceneri,<\/em> che consiste in <a href=\"https:\/\/nullsignal.games\/it\/prodotti\/downfall-it\/\"><em>Caduta<\/em><\/a> e <a href=\"https:\/\/nullsignal.games\/it\/prodotti\/uprising-it\/\"><em>Insurrezione<\/em><\/a>, e il <em>Ciclo Boreale<\/em>, che consiste in <a href=\"https:\/\/nullsignal.games\/it\/prodotti\/sole-di-mezzanotte\/\"><em>Sole di Mezzanotte<\/em><\/a> e la prossima uscita <em>Parelio<\/em>. Le nostre carte sono tradotte in molteplici lingue, e sono disponibili all&#8217;acquisto attraverso servizi di stampa on demand come attraverso un crescente numero di rivenditori. Noi riteniamo che Netrunner debba essere accessibile a tutti, forniamo quindi PDF stampa-e-gioca delle nostre carte disponibili al download gratuitamente oppure con una donazione libera. Carte proxy stampate in casa sono pienamente accolte e valide in tutti gli eventi di gioco organizzati da Null Signal Games. <\/p>\n\n<p>Oltre a rilasciare nuovi set, curiamo anche la lista di carte esistenti, sia ruotando i precedenti set con i nuovi appena rilasciati, sia gestendo attivamente il meta competitivo attraverso liste di ban e restrizioni. Il nostro team che si occupa di bilanciare il gioco supporta tre formati competitivi: Startup, che contiene esclusivamente prodotti Null Signal, Standard, che ha una lista di carte maggiori includendo anche gli ultimi set della FFG, ed infine Eternal, che contiene tutto <em>Android: Netrunner <\/em> e tutti i rilasci Null Signal Games. <\/p>\n\n<p>Null Signal Games gestisce anche partite Netrunner organizzate. Noi otteniamo questo creando dei kit premio sia per serate di gioco occasionali che gestendo stagioni competitive Netrunner, partendo dal torneo locale chiamato Circuit Opener avanzando poi al National, poi al Continental e infine ai World Championships. I tornei di categoria inferiore sono organizzati da enti locali, ossia coloro che gestiscono il montepremi, gli strumenti di gestione del torneo e altre risorse, mentre Continental e i World Championships sono gestiti dal nostro team dedicato &#8220;Organized Play&#8221;.<\/p>\n\n<p>Infine, il nostro team dedicato al regolamento gestisce i crescenti set di regole e documenti che rendono il gioco possibile, come inoltre formattare i testi delle nuove carte per garantire chiarezza e mancanza di conflitti.<\/p>\n\n<p>Lo staff Null Signal Games \u00e8 composto da volontari non stipendiati. Le nostre carte sono progettate e disegnate dal nostro team di sviluppo, attraverso un rigoroso processo che coinvolge dozzine di tester volontari della community Netrunner. Le illustrazioni carta e tutti gli elementi visivi sono realizzati dal nostro team Grafico o commissionati ad artisti di professione a prezzo di mercato. Tutti i nostri volontari provengono dalla grandissima Community Netrunner, e sono motivati pi\u00f9 dal desiderio di mantenere vivo il gioco e dall&#8217;idea di portare pi\u00f9 nuovi giocatori possibile, che dal profitto. Null Signal Games \u00e8 un&#8217;associazione no profit legalmente registrata, e reinveste tutti gli introiti nella realizzazione di futuri set Netrunner, oltre che supportare eventi di gioco organizzati. Se sei interessato ad entrare nell&#8217;organico Null Signal Games, ti preghiamo di controllare la <a href=\"https:\/\/nullsignal.games\/about\/what-is-null-signal\/join\/\">lista di posizioni ancora aperte<\/a>. Puoi donare per supportare il nostro lavoro attraverso <a href=\"https:\/\/www.paypal.com\/paypalme\/niseiproject\">PayPal<\/a>, oppure unirti al nostro <a href=\"https:\/\/www.patreon.com\/m\/NullSignalGames\">Patreon<\/a>.<\/p>\n\n<h2>Il Team<\/h2>\n\n<p>Qui sotto troverai la lista degli attuali team Leadership e team Esecutivo di Null Signal Games Vieni a trovarci su <a href=\"https:\/\/stimhack.slack.com\/\">stimhack.slack.com<\/a> nel canale #NullSignal e #future, su Twitter con <a href=\"https:\/\/twitter.com\/NullSignalGames\">@NullSignalGames<\/a>, e su Facebook come <a href=\"https:\/\/www.facebook.com\/NullSignalGames\/\">NullSignalGames<\/a>. Puoi contattare il nostro team dedicato al regolamento su Twitter a <a href=\"https:\/\/twitter.com\/NISEI_Rules\">@Netrunner_Rules<\/a>.<\/p>\n\n<p>Molti dei nostri dipartimenti hanno indirizzi email dedicati, ma se non hai idea di quale usare nello specifico, utilizza il nostro indirizzo email &#8220;reception&#8221;: <strong>info@nullsignal.games<\/strong>.<\/p>\n\n<h3>L&#8217;Esecutivo<\/h3>\n\n<ul><li>icecoldjazz (he\/him) <em>\u2014<\/em> Presidente <em>\u2014<\/em> president@nullsignal.games<\/li><li>SwearyPrincess (she\/her) <em>\u2014<\/em> VP dell Engagement<em> \u2014 <\/em>serenity@nullsignal.games<\/li><li>KevinTame (he\/him) <em>\u2014<\/em> VP del Prodotto<em> \u2014<\/em> kevin@nullsignal.games<\/li><\/ul>\n\n<h3>Team Leadership<\/h3>\n\n<ul><li>Spencer Dub (he\/they) <em>\u2014<\/em> Community<em> \u2014<\/em> community@nullsignal.games<\/li><li>June Cuervo (they\/she) <em>\u2014<\/em> Design<em> \u2014<\/em> design@nullsignal.games<\/li><li>divadus (he\/him) <em>\u2014<\/em> Sviluppo \u2014 development@nullsignal.games<\/li><li>Laury Plant (he\/him)<em> \u2014 <\/em>EDI<em> \u2014<\/em> edi@nullsignal.games<\/li><li>DanB (he\/him) <em>\u2014<\/em> Marketing<em> \u2014<\/em> marketing@nullsignal.games<\/li><li>Anzekay (they\/them) <em>\u2014<\/em> Narrativa<em> \u2014<\/em> narrative@nullsignal.games<\/li><li>Orbital Tangent (he\/him) <em>\u2014<\/em> Eventi di gioco Organizzati<em> \u2014<\/em> op@nullsignal.games<\/li><li>anarchomushroom (they\/them)<em> \u2014<\/em> Produzione \u2014 production@nullsignal.games<\/li><li>neuropantser (he\/him) <em>\u2014<\/em> Reclutamento<em> \u2014<\/em> recruitment@nullsignal.games<\/li><li>Jamie Perconti (they\/them) <em>\u2014<\/em> Regolamento<em> \u2014<\/em> rules@nullsignal.games<\/li><li>lostgeek (he\/him) <em>\u2014<\/em> Team Bilanciamento Standard<\/li><li>MrBuggles (he\/him) <em>\u2014<\/em> Traduzione<em> \u2014<\/em> translation@nullsignal.games<\/li><li>Conrad &#8220;Banknote&#8221; (he\/him) <em>\u2014<\/em> Immagine<em> \u2014<\/em> art@nullsignal.games<\/li><li>Haway (he\/him) <em>\u2014<\/em> Sviluppo Web<em> \u2014<\/em> website@nullsignal.games<\/li><\/ul>\n\n<p><\/p>\n","protected":false},"excerpt":{"rendered":"<p>Null Signal Games \u00e8 un editore di giochi che opera come un&#8217;associazione no profit legalmente registrata. Il nostro attuale ed unico prodotto \u00e8 il gioco espandibile Netrunner, del quale abbiamo [&hellip;]<\/p>\n","protected":false},"author":15,"featured_media":0,"parent":0,"menu_order":2,"comment_status":"closed","ping_status":"closed","template":"","meta":{"advgb_blocks_editor_width":"","advgb_blocks_columns_visual_guide":"","kt_blocks_editor_width":"","_links_to":"","_links_to_target":""},"pp_force_visibility":null,"pp_subpost_visibility":null,"pp_inherited_force_visibility":null,"pp_inherited_subpost_visibility":null,"yoast_head":"<!-- This site is optimized with the Yoast SEO plugin v17.7.1 - https:\/\/yoast.com\/wordpress\/plugins\/seo\/ -->\n<title>Cos&#039;\u00e8 Null Signal Games? - Null Signal Games<\/title>\n<meta name=\"robots\" content=\"index, follow, max-snippet:-1, max-image-preview:large, max-video-preview:-1\" \/>\n<link rel=\"canonical\" href=\"https:\/\/nullsignal.games\/it\/cose-null-signal-games\/\" \/>\n<meta property=\"og:locale\" content=\"it_IT\" \/>\n<meta property=\"og:type\" content=\"article\" \/>\n<meta property=\"og:title\" content=\"Cos&#039;\u00e8 Null Signal Games? - Null Signal Games\" \/>\n<meta property=\"og:description\" content=\"Null Signal Games \u00e8 un editore di giochi che opera come un&#8217;associazione no profit legalmente registrata. Il nostro attuale ed unico prodotto \u00e8 il gioco espandibile Netrunner, del quale abbiamo [&hellip;]\" \/>\n<meta property=\"og:url\" content=\"https:\/\/nullsignal.games\/it\/cose-null-signal-games\/\" \/>\n<meta property=\"og:site_name\" content=\"Null Signal Games\" \/>\n<meta property=\"article:publisher\" content=\"https:\/\/www.facebook.com\/NetrunnerNISEI\" \/>\n<meta property=\"article:modified_time\" content=\"2023-01-29T22:01:25+00:00\" \/>\n<meta name=\"twitter:card\" content=\"summary_large_image\" \/>\n<meta name=\"twitter:site\" content=\"@ProjectNISEI\" \/>\n<meta name=\"twitter:label1\" content=\"Tempo di lettura stimato\" \/>\n\t<meta name=\"twitter:data1\" content=\"4 minuti\" \/>\n<script type=\"application\/ld+json\" class=\"yoast-schema-graph\">{\"@context\":\"https:\/\/schema.org\",\"@graph\":[{\"@type\":\"Organization\",\"@id\":\"https:\/\/nisei.net\/#organization\",\"name\":\"NISEI\",\"url\":\"https:\/\/nisei.net\/\",\"sameAs\":[\"https:\/\/www.facebook.com\/NetrunnerNISEI\",\"https:\/\/www.youtube.com\/channel\/UC4j5b7f95JGN4RHvXS_7z1Q\",\"https:\/\/twitter.com\/ProjectNISEI\"],\"logo\":{\"@type\":\"ImageObject\",\"@id\":\"https:\/\/nisei.net\/#logo\",\"inLanguage\":\"it-IT\",\"url\":\"https:\/\/nullsignal.games\/wp-content\/uploads\/2020\/08\/cropped-logo_black.png\",\"contentUrl\":\"https:\/\/nullsignal.games\/wp-content\/uploads\/2020\/08\/cropped-logo_black.png\",\"width\":512,\"height\":512,\"caption\":\"NISEI\"},\"image\":{\"@id\":\"https:\/\/nisei.net\/#logo\"}},{\"@type\":\"WebSite\",\"@id\":\"https:\/\/nisei.net\/#website\",\"url\":\"https:\/\/nisei.net\/\",\"name\":\"NISEI\",\"description\":\"The Future of Netrunner\",\"publisher\":{\"@id\":\"https:\/\/nisei.net\/#organization\"},\"potentialAction\":[{\"@type\":\"SearchAction\",\"target\":{\"@type\":\"EntryPoint\",\"urlTemplate\":\"https:\/\/nisei.net\/?s={search_term_string}\"},\"query-input\":\"required name=search_term_string\"}],\"inLanguage\":\"it-IT\"},{\"@type\":\"WebPage\",\"@id\":\"https:\/\/nullsignal.games\/it\/cose-null-signal-games\/#webpage\",\"url\":\"https:\/\/nullsignal.games\/it\/cose-null-signal-games\/\",\"name\":\"Cos'\\u00e8 Null Signal Games? - Null Signal Games\",\"isPartOf\":{\"@id\":\"https:\/\/nisei.net\/#website\"},\"datePublished\":\"2023-01-29T22:01:13+00:00\",\"dateModified\":\"2023-01-29T22:01:25+00:00\",\"breadcrumb\":{\"@id\":\"https:\/\/nullsignal.games\/it\/cose-null-signal-games\/#breadcrumb\"},\"inLanguage\":\"it-IT\",\"potentialAction\":[{\"@type\":\"ReadAction\",\"target\":[\"https:\/\/nullsignal.games\/it\/cose-null-signal-games\/\"]}]},{\"@type\":\"BreadcrumbList\",\"@id\":\"https:\/\/nullsignal.games\/it\/cose-null-signal-games\/#breadcrumb\",\"itemListElement\":[{\"@type\":\"ListItem\",\"position\":1,\"name\":\"Home\",\"item\":\"https:\/\/nullsignal.games\/it\/\"},{\"@type\":\"ListItem\",\"position\":2,\"name\":\"Cos&#8217;\\u00e8 Null Signal Games?\"}]}]}<\/script>\n<!-- \/ Yoast SEO plugin. -->","yoast_head_json":{"title":"Cos'\u00e8 Null Signal Games? - Null Signal Games","robots":{"index":"index","follow":"follow","max-snippet":"max-snippet:-1","max-image-preview":"max-image-preview:large","max-video-preview":"max-video-preview:-1"},"canonical":"https:\/\/nullsignal.games\/it\/cose-null-signal-games\/","og_locale":"it_IT","og_type":"article","og_title":"Cos'\u00e8 Null Signal Games? - Null Signal Games","og_description":"Null Signal Games \u00e8 un editore di giochi che opera come un&#8217;associazione no profit legalmente registrata. Il nostro attuale ed unico prodotto \u00e8 il gioco espandibile Netrunner, del quale abbiamo [&hellip;]","og_url":"https:\/\/nullsignal.games\/it\/cose-null-signal-games\/","og_site_name":"Null Signal Games","article_publisher":"https:\/\/www.facebook.com\/NetrunnerNISEI","article_modified_time":"2023-01-29T22:01:25+00:00","twitter_card":"summary_large_image","twitter_site":"@ProjectNISEI","twitter_misc":{"Tempo di lettura stimato":"4 minuti"},"schema":{"@context":"https:\/\/schema.org","@graph":[{"@type":"Organization","@id":"https:\/\/nisei.net\/#organization","name":"NISEI","url":"https:\/\/nisei.net\/","sameAs":["https:\/\/www.facebook.com\/NetrunnerNISEI","https:\/\/www.youtube.com\/channel\/UC4j5b7f95JGN4RHvXS_7z1Q","https:\/\/twitter.com\/ProjectNISEI"],"logo":{"@type":"ImageObject","@id":"https:\/\/nisei.net\/#logo","inLanguage":"it-IT","url":"https:\/\/nullsignal.games\/wp-content\/uploads\/2020\/08\/cropped-logo_black.png","contentUrl":"https:\/\/nullsignal.games\/wp-content\/uploads\/2020\/08\/cropped-logo_black.png","width":512,"height":512,"caption":"NISEI"},"image":{"@id":"https:\/\/nisei.net\/#logo"}},{"@type":"WebSite","@id":"https:\/\/nisei.net\/#website","url":"https:\/\/nisei.net\/","name":"NISEI","description":"The Future of Netrunner","publisher":{"@id":"https:\/\/nisei.net\/#organization"},"potentialAction":[{"@type":"SearchAction","target":{"@type":"EntryPoint","urlTemplate":"https:\/\/nisei.net\/?s={search_term_string}"},"query-input":"required name=search_term_string"}],"inLanguage":"it-IT"},{"@type":"WebPage","@id":"https:\/\/nullsignal.games\/it\/cose-null-signal-games\/#webpage","url":"https:\/\/nullsignal.games\/it\/cose-null-signal-games\/","name":"Cos'\u00e8 Null Signal Games? - Null Signal Games","isPartOf":{"@id":"https:\/\/nisei.net\/#website"},"datePublished":"2023-01-29T22:01:13+00:00","dateModified":"2023-01-29T22:01:25+00:00","breadcrumb":{"@id":"https:\/\/nullsignal.games\/it\/cose-null-signal-games\/#breadcrumb"},"inLanguage":"it-IT","potentialAction":[{"@type":"ReadAction","target":["https:\/\/nullsignal.games\/it\/cose-null-signal-games\/"]}]},{"@type":"BreadcrumbList","@id":"https:\/\/nullsignal.games\/it\/cose-null-signal-games\/#breadcrumb","itemListElement":[{"@type":"ListItem","position":1,"name":"Home","item":"https:\/\/nullsignal.games\/it\/"},{"@type":"ListItem","position":2,"name":"Cos&#8217;\u00e8 Null Signal Games?"}]}]}},"coauthors":[{"link":"https:\/\/nullsignal.games\/it\/blog\/author\/absotively\/","display_name":"Absotively"}],"author_meta":{"author_link":"https:\/\/nullsignal.games\/it\/blog\/author\/absotively\/","display_name":"Absotively"},"relative_dates":{"created":"Pubblicato 3 anni fa","modified":"Aggiornato 3 anni fa"},"absolute_dates":{"created":"Pubblicato il Gennaio 29, 2023","modified":"Aggiornato il Gennaio 29, 2023"},"absolute_dates_time":{"created":"Pubblicato il Gennaio 29, 2023 10:01 pm","modified":"Aggiornato il Gennaio 29, 2023 10:01 pm"},"featured_img_caption":"","featured_img":false,"series_order":"","_links":{"self":[{"href":"https:\/\/nullsignal.games\/it\/wp-json\/wp\/v2\/pages\/36041"}],"collection":[{"href":"https:\/\/nullsignal.games\/it\/wp-json\/wp\/v2\/pages"}],"about":[{"href":"https:\/\/nullsignal.games\/it\/wp-json\/wp\/v2\/types\/page"}],"author":[{"embeddable":true,"href":"https:\/\/nullsignal.games\/it\/wp-json\/wp\/v2\/users\/15"}],"replies":[{"embeddable":true,"href":"https:\/\/nullsignal.games\/it\/wp-json\/wp\/v2\/comments?post=36041"}],"version-history":[{"count":1,"href":"https:\/\/nullsignal.games\/it\/wp-json\/wp\/v2\/pages\/36041\/revisions"}],"predecessor-version":[{"id":36042,"href":"https:\/\/nullsignal.games\/it\/wp-json\/wp\/v2\/pages\/36041\/revisions\/36042"}],"wp:attachment":[{"href":"https:\/\/nullsignal.games\/it\/wp-json\/wp\/v2\/media?parent=36041"}],"curies":[{"name":"wp","href":"https:\/\/api.w.org\/{rel}","templated":true}]}}