{"id":35904,"date":"2023-01-19T23:15:44","date_gmt":"2023-01-19T23:15:44","guid":{"rendered":"https:\/\/nullsignal.games\/guida-allacquisto-null-signal\/"},"modified":"2025-11-11T17:26:29","modified_gmt":"2025-11-11T17:26:29","slug":"guida-allacquisto-null-signal","status":"publish","type":"page","link":"https:\/\/nullsignal.games\/it\/giocatori\/guida-allacquisto-null-signal\/","title":{"rendered":"Guida all&#8217;acquisto Null Signal"},"content":{"rendered":"\n<p>You can buy Null Signal cards from both our print-on-demand partners, <a href=\"https:\/\/www.makeplayingcards.com\/sell\/nullsignalgames\">MakePlayingCards<\/a> and <a href=\"https:\/\/www.drivethrucards.com\/browse\/pub\/14445\/Null-Signal-Games\">DriveThruCards<\/a>, with two different card stocks available from MakePlayingCards. Each option provides different benefits in terms of card quality and shipping cost. As of December, 2022, you can also buy our cards from <a href=\"http:\/\/shop.nullsignal.games\">our own online store<\/a>. This is currently available only in the United States and Australia, with more countries to be added gradually, and we are currently only stocking <em>Midnight Sun <\/em>and <em>Parhelion<\/em>, but more sets will be added very soon. <\/p>\n\n\n\n<p>In aggiunta, siamo al lavoro con varie tipografie a livello internazionale per rifornire il magazzino dei nostri rivenditori autorizzati, in modo da garantire costi di spedizione pi\u00f9 abbordabili per le Community locali. Alcuni di questi rivenditori sono negozi di giochi, altri sono membri della Community che spediscono le carte dalle loro abitazioni. In ogni caso, questi sono membri selezionati e fidati di lunga data: se questi vengono listati qui sotto, puoi acquistare da loro tranquillamente. Le giacenze di magazzino di cui dispongono dipendono dalla tipografia che fornisce loro il materiale, tuttavia noi lavoriamo con ogni tipografia al fine di garantire che la qualit\u00e0 rispetti i nostri standard, puoi quindi aspettarti che la qualit\u00e0 delle carte sia tale almeno quanto quella Standard di MakePlayingCards, se non migliore.<\/p>\n\n\n\n<p>Infine, le nostre carte sono disponibili nel formato PDF con la formula &#8220;Paga ci\u00f2 che vuoi&#8221; per permetterti la stampa con la tua stampante. Le carte stampate in questo modo <em>sono<\/em> legali per tutti i tornei ed eventi Netrunner, se tagliate correttamente e protette da bustine opache con &#8220;retro&#8221;.<\/p>\n\n\n\n<p>Sotto vi \u00e8 una comparazione delle nostre differenti opzioni di stampa, cos\u00ec come alcune cose che abbiamo notato quando abbiamo effettuato degli ordini di prova! I prezzi sono esenti i costi di spedizione. Tutte le immagini sottostanti sono basate sulla release di <em>Insurrezione<\/em> di Dicembre 2019, un set contiene 3&#215;65 carte per un totale di 195. Il prezzo esatto pu\u00f2 variare da prodotto a prodotto.<\/p>\n\n\n\n\n\n<h2>Negozio Null Signal Games<\/h2>\n\n\n\n<ul><li>Costa $45\/set, include spedizione gratuita<\/li><li>Initially only shipping to addresses within the United States<\/li><li>Initially only <em>Parhelion <\/em>will be available, with more sets to be added very soon<\/li><li>Il miglior modo per supportare Null Signal Games in quanto a donazioni<\/li><li>Molto simile alla qualit\u00e0 carte di FFG, arriva all&#8217;interno di un contenitore<\/li><li>Guarda <a href=\"https:\/\/nullsignal.games\/blog\/towards-a-new-distribution-model-parhelion-direct-sales\/\">qui<\/a> per i dettagli completi<\/li><\/ul>\n\n\n\n<div class=\"wp-block-buttons alignwide is-content-justification-center\">\n<div class=\"wp-block-button\"><a class=\"wp-block-button__link\" href=\"shop.nullsignal.games\">Visita il negozio di Null Signal Games<\/a><\/div>\n<\/div>\n\n\n\n<h2>DriveThruCards<\/h2>\n\n\n\n<ul><li>Costa circa $45\/set<\/li><li>Molto simile alla qualit\u00e0 delle carte di FFG<\/li><li>Carte solo in lingua inglese<\/li><li><span style=\"color: initial;\">Spedizione veloce disponibile<\/span><\/li><li>La spedizione al di fuori degli Stati Uniti \u00e8 <em>molto<\/em> costosa<\/li><\/ul>\n\n\n\n<div class=\"wp-block-buttons is-content-justification-center\">\n<div class=\"wp-block-button\"><a class=\"wp-block-button__link\" href=\"https:\/\/www.drivethrucards.com\/browse\/pub\/14445\/NISEI\">Visita il nostro store DriveThruCards<\/a><\/div>\n<\/div>\n\n\n\n<h2>MakePlayingCards: Qualit\u00e0 Standard <\/h2>\n\n\n\n<ul><li>Costo iniziale per set di $50<\/li><li>Spedisce in tutto il mondo<\/li><li>Disponibile in tutte le lingue che noi supportiamo<\/li><li>Spedizione veloce disponibile<\/li><li>Sconto disponibile se si ordinano quantit\u00e0 maggiori &#8211; il costo unitario \u00e8 inferiore per ordini da sei o pi\u00f9 set, ed \u00e8 <em>molto<\/em> inferiore per ordini da 30 o pi\u00f9 set<\/li><li>Le carte risultano <em>leggermente<\/em> pi\u00f9 sottili di quelle FFG, tuttavia impercettibile se imbustate<\/li><li>Gli angoli sono pi\u00f9 arrotondati rispetto alle carte FFG<\/li><li>Codici sconto disponibili (&#8220;thankyou5c&#8221; per $5 di sconto su un ordine minimo di $35 o pi\u00f9, &#8220;15dpurchase&#8221; per $15 di sconto su un ordine minimo di $500 o pi\u00f9)<\/li><\/ul>\n\n\n\n<div class=\"wp-block-buttons is-content-justification-center\">\n<div class=\"wp-block-button\"><a class=\"wp-block-button__link\" href=\"https:\/\/www.makeplayingcards.com\/sell\/nullsignalgames\">Visita il nostro negozio MakePlayingCards<\/a><\/div>\n<\/div>\n\n\n\n<h2>MakePlayingCards: Qualit\u00e0 Premium<\/h2>\n\n\n\n<ul><li>Costo iniziale per set di $60<\/li><li>Spedisce in tutto il mondo<\/li><li>Disponibile in tutte le lingue che noi supportiamo<\/li><li>Spedizione veloce disponibile<\/li><li>Sconto disponibile se si ordinano quantit\u00e0 maggiori, il costo unitario \u00e8 inferiore per ordini da sei o pi\u00f9 set, ed \u00e8 <em>molto<\/em> inferiore per ordini da 30 o pi\u00f9 set<\/li><li>Le carte risultano <em>leggermente<\/em> pi\u00f9 spesse di quelle FFG, tuttavia, di nuovo, quasi impercettibile se imbustate (al tatto molto simile a carte fan-made con illustrazioni alternative)<\/li><li>Gli angoli sono pi\u00f9 arrotondati rispetto alle carte FFG<\/li><li>Codici sconto disponibili (&#8220;thankyou5c&#8221; per $5 di sconto su un ordine minimo di $35 o pi\u00f9, &#8220;15dpurchase&#8221; per $15 di sconto su un ordine minimo di $500 o pi\u00f9)<\/li><\/ul>\n\n\n\n<div class=\"wp-block-buttons is-content-justification-center\">\n<div class=\"wp-block-button\"><a class=\"wp-block-button__link\" href=\"https:\/\/www.makeplayingcards.com\/sell\/nullsignalgames\">Visita il nostro negozio MakePlayingCards<\/a><\/div>\n<\/div>\n\n\n\n<h2>Rivenditori Autorizzati<\/h2>\n\n\n\n<ul><li>For cheaper shipping in the UK and most of Europe, visit <a href=\"https:\/\/netrunnercards.co.uk\/\"><strong>netrunnercards.co.uk<\/strong><\/a><\/li><li>For cheaper shipping in Germany and most of Europe, visit <a href=\"https:\/\/shop.spielespatz.de\/Null-Signal-Games\"><strong>spielspatz.de<\/strong><\/a><\/li><li>For cheaper shipping in Sweden and parts of northern Europe visit <a href=\"https:\/\/www.alltpaettkort.com\/produktetikett\/nisei\/\"><strong>alltpaettkort.com<\/strong><\/a><\/li><li>For cheaper shipping in Australia and certain Asia-Pacific countries, visit <a href=\"http:\/\/netrunnercards.com.au\/\"><strong>netrunnercards.com.au<\/strong><\/a> (note: this storefront will be gradually moving all of its products to the <a href=\"https:\/\/shop.nullsignal.games\/\">Null Signal Games storefront<\/a>)<\/li><li>For Europe-wide bulk orders of each new set organized by the Spanish community, visit <strong><a href=\"https:\/\/www.tipia.es\/product-page\/parhelion\">tipia.es<\/a> <\/strong>(bulk orders normally only have an ordering window of a few days following the release of each new set, and are not available year-round or for our older products).  <\/li><li>Other trusted community members also organize bulk buys for their local players. Get in touch with your local community to learn whether a bulk-buy is being organized whenever a new product&#8217;s release is imminent, or ask in online Netrunner communities such as <a href=\"http:\/\/discord.gg\/glc\"><strong>Green Level Clearance<\/strong><\/a> (navigate to the &#8220;Group Buys&#8221; section under &#8220;Utilities&#8221;), <a href=\"https:\/\/www.facebook.com\/groups\/netrunnerdorks\"><strong>Facebook<\/strong><\/a>, <a href=\"https:\/\/www.reddit.com\/r\/Netrunner\/\"><strong>Reddit<\/strong><\/a>, and the <a href=\"https:\/\/join.slack.com\/t\/stimhack\/shared_invite\/zt-1jyfyobxv-6e_iIVMcejGS9CQX5q2rWA\"><strong>Stimhack Slack<\/strong><\/a>. The order window for these is usually active in the first few days following the release of a new set, but some are happy to accept orders for older sets as well, and a few (such as Reddit user Myldside) order excess stock and might have cards available at other times. <\/li><li>La qualit\u00e0 delle carte e l&#8217;imballaggio pu\u00f2 dipendere da quale tipografia queste provengono, ma la qualit\u00e0 minima \u00e8 equivalente alla Qualit\u00e0 Standard di MakePlayingCards.<\/li><li>In alcuni casi, i rivenditori possono fornire prodotti Null Signal Games addizionali (come Game Night Kits), o prodotti non NSG come carte alternative realizzate dalla Community o segnalini dedicati all&#8217;uso per Netrunner.<\/li><li>Si prega di notare che, a differenza dei partner con stampa &#8220;on demand&#8221;, le giacenze nei magazzini dei rivenditori autorizzati possono esaurirsi e in tal caso \u00e8 necessario attendere la nuova fornitura degli stessi. Si prega di controllare la disponibilit\u00e0 dichiarata in vetrina prima di procedere all&#8217;acquisto.<\/li><li>Poich\u00e9 alcuni dei rivenditori sono incentrati sul servire comunit\u00e0 locali nelle proprie zone, si prega di verificare la descrizione del prodotto per garantire che il prodotto sia nella lingua scelta in fase di ordine, ed eventualmente contattare il fornitore se descrizione dovesse risultare poco chiara.<\/li><\/ul>\n\n\n\n<h2>PDF Stampa-e-gioca<\/h2>\n\n\n\n<ul><li>Paga ci\u00f2 che vuoi (incluso gratis!)<\/li><li>Scaricabile direttamente da <a href=\"http:\/\/nullsignal.games\">nullsignal.games<\/a><\/li><li>Disponibile in tutte le lingue che noi supportiamo<\/li><li>9 carte per pagina, 22 pagine (per la versione 3\u00d7) e 8 pagine (per la versione 1\u00d7)<\/li><li>Angoli squadrati, senza sbavatura<\/li><li>Semplicemente stampa e taglia con le forbici<\/li><\/ul>\n\n\n\n<p>In qualsiasi modo tu scelga di ottenere le nostre carte, sappi che apprezziamo il tuo supporto!<\/p>\n","protected":false},"excerpt":{"rendered":"<p>You can buy Null Signal cards from both our print-on-demand partners, MakePlayingCards and DriveThruCards, with two different card stocks available from MakePlayingCards. Each option provides different benefits in terms of [&hellip;]<\/p>\n","protected":false},"author":43,"featured_media":0,"parent":36045,"menu_order":0,"comment_status":"closed","ping_status":"closed","template":"","meta":{"advgb_blocks_editor_width":"","advgb_blocks_columns_visual_guide":"","kt_blocks_editor_width":"","_links_to":"","_links_to_target":""},"pp_force_visibility":null,"pp_subpost_visibility":null,"pp_inherited_force_visibility":null,"pp_inherited_subpost_visibility":null,"yoast_head":"<!-- This site is optimized with the Yoast SEO plugin v17.7.1 - https:\/\/yoast.com\/wordpress\/plugins\/seo\/ -->\n<title>Guida all&#039;acquisto Null Signal - Null Signal Games<\/title>\n<meta name=\"description\" content=\"Scopri le varie opportunit\u00e0 per ottenere le carte NISEI e confronta le caratteristiche di ogni opzione.\" \/>\n<meta name=\"robots\" content=\"index, follow, max-snippet:-1, max-image-preview:large, max-video-preview:-1\" \/>\n<link rel=\"canonical\" href=\"https:\/\/nullsignal.games\/it\/giocatori\/guida-allacquisto-null-signal\/\" \/>\n<meta property=\"og:locale\" content=\"it_IT\" \/>\n<meta property=\"og:type\" content=\"article\" \/>\n<meta property=\"og:title\" content=\"Guida all&#039;acquisto Null Signal - Null Signal Games\" \/>\n<meta property=\"og:description\" content=\"Scopri le varie opportunit\u00e0 per ottenere le carte NISEI e confronta le caratteristiche di ogni opzione.\" \/>\n<meta property=\"og:url\" content=\"https:\/\/nullsignal.games\/it\/giocatori\/guida-allacquisto-null-signal\/\" \/>\n<meta property=\"og:site_name\" content=\"Null Signal Games\" \/>\n<meta property=\"article:publisher\" content=\"https:\/\/www.facebook.com\/NetrunnerNISEI\" \/>\n<meta property=\"article:modified_time\" content=\"2025-11-11T17:26:29+00:00\" \/>\n<meta name=\"twitter:card\" content=\"summary_large_image\" \/>\n<meta name=\"twitter:site\" content=\"@ProjectNISEI\" \/>\n<meta name=\"twitter:label1\" content=\"Tempo di lettura stimato\" \/>\n\t<meta name=\"twitter:data1\" content=\"5 minuti\" \/>\n<script type=\"application\/ld+json\" class=\"yoast-schema-graph\">{\"@context\":\"https:\/\/schema.org\",\"@graph\":[{\"@type\":\"Organization\",\"@id\":\"https:\/\/nisei.net\/#organization\",\"name\":\"NISEI\",\"url\":\"https:\/\/nisei.net\/\",\"sameAs\":[\"https:\/\/www.facebook.com\/NetrunnerNISEI\",\"https:\/\/www.youtube.com\/channel\/UC4j5b7f95JGN4RHvXS_7z1Q\",\"https:\/\/twitter.com\/ProjectNISEI\"],\"logo\":{\"@type\":\"ImageObject\",\"@id\":\"https:\/\/nisei.net\/#logo\",\"inLanguage\":\"it-IT\",\"url\":\"https:\/\/nullsignal.games\/wp-content\/uploads\/2020\/08\/cropped-logo_black.png\",\"contentUrl\":\"https:\/\/nullsignal.games\/wp-content\/uploads\/2020\/08\/cropped-logo_black.png\",\"width\":512,\"height\":512,\"caption\":\"NISEI\"},\"image\":{\"@id\":\"https:\/\/nisei.net\/#logo\"}},{\"@type\":\"WebSite\",\"@id\":\"https:\/\/nisei.net\/#website\",\"url\":\"https:\/\/nisei.net\/\",\"name\":\"NISEI\",\"description\":\"The Future of Netrunner\",\"publisher\":{\"@id\":\"https:\/\/nisei.net\/#organization\"},\"potentialAction\":[{\"@type\":\"SearchAction\",\"target\":{\"@type\":\"EntryPoint\",\"urlTemplate\":\"https:\/\/nisei.net\/?s={search_term_string}\"},\"query-input\":\"required name=search_term_string\"}],\"inLanguage\":\"it-IT\"},{\"@type\":\"WebPage\",\"@id\":\"https:\/\/nullsignal.games\/it\/giocatori\/guida-allacquisto-null-signal\/#webpage\",\"url\":\"https:\/\/nullsignal.games\/it\/giocatori\/guida-allacquisto-null-signal\/\",\"name\":\"Guida all'acquisto Null Signal - Null Signal Games\",\"isPartOf\":{\"@id\":\"https:\/\/nisei.net\/#website\"},\"datePublished\":\"2023-01-19T23:15:44+00:00\",\"dateModified\":\"2025-11-11T17:26:29+00:00\",\"description\":\"Scopri le varie opportunit\\u00e0 per ottenere le carte NISEI e confronta le caratteristiche di ogni opzione.\",\"breadcrumb\":{\"@id\":\"https:\/\/nullsignal.games\/it\/giocatori\/guida-allacquisto-null-signal\/#breadcrumb\"},\"inLanguage\":\"it-IT\",\"potentialAction\":[{\"@type\":\"ReadAction\",\"target\":[\"https:\/\/nullsignal.games\/it\/giocatori\/guida-allacquisto-null-signal\/\"]}]},{\"@type\":\"BreadcrumbList\",\"@id\":\"https:\/\/nullsignal.games\/it\/giocatori\/guida-allacquisto-null-signal\/#breadcrumb\",\"itemListElement\":[{\"@type\":\"ListItem\",\"position\":1,\"name\":\"Home\",\"item\":\"https:\/\/nullsignal.games\/it\/\"},{\"@type\":\"ListItem\",\"position\":2,\"name\":\"Giocatori\",\"item\":\"https:\/\/nullsignal.games\/it\/giocatori\/\"},{\"@type\":\"ListItem\",\"position\":3,\"name\":\"Guida all&#8217;acquisto Null Signal\"}]}]}<\/script>\n<!-- \/ Yoast SEO plugin. -->","yoast_head_json":{"title":"Guida all'acquisto Null Signal - Null Signal Games","description":"Scopri le varie opportunit\u00e0 per ottenere le carte NISEI e confronta le caratteristiche di ogni opzione.","robots":{"index":"index","follow":"follow","max-snippet":"max-snippet:-1","max-image-preview":"max-image-preview:large","max-video-preview":"max-video-preview:-1"},"canonical":"https:\/\/nullsignal.games\/it\/giocatori\/guida-allacquisto-null-signal\/","og_locale":"it_IT","og_type":"article","og_title":"Guida all'acquisto Null Signal - Null Signal Games","og_description":"Scopri le varie opportunit\u00e0 per ottenere le carte NISEI e confronta le caratteristiche di ogni opzione.","og_url":"https:\/\/nullsignal.games\/it\/giocatori\/guida-allacquisto-null-signal\/","og_site_name":"Null Signal Games","article_publisher":"https:\/\/www.facebook.com\/NetrunnerNISEI","article_modified_time":"2025-11-11T17:26:29+00:00","twitter_card":"summary_large_image","twitter_site":"@ProjectNISEI","twitter_misc":{"Tempo di lettura stimato":"5 minuti"},"schema":{"@context":"https:\/\/schema.org","@graph":[{"@type":"Organization","@id":"https:\/\/nisei.net\/#organization","name":"NISEI","url":"https:\/\/nisei.net\/","sameAs":["https:\/\/www.facebook.com\/NetrunnerNISEI","https:\/\/www.youtube.com\/channel\/UC4j5b7f95JGN4RHvXS_7z1Q","https:\/\/twitter.com\/ProjectNISEI"],"logo":{"@type":"ImageObject","@id":"https:\/\/nisei.net\/#logo","inLanguage":"it-IT","url":"https:\/\/nullsignal.games\/wp-content\/uploads\/2020\/08\/cropped-logo_black.png","contentUrl":"https:\/\/nullsignal.games\/wp-content\/uploads\/2020\/08\/cropped-logo_black.png","width":512,"height":512,"caption":"NISEI"},"image":{"@id":"https:\/\/nisei.net\/#logo"}},{"@type":"WebSite","@id":"https:\/\/nisei.net\/#website","url":"https:\/\/nisei.net\/","name":"NISEI","description":"The Future of Netrunner","publisher":{"@id":"https:\/\/nisei.net\/#organization"},"potentialAction":[{"@type":"SearchAction","target":{"@type":"EntryPoint","urlTemplate":"https:\/\/nisei.net\/?s={search_term_string}"},"query-input":"required name=search_term_string"}],"inLanguage":"it-IT"},{"@type":"WebPage","@id":"https:\/\/nullsignal.games\/it\/giocatori\/guida-allacquisto-null-signal\/#webpage","url":"https:\/\/nullsignal.games\/it\/giocatori\/guida-allacquisto-null-signal\/","name":"Guida all'acquisto Null Signal - Null Signal Games","isPartOf":{"@id":"https:\/\/nisei.net\/#website"},"datePublished":"2023-01-19T23:15:44+00:00","dateModified":"2025-11-11T17:26:29+00:00","description":"Scopri le varie opportunit\u00e0 per ottenere le carte NISEI e confronta le caratteristiche di ogni opzione.","breadcrumb":{"@id":"https:\/\/nullsignal.games\/it\/giocatori\/guida-allacquisto-null-signal\/#breadcrumb"},"inLanguage":"it-IT","potentialAction":[{"@type":"ReadAction","target":["https:\/\/nullsignal.games\/it\/giocatori\/guida-allacquisto-null-signal\/"]}]},{"@type":"BreadcrumbList","@id":"https:\/\/nullsignal.games\/it\/giocatori\/guida-allacquisto-null-signal\/#breadcrumb","itemListElement":[{"@type":"ListItem","position":1,"name":"Home","item":"https:\/\/nullsignal.games\/it\/"},{"@type":"ListItem","position":2,"name":"Giocatori","item":"https:\/\/nullsignal.games\/it\/giocatori\/"},{"@type":"ListItem","position":3,"name":"Guida all&#8217;acquisto Null Signal"}]}]}},"coauthors":[{"link":"https:\/\/nullsignal.games\/it\/blog\/author\/spencer-dub\/","display_name":"Spencer Dub"}],"author_meta":{"author_link":"https:\/\/nullsignal.games\/it\/blog\/author\/spencer-dub\/","display_name":"Spencer Dub"},"relative_dates":{"created":"Pubblicato 3 anni fa","modified":"Aggiornato 5 mesi fa"},"absolute_dates":{"created":"Pubblicato il Gennaio 19, 2023","modified":"Aggiornato il Novembre 11, 2025"},"absolute_dates_time":{"created":"Pubblicato il Gennaio 19, 2023 11:15 pm","modified":"Aggiornato il Novembre 11, 2025 5:26 pm"},"featured_img_caption":"","featured_img":false,"series_order":"","_links":{"self":[{"href":"https:\/\/nullsignal.games\/it\/wp-json\/wp\/v2\/pages\/35904"}],"collection":[{"href":"https:\/\/nullsignal.games\/it\/wp-json\/wp\/v2\/pages"}],"about":[{"href":"https:\/\/nullsignal.games\/it\/wp-json\/wp\/v2\/types\/page"}],"author":[{"embeddable":true,"href":"https:\/\/nullsignal.games\/it\/wp-json\/wp\/v2\/users\/43"}],"replies":[{"embeddable":true,"href":"https:\/\/nullsignal.games\/it\/wp-json\/wp\/v2\/comments?post=35904"}],"version-history":[{"count":2,"href":"https:\/\/nullsignal.games\/it\/wp-json\/wp\/v2\/pages\/35904\/revisions"}],"predecessor-version":[{"id":54983,"href":"https:\/\/nullsignal.games\/it\/wp-json\/wp\/v2\/pages\/35904\/revisions\/54983"}],"up":[{"embeddable":true,"href":"https:\/\/nullsignal.games\/it\/wp-json\/wp\/v2\/pages\/36045"}],"wp:attachment":[{"href":"https:\/\/nullsignal.games\/it\/wp-json\/wp\/v2\/media?parent=35904"}],"curies":[{"name":"wp","href":"https:\/\/api.w.org\/{rel}","templated":true}]}}