{"id":21854,"date":"2021-12-20T11:24:22","date_gmt":"2021-12-20T11:24:22","guid":{"rendered":"https:\/\/nullsignal.games\/cose-netrunner\/"},"modified":"2021-12-20T11:25:41","modified_gmt":"2021-12-20T11:25:41","slug":"cose-netrunner","status":"publish","type":"page","link":"https:\/\/nullsignal.games\/it\/cose-netrunner\/","title":{"rendered":"Cos&#8217;\u00e8 Netrunner?"},"content":{"rendered":"\n<p>Netrunner \u00e8 un gioco asimmetrico per due giocatrici ambientato in un futuro distopico dove quattro megacorporazioni controllano quasi ogni aspetto della vita quotidiana. Hacker leggendari noti come &#8220;runner&#8221; tentano di combattere l&#8217;influenza delle corp hackerando nei loro server e impedendogli di far progredire i loro sinistri obiettivi.<\/p>\n\n<figure class=\"wp-block-image alignwide size-large\"><img loading=\"lazy\" width=\"1000\" height=\"685\" src=\"https:\/\/nullsignal.games\/wp-content\/uploads\/2021\/03\/Runner-vs-Corp.png\" alt=\"Una carta identit&#xE0; Runner e una carta identit&#xE0; Corp\" class=\"wp-image-9670\" srcset=\"https:\/\/nullsignal.games\/wp-content\/uploads\/2021\/03\/Runner-vs-Corp.png 1000w, https:\/\/nullsignal.games\/wp-content\/uploads\/2021\/03\/Runner-vs-Corp-300x206.png 300w, https:\/\/nullsignal.games\/wp-content\/uploads\/2021\/03\/Runner-vs-Corp-768x526.png 768w\" sizes=\"(max-width: 1000px) 100vw, 1000px\" \/><\/figure>\n\n<p>In Netrunner, una giocatrice assume il ruolo <strong>Corp<\/strong>, i cui strumenti includono beni aziendali e programmi difensivi chiamati &#8220;ice&#8221;. Usando strumenti di questo tipo e il fattore sorpresa, Corp tenta di portare a termine i suoi obiettivi. Dall&#8217;altro lato del tavolo, l&#8217;obiettivo <strong>Runner<\/strong> \u00e8 quello di infiltrare i server Corp e rubare i suoi obiettivi, sfruttando a tal fine le proprie risorse, hardware specializzato e programmi. Ovviamente, Runner non pone alcuna minaccia da morta, perci\u00f2 una Corp astuta pu\u00f2 anche tentare di far cadere in &#8220;flatline&#8221; la sua avversaria infliggendo danno, mentre una via secondaria per la vittoria Runner consiste nel bloccare Corp fino a che non rimanga a corto di opportunit\u00e0.<\/p>\n\n<p>Netrunner \u00e8 un gioco progettato per essere personalizzato. Le giocatrici possono scegliere tra dozzine di carte identit\u00e0 Runner e Corp, ognuna con le proprie uniche abilit\u00e0, e costruirvi intorno mazzi personalizzati. Un sistema unico di &#8220;influenza&#8221; consente alle giocatrici di importare un piccolo numero di carte nel proprio mazzo da fazioni diverse, dove le carte pi\u00f9 caratteristiche di solito hanno un costo maggiore di tale scarsa risorsa di costruzione del mazzo. Un meticoloso Criminale pu\u00f2 adottare degli strumenti distruttivi Anarchi, ma non pu\u00f2 prenderli tutti: deve scegliere attentamente i pi\u00f9 importanti per la sua strategia!<\/p>\n\n<p>Potr\u00e0 Runner vedere attraverso i bluff Corp ed emergere vittoriosa dal suo assedio nello spazio della rete, o Corp stringer\u00e0 la sua morsa sul mondo? Scoprilo giocando a Netrunner.<\/p>\n\n<div class=\"wp-block-buttons is-content-justification-center\">\n<div class=\"wp-block-button\"><a class=\"wp-block-button__link\" href=\"https:\/\/nullsignal.games\/it\/prodotti\/system-gateway\/\">Inizia con <em>System Gateway<\/em><\/a><\/div>\n<\/div>\n","protected":false},"excerpt":{"rendered":"<p>Netrunner \u00e8 un gioco asimmetrico per due giocatrici ambientato in un futuro distopico dove quattro megacorporazioni controllano quasi ogni aspetto della vita quotidiana. Hacker leggendari noti come &#8220;runner&#8221; tentano di [&hellip;]<\/p>\n","protected":false},"author":15,"featured_media":0,"parent":0,"menu_order":1,"comment_status":"closed","ping_status":"closed","template":"","meta":{"advgb_blocks_editor_width":"","advgb_blocks_columns_visual_guide":"","kt_blocks_editor_width":"","_links_to":"","_links_to_target":""},"pp_force_visibility":null,"pp_subpost_visibility":null,"pp_inherited_force_visibility":null,"pp_inherited_subpost_visibility":null,"yoast_head":"<!-- This site is optimized with the Yoast SEO plugin v17.7.1 - https:\/\/yoast.com\/wordpress\/plugins\/seo\/ -->\n<title>Cos&#039;\u00e8 Netrunner? - Null Signal Games<\/title>\n<meta name=\"robots\" content=\"index, follow, max-snippet:-1, max-image-preview:large, max-video-preview:-1\" \/>\n<link rel=\"canonical\" href=\"https:\/\/nisei.net\/it\/cose-netrunner\/\" \/>\n<meta property=\"og:locale\" content=\"it_IT\" \/>\n<meta property=\"og:type\" content=\"article\" \/>\n<meta property=\"og:title\" content=\"Cos&#039;\u00e8 Netrunner? - Null Signal Games\" \/>\n<meta property=\"og:description\" content=\"Netrunner \u00e8 un gioco asimmetrico per due giocatrici ambientato in un futuro distopico dove quattro megacorporazioni controllano quasi ogni aspetto della vita quotidiana. Hacker leggendari noti come &#8220;runner&#8221; tentano di [&hellip;]\" \/>\n<meta property=\"og:url\" content=\"https:\/\/nisei.net\/it\/cose-netrunner\/\" \/>\n<meta property=\"og:site_name\" content=\"Null Signal Games\" \/>\n<meta property=\"article:publisher\" content=\"https:\/\/www.facebook.com\/NetrunnerNISEI\" \/>\n<meta property=\"article:modified_time\" content=\"2021-12-20T11:25:41+00:00\" \/>\n<meta property=\"og:image\" content=\"https:\/\/nisei.net\/wp-content\/uploads\/2021\/03\/Runner-vs-Corp.png\" \/>\n<meta name=\"twitter:card\" content=\"summary_large_image\" \/>\n<meta name=\"twitter:site\" content=\"@ProjectNISEI\" \/>\n<meta name=\"twitter:label1\" content=\"Tempo di lettura stimato\" \/>\n\t<meta name=\"twitter:data1\" content=\"1 minuto\" \/>\n<script type=\"application\/ld+json\" class=\"yoast-schema-graph\">{\"@context\":\"https:\/\/schema.org\",\"@graph\":[{\"@type\":\"Organization\",\"@id\":\"https:\/\/nisei.net\/#organization\",\"name\":\"NISEI\",\"url\":\"https:\/\/nisei.net\/\",\"sameAs\":[\"https:\/\/www.facebook.com\/NetrunnerNISEI\",\"https:\/\/www.youtube.com\/channel\/UC4j5b7f95JGN4RHvXS_7z1Q\",\"https:\/\/twitter.com\/ProjectNISEI\"],\"logo\":{\"@type\":\"ImageObject\",\"@id\":\"https:\/\/nisei.net\/#logo\",\"inLanguage\":\"it-IT\",\"url\":\"https:\/\/nullsignal.games\/wp-content\/uploads\/2020\/08\/cropped-logo_black.png\",\"contentUrl\":\"https:\/\/nullsignal.games\/wp-content\/uploads\/2020\/08\/cropped-logo_black.png\",\"width\":512,\"height\":512,\"caption\":\"NISEI\"},\"image\":{\"@id\":\"https:\/\/nisei.net\/#logo\"}},{\"@type\":\"WebSite\",\"@id\":\"https:\/\/nisei.net\/#website\",\"url\":\"https:\/\/nisei.net\/\",\"name\":\"NISEI\",\"description\":\"The Future of Netrunner\",\"publisher\":{\"@id\":\"https:\/\/nisei.net\/#organization\"},\"potentialAction\":[{\"@type\":\"SearchAction\",\"target\":{\"@type\":\"EntryPoint\",\"urlTemplate\":\"https:\/\/nisei.net\/?s={search_term_string}\"},\"query-input\":\"required name=search_term_string\"}],\"inLanguage\":\"it-IT\"},{\"@type\":\"ImageObject\",\"@id\":\"https:\/\/nisei.net\/it\/cose-netrunner\/#primaryimage\",\"inLanguage\":\"it-IT\",\"url\":\"https:\/\/nullsignal.games\/wp-content\/uploads\/2021\/03\/Runner-vs-Corp.png\",\"contentUrl\":\"https:\/\/nullsignal.games\/wp-content\/uploads\/2021\/03\/Runner-vs-Corp.png\",\"width\":1000,\"height\":685},{\"@type\":\"WebPage\",\"@id\":\"https:\/\/nisei.net\/it\/cose-netrunner\/#webpage\",\"url\":\"https:\/\/nisei.net\/it\/cose-netrunner\/\",\"name\":\"Cos'\\u00e8 Netrunner? - Null Signal Games\",\"isPartOf\":{\"@id\":\"https:\/\/nisei.net\/#website\"},\"primaryImageOfPage\":{\"@id\":\"https:\/\/nisei.net\/it\/cose-netrunner\/#primaryimage\"},\"datePublished\":\"2021-12-20T11:24:22+00:00\",\"dateModified\":\"2021-12-20T11:25:41+00:00\",\"breadcrumb\":{\"@id\":\"https:\/\/nisei.net\/it\/cose-netrunner\/#breadcrumb\"},\"inLanguage\":\"it-IT\",\"potentialAction\":[{\"@type\":\"ReadAction\",\"target\":[\"https:\/\/nisei.net\/it\/cose-netrunner\/\"]}]},{\"@type\":\"BreadcrumbList\",\"@id\":\"https:\/\/nisei.net\/it\/cose-netrunner\/#breadcrumb\",\"itemListElement\":[{\"@type\":\"ListItem\",\"position\":1,\"name\":\"Home\",\"item\":\"https:\/\/nullsignal.games\/it\/\"},{\"@type\":\"ListItem\",\"position\":2,\"name\":\"Cos&#8217;\\u00e8 Netrunner?\"}]}]}<\/script>\n<!-- \/ Yoast SEO plugin. -->","yoast_head_json":{"title":"Cos'\u00e8 Netrunner? - Null Signal Games","robots":{"index":"index","follow":"follow","max-snippet":"max-snippet:-1","max-image-preview":"max-image-preview:large","max-video-preview":"max-video-preview:-1"},"canonical":"https:\/\/nisei.net\/it\/cose-netrunner\/","og_locale":"it_IT","og_type":"article","og_title":"Cos'\u00e8 Netrunner? - Null Signal Games","og_description":"Netrunner \u00e8 un gioco asimmetrico per due giocatrici ambientato in un futuro distopico dove quattro megacorporazioni controllano quasi ogni aspetto della vita quotidiana. Hacker leggendari noti come &#8220;runner&#8221; tentano di [&hellip;]","og_url":"https:\/\/nisei.net\/it\/cose-netrunner\/","og_site_name":"Null Signal Games","article_publisher":"https:\/\/www.facebook.com\/NetrunnerNISEI","article_modified_time":"2021-12-20T11:25:41+00:00","og_image":[{"url":"https:\/\/nisei.net\/wp-content\/uploads\/2021\/03\/Runner-vs-Corp.png"}],"twitter_card":"summary_large_image","twitter_site":"@ProjectNISEI","twitter_misc":{"Tempo di lettura stimato":"1 minuto"},"schema":{"@context":"https:\/\/schema.org","@graph":[{"@type":"Organization","@id":"https:\/\/nisei.net\/#organization","name":"NISEI","url":"https:\/\/nisei.net\/","sameAs":["https:\/\/www.facebook.com\/NetrunnerNISEI","https:\/\/www.youtube.com\/channel\/UC4j5b7f95JGN4RHvXS_7z1Q","https:\/\/twitter.com\/ProjectNISEI"],"logo":{"@type":"ImageObject","@id":"https:\/\/nisei.net\/#logo","inLanguage":"it-IT","url":"https:\/\/nullsignal.games\/wp-content\/uploads\/2020\/08\/cropped-logo_black.png","contentUrl":"https:\/\/nullsignal.games\/wp-content\/uploads\/2020\/08\/cropped-logo_black.png","width":512,"height":512,"caption":"NISEI"},"image":{"@id":"https:\/\/nisei.net\/#logo"}},{"@type":"WebSite","@id":"https:\/\/nisei.net\/#website","url":"https:\/\/nisei.net\/","name":"NISEI","description":"The Future of Netrunner","publisher":{"@id":"https:\/\/nisei.net\/#organization"},"potentialAction":[{"@type":"SearchAction","target":{"@type":"EntryPoint","urlTemplate":"https:\/\/nisei.net\/?s={search_term_string}"},"query-input":"required name=search_term_string"}],"inLanguage":"it-IT"},{"@type":"ImageObject","@id":"https:\/\/nisei.net\/it\/cose-netrunner\/#primaryimage","inLanguage":"it-IT","url":"https:\/\/nullsignal.games\/wp-content\/uploads\/2021\/03\/Runner-vs-Corp.png","contentUrl":"https:\/\/nullsignal.games\/wp-content\/uploads\/2021\/03\/Runner-vs-Corp.png","width":1000,"height":685},{"@type":"WebPage","@id":"https:\/\/nisei.net\/it\/cose-netrunner\/#webpage","url":"https:\/\/nisei.net\/it\/cose-netrunner\/","name":"Cos'\u00e8 Netrunner? - Null Signal Games","isPartOf":{"@id":"https:\/\/nisei.net\/#website"},"primaryImageOfPage":{"@id":"https:\/\/nisei.net\/it\/cose-netrunner\/#primaryimage"},"datePublished":"2021-12-20T11:24:22+00:00","dateModified":"2021-12-20T11:25:41+00:00","breadcrumb":{"@id":"https:\/\/nisei.net\/it\/cose-netrunner\/#breadcrumb"},"inLanguage":"it-IT","potentialAction":[{"@type":"ReadAction","target":["https:\/\/nisei.net\/it\/cose-netrunner\/"]}]},{"@type":"BreadcrumbList","@id":"https:\/\/nisei.net\/it\/cose-netrunner\/#breadcrumb","itemListElement":[{"@type":"ListItem","position":1,"name":"Home","item":"https:\/\/nullsignal.games\/it\/"},{"@type":"ListItem","position":2,"name":"Cos&#8217;\u00e8 Netrunner?"}]}]}},"coauthors":[{"link":"https:\/\/nullsignal.games\/it\/blog\/author\/absotively\/","display_name":"Absotively"}],"author_meta":{"author_link":"https:\/\/nullsignal.games\/it\/blog\/author\/absotively\/","display_name":"Absotively"},"relative_dates":{"created":"Pubblicato 4 anni fa","modified":"Aggiornato 4 anni fa"},"absolute_dates":{"created":"Pubblicato il Dicembre 20, 2021","modified":"Aggiornato il Dicembre 20, 2021"},"absolute_dates_time":{"created":"Pubblicato il Dicembre 20, 2021 11:24 am","modified":"Aggiornato il Dicembre 20, 2021 11:25 am"},"featured_img_caption":"","featured_img":false,"series_order":"","_links":{"self":[{"href":"https:\/\/nullsignal.games\/it\/wp-json\/wp\/v2\/pages\/21854"}],"collection":[{"href":"https:\/\/nullsignal.games\/it\/wp-json\/wp\/v2\/pages"}],"about":[{"href":"https:\/\/nullsignal.games\/it\/wp-json\/wp\/v2\/types\/page"}],"author":[{"embeddable":true,"href":"https:\/\/nullsignal.games\/it\/wp-json\/wp\/v2\/users\/15"}],"replies":[{"embeddable":true,"href":"https:\/\/nullsignal.games\/it\/wp-json\/wp\/v2\/comments?post=21854"}],"version-history":[{"count":3,"href":"https:\/\/nullsignal.games\/it\/wp-json\/wp\/v2\/pages\/21854\/revisions"}],"predecessor-version":[{"id":21857,"href":"https:\/\/nullsignal.games\/it\/wp-json\/wp\/v2\/pages\/21854\/revisions\/21857"}],"wp:attachment":[{"href":"https:\/\/nullsignal.games\/it\/wp-json\/wp\/v2\/media?parent=21854"}],"curies":[{"name":"wp","href":"https:\/\/api.w.org\/{rel}","templated":true}]}}