{"id":2160,"date":"2020-03-02T04:35:48","date_gmt":"2020-03-02T04:35:48","guid":{"rendered":"http:\/\/wpniseitest.nfshost.com\/products"},"modified":"2023-01-31T10:03:23","modified_gmt":"2023-01-31T10:03:23","slug":"prodotti","status":"publish","type":"page","link":"https:\/\/nullsignal.games\/it\/prodotti\/","title":{"rendered":"Prodotti"},"content":{"rendered":"\n<p>Progettiamo e testiamo in prima persona carte Netrunner originali per far divertire la Community. Scopri di pi\u00f9 di seguito riguardo i nostri set.<\/p>\n\n<p>Se vivi in determinati paesi (attualmente Stati Uniti e Australia, altri paesi verranno aggiunti presto), puoi trovare alcuni nostri prodotti nel nostro negozio online. Questo \u00e8 parte di un <a href=\"https:\/\/nullsignal.games\/blog\/towards-a-new-distribution-model-parhelion-direct-sales\/\">programma pilota<\/a> che abbiamo lanciato a Dicembre 2022.<\/p>\n\n<div class=\"wp-block-buttons is-content-justification-center\">\n<div class=\"wp-block-button\"><a class=\"wp-block-button__link\" href=\"https:\/\/shop.nullsignal.games\/\">Scopri il negozio Null Signal Games.<\/a><\/div>\n<\/div>\n\n<p>Per ulteriori set e giocatori in altre zone, le nostre carte Netrunner sono disponibili nel formato PDF paga-quanto-vuoi con la formula stampa-e-gioca, o puoi acquistarle dai nostri partner con stampa on demand. Se abiti in determinate zone, puoi anche ordinarle da Rivenditori Autorizzati che acquistano all&#8217;ingrosso da MakePlayingCards offrendo un risparmio sui costi di spedizione. Per approfondire meglio queste opzioni, controlla la nostra <a href=\"https:\/\/nullsignal.games\/purchase-guide\/\">Guida all&#8217;acquisto<\/a>.<\/p>\n\n<p>Ogni formato di gioco \u00e8 composto da differenti set. Visita la pagina <a href=\"https:\/\/nullsignal.games\/op\/supported-formats\/\">Formati supportati<\/a> per scoprire quali set sono legali nei formati Null Signal.<\/p>\n\n<h2>Da dove iniziare<\/h2>\n\n<p>Nuovo a Netrunner? Vuoi migliorare la tua collezione con carte moderne e affidabili? Inizia da qui.<\/p>\n\n<div class=\"wp-block-columns\">\n<div class=\"wp-block-column\" style=\"flex-basis:33.33%\">\n<figure class=\"wp-block-image size-large\"><a href=\"https:\/\/nullsignal.games\/it\/prodotti\/system-gateway\/\"><img loading=\"lazy\" width=\"1024\" height=\"1024\" src=\"https:\/\/nullsignal.games\/wp-content\/uploads\/2021\/03\/Gateway-CoverRGB-1-1024x1024.png\" alt=\"System Gateway: Pacchetto Introduttivo\" class=\"wp-image-9767\" srcset=\"https:\/\/nullsignal.games\/wp-content\/uploads\/2021\/03\/Gateway-CoverRGB-1-1024x1024.png 1024w, https:\/\/nullsignal.games\/wp-content\/uploads\/2021\/03\/Gateway-CoverRGB-1-300x300.png 300w, https:\/\/nullsignal.games\/wp-content\/uploads\/2021\/03\/Gateway-CoverRGB-1-150x150.png 150w, https:\/\/nullsignal.games\/wp-content\/uploads\/2021\/03\/Gateway-CoverRGB-1-768x768.png 768w, https:\/\/nullsignal.games\/wp-content\/uploads\/2021\/03\/Gateway-CoverRGB-1.png 1500w\" sizes=\"(max-width: 1024px) 100vw, 1024px\" \/><\/a><\/figure>\n<\/div>\n\n\n\n<div class=\"wp-block-column\" style=\"flex-basis:66.66%\">\n<h3>System Gateway<\/h3>\n\n\n\n<p><em><em>System Gateway<\/em><\/em> \u00e8 il modo migliore per entrare e imparare a giocare. Caratterizzato da due mazzi semplificati, ma comunque potenti, risulta essere un importante pezzo per la tua collezione.<\/p>\n\n\n\n<div class=\"wp-block-buttons\">\n<div class=\"wp-block-button\"><a class=\"wp-block-button__link\" href=\"https:\/\/nullsignal.games\/it\/prodotti\/system-gateway\/\">Scopri di pi\u00f9&#8230;<\/a><\/div>\n<\/div>\n<\/div>\n<\/div>\n\n<div class=\"wp-block-columns\">\n<div class=\"wp-block-column\" style=\"flex-basis:33.33%\">\n<figure class=\"wp-block-image size-large\"><a href=\"https:\/\/nullsignal.games\/it\/prodotti\/system-update-2021\/\"><img loading=\"lazy\" width=\"1024\" height=\"1024\" src=\"https:\/\/nullsignal.games\/wp-content\/uploads\/2021\/03\/Update-CoverRGB-1024x1024.png\" alt=\"System Update 2021\" class=\"wp-image-8792\" srcset=\"https:\/\/nullsignal.games\/wp-content\/uploads\/2021\/03\/Update-CoverRGB-1024x1024.png 1024w, https:\/\/nullsignal.games\/wp-content\/uploads\/2021\/03\/Update-CoverRGB-300x300.png 300w, https:\/\/nullsignal.games\/wp-content\/uploads\/2021\/03\/Update-CoverRGB-150x150.png 150w, https:\/\/nullsignal.games\/wp-content\/uploads\/2021\/03\/Update-CoverRGB-768x768.png 768w, https:\/\/nullsignal.games\/wp-content\/uploads\/2021\/03\/Update-CoverRGB.png 1500w\" sizes=\"(max-width: 1024px) 100vw, 1024px\" \/><\/a><\/figure>\n<\/div>\n\n\n\n<div class=\"wp-block-column\" style=\"flex-basis:66.66%\">\n<h3>System Update 2021<\/h3>\n\n\n\n<p><em>System Update 2021<\/em> \u00e8 una selezione di carte Netrunner classiche, ristampate nello stile Null Signal con nuove ed inedite illustrazioni. Un ottimo modo per espandere la tua collezione dopo aver acquistato <em>System Gateway!<\/em><\/p>\n\n\n\n<div class=\"wp-block-buttons\">\n<div class=\"wp-block-button\"><a class=\"wp-block-button__link\" href=\"https:\/\/nullsignal.games\/it\/prodotti\/system-update-2021\/\">Scopri di pi\u00f9&#8230;<\/a><\/div>\n<\/div>\n<\/div>\n<\/div>\n\n<h2>Pacchetti Espansione<\/h2>\n\n<p>Una volta familiarizzato con il gioco, questi set permetteranno di esplorare nuovi stili di gioco. Puntiamo a rilasciare almeno un espansione all&#8217;anno.<\/p>\n\n<div class=\"wp-block-columns\">\n<div class=\"wp-block-column\" style=\"flex-basis:33.33%\">\n<figure class=\"wp-block-image size-large\"><a href=\"https:\/\/nullsignal.games\/it\/prodotti\/parelio\/\"><img loading=\"lazy\" width=\"1024\" height=\"1024\" src=\"https:\/\/nullsignal.games\/wp-content\/uploads\/2022\/12\/ParhelionBox-1024x1024.png\" alt=\"Coperchio Scatola Parelio\" class=\"wp-image-35451\" srcset=\"https:\/\/nullsignal.games\/wp-content\/uploads\/2022\/12\/ParhelionBox.png 1024w, https:\/\/nullsignal.games\/wp-content\/uploads\/2022\/12\/ParhelionBox-300x300.png 300w, https:\/\/nullsignal.games\/wp-content\/uploads\/2022\/12\/ParhelionBox-150x150.png 150w, https:\/\/nullsignal.games\/wp-content\/uploads\/2022\/12\/ParhelionBox-768x768.png 768w\" sizes=\"(max-width: 1024px) 100vw, 1024px\" \/><\/a><\/figure>\n<\/div>\n\n\n\n<div class=\"wp-block-column\" style=\"flex-basis:66.66%\">\n<h3>Parelio<\/h3>\n\n\n\n<p><em>Parelio<\/em> \u00e8 il secondo set del <em>Ciclo Boreale<\/em>, iniziato con <em><a href=\"https:\/\/nullsignal.games\/it\/prodotti\/sole-di-mezzanotte\/\">Sole di Mezzanotte<\/a>.<\/em> Gli hacker, i ladri e gli ecoterroristi dell&#8217;Artico hanno colpito le aziende; di conseguenza, tali aziende passano al contro attacco, dando la caccia ai responsabili.<\/p>\n\n\n\n<div class=\"wp-block-buttons\">\n<div class=\"wp-block-button\"><a class=\"wp-block-button__link\" href=\"https:\/\/nullsignal.games\/it\/prodotti\/parelio\/\">Scopri di pi\u00f9&#8230;<\/a><\/div>\n<\/div>\n<\/div>\n<\/div>\n\n<div class=\"wp-block-columns\">\n<div class=\"wp-block-column\" style=\"flex-basis:33.33%\">\n<figure class=\"wp-block-image size-large\"><a href=\"https:\/\/nullsignal.games\/it\/prodotti\/sole-di-mezzanotte\/\"><img loading=\"lazy\" width=\"1024\" height=\"1024\" src=\"https:\/\/nullsignal.games\/wp-content\/uploads\/2022\/07\/Midnight-Sun-Box-Cover-1024x1024.png\" alt=\"Coperchio Scatola Sole di Mezzanotte\" class=\"wp-image-27585\" srcset=\"https:\/\/nullsignal.games\/wp-content\/uploads\/2022\/07\/Midnight-Sun-Box-Cover-1024x1024.png 1024w, https:\/\/nullsignal.games\/wp-content\/uploads\/2022\/07\/Midnight-Sun-Box-Cover-300x300.png 300w, https:\/\/nullsignal.games\/wp-content\/uploads\/2022\/07\/Midnight-Sun-Box-Cover-150x150.png 150w, https:\/\/nullsignal.games\/wp-content\/uploads\/2022\/07\/Midnight-Sun-Box-Cover-768x768.png 768w, https:\/\/nullsignal.games\/wp-content\/uploads\/2022\/07\/Midnight-Sun-Box-Cover.png 1200w\" sizes=\"(max-width: 1024px) 100vw, 1024px\" \/><\/a><\/figure>\n<\/div>\n\n\n\n<div class=\"wp-block-column\" style=\"flex-basis:66.66%\">\n<h3>Sole di Mezzanotte<\/h3>\n\n\n\n<p>Nello scongelamento del Circolo Polare Artico, le Corporazioni raggiungono nuovi livelli di spietatezza nella loro ricerca di profitti, e i Runner si ingegnano nuovamente per combatterli.<\/p>\n\n\n\n<p><em>Sole di Mezzanotte<\/em> \u00e8 un&#8217;espansione di 65 carte ed \u00e8 la prima met\u00e0 del <em>Ciclo Boreale<\/em>. Introduce tre nuove meccaniche per il Runner &#8211; sabotaggio, marchio e carica &#8211; e offre strumenti pi\u00f9 potenti alle Corporazioni per spingersi alla vittoria.<\/p>\n\n\n\n<div class=\"wp-block-buttons\">\n<div class=\"wp-block-button\"><a class=\"wp-block-button__link\" href=\"https:\/\/nullsignal.games\/it\/prodotti\/sole-di-mezzanotte\/\">Scopri di pi\u00f9&#8230;<\/a><\/div>\n<\/div>\n<\/div>\n<\/div>\n\n<div class=\"wp-block-columns\">\n<div class=\"wp-block-column\" style=\"flex-basis:33.33%\">\n<figure class=\"wp-block-image size-large\"><a href=\"https:\/\/nullsignal.games\/it\/prodotti\/uprising-it\/\"><img loading=\"lazy\" width=\"500\" height=\"500\" src=\"https:\/\/nullsignal.games\/wp-content\/uploads\/2020\/03\/Uprising_500_post.png\" alt=\"Insurrezione\" class=\"wp-image-2208\" srcset=\"https:\/\/nullsignal.games\/wp-content\/uploads\/2020\/03\/Uprising_500_post.png 500w, https:\/\/nullsignal.games\/wp-content\/uploads\/2020\/03\/Uprising_500_post-150x150.png 150w, https:\/\/nullsignal.games\/wp-content\/uploads\/2020\/03\/Uprising_500_post-100x100.png 100w, https:\/\/nullsignal.games\/wp-content\/uploads\/2020\/03\/Uprising_500_post-300x300.png 300w, https:\/\/nullsignal.games\/wp-content\/uploads\/2020\/03\/Uprising_500_post-250x250.png 250w\" sizes=\"(max-width: 500px) 100vw, 500px\" \/><\/a><\/figure>\n<\/div>\n\n\n\n<div class=\"wp-block-column\" style=\"flex-basis:66.66%\">\n<h3>Insurrezione<\/h3>\n\n\n\n<p>Dopo l&#8217;attacco a Beanstalk, il mondo si riprende e si riorganizza. Le cose stanno migliorando.<\/p>\n\n\n\n<p><em>Insurrezione<\/em> \u00e8 un&#8217;espansione di 65 carte ed \u00e8 la seconda met\u00e0 del <em>Ciclo Ceneri<\/em>. Mentre espande il design di <em>Caduta<\/em>, introduce anche nuovi concetti come i <strong>lockdown<\/strong>\u2014 potenti operazioni Corporazione che dissuadono il Runner per un intero turno.<\/p>\n\n\n\n<div class=\"wp-block-buttons\">\n<div class=\"wp-block-button\"><a class=\"wp-block-button__link\" href=\"https:\/\/nullsignal.games\/it\/prodotti\/uprising-it\/\">Scopri di pi\u00f9&#8230;<\/a><\/div>\n<\/div>\n\n\n\n<p><\/p>\n<\/div>\n<\/div>\n\n<div class=\"wp-block-columns\">\n<div class=\"wp-block-column\" style=\"flex-basis:33.33%\">\n<figure class=\"wp-block-image size-large\"><a href=\"https:\/\/nullsignal.games\/it\/prodotti\/downfall-it\/\"><img loading=\"lazy\" width=\"500\" height=\"500\" src=\"https:\/\/nullsignal.games\/wp-content\/uploads\/2019\/11\/Downfall_500_post.png\" alt=\"Caduta\" class=\"wp-image-7814\" srcset=\"https:\/\/nullsignal.games\/wp-content\/uploads\/2019\/11\/Downfall_500_post.png 500w, https:\/\/nullsignal.games\/wp-content\/uploads\/2019\/11\/Downfall_500_post-150x150.png 150w, https:\/\/nullsignal.games\/wp-content\/uploads\/2019\/11\/Downfall_500_post-100x100.png 100w, https:\/\/nullsignal.games\/wp-content\/uploads\/2019\/11\/Downfall_500_post-300x300.png 300w, https:\/\/nullsignal.games\/wp-content\/uploads\/2019\/11\/Downfall_500_post-250x250.png 250w\" sizes=\"(max-width: 500px) 100vw, 500px\" \/><\/a><\/figure>\n<\/div>\n\n\n\n<div class=\"wp-block-column\" style=\"flex-basis:66.66%\">\n<h3>Caduta<\/h3>\n\n\n\n<p>Beanstalk \u00e8 stata attaccata. Il mondo non sar\u00e0 pi\u00f9 lo stesso.<\/p>\n\n\n\n<p><em>Caduta<\/em> \u00e8 un&#8217;espansione di 65 carte, la prima met\u00e0 del <em>Ciclo Ceneri,<\/em> e il primo set Netrunner originale Null Signal. \u00c8 caratterizzato da illustrazioni e un design grafico completamente nuovi e contiene un design carta in parte rinnovato ma comunque familiare.<\/p>\n\n\n\n<div class=\"wp-block-buttons\">\n<div class=\"wp-block-button\"><a class=\"wp-block-button__link\" href=\"https:\/\/nullsignal.games\/it\/prodotti\/downfall-it\/\">Scopri di pi\u00f9&#8230;<\/a><\/div>\n<\/div>\n<\/div>\n<\/div>\n\n<h2>Espansioni e set addizionali<\/h2>\n\n<p>Questi sono pacchi pi\u00f9 piccoli di carte supplementari, prodotti al di fuori del nostro tipico ciclo di rilascio.<\/p>\n\n<div class=\"wp-block-columns\">\n<div class=\"wp-block-column\" style=\"flex-basis:33.33%\">\n<figure class=\"wp-block-image size-large\"><a href=\"https:\/\/nullsignal.games\/it\/prodotti\/magnumopus-it\/\"><img loading=\"lazy\" width=\"500\" height=\"500\" src=\"https:\/\/nullsignal.games\/wp-content\/uploads\/2020\/03\/Mopus-500.png\" alt=\"\" class=\"wp-image-7849\" srcset=\"https:\/\/nullsignal.games\/wp-content\/uploads\/2020\/03\/Mopus-500.png 500w, https:\/\/nullsignal.games\/wp-content\/uploads\/2020\/03\/Mopus-500-150x150.png 150w, https:\/\/nullsignal.games\/wp-content\/uploads\/2020\/03\/Mopus-500-100x100.png 100w, https:\/\/nullsignal.games\/wp-content\/uploads\/2020\/03\/Mopus-500-300x300.png 300w, https:\/\/nullsignal.games\/wp-content\/uploads\/2020\/03\/Mopus-500-250x250.png 250w\" sizes=\"(max-width: 500px) 100vw, 500px\" \/><\/a><\/figure>\n\n\n\n<p><\/p>\n<\/div>\n\n\n\n<div class=\"wp-block-column\" style=\"flex-basis:66.66%\">\n<h3>Ristampa Magnum Opus<\/h3>\n\n\n\n<p>Ristampa delle carte Campionato a tiratura limitata distribuite all&#8217;evento Magnum Opus nel 2018, con grafica e testo aggiornati.<\/p>\n\n\n\n<div class=\"wp-block-buttons\">\n<div class=\"wp-block-button\"><a class=\"wp-block-button__link\" href=\"https:\/\/nullsignal.games\/it\/prodotti\/magnumopus-it\/\">Scopri di pi\u00f9&#8230;<\/a><\/div>\n<\/div>\n<\/div>\n<\/div>\n\n<h2>Prodotti Storici<\/h2>\n\n<p>Questi prodotti non sono pi\u00f9 disponibili, ma sono archiviati qui per i posteri.<\/p>\n\n<div class=\"wp-block-columns\">\n<div class=\"wp-block-column\" style=\"flex-basis:33.33%\">\n<figure class=\"wp-block-image size-large\"><img src=\"https:\/\/nullsignal.games\/wp-content\/uploads\/2022\/03\/MSBP-Box-Art-SG-Style.png\" alt=\"\"\/><\/figure>\n<\/div>\n\n\n\n<div class=\"wp-block-column\" style=\"flex-basis:66.66%\">\n<h3>Busta Sole di Mezzanotte<\/h3>\n\n\n\n<p>Il <em>Busta Sole di Mezzanotte<\/em> era una piccola versione interstiziale con sette carte, una per ogni fazione, scelte dalla prossima uscita di Null Signal <em>Sole di Mezzanotte.<\/em> Queste sette carte sono state selezionate sia per aggiunge variet\u00e0 nei formati Standard e Startup, sia come assaggio delle meccaniche e dei temi che faranno parte del set completo. Ogni carta nella <em>Busta Sole di Mezzanotte<\/em> \u00e8 stata stampata in full frame per mostrare appieno l&#8217;illustrazione.<\/p>\n\n\n\n<div class=\"wp-block-buttons\">\n<div class=\"wp-block-button\"><a class=\"wp-block-button__link\" href=\"https:\/\/nullsignal.games\/it\/prodotti\/busta-sole-di-mezzanotte\/\">Scopri di pi\u00f9&#8230;<\/a><\/div>\n<\/div>\n<\/div>\n<\/div>\n\n<div class=\"wp-block-columns\">\n<div class=\"wp-block-column\" style=\"flex-basis:33.33%\">\n<div class=\"wp-block-image\"><figure class=\"aligncenter size-full\"><img loading=\"lazy\" width=\"100\" height=\"100\" src=\"https:\/\/nullsignal.games\/wp-content\/uploads\/2022\/02\/SC19.png\" alt=\"Icona System Core 2019\" class=\"wp-image-23115\"\/><\/figure><\/div>\n<\/div>\n\n\n\n<div class=\"wp-block-column\" style=\"flex-basis:66.66%\">\n<h3>System Core 2019<\/h3>\n\n\n\n<p>Primo &#8220;pacchetto introduttivo&#8221; di Null Signal per Netrunner. <em>System Core 2019<\/em> \u00e8 un prodotto esclusivamente virtuale; una lista di carte che i giocatori possono comporre da collezioni preesistenti per creare un nuovo &#8220;set core&#8221;.<\/p>\n\n\n\n<div class=\"wp-block-buttons\">\n<div class=\"wp-block-button\"><a class=\"wp-block-button__link\" href=\"https:\/\/nullsignal.games\/products\/system-core-2019\/\">Scopri di pi\u00f9&#8230;<\/a><\/div>\n<\/div>\n\n\n\n<p><\/p>\n<\/div>\n<\/div>\n\n<h2>Prossima uscita<\/h2>\n\n<p>Vuoi scoprire cosa sta per uscire? Appena i nostri progetti Netrunner avanzano nella linea produttiva, noi inizieremo a listarli nella nostra pagina <a href=\"https:\/\/nullsignal.games\/products\/upcoming\/\">Upcoming<\/a>. Quando ci sono sufficienti informazioni pubblicate e la pubblicazione si avvicina, daremo al prodotto una pagina dedicata.<\/p>\n\n<div class=\"wp-block-buttons is-content-justification-center\">\n<div class=\"wp-block-button\"><a class=\"wp-block-button__link\" href=\"https:\/\/nullsignal.games\/products\/upcoming\/\">Guarda cosa stiamo rilasciando<\/a><\/div>\n<\/div>\n\n<h2>Programma Scambio Prodotto<\/h2>\n\n<p>Se acquisti i nostri set con <a href=\"https:\/\/nullsignal.games\/blog\/a-change\/\">retro carta obsoleto<\/a>, potresti essere idoneo a scambiarli con la versione rimasterizzata dei nostri set appena questi vengono rilasciati. Gentilmente visita <a href=\"https:\/\/nullsignal.games\/products\/product-exchange-program\/\">questa pagina<\/a> per avere dettagli su come ottenere vantaggi da questo.<\/p>\n\n<h2>Supporto al Prodotto<\/h2>\n\n<p>Gentilmente visita la nostra <a href=\"https:\/\/nullsignal.games\/products\/product-support\/\">Pagina Supporto Prodotto<\/a> se hai problemi o domande ulteriori a quelle gi\u00e0 presenti nei precedenti link.<\/p>\n\n<p><\/p>\n","protected":false},"excerpt":{"rendered":"<p>Progettiamo e testiamo in prima persona carte Netrunner originali per far divertire la Community. Scopri di pi\u00f9 di seguito riguardo i nostri set. Se vivi in determinati paesi (attualmente Stati [&hellip;]<\/p>\n","protected":false},"author":43,"featured_media":0,"parent":0,"menu_order":0,"comment_status":"closed","ping_status":"closed","template":"","meta":{"advgb_blocks_editor_width":"","advgb_blocks_columns_visual_guide":"","kt_blocks_editor_width":"","_links_to":"","_links_to_target":""},"pp_force_visibility":null,"pp_subpost_visibility":null,"pp_inherited_force_visibility":null,"pp_inherited_subpost_visibility":null,"yoast_head":"<!-- This site is optimized with the Yoast SEO plugin v17.7.1 - https:\/\/yoast.com\/wordpress\/plugins\/seo\/ -->\n<title>Prodotti - Null Signal Games<\/title>\n<meta name=\"robots\" content=\"index, follow, max-snippet:-1, max-image-preview:large, max-video-preview:-1\" \/>\n<link rel=\"canonical\" href=\"https:\/\/nullsignal.games\/it\/prodotti\/\" \/>\n<meta property=\"og:locale\" content=\"it_IT\" \/>\n<meta property=\"og:type\" content=\"article\" \/>\n<meta property=\"og:title\" content=\"Prodotti - Null Signal Games\" \/>\n<meta property=\"og:description\" content=\"Progettiamo e testiamo in prima persona carte Netrunner originali per far divertire la Community. Scopri di pi\u00f9 di seguito riguardo i nostri set. Se vivi in determinati paesi (attualmente Stati [&hellip;]\" \/>\n<meta property=\"og:url\" content=\"https:\/\/nullsignal.games\/it\/prodotti\/\" \/>\n<meta property=\"og:site_name\" content=\"Null Signal Games\" \/>\n<meta property=\"article:publisher\" content=\"https:\/\/www.facebook.com\/NetrunnerNISEI\" \/>\n<meta property=\"article:modified_time\" content=\"2023-01-31T10:03:23+00:00\" \/>\n<meta property=\"og:image\" content=\"https:\/\/nullsignal.games\/wp-content\/uploads\/2021\/03\/Gateway-CoverRGB-1-1024x1024.png\" \/>\n<meta name=\"twitter:card\" content=\"summary_large_image\" \/>\n<meta name=\"twitter:site\" content=\"@ProjectNISEI\" \/>\n<meta name=\"twitter:label1\" content=\"Tempo di lettura stimato\" \/>\n\t<meta name=\"twitter:data1\" content=\"6 minuti\" \/>\n<script type=\"application\/ld+json\" class=\"yoast-schema-graph\">{\"@context\":\"https:\/\/schema.org\",\"@graph\":[{\"@type\":\"Organization\",\"@id\":\"https:\/\/nisei.net\/#organization\",\"name\":\"NISEI\",\"url\":\"https:\/\/nisei.net\/\",\"sameAs\":[\"https:\/\/www.facebook.com\/NetrunnerNISEI\",\"https:\/\/www.youtube.com\/channel\/UC4j5b7f95JGN4RHvXS_7z1Q\",\"https:\/\/twitter.com\/ProjectNISEI\"],\"logo\":{\"@type\":\"ImageObject\",\"@id\":\"https:\/\/nisei.net\/#logo\",\"inLanguage\":\"it-IT\",\"url\":\"https:\/\/nullsignal.games\/wp-content\/uploads\/2020\/08\/cropped-logo_black.png\",\"contentUrl\":\"https:\/\/nullsignal.games\/wp-content\/uploads\/2020\/08\/cropped-logo_black.png\",\"width\":512,\"height\":512,\"caption\":\"NISEI\"},\"image\":{\"@id\":\"https:\/\/nisei.net\/#logo\"}},{\"@type\":\"WebSite\",\"@id\":\"https:\/\/nisei.net\/#website\",\"url\":\"https:\/\/nisei.net\/\",\"name\":\"NISEI\",\"description\":\"The Future of Netrunner\",\"publisher\":{\"@id\":\"https:\/\/nisei.net\/#organization\"},\"potentialAction\":[{\"@type\":\"SearchAction\",\"target\":{\"@type\":\"EntryPoint\",\"urlTemplate\":\"https:\/\/nisei.net\/?s={search_term_string}\"},\"query-input\":\"required name=search_term_string\"}],\"inLanguage\":\"it-IT\"},{\"@type\":\"ImageObject\",\"@id\":\"https:\/\/nullsignal.games\/it\/prodotti\/#primaryimage\",\"inLanguage\":\"it-IT\",\"url\":\"https:\/\/nullsignal.games\/wp-content\/uploads\/2021\/03\/Gateway-CoverRGB-1.png\",\"contentUrl\":\"https:\/\/nullsignal.games\/wp-content\/uploads\/2021\/03\/Gateway-CoverRGB-1.png\",\"width\":1500,\"height\":1500,\"caption\":\"System Gateway: Starter Pack\"},{\"@type\":\"WebPage\",\"@id\":\"https:\/\/nullsignal.games\/it\/prodotti\/#webpage\",\"url\":\"https:\/\/nullsignal.games\/it\/prodotti\/\",\"name\":\"Prodotti - Null Signal Games\",\"isPartOf\":{\"@id\":\"https:\/\/nisei.net\/#website\"},\"primaryImageOfPage\":{\"@id\":\"https:\/\/nullsignal.games\/it\/prodotti\/#primaryimage\"},\"datePublished\":\"2020-03-02T04:35:48+00:00\",\"dateModified\":\"2023-01-31T10:03:23+00:00\",\"breadcrumb\":{\"@id\":\"https:\/\/nullsignal.games\/it\/prodotti\/#breadcrumb\"},\"inLanguage\":\"it-IT\",\"potentialAction\":[{\"@type\":\"ReadAction\",\"target\":[\"https:\/\/nullsignal.games\/it\/prodotti\/\"]}]},{\"@type\":\"BreadcrumbList\",\"@id\":\"https:\/\/nullsignal.games\/it\/prodotti\/#breadcrumb\",\"itemListElement\":[{\"@type\":\"ListItem\",\"position\":1,\"name\":\"Home\",\"item\":\"https:\/\/nullsignal.games\/it\/\"},{\"@type\":\"ListItem\",\"position\":2,\"name\":\"Prodotti\"}]}]}<\/script>\n<!-- \/ Yoast SEO plugin. -->","yoast_head_json":{"title":"Prodotti - Null Signal Games","robots":{"index":"index","follow":"follow","max-snippet":"max-snippet:-1","max-image-preview":"max-image-preview:large","max-video-preview":"max-video-preview:-1"},"canonical":"https:\/\/nullsignal.games\/it\/prodotti\/","og_locale":"it_IT","og_type":"article","og_title":"Prodotti - Null Signal Games","og_description":"Progettiamo e testiamo in prima persona carte Netrunner originali per far divertire la Community. Scopri di pi\u00f9 di seguito riguardo i nostri set. Se vivi in determinati paesi (attualmente Stati [&hellip;]","og_url":"https:\/\/nullsignal.games\/it\/prodotti\/","og_site_name":"Null Signal Games","article_publisher":"https:\/\/www.facebook.com\/NetrunnerNISEI","article_modified_time":"2023-01-31T10:03:23+00:00","og_image":[{"url":"https:\/\/nullsignal.games\/wp-content\/uploads\/2021\/03\/Gateway-CoverRGB-1-1024x1024.png"}],"twitter_card":"summary_large_image","twitter_site":"@ProjectNISEI","twitter_misc":{"Tempo di lettura stimato":"6 minuti"},"schema":{"@context":"https:\/\/schema.org","@graph":[{"@type":"Organization","@id":"https:\/\/nisei.net\/#organization","name":"NISEI","url":"https:\/\/nisei.net\/","sameAs":["https:\/\/www.facebook.com\/NetrunnerNISEI","https:\/\/www.youtube.com\/channel\/UC4j5b7f95JGN4RHvXS_7z1Q","https:\/\/twitter.com\/ProjectNISEI"],"logo":{"@type":"ImageObject","@id":"https:\/\/nisei.net\/#logo","inLanguage":"it-IT","url":"https:\/\/nullsignal.games\/wp-content\/uploads\/2020\/08\/cropped-logo_black.png","contentUrl":"https:\/\/nullsignal.games\/wp-content\/uploads\/2020\/08\/cropped-logo_black.png","width":512,"height":512,"caption":"NISEI"},"image":{"@id":"https:\/\/nisei.net\/#logo"}},{"@type":"WebSite","@id":"https:\/\/nisei.net\/#website","url":"https:\/\/nisei.net\/","name":"NISEI","description":"The Future of Netrunner","publisher":{"@id":"https:\/\/nisei.net\/#organization"},"potentialAction":[{"@type":"SearchAction","target":{"@type":"EntryPoint","urlTemplate":"https:\/\/nisei.net\/?s={search_term_string}"},"query-input":"required name=search_term_string"}],"inLanguage":"it-IT"},{"@type":"ImageObject","@id":"https:\/\/nullsignal.games\/it\/prodotti\/#primaryimage","inLanguage":"it-IT","url":"https:\/\/nullsignal.games\/wp-content\/uploads\/2021\/03\/Gateway-CoverRGB-1.png","contentUrl":"https:\/\/nullsignal.games\/wp-content\/uploads\/2021\/03\/Gateway-CoverRGB-1.png","width":1500,"height":1500,"caption":"System Gateway: Starter Pack"},{"@type":"WebPage","@id":"https:\/\/nullsignal.games\/it\/prodotti\/#webpage","url":"https:\/\/nullsignal.games\/it\/prodotti\/","name":"Prodotti - Null Signal Games","isPartOf":{"@id":"https:\/\/nisei.net\/#website"},"primaryImageOfPage":{"@id":"https:\/\/nullsignal.games\/it\/prodotti\/#primaryimage"},"datePublished":"2020-03-02T04:35:48+00:00","dateModified":"2023-01-31T10:03:23+00:00","breadcrumb":{"@id":"https:\/\/nullsignal.games\/it\/prodotti\/#breadcrumb"},"inLanguage":"it-IT","potentialAction":[{"@type":"ReadAction","target":["https:\/\/nullsignal.games\/it\/prodotti\/"]}]},{"@type":"BreadcrumbList","@id":"https:\/\/nullsignal.games\/it\/prodotti\/#breadcrumb","itemListElement":[{"@type":"ListItem","position":1,"name":"Home","item":"https:\/\/nullsignal.games\/it\/"},{"@type":"ListItem","position":2,"name":"Prodotti"}]}]}},"coauthors":[{"link":"https:\/\/nullsignal.games\/it\/blog\/author\/absotively\/","display_name":"Absotively"}],"author_meta":{"author_link":"https:\/\/nullsignal.games\/it\/blog\/author\/spencer-dub\/","display_name":"Spencer Dub"},"relative_dates":{"created":"Pubblicato 6 anni fa","modified":"Aggiornato 3 anni fa"},"absolute_dates":{"created":"Pubblicato il Marzo 2, 2020","modified":"Aggiornato il Gennaio 31, 2023"},"absolute_dates_time":{"created":"Pubblicato il Marzo 2, 2020 4:35 am","modified":"Aggiornato il Gennaio 31, 2023 10:03 am"},"featured_img_caption":"","featured_img":false,"series_order":"","_links":{"self":[{"href":"https:\/\/nullsignal.games\/it\/wp-json\/wp\/v2\/pages\/2160"}],"collection":[{"href":"https:\/\/nullsignal.games\/it\/wp-json\/wp\/v2\/pages"}],"about":[{"href":"https:\/\/nullsignal.games\/it\/wp-json\/wp\/v2\/types\/page"}],"author":[{"embeddable":true,"href":"https:\/\/nullsignal.games\/it\/wp-json\/wp\/v2\/users\/43"}],"replies":[{"embeddable":true,"href":"https:\/\/nullsignal.games\/it\/wp-json\/wp\/v2\/comments?post=2160"}],"version-history":[{"count":10,"href":"https:\/\/nullsignal.games\/it\/wp-json\/wp\/v2\/pages\/2160\/revisions"}],"predecessor-version":[{"id":36381,"href":"https:\/\/nullsignal.games\/it\/wp-json\/wp\/v2\/pages\/2160\/revisions\/36381"}],"wp:attachment":[{"href":"https:\/\/nullsignal.games\/it\/wp-json\/wp\/v2\/media?parent=2160"}],"curies":[{"name":"wp","href":"https:\/\/api.w.org\/{rel}","templated":true}]}}