{"id":38670,"date":"2023-05-31T15:10:20","date_gmt":"2023-05-31T15:10:20","guid":{"rendered":"https:\/\/nullsignal.games\/quest-ce-que-null-signal-games\/"},"modified":"2023-05-31T15:10:23","modified_gmt":"2023-05-31T15:10:23","slug":"quest-ce-que-null-signal-games","status":"publish","type":"page","link":"https:\/\/nullsignal.games\/fr\/quest-ce-que-null-signal-games\/","title":{"rendered":"Qu&rsquo;est-ce que Null Signal Games ?"},"content":{"rendered":"\n<p>Null Signal Games est un \u00e9diteur de jeux op\u00e9rant en tant que soci\u00e9t\u00e9 \u00e0 but non lucratif. Notre seul produit actuel est le jeu de cartes \u00e9volutif Netrunner, que nous continuons suite \u00e0 la fin de son support par son pr\u00e9c\u00e9dent \u00e9diteur, Fantasy Flight Games. <\/p>\n\n<p>Nous le faisons principalement en cr\u00e9ant de nouveaux ensembles de cartes originales pour Netrunner. Ceux-ci sont int\u00e9gralement compatibles avec les cartes de <em>Android : Netrunner<\/em> de l&rsquo;\u00e8re FFG.<\/p>\n\n<p>Our products include <a href=\"https:\/\/nullsignal.games\/products\/system-gateway\/\"><em>System Gateway<\/em><\/a>, a new beginner set aiming to be a fully self-contained introductory experience, and our first two cycles, the <em>Ashes Cycle,<\/em> consisting of <a href=\"https:\/\/nullsignal.games\/products\/downfall\/\"><em>Downfall<\/em><\/a> and <a href=\"https:\/\/nullsignal.games\/products\/uprising\/\"><em>Uprising<\/em><\/a>, the <em>Borealis Cycle<\/em>, consisting of <a href=\"https:\/\/nullsignal.games\/products\/midnight-sun\/\"><em>Midnight Sun<\/em><\/a> and <em><a href=\"https:\/\/nullsignal.games\/products\/parhelion\">Parhelion<\/a><\/em>, and our currently in-development third cycle, codenamed \u00ab\u00a0Bell-Tower\u00a0\u00bb. Our cards are translated into several languages, and are available to buy through print-on-demand services as well as a growing number of resellers. As we believe that Netrunner should be accessible to all, we also provide print-and-play PDFs of our cards for anyone to download for free or for a pay-as-you-feel donation. Home-printed proxies are fully accepted and tournament-legal in all Null Signal Games organized play events.<\/p>\n\n<p>En plus de publier de nouvelles extensions, nous g\u00e9rons l&rsquo;ensemble des cartes existantes, autant en sortant les extensions les plus anciennes lorsque de nouvelles sont publi\u00e9es, qu&rsquo;\u00e0 travers une gestion active de l&rsquo;environnement de jeu par l&rsquo;utilisation de bannissements ou de restrictions. Notre \u00e9quipe en charge de l&rsquo;\u00e9quilibre supporte trois formats comp\u00e9titifs : Startup, qui ne contient que des produits Null Signal Games, Standard, qui a une ensemble plus large de cartes incluant les extensions FFG les plus r\u00e9centes, et Eternal, qui contient toutes les publications <em>Android: Netrunner <\/em> et Null Signal Games. <\/p>\n\n<p>Null Signal Games g\u00e8re \u00e9galement le jeu organis\u00e9 Netrunner. Nous le faisons en cr\u00e9ant des kits de prix pour les soir\u00e9es de jeu amicales, ainsi qu&rsquo;en g\u00e9rant la saison comp\u00e9titive de Netrunner, en commen\u00e7ant par les tournois locaux appel\u00e9s Ouverture de Circuit et en continuant avec les Championnats Nationaux, Continentaux et Mondiaux. Les tournois de plus bas niveaux sont propos\u00e9s par des organisateurs de tournois locaux, que nous supportons avec des des kits de prix, des outils de gestion de tournois, et d&rsquo;autres ressources, tandis que les championnats Continentaux et Mondiaux sont propos\u00e9s par notre Equipe de Jeu Organis\u00e9.<\/p>\n\n<p>Enfin, notre \u00e9quipe en charge des r\u00e8gles maintient les documents de r\u00e8gle en \u00e9volution constante qui rendent le jeu possible, et aussi formate le texte des nouvelles cartes pour s&rsquo;assurer de la clart\u00e9 et du manque de conflits.<\/p>\n\n<p>Les employ\u00e9s de Null Signal Games sont des volontaires b\u00e9n\u00e9voles. Nos cartes sont cr\u00e9\u00e9es par notre \u00e9quipe de conception et de d\u00e9veloppement, avec un processus de d\u00e9veloppement impliquant des douzaines de testeurs b\u00e9n\u00e9voles de la communaut\u00e9 de Netrunner. Les illustrations des cartes et tous les \u00e9l\u00e9ments visuels sont cr\u00e9\u00e9s par notre \u00e9quipe de conception graphique ou par des artistes professionnels commissionn\u00e9s et r\u00e9mun\u00e9r\u00e9s au prix du march\u00e9. Tous nos volontaires viennent de la communaut\u00e9 de Netrunner au sens large et sont motiv\u00e9s par le d\u00e9sir de garder Netrunner prosp\u00e8re et de l&rsquo;introduire aupr\u00e8s du plus grand nombre de nouveaux joueurs possible, plut\u00f4t que par le profit. Null Signal Games est une organisation enregistr\u00e9e a but non lucratif et r\u00e9investit tout ses revenus dans la cr\u00e9ation de futures extensions de Netrunner, ainsi que dans le support du jeu organis\u00e9. Si vous souhaitez rejoindre Null Signal Games, vous pouvez regarder notre <a href=\"https:\/\/nullsignal.games\/about\/what-is-null-signal\/join\/\">liste des postes ouverts<\/a>. Vous pouvez donner pour soutenir notre travail par <a href=\"https:\/\/www.paypal.com\/paypalme\/niseiproject\">PayPal<\/a>, ou en rejoignant notre <a href=\"https:\/\/www.patreon.com\/m\/NullSignalGames\">Patreon<\/a>.<\/p>\n\n<h2 id=\"theTeam\">L&rsquo;\u00c9quipe<\/h2>\n\n<p>Ci-dessous vous trouverez la liste des \u00e9quipes dirigeantes et encadrantes actuelles. Contactez nous sur <a href=\"https:\/\/stimhack.slack.com\/\">stimhack.slack.com<\/a> dans les canaux #NullSignal et #future, sur le Twitter <a href=\"https:\/\/twitter.com\/NullSignalGames\">@NullSignalGames<\/a>, et sur le Facebook <a href=\"https:\/\/www.facebook.com\/NullSignalGames\/\">NullSignalGames<\/a>. Vous pouvez contacter notre \u00e9quipe R\u00e8gles sur le Twitter <a href=\"https:\/\/twitter.com\/NISEI_Rules\">@Netrunner_Rules<\/a>.<\/p>\n\n<p>La plupart de nos d\u00e9partements ont une adresse courriel d\u00e9di\u00e9e, mais si vous n&rsquo;\u00eates pas s\u00fbr duquel contacter, alors notre courriel de \u00ab r\u00e9ception \u00bb est <strong>info@nullsignal.games<\/strong><\/p>\n\n<h3>L&rsquo;\u00c9xecutif<\/h3>\n\n<ul><li>icecoldjazz (he\/him) <em>\u2014<\/em> Pr\u00e9sident <em>\u2014<\/em> president@nullsignal.games<\/li><li>SwearyPrincess (she\/her) <em>\u2014<\/em> Vice-Pr\u00e9sidente de l&rsquo;Action<em> \u2014 <\/em>serenity@nullsignal.games<\/li><li>KevinTame (he\/him) <em>\u2014<\/em> VP of Product<em> \u2014<\/em> kevintame@nullsignal.games<\/li><\/ul>\n\n<h3>\u00c9quipe d&rsquo;Encadrement<\/h3>\n\n<ul><li>Spencer Dub (he\/they) <em>\u2014<\/em> Communaut\u00e9<em> \u2014<\/em> community@nullsignal.games<\/li><li>McGregor (he\/him) <em>\u2014<\/em> Design <em>(interim)<\/em> \u2014 design@nullsignal.games<\/li><li>divadus (he\/him) <em>\u2014<\/em> D\u00e9veloppement \u2014 development@nullsignal.games<\/li><li>Paillu (ey\/em)<em> \u2014 <\/em>Equality, Diversity, Inclusion<em> \u2014<\/em> edi@nullsignal.games<\/li><li>DanB (he\/him) <em>\u2014<\/em> Marketing<em> \u2014<\/em> marketing@nullsignal.games<\/li><li>Anzekay (they\/them) <em>\u2014<\/em> Narration<em> \u2014<\/em> narrative@nullsignal.games<\/li><li>Orbital Tangent (he\/him) <em>\u2014<\/em> Jeu Organis\u00e9<em> \u2014<\/em> op@nullsignal.games<\/li><li>Extrac (he\/him)<em> \u2014<\/em> Production \u2014 production@nullsignal.games<\/li><li>neuropantser (he\/him) <em>\u2014<\/em> Recrutement<em> \u2014<\/em> recruitment@nullsignal.games<\/li><li>Jamie Perconti (they\/them) <em>\u2014<\/em> R\u00e8gles<em> \u2014<\/em> rules@nullsignal.games<\/li><li>lostgeek (he\/him) <em>\u2014<\/em> \u00c9quipe d&rsquo;\u00c9quilibrage du Standard<\/li><li>MrBuggles (he\/him) and PouchSurfer (he\/him) <em>\u2014<\/em> Translation<em> \u2014<\/em> translation@nullsignal.games<\/li><li>Conrad \u00ab\u00a0Banknote\u00a0\u00bb (he\/him) <em>\u2014<\/em> Visuels<em> \u2014<\/em> art@nullsignal.games<\/li><li>Ams (she\/her) <em>\u2014<\/em> WebDevelopment<em> \u2014<\/em> website@nullsignal.games<\/li><\/ul>\n\n<p><\/p>\n","protected":false},"excerpt":{"rendered":"<p>Null Signal Games est un \u00e9diteur de jeux op\u00e9rant en tant que soci\u00e9t\u00e9 \u00e0 but non lucratif. Notre seul produit actuel est le jeu de cartes \u00e9volutif Netrunner, que nous [&hellip;]<\/p>\n","protected":false},"author":15,"featured_media":0,"parent":0,"menu_order":2,"comment_status":"closed","ping_status":"closed","template":"","meta":{"advgb_blocks_editor_width":"","advgb_blocks_columns_visual_guide":"","kt_blocks_editor_width":"","_links_to":"","_links_to_target":""},"pp_force_visibility":null,"pp_subpost_visibility":null,"pp_inherited_force_visibility":null,"pp_inherited_subpost_visibility":null,"yoast_head":"<!-- This site is optimized with the Yoast SEO plugin v17.7.1 - https:\/\/yoast.com\/wordpress\/plugins\/seo\/ -->\n<title>Qu&#039;est-ce que Null Signal Games ? - Null Signal Games<\/title>\n<meta name=\"robots\" content=\"index, follow, max-snippet:-1, max-image-preview:large, max-video-preview:-1\" \/>\n<link rel=\"canonical\" href=\"https:\/\/nullsignal.games\/fr\/quest-ce-que-null-signal-games\/\" \/>\n<meta property=\"og:locale\" content=\"fr_FR\" \/>\n<meta property=\"og:type\" content=\"article\" \/>\n<meta property=\"og:title\" content=\"Qu&#039;est-ce que Null Signal Games ? - Null Signal Games\" \/>\n<meta property=\"og:description\" content=\"Null Signal Games est un \u00e9diteur de jeux op\u00e9rant en tant que soci\u00e9t\u00e9 \u00e0 but non lucratif. Notre seul produit actuel est le jeu de cartes \u00e9volutif Netrunner, que nous [&hellip;]\" \/>\n<meta property=\"og:url\" content=\"https:\/\/nullsignal.games\/fr\/quest-ce-que-null-signal-games\/\" \/>\n<meta property=\"og:site_name\" content=\"Null Signal Games\" \/>\n<meta property=\"article:publisher\" content=\"https:\/\/www.facebook.com\/NetrunnerNISEI\" \/>\n<meta property=\"article:modified_time\" content=\"2023-05-31T15:10:23+00:00\" \/>\n<meta name=\"twitter:card\" content=\"summary_large_image\" \/>\n<meta name=\"twitter:site\" content=\"@ProjectNISEI\" \/>\n<meta name=\"twitter:label1\" content=\"Dur\u00e9e de lecture estim\u00e9e\" \/>\n\t<meta name=\"twitter:data1\" content=\"4 minutes\" \/>\n<script type=\"application\/ld+json\" class=\"yoast-schema-graph\">{\"@context\":\"https:\/\/schema.org\",\"@graph\":[{\"@type\":\"Organization\",\"@id\":\"https:\/\/nisei.net\/#organization\",\"name\":\"NISEI\",\"url\":\"https:\/\/nisei.net\/\",\"sameAs\":[\"https:\/\/www.facebook.com\/NetrunnerNISEI\",\"https:\/\/www.youtube.com\/channel\/UC4j5b7f95JGN4RHvXS_7z1Q\",\"https:\/\/twitter.com\/ProjectNISEI\"],\"logo\":{\"@type\":\"ImageObject\",\"@id\":\"https:\/\/nisei.net\/#logo\",\"inLanguage\":\"fr-FR\",\"url\":\"https:\/\/nullsignal.games\/wp-content\/uploads\/2020\/08\/cropped-logo_black.png\",\"contentUrl\":\"https:\/\/nullsignal.games\/wp-content\/uploads\/2020\/08\/cropped-logo_black.png\",\"width\":512,\"height\":512,\"caption\":\"NISEI\"},\"image\":{\"@id\":\"https:\/\/nisei.net\/#logo\"}},{\"@type\":\"WebSite\",\"@id\":\"https:\/\/nisei.net\/#website\",\"url\":\"https:\/\/nisei.net\/\",\"name\":\"NISEI\",\"description\":\"The Future of Netrunner\",\"publisher\":{\"@id\":\"https:\/\/nisei.net\/#organization\"},\"potentialAction\":[{\"@type\":\"SearchAction\",\"target\":{\"@type\":\"EntryPoint\",\"urlTemplate\":\"https:\/\/nisei.net\/?s={search_term_string}\"},\"query-input\":\"required name=search_term_string\"}],\"inLanguage\":\"fr-FR\"},{\"@type\":\"WebPage\",\"@id\":\"https:\/\/nullsignal.games\/fr\/quest-ce-que-null-signal-games\/#webpage\",\"url\":\"https:\/\/nullsignal.games\/fr\/quest-ce-que-null-signal-games\/\",\"name\":\"Qu'est-ce que Null Signal Games ? - Null Signal Games\",\"isPartOf\":{\"@id\":\"https:\/\/nisei.net\/#website\"},\"datePublished\":\"2023-05-31T15:10:20+00:00\",\"dateModified\":\"2023-05-31T15:10:23+00:00\",\"breadcrumb\":{\"@id\":\"https:\/\/nullsignal.games\/fr\/quest-ce-que-null-signal-games\/#breadcrumb\"},\"inLanguage\":\"fr-FR\",\"potentialAction\":[{\"@type\":\"ReadAction\",\"target\":[\"https:\/\/nullsignal.games\/fr\/quest-ce-que-null-signal-games\/\"]}]},{\"@type\":\"BreadcrumbList\",\"@id\":\"https:\/\/nullsignal.games\/fr\/quest-ce-que-null-signal-games\/#breadcrumb\",\"itemListElement\":[{\"@type\":\"ListItem\",\"position\":1,\"name\":\"Home\",\"item\":\"https:\/\/nullsignal.games\/fr\/null-signal-games\/\"},{\"@type\":\"ListItem\",\"position\":2,\"name\":\"Qu&rsquo;est-ce que Null Signal Games ?\"}]}]}<\/script>\n<!-- \/ Yoast SEO plugin. -->","yoast_head_json":{"title":"Qu'est-ce que Null Signal Games ? - Null Signal Games","robots":{"index":"index","follow":"follow","max-snippet":"max-snippet:-1","max-image-preview":"max-image-preview:large","max-video-preview":"max-video-preview:-1"},"canonical":"https:\/\/nullsignal.games\/fr\/quest-ce-que-null-signal-games\/","og_locale":"fr_FR","og_type":"article","og_title":"Qu'est-ce que Null Signal Games ? - Null Signal Games","og_description":"Null Signal Games est un \u00e9diteur de jeux op\u00e9rant en tant que soci\u00e9t\u00e9 \u00e0 but non lucratif. Notre seul produit actuel est le jeu de cartes \u00e9volutif Netrunner, que nous [&hellip;]","og_url":"https:\/\/nullsignal.games\/fr\/quest-ce-que-null-signal-games\/","og_site_name":"Null Signal Games","article_publisher":"https:\/\/www.facebook.com\/NetrunnerNISEI","article_modified_time":"2023-05-31T15:10:23+00:00","twitter_card":"summary_large_image","twitter_site":"@ProjectNISEI","twitter_misc":{"Dur\u00e9e de lecture estim\u00e9e":"4 minutes"},"schema":{"@context":"https:\/\/schema.org","@graph":[{"@type":"Organization","@id":"https:\/\/nisei.net\/#organization","name":"NISEI","url":"https:\/\/nisei.net\/","sameAs":["https:\/\/www.facebook.com\/NetrunnerNISEI","https:\/\/www.youtube.com\/channel\/UC4j5b7f95JGN4RHvXS_7z1Q","https:\/\/twitter.com\/ProjectNISEI"],"logo":{"@type":"ImageObject","@id":"https:\/\/nisei.net\/#logo","inLanguage":"fr-FR","url":"https:\/\/nullsignal.games\/wp-content\/uploads\/2020\/08\/cropped-logo_black.png","contentUrl":"https:\/\/nullsignal.games\/wp-content\/uploads\/2020\/08\/cropped-logo_black.png","width":512,"height":512,"caption":"NISEI"},"image":{"@id":"https:\/\/nisei.net\/#logo"}},{"@type":"WebSite","@id":"https:\/\/nisei.net\/#website","url":"https:\/\/nisei.net\/","name":"NISEI","description":"The Future of Netrunner","publisher":{"@id":"https:\/\/nisei.net\/#organization"},"potentialAction":[{"@type":"SearchAction","target":{"@type":"EntryPoint","urlTemplate":"https:\/\/nisei.net\/?s={search_term_string}"},"query-input":"required name=search_term_string"}],"inLanguage":"fr-FR"},{"@type":"WebPage","@id":"https:\/\/nullsignal.games\/fr\/quest-ce-que-null-signal-games\/#webpage","url":"https:\/\/nullsignal.games\/fr\/quest-ce-que-null-signal-games\/","name":"Qu'est-ce que Null Signal Games ? - Null Signal Games","isPartOf":{"@id":"https:\/\/nisei.net\/#website"},"datePublished":"2023-05-31T15:10:20+00:00","dateModified":"2023-05-31T15:10:23+00:00","breadcrumb":{"@id":"https:\/\/nullsignal.games\/fr\/quest-ce-que-null-signal-games\/#breadcrumb"},"inLanguage":"fr-FR","potentialAction":[{"@type":"ReadAction","target":["https:\/\/nullsignal.games\/fr\/quest-ce-que-null-signal-games\/"]}]},{"@type":"BreadcrumbList","@id":"https:\/\/nullsignal.games\/fr\/quest-ce-que-null-signal-games\/#breadcrumb","itemListElement":[{"@type":"ListItem","position":1,"name":"Home","item":"https:\/\/nullsignal.games\/fr\/null-signal-games\/"},{"@type":"ListItem","position":2,"name":"Qu&rsquo;est-ce que Null Signal Games ?"}]}]}},"coauthors":[{"link":"https:\/\/nullsignal.games\/fr\/blog\/author\/absotively\/","display_name":"Absotively"}],"author_meta":{"author_link":"https:\/\/nullsignal.games\/fr\/blog\/author\/absotively\/","display_name":"Absotively"},"relative_dates":{"created":"Publi\u00e9 3 ans il y a","modified":"Mis \u00e0 jour 3 ans il y a"},"absolute_dates":{"created":"Publi\u00e9 le mai 31, 2023","modified":"Mise \u00e0 jour le mai 31, 2023"},"absolute_dates_time":{"created":"Publi\u00e9 le mai 31, 2023 3:10  ","modified":"Mise \u00e0 jour le mai 31, 2023 3:10  "},"featured_img_caption":"","featured_img":false,"series_order":"","_links":{"self":[{"href":"https:\/\/nullsignal.games\/fr\/wp-json\/wp\/v2\/pages\/38670"}],"collection":[{"href":"https:\/\/nullsignal.games\/fr\/wp-json\/wp\/v2\/pages"}],"about":[{"href":"https:\/\/nullsignal.games\/fr\/wp-json\/wp\/v2\/types\/page"}],"author":[{"embeddable":true,"href":"https:\/\/nullsignal.games\/fr\/wp-json\/wp\/v2\/users\/15"}],"replies":[{"embeddable":true,"href":"https:\/\/nullsignal.games\/fr\/wp-json\/wp\/v2\/comments?post=38670"}],"version-history":[{"count":1,"href":"https:\/\/nullsignal.games\/fr\/wp-json\/wp\/v2\/pages\/38670\/revisions"}],"predecessor-version":[{"id":38671,"href":"https:\/\/nullsignal.games\/fr\/wp-json\/wp\/v2\/pages\/38670\/revisions\/38671"}],"wp:attachment":[{"href":"https:\/\/nullsignal.games\/fr\/wp-json\/wp\/v2\/media?parent=38670"}],"curies":[{"name":"wp","href":"https:\/\/api.w.org\/{rel}","templated":true}]}}