{"id":21391,"date":"2021-12-07T14:25:18","date_gmt":"2021-12-07T14:25:18","guid":{"rendered":"https:\/\/nullsignal.games\/quest-ce-que-netrunner\/"},"modified":"2021-12-07T14:25:18","modified_gmt":"2021-12-07T14:25:18","slug":"quest-ce-que-netrunner","status":"publish","type":"page","link":"https:\/\/nullsignal.games\/fr\/quest-ce-que-netrunner\/","title":{"rendered":"Qu\u2019est-ce que Netrunner ?"},"content":{"rendered":"\n<p>Netrunner est un jeu de cartes asym\u00e9trique pour deux joueurs prenant place dans un futur dystopique o\u00f9 quatre megacorporations contr\u00f4lent presque chaque aspect de la vie quotidienne. Des pirates l\u00e9gendaires connus sous le nom de \u00ab\u202frunners\u202f\u00bb ont pour objectif de combattre l\u2019influence des corpos en piratant leurs serveurs et en les emp\u00eachant d\u2019avancer leurs sinistres projets.<\/p>\n\n<figure class=\"wp-block-image alignwide size-large\"><img loading=\"lazy\" width=\"1000\" height=\"685\" src=\"https:\/\/nullsignal.games\/wp-content\/uploads\/2021\/03\/Runner-vs-Corp.png\" alt=\"Une carte d&#x2019;identit&#xE9; Runner et une carte d&#x2019;identit&#xE9; Corpo\" class=\"wp-image-9668\" srcset=\"https:\/\/nullsignal.games\/wp-content\/uploads\/2021\/03\/Runner-vs-Corp.png 1000w, https:\/\/nullsignal.games\/wp-content\/uploads\/2021\/03\/Runner-vs-Corp-300x206.png 300w, https:\/\/nullsignal.games\/wp-content\/uploads\/2021\/03\/Runner-vs-Corp-768x526.png 768w\" sizes=\"(max-width: 1000px) 100vw, 1000px\" \/><\/figure>\n\n<p>Dans Netrunner, un joueur joue le r\u00f4le de la <strong>Corpo<\/strong>, dont les outils comprennent des avoirs corporatistes et des programmes d\u00e9fensifs appel\u00e9s \u00ab glaces \u00bb. Utilisant de tels outils et l&rsquo;\u00e9l\u00e9ment de surprise, la Corpo a pour objectif d\u2019avancer ses projets jusqu\u2019\u00e0 finalisation. De l\u2019autre c\u00f4t\u00e9 de la table, l\u2019objectif du <strong>Runner<\/strong> est d\u2019infiltrer les serveurs de la Corpo et de voler ses projet. \u00c0 cette fin, ils feront appel \u00e0 leurs ressources, mat\u00e9riel sp\u00e9cialis\u00e9 et programmes. Bien s\u00fbr, le Runner ne repr\u00e9sente plus de menace s&rsquo;il est mort, en cons\u00e9quence de quoi une Corpo rus\u00e9e pourrait tenter de \u00ab\u00a0flatliner\u00a0\u00bb leur adversaire en lui infligeant des d\u00e9g\u00e0ts&#8212;alors que le chemin alternatif vers la victoire du Runner est de retarder la Corpo suffisamment longtemps pour qu&rsquo;elle arrive \u00e0 court d&rsquo;opportunit\u00e9s.<\/p>\n\n<p>Netrunner est un jeu con\u00e7u pour \u00eatre personnalis\u00e9. Les joueurs peuvent choisir parmi des douzaines de cartes d&rsquo;identit\u00e9 Runner ou Corpo, chacunes avec leurs propres capacit\u00e9s uniques, et construire des decks personnalis\u00e9s \u00e0 partir d&rsquo;elles. Un syst\u00e8me unique \u00ab d&rsquo;influence \u00bb permet aux joueurs d&rsquo;importer dans leurs decks un nombre r\u00e9duit de cartes de factions diff\u00e9rentes, les cartes les plus distinctives co\u00fbtant typiquement plus de cette rare ressource de construction de deck. Un Criminel m\u00e9ticuleux pourrait adopter les outils destructeurs d&rsquo;un Anarch, mais elle ou il ne peut pas les prendre tous&#8212;elle ou il doit soigneusement choisir ce qui est le plus important pour sa strat\u00e9gie !<\/p>\n\n<p>Le Runner pourra-t-il voir \u00e0 travers les stratag\u00e8mes de la Corpo et triompher de son si\u00e8ge virtuel, ou bien la Corpo resserrera-t-elle son \u00e9tau sur le monde ? D\u00e9couvrez le en jouant \u00e0 Netrunner.<\/p>\n\n<div class=\"wp-block-buttons is-content-justification-center\">\n<div class=\"wp-block-button\"><a class=\"wp-block-button__link\" href=\"https:\/\/nullsignal.games\/fr\/produits\/system-gateway\/\">D\u00e9butez avec <em>System Gateway<\/em><\/a><\/div>\n<\/div>\n","protected":false},"excerpt":{"rendered":"<p>Netrunner est un jeu de cartes asym\u00e9trique pour deux joueurs prenant place dans un futur dystopique o\u00f9 quatre megacorporations contr\u00f4lent presque chaque aspect de la vie quotidienne. Des pirates l\u00e9gendaires [&hellip;]<\/p>\n","protected":false},"author":15,"featured_media":0,"parent":0,"menu_order":1,"comment_status":"closed","ping_status":"closed","template":"","meta":{"advgb_blocks_editor_width":"","advgb_blocks_columns_visual_guide":"","kt_blocks_editor_width":"","_links_to":"","_links_to_target":""},"pp_force_visibility":null,"pp_subpost_visibility":null,"pp_inherited_force_visibility":null,"pp_inherited_subpost_visibility":null,"yoast_head":"<!-- This site is optimized with the Yoast SEO plugin v17.7.1 - https:\/\/yoast.com\/wordpress\/plugins\/seo\/ -->\n<title>Qu\u2019est-ce que Netrunner ? - Null Signal Games<\/title>\n<meta name=\"robots\" content=\"index, follow, max-snippet:-1, max-image-preview:large, max-video-preview:-1\" \/>\n<link rel=\"canonical\" href=\"https:\/\/nisei.net\/fr\/quest-ce-que-netrunner\/\" \/>\n<meta property=\"og:locale\" content=\"fr_FR\" \/>\n<meta property=\"og:type\" content=\"article\" \/>\n<meta property=\"og:title\" content=\"Qu\u2019est-ce que Netrunner ? - Null Signal Games\" \/>\n<meta property=\"og:description\" content=\"Netrunner est un jeu de cartes asym\u00e9trique pour deux joueurs prenant place dans un futur dystopique o\u00f9 quatre megacorporations contr\u00f4lent presque chaque aspect de la vie quotidienne. Des pirates l\u00e9gendaires [&hellip;]\" \/>\n<meta property=\"og:url\" content=\"https:\/\/nisei.net\/fr\/quest-ce-que-netrunner\/\" \/>\n<meta property=\"og:site_name\" content=\"Null Signal Games\" \/>\n<meta property=\"article:publisher\" content=\"https:\/\/www.facebook.com\/NetrunnerNISEI\" \/>\n<meta property=\"og:image\" content=\"https:\/\/nisei.net\/wp-content\/uploads\/2021\/03\/Runner-vs-Corp.png\" \/>\n<meta name=\"twitter:card\" content=\"summary_large_image\" \/>\n<meta name=\"twitter:site\" content=\"@ProjectNISEI\" \/>\n<meta name=\"twitter:label1\" content=\"Dur\u00e9e de lecture estim\u00e9e\" \/>\n\t<meta name=\"twitter:data1\" content=\"2 minutes\" \/>\n<script type=\"application\/ld+json\" class=\"yoast-schema-graph\">{\"@context\":\"https:\/\/schema.org\",\"@graph\":[{\"@type\":\"Organization\",\"@id\":\"https:\/\/nisei.net\/#organization\",\"name\":\"NISEI\",\"url\":\"https:\/\/nisei.net\/\",\"sameAs\":[\"https:\/\/www.facebook.com\/NetrunnerNISEI\",\"https:\/\/www.youtube.com\/channel\/UC4j5b7f95JGN4RHvXS_7z1Q\",\"https:\/\/twitter.com\/ProjectNISEI\"],\"logo\":{\"@type\":\"ImageObject\",\"@id\":\"https:\/\/nisei.net\/#logo\",\"inLanguage\":\"fr-FR\",\"url\":\"https:\/\/nullsignal.games\/wp-content\/uploads\/2020\/08\/cropped-logo_black.png\",\"contentUrl\":\"https:\/\/nullsignal.games\/wp-content\/uploads\/2020\/08\/cropped-logo_black.png\",\"width\":512,\"height\":512,\"caption\":\"NISEI\"},\"image\":{\"@id\":\"https:\/\/nisei.net\/#logo\"}},{\"@type\":\"WebSite\",\"@id\":\"https:\/\/nisei.net\/#website\",\"url\":\"https:\/\/nisei.net\/\",\"name\":\"NISEI\",\"description\":\"The Future of Netrunner\",\"publisher\":{\"@id\":\"https:\/\/nisei.net\/#organization\"},\"potentialAction\":[{\"@type\":\"SearchAction\",\"target\":{\"@type\":\"EntryPoint\",\"urlTemplate\":\"https:\/\/nisei.net\/?s={search_term_string}\"},\"query-input\":\"required name=search_term_string\"}],\"inLanguage\":\"fr-FR\"},{\"@type\":\"ImageObject\",\"@id\":\"https:\/\/nisei.net\/fr\/quest-ce-que-netrunner\/#primaryimage\",\"inLanguage\":\"fr-FR\",\"url\":\"https:\/\/nullsignal.games\/wp-content\/uploads\/2021\/03\/Runner-vs-Corp.png\",\"contentUrl\":\"https:\/\/nullsignal.games\/wp-content\/uploads\/2021\/03\/Runner-vs-Corp.png\",\"width\":1000,\"height\":685},{\"@type\":\"WebPage\",\"@id\":\"https:\/\/nisei.net\/fr\/quest-ce-que-netrunner\/#webpage\",\"url\":\"https:\/\/nisei.net\/fr\/quest-ce-que-netrunner\/\",\"name\":\"Qu\\u2019est-ce que Netrunner ? - Null Signal Games\",\"isPartOf\":{\"@id\":\"https:\/\/nisei.net\/#website\"},\"primaryImageOfPage\":{\"@id\":\"https:\/\/nisei.net\/fr\/quest-ce-que-netrunner\/#primaryimage\"},\"datePublished\":\"2021-12-07T14:25:18+00:00\",\"dateModified\":\"2021-12-07T14:25:18+00:00\",\"breadcrumb\":{\"@id\":\"https:\/\/nisei.net\/fr\/quest-ce-que-netrunner\/#breadcrumb\"},\"inLanguage\":\"fr-FR\",\"potentialAction\":[{\"@type\":\"ReadAction\",\"target\":[\"https:\/\/nisei.net\/fr\/quest-ce-que-netrunner\/\"]}]},{\"@type\":\"BreadcrumbList\",\"@id\":\"https:\/\/nisei.net\/fr\/quest-ce-que-netrunner\/#breadcrumb\",\"itemListElement\":[{\"@type\":\"ListItem\",\"position\":1,\"name\":\"Home\",\"item\":\"https:\/\/nullsignal.games\/fr\/null-signal-games\/\"},{\"@type\":\"ListItem\",\"position\":2,\"name\":\"Qu\\u2019est-ce que Netrunner ?\"}]}]}<\/script>\n<!-- \/ Yoast SEO plugin. -->","yoast_head_json":{"title":"Qu\u2019est-ce que Netrunner ? - Null Signal Games","robots":{"index":"index","follow":"follow","max-snippet":"max-snippet:-1","max-image-preview":"max-image-preview:large","max-video-preview":"max-video-preview:-1"},"canonical":"https:\/\/nisei.net\/fr\/quest-ce-que-netrunner\/","og_locale":"fr_FR","og_type":"article","og_title":"Qu\u2019est-ce que Netrunner ? - Null Signal Games","og_description":"Netrunner est un jeu de cartes asym\u00e9trique pour deux joueurs prenant place dans un futur dystopique o\u00f9 quatre megacorporations contr\u00f4lent presque chaque aspect de la vie quotidienne. Des pirates l\u00e9gendaires [&hellip;]","og_url":"https:\/\/nisei.net\/fr\/quest-ce-que-netrunner\/","og_site_name":"Null Signal Games","article_publisher":"https:\/\/www.facebook.com\/NetrunnerNISEI","og_image":[{"url":"https:\/\/nisei.net\/wp-content\/uploads\/2021\/03\/Runner-vs-Corp.png"}],"twitter_card":"summary_large_image","twitter_site":"@ProjectNISEI","twitter_misc":{"Dur\u00e9e de lecture estim\u00e9e":"2 minutes"},"schema":{"@context":"https:\/\/schema.org","@graph":[{"@type":"Organization","@id":"https:\/\/nisei.net\/#organization","name":"NISEI","url":"https:\/\/nisei.net\/","sameAs":["https:\/\/www.facebook.com\/NetrunnerNISEI","https:\/\/www.youtube.com\/channel\/UC4j5b7f95JGN4RHvXS_7z1Q","https:\/\/twitter.com\/ProjectNISEI"],"logo":{"@type":"ImageObject","@id":"https:\/\/nisei.net\/#logo","inLanguage":"fr-FR","url":"https:\/\/nullsignal.games\/wp-content\/uploads\/2020\/08\/cropped-logo_black.png","contentUrl":"https:\/\/nullsignal.games\/wp-content\/uploads\/2020\/08\/cropped-logo_black.png","width":512,"height":512,"caption":"NISEI"},"image":{"@id":"https:\/\/nisei.net\/#logo"}},{"@type":"WebSite","@id":"https:\/\/nisei.net\/#website","url":"https:\/\/nisei.net\/","name":"NISEI","description":"The Future of Netrunner","publisher":{"@id":"https:\/\/nisei.net\/#organization"},"potentialAction":[{"@type":"SearchAction","target":{"@type":"EntryPoint","urlTemplate":"https:\/\/nisei.net\/?s={search_term_string}"},"query-input":"required name=search_term_string"}],"inLanguage":"fr-FR"},{"@type":"ImageObject","@id":"https:\/\/nisei.net\/fr\/quest-ce-que-netrunner\/#primaryimage","inLanguage":"fr-FR","url":"https:\/\/nullsignal.games\/wp-content\/uploads\/2021\/03\/Runner-vs-Corp.png","contentUrl":"https:\/\/nullsignal.games\/wp-content\/uploads\/2021\/03\/Runner-vs-Corp.png","width":1000,"height":685},{"@type":"WebPage","@id":"https:\/\/nisei.net\/fr\/quest-ce-que-netrunner\/#webpage","url":"https:\/\/nisei.net\/fr\/quest-ce-que-netrunner\/","name":"Qu\u2019est-ce que Netrunner ? - Null Signal Games","isPartOf":{"@id":"https:\/\/nisei.net\/#website"},"primaryImageOfPage":{"@id":"https:\/\/nisei.net\/fr\/quest-ce-que-netrunner\/#primaryimage"},"datePublished":"2021-12-07T14:25:18+00:00","dateModified":"2021-12-07T14:25:18+00:00","breadcrumb":{"@id":"https:\/\/nisei.net\/fr\/quest-ce-que-netrunner\/#breadcrumb"},"inLanguage":"fr-FR","potentialAction":[{"@type":"ReadAction","target":["https:\/\/nisei.net\/fr\/quest-ce-que-netrunner\/"]}]},{"@type":"BreadcrumbList","@id":"https:\/\/nisei.net\/fr\/quest-ce-que-netrunner\/#breadcrumb","itemListElement":[{"@type":"ListItem","position":1,"name":"Home","item":"https:\/\/nullsignal.games\/fr\/null-signal-games\/"},{"@type":"ListItem","position":2,"name":"Qu\u2019est-ce que Netrunner ?"}]}]}},"coauthors":[{"link":"https:\/\/nullsignal.games\/fr\/blog\/author\/absotively\/","display_name":"Absotively"}],"author_meta":{"author_link":"https:\/\/nullsignal.games\/fr\/blog\/author\/absotively\/","display_name":"Absotively"},"relative_dates":{"created":"Publi\u00e9 4 ans il y a","modified":"Mis \u00e0 jour 4 ans il y a"},"absolute_dates":{"created":"Publi\u00e9 le d\u00e9cembre 7, 2021","modified":"Mise \u00e0 jour le d\u00e9cembre 7, 2021"},"absolute_dates_time":{"created":"Publi\u00e9 le d\u00e9cembre 7, 2021 2:25  ","modified":"Mise \u00e0 jour le d\u00e9cembre 7, 2021 2:25  "},"featured_img_caption":"","featured_img":false,"series_order":"","_links":{"self":[{"href":"https:\/\/nullsignal.games\/fr\/wp-json\/wp\/v2\/pages\/21391"}],"collection":[{"href":"https:\/\/nullsignal.games\/fr\/wp-json\/wp\/v2\/pages"}],"about":[{"href":"https:\/\/nullsignal.games\/fr\/wp-json\/wp\/v2\/types\/page"}],"author":[{"embeddable":true,"href":"https:\/\/nullsignal.games\/fr\/wp-json\/wp\/v2\/users\/15"}],"replies":[{"embeddable":true,"href":"https:\/\/nullsignal.games\/fr\/wp-json\/wp\/v2\/comments?post=21391"}],"version-history":[{"count":1,"href":"https:\/\/nullsignal.games\/fr\/wp-json\/wp\/v2\/pages\/21391\/revisions"}],"predecessor-version":[{"id":21392,"href":"https:\/\/nullsignal.games\/fr\/wp-json\/wp\/v2\/pages\/21391\/revisions\/21392"}],"wp:attachment":[{"href":"https:\/\/nullsignal.games\/fr\/wp-json\/wp\/v2\/media?parent=21391"}],"curies":[{"name":"wp","href":"https:\/\/api.w.org\/{rel}","templated":true}]}}