{"id":1530,"date":"2019-12-13T19:10:49","date_gmt":"2019-12-13T19:10:49","guid":{"rendered":"http:\/\/wpniseitest.nfshost.com\/uprising-fr"},"modified":"2021-07-11T19:08:02","modified_gmt":"2021-07-11T19:08:02","slug":"uprising-fr","status":"publish","type":"page","link":"https:\/\/nullsignal.games\/fr\/produits\/uprising-fr\/","title":{"rendered":"R\u00e9volte (Uprising) &#8211; Fran\u00e7ais"},"content":{"rendered":"\n<p><em>Si tu te tiens sur la plage de Manta quand le soleil se couche sur les Andes, tu peux voir un rayon scintillant s\u2019\u00e9tirer au-dessus de la silhouette des gratte-ciels. Si fin qu\u2019il pourrait \u00eatre imaginaire, mais qui s\u2019\u00e9tire toujours plus haut. Une corde dor\u00e9e reliant la Terre aux cieux, le pass\u00e9 au futur. Effiloch\u00e9 par les vicissitudes des guerres corporatistes&nbsp; et les coups de marteau des cabales terroristes, mais rapi\u00e9c\u00e9 et r\u00e9par\u00e9.<\/em><\/p>\n\n\n\n<p><em>Entier.<\/em><\/p>\n\n\n\n<p><em>Le changement est in\u00e9vitable et survient sous maintes formes. M\u00eame la plus r\u00e9sistante des structures carbone ne peut r\u00e9sister ind\u00e9finiment. Les \u00e9v\u00e8nements du pass\u00e9 ont eu des cons\u00e9quences. Des mesures controvers\u00e9es ont \u00e9t\u00e9 impos\u00e9es depuis les hautes sph\u00e8res, tentant d\u2019enfermer la soci\u00e9t\u00e9 en une forme d\u00e9sir\u00e9e par l\u2019\u00e9lite. En retour, une vague d&rsquo;indignation s\u2019est \u00e9lev\u00e9e d\u2019en-dessous, permettant aux Runners de riposter de mani\u00e8res in\u00e9dites. Alors que ces conflits font rage, l\u2019espoir a commenc\u00e9 \u00e0 filtrer dans New Angeles. Certains voient en la survie du Haricot magique une source de r\u00e9confort, d\u2019autres prennent une inspiration alors que la poigne corporatiste se desserre. C\u2019est un monde nouveau, et tout est possible.<\/em><\/p>\n\n\n\n<p><em>L\u2019avenir semble prometteur.<\/em><\/p>\n\n\n\n<figure class=\"wp-block-image\"><img src=\"http:\/\/nullsignal.games\/photos\/2\/N02 - UprisingBoxCover.jpg\" alt=\"\"\/><\/figure>\n\n\n\n<p>R\u00e9volte (<em>Uprising<\/em>) est la seconde partie du cycle des Cendres (<em>Ashes<\/em>), qui est sortie en anglais le 16 d\u00e9cembre 2019. Il est disponible \u00e0 trois endroits ; veuillez consulter le <a href=\"http:\/\/nullsignal.games\/article\/SpecialOrder2019-12\">guide d\u2019achat<\/a> si vous d\u00e9sirez connaitre les diff\u00e9rences. <a href=\"http:\/\/nullsignal.games\/products\/Uprising\/URReleaseNotes\">La note de parution<\/a> pour ce produit est disponible sur notre site. Il est imm\u00e9diatement l\u00e9gal pour pour les \u00e9v\u00e8nements de niveau amical (<em>Casual Tier<\/em>, c\u2019est-\u00e0-dire les GNK et les Store Championships) et le 27 d\u00e9cembre pour les \u00e9v\u00e8nements de niveau comp\u00e9titif (<em>Competitive Tier<\/em>, c\u2019est-\u00e0-dire R\u00e9gionaux et au-dessus). Vous pouvez voir toutes les cartes de cette extension sur <a href=\"https:\/\/netrunnerdb.com\/en\/set\/ur\/full\">NetrunnerDB<\/a>.<\/p>\n\n\n\n<p><a href=\"http:\/\/www.makeplayingcards.com\/sell\/marketplace\/ashes-uprising-french-standard-300gsm-cardstock.html\"><strong>MakePlayingCards : Standard<\/strong><\/a><\/p>\n\n\n\n<p><a href=\"http:\/\/www.makeplayingcards.com\/sell\/marketplace\/ashes-uprising-french-premium-330gsm-cardstock.html\"><strong>MakePlayingCards : Premium<\/strong><\/a><\/p>\n\n\n\n<p><strong>Note importante pour \u00e9viter les frais de douane :<\/strong> nous recommandons de consulter la <a href=\"https:\/\/www.makeplayingcards.com\/shipping.aspx\">page d\u2019information sur les envois de MakePlayingCards<\/a> pour plus de d\u00e9tails sur les frais de douane. Pour les commandes \u00e0 destination de l\u2019Europe en particulier, MPC garantit l\u2019absence de frais de douanes sur les commandes ne d\u00e9passant pas 276 \u20ac (hors frais d\u2019envois) <strong>seulement si command\u00e9 avec leur option d\u2019envoi standard (<em>Standard Shipping<\/em>).<\/strong>&nbsp;<\/p>\n\n\n\n<p><strong>Impression \u00e0 la demande PDF<\/strong> &#8211; GRATUIT\/Montant libre (vous pouvez donner via <a href=\"https:\/\/paypal.me\/niseiproject\">PayPal<\/a>, ou notre<a href=\"https:\/\/www.patreon.com\/NISEI\"> Patreon<\/a>).<\/p>\n\n\n\n<ul><li> <a href=\"https:\/\/nullsignal.games\/wp-content\/uploads\/2021\/03\/Uprising_-_A4_Printable_Sheets_3x_fr.pdf\">Taille papier A4, 3 exemplaires<\/a> <\/li><li> <a href=\"https:\/\/nullsignal.games\/wp-content\/uploads\/2021\/03\/Uprising_-_A4_Printable_Sheets_1x_fr.pdf\">Taille Papier A4, 1 exemplaire<\/a> <\/li><li> <a href=\"https:\/\/nullsignal.games\/wp-content\/uploads\/2021\/03\/Uprising_-_US_Letter_Printable_Sheets_3x_fr.pdf\">Taille papier lettre US, 3 exemplaires<\/a> <\/li><li> <a href=\"https:\/\/nullsignal.games\/wp-content\/uploads\/2021\/03\/Uprising_-_US_Letter_Printable_Sheets_1x_fr.pdf\">Taille papier lettre US, 1 exemplaire<\/a> <\/li><\/ul>\n","protected":false},"excerpt":{"rendered":"<p>Si tu te tiens sur la plage de Manta quand le soleil se couche sur les Andes, tu peux voir un rayon scintillant s\u2019\u00e9tirer au-dessus de la silhouette des gratte-ciels. [&hellip;]<\/p>\n","protected":false},"author":15,"featured_media":12171,"parent":2158,"menu_order":250,"comment_status":"closed","ping_status":"open","template":"","meta":{"advgb_blocks_editor_width":"","advgb_blocks_columns_visual_guide":"","kt_blocks_editor_width":"","_links_to":"","_links_to_target":""},"pp_force_visibility":null,"pp_subpost_visibility":null,"pp_inherited_force_visibility":null,"pp_inherited_subpost_visibility":null,"yoast_head":"<!-- This site is optimized with the Yoast SEO plugin v17.7.1 - https:\/\/yoast.com\/wordpress\/plugins\/seo\/ -->\n<title>R\u00e9volte (Uprising) - Fran\u00e7ais - Null Signal Games<\/title>\n<meta name=\"robots\" content=\"index, follow, max-snippet:-1, max-image-preview:large, max-video-preview:-1\" \/>\n<link rel=\"canonical\" href=\"https:\/\/nullsignal.games\/fr\/produits\/uprising-fr\/\" \/>\n<meta property=\"og:locale\" content=\"fr_FR\" \/>\n<meta property=\"og:type\" content=\"article\" \/>\n<meta property=\"og:title\" content=\"R\u00e9volte (Uprising) - Fran\u00e7ais - Null Signal Games\" \/>\n<meta property=\"og:description\" content=\"Si tu te tiens sur la plage de Manta quand le soleil se couche sur les Andes, tu peux voir un rayon scintillant s\u2019\u00e9tirer au-dessus de la silhouette des gratte-ciels. [&hellip;]\" \/>\n<meta property=\"og:url\" content=\"https:\/\/nullsignal.games\/fr\/produits\/uprising-fr\/\" \/>\n<meta property=\"og:site_name\" content=\"Null Signal Games\" \/>\n<meta property=\"article:publisher\" content=\"https:\/\/www.facebook.com\/NetrunnerNISEI\" \/>\n<meta property=\"article:modified_time\" content=\"2021-07-11T19:08:02+00:00\" \/>\n<meta property=\"og:image\" content=\"https:\/\/nisei.net\/wp-content\/uploads\/2020\/03\/Uprising_500_post.png\" \/>\n\t<meta property=\"og:image:width\" content=\"500\" \/>\n\t<meta property=\"og:image:height\" content=\"500\" \/>\n<meta name=\"twitter:card\" content=\"summary_large_image\" \/>\n<meta name=\"twitter:site\" content=\"@ProjectNISEI\" \/>\n<meta name=\"twitter:label1\" content=\"Dur\u00e9e de lecture estim\u00e9e\" \/>\n\t<meta name=\"twitter:data1\" content=\"2 minutes\" \/>\n<script type=\"application\/ld+json\" class=\"yoast-schema-graph\">{\"@context\":\"https:\/\/schema.org\",\"@graph\":[{\"@type\":\"Organization\",\"@id\":\"https:\/\/nisei.net\/#organization\",\"name\":\"NISEI\",\"url\":\"https:\/\/nisei.net\/\",\"sameAs\":[\"https:\/\/www.facebook.com\/NetrunnerNISEI\",\"https:\/\/www.youtube.com\/channel\/UC4j5b7f95JGN4RHvXS_7z1Q\",\"https:\/\/twitter.com\/ProjectNISEI\"],\"logo\":{\"@type\":\"ImageObject\",\"@id\":\"https:\/\/nisei.net\/#logo\",\"inLanguage\":\"fr-FR\",\"url\":\"https:\/\/nullsignal.games\/wp-content\/uploads\/2020\/08\/cropped-logo_black.png\",\"contentUrl\":\"https:\/\/nullsignal.games\/wp-content\/uploads\/2020\/08\/cropped-logo_black.png\",\"width\":512,\"height\":512,\"caption\":\"NISEI\"},\"image\":{\"@id\":\"https:\/\/nisei.net\/#logo\"}},{\"@type\":\"WebSite\",\"@id\":\"https:\/\/nisei.net\/#website\",\"url\":\"https:\/\/nisei.net\/\",\"name\":\"NISEI\",\"description\":\"The Future of Netrunner\",\"publisher\":{\"@id\":\"https:\/\/nisei.net\/#organization\"},\"potentialAction\":[{\"@type\":\"SearchAction\",\"target\":{\"@type\":\"EntryPoint\",\"urlTemplate\":\"https:\/\/nisei.net\/?s={search_term_string}\"},\"query-input\":\"required name=search_term_string\"}],\"inLanguage\":\"fr-FR\"},{\"@type\":\"ImageObject\",\"@id\":\"https:\/\/nullsignal.games\/fr\/produits\/uprising-fr\/#primaryimage\",\"inLanguage\":\"fr-FR\",\"url\":\"https:\/\/nullsignal.games\/wp-content\/uploads\/2020\/03\/Uprising_500_post.png\",\"contentUrl\":\"https:\/\/nullsignal.games\/wp-content\/uploads\/2020\/03\/Uprising_500_post.png\",\"width\":500,\"height\":500},{\"@type\":\"WebPage\",\"@id\":\"https:\/\/nullsignal.games\/fr\/produits\/uprising-fr\/#webpage\",\"url\":\"https:\/\/nullsignal.games\/fr\/produits\/uprising-fr\/\",\"name\":\"R\\u00e9volte (Uprising) - Fran\\u00e7ais - Null Signal Games\",\"isPartOf\":{\"@id\":\"https:\/\/nisei.net\/#website\"},\"primaryImageOfPage\":{\"@id\":\"https:\/\/nullsignal.games\/fr\/produits\/uprising-fr\/#primaryimage\"},\"datePublished\":\"2019-12-13T19:10:49+00:00\",\"dateModified\":\"2021-07-11T19:08:02+00:00\",\"breadcrumb\":{\"@id\":\"https:\/\/nullsignal.games\/fr\/produits\/uprising-fr\/#breadcrumb\"},\"inLanguage\":\"fr-FR\",\"potentialAction\":[{\"@type\":\"ReadAction\",\"target\":[\"https:\/\/nullsignal.games\/fr\/produits\/uprising-fr\/\"]}]},{\"@type\":\"BreadcrumbList\",\"@id\":\"https:\/\/nullsignal.games\/fr\/produits\/uprising-fr\/#breadcrumb\",\"itemListElement\":[{\"@type\":\"ListItem\",\"position\":1,\"name\":\"Home\",\"item\":\"https:\/\/nullsignal.games\/fr\/null-signal-games\/\"},{\"@type\":\"ListItem\",\"position\":2,\"name\":\"Produits\",\"item\":\"https:\/\/nullsignal.games\/fr\/produits\/\"},{\"@type\":\"ListItem\",\"position\":3,\"name\":\"R\\u00e9volte (Uprising) &#8211; Fran\\u00e7ais\"}]}]}<\/script>\n<!-- \/ Yoast SEO plugin. -->","yoast_head_json":{"title":"R\u00e9volte (Uprising) - Fran\u00e7ais - Null Signal Games","robots":{"index":"index","follow":"follow","max-snippet":"max-snippet:-1","max-image-preview":"max-image-preview:large","max-video-preview":"max-video-preview:-1"},"canonical":"https:\/\/nullsignal.games\/fr\/produits\/uprising-fr\/","og_locale":"fr_FR","og_type":"article","og_title":"R\u00e9volte (Uprising) - Fran\u00e7ais - Null Signal Games","og_description":"Si tu te tiens sur la plage de Manta quand le soleil se couche sur les Andes, tu peux voir un rayon scintillant s\u2019\u00e9tirer au-dessus de la silhouette des gratte-ciels. [&hellip;]","og_url":"https:\/\/nullsignal.games\/fr\/produits\/uprising-fr\/","og_site_name":"Null Signal Games","article_publisher":"https:\/\/www.facebook.com\/NetrunnerNISEI","article_modified_time":"2021-07-11T19:08:02+00:00","og_image":[{"width":500,"height":500,"url":"https:\/\/nisei.net\/wp-content\/uploads\/2020\/03\/Uprising_500_post.png","type":"image\/png"}],"twitter_card":"summary_large_image","twitter_site":"@ProjectNISEI","twitter_misc":{"Dur\u00e9e de lecture estim\u00e9e":"2 minutes"},"schema":{"@context":"https:\/\/schema.org","@graph":[{"@type":"Organization","@id":"https:\/\/nisei.net\/#organization","name":"NISEI","url":"https:\/\/nisei.net\/","sameAs":["https:\/\/www.facebook.com\/NetrunnerNISEI","https:\/\/www.youtube.com\/channel\/UC4j5b7f95JGN4RHvXS_7z1Q","https:\/\/twitter.com\/ProjectNISEI"],"logo":{"@type":"ImageObject","@id":"https:\/\/nisei.net\/#logo","inLanguage":"fr-FR","url":"https:\/\/nullsignal.games\/wp-content\/uploads\/2020\/08\/cropped-logo_black.png","contentUrl":"https:\/\/nullsignal.games\/wp-content\/uploads\/2020\/08\/cropped-logo_black.png","width":512,"height":512,"caption":"NISEI"},"image":{"@id":"https:\/\/nisei.net\/#logo"}},{"@type":"WebSite","@id":"https:\/\/nisei.net\/#website","url":"https:\/\/nisei.net\/","name":"NISEI","description":"The Future of Netrunner","publisher":{"@id":"https:\/\/nisei.net\/#organization"},"potentialAction":[{"@type":"SearchAction","target":{"@type":"EntryPoint","urlTemplate":"https:\/\/nisei.net\/?s={search_term_string}"},"query-input":"required name=search_term_string"}],"inLanguage":"fr-FR"},{"@type":"ImageObject","@id":"https:\/\/nullsignal.games\/fr\/produits\/uprising-fr\/#primaryimage","inLanguage":"fr-FR","url":"https:\/\/nullsignal.games\/wp-content\/uploads\/2020\/03\/Uprising_500_post.png","contentUrl":"https:\/\/nullsignal.games\/wp-content\/uploads\/2020\/03\/Uprising_500_post.png","width":500,"height":500},{"@type":"WebPage","@id":"https:\/\/nullsignal.games\/fr\/produits\/uprising-fr\/#webpage","url":"https:\/\/nullsignal.games\/fr\/produits\/uprising-fr\/","name":"R\u00e9volte (Uprising) - Fran\u00e7ais - Null Signal Games","isPartOf":{"@id":"https:\/\/nisei.net\/#website"},"primaryImageOfPage":{"@id":"https:\/\/nullsignal.games\/fr\/produits\/uprising-fr\/#primaryimage"},"datePublished":"2019-12-13T19:10:49+00:00","dateModified":"2021-07-11T19:08:02+00:00","breadcrumb":{"@id":"https:\/\/nullsignal.games\/fr\/produits\/uprising-fr\/#breadcrumb"},"inLanguage":"fr-FR","potentialAction":[{"@type":"ReadAction","target":["https:\/\/nullsignal.games\/fr\/produits\/uprising-fr\/"]}]},{"@type":"BreadcrumbList","@id":"https:\/\/nullsignal.games\/fr\/produits\/uprising-fr\/#breadcrumb","itemListElement":[{"@type":"ListItem","position":1,"name":"Home","item":"https:\/\/nullsignal.games\/fr\/null-signal-games\/"},{"@type":"ListItem","position":2,"name":"Produits","item":"https:\/\/nullsignal.games\/fr\/produits\/"},{"@type":"ListItem","position":3,"name":"R\u00e9volte (Uprising) &#8211; Fran\u00e7ais"}]}]}},"coauthors":[{"link":"https:\/\/nullsignal.games\/fr\/blog\/author\/absotively\/","display_name":"Absotively"}],"author_meta":{"author_link":"https:\/\/nullsignal.games\/fr\/blog\/author\/absotively\/","display_name":"Absotively"},"relative_dates":{"created":"Publi\u00e9 6 ans il y a","modified":"Mis \u00e0 jour 5 ans il y a"},"absolute_dates":{"created":"Publi\u00e9 le d\u00e9cembre 13, 2019","modified":"Mise \u00e0 jour le juillet 11, 2021"},"absolute_dates_time":{"created":"Publi\u00e9 le d\u00e9cembre 13, 2019 7:10  ","modified":"Mise \u00e0 jour le juillet 11, 2021 7:08  "},"featured_img_caption":"","featured_img":"https:\/\/nullsignal.games\/wp-content\/uploads\/2020\/03\/Uprising_500_post-250x250.png","series_order":"","_links":{"self":[{"href":"https:\/\/nullsignal.games\/fr\/wp-json\/wp\/v2\/pages\/1530"}],"collection":[{"href":"https:\/\/nullsignal.games\/fr\/wp-json\/wp\/v2\/pages"}],"about":[{"href":"https:\/\/nullsignal.games\/fr\/wp-json\/wp\/v2\/types\/page"}],"author":[{"embeddable":true,"href":"https:\/\/nullsignal.games\/fr\/wp-json\/wp\/v2\/users\/15"}],"replies":[{"embeddable":true,"href":"https:\/\/nullsignal.games\/fr\/wp-json\/wp\/v2\/comments?post=1530"}],"version-history":[{"count":4,"href":"https:\/\/nullsignal.games\/fr\/wp-json\/wp\/v2\/pages\/1530\/revisions"}],"predecessor-version":[{"id":20114,"href":"https:\/\/nullsignal.games\/fr\/wp-json\/wp\/v2\/pages\/1530\/revisions\/20114"}],"up":[{"embeddable":true,"href":"https:\/\/nullsignal.games\/fr\/wp-json\/wp\/v2\/pages\/2158"}],"wp:featuredmedia":[{"embeddable":true,"href":"https:\/\/nullsignal.games\/fr\/wp-json\/wp\/v2\/media\/12171"}],"wp:attachment":[{"href":"https:\/\/nullsignal.games\/fr\/wp-json\/wp\/v2\/media?parent=1530"}],"curies":[{"name":"wp","href":"https:\/\/api.w.org\/{rel}","templated":true}]}}