{"id":1527,"date":"2019-07-23T12:42:38","date_gmt":"2019-07-23T12:42:38","guid":{"rendered":"http:\/\/wpniseitest.nfshost.com\/magnumopus-fr"},"modified":"2022-09-30T15:59:56","modified_gmt":"2022-09-30T15:59:56","slug":"magnumopus-fr","status":"publish","type":"page","link":"https:\/\/nullsignal.games\/fr\/produits\/magnumopus-fr\/","title":{"rendered":"Magnum Opus &#8211; Fran\u00e7ais"},"content":{"rendered":"\n<p>Cette extension \u00e9tait sortie vers la fin de l\u2019ann\u00e9e 2018, comportant six cartes con\u00e7ues par les vainqueurs des plus prestigieux tournois. Elle \u00e9tait uniquement disponible \u00e0 ceux qui avaient pu se rendre \u00e0 l\u2019\u00e9v\u00e8nement Magnum Opus. Depuis lors, beaucoup de joueurs ont eu du mal \u00e0 se procurer cette extension, Null Signal Games les r\u00e9\u00e9dite avec de nouvelles illustrations, des textes de r\u00e8gles r\u00e9vis\u00e9s, dans un format et avec des symboles modernis\u00e9s.<\/p>\n\n\n\n<figure class=\"wp-block-image\"><a href=\"http:\/\/nullsignal.games\/files\/Downfall_Box_Large.png\"><img src=\"http:\/\/nullsignal.games\/photos\/6\/Mopus 500.png\" alt=\"\"\/><\/a><\/figure>\n\n\n\n<p>Le paquet de cartes Magnum Opus est disponible sous quatre formats \u00e0 partir de trois endroits. Veuillez consulter le <a href=\"http:\/\/nullsignal.games\/article\/SpecialOrder2019-03\">guide d\u2019achat<\/a> de l\u2019extension Downfall pour un r\u00e9sum\u00e9 des diff\u00e9rences. Vous pouvez voir toutes les cartes de cette extension sur <a href=\"https:\/\/netrunnerdb.com\/en\/set\/mo\">NetrunnerDB<\/a>. <strong>Veuillez noter que Hired Help et Watch the World Burn ne sont pas incluses dans cette extension.<\/strong><\/p>\n\n\n\n<p><u><a href=\"https:\/\/www.makeplayingcards.com\/sell\/marketplace\/magnum-opus-french-standard-300gsm-cardstock.html\"><strong>MakePlayingCards : Standard<\/strong><\/a><\/u><\/p>\n\n\n\n<p><u><a href=\"https:\/\/www.makeplayingcards.com\/sell\/marketplace\/magnum-opus-french-premium-330gsm-cardstock.html\"><strong>MakePlayingCards : Premium<\/strong><\/a><\/u><\/p>\n\n\n\n<p><strong>Note importante pour \u00e9viter les frais de douane<\/strong>: Nous vous conseillons de consulter la page&nbsp;<a href=\"https:\/\/www.makeplayingcards.com\/shipping.aspx\">MakePlayingCards\u2019s Shipping Information<\/a>&nbsp;pour les d\u00e9tails sur les frais de douane. Pour les commandes europ\u00e9ennes en particulier, MPC garantit l\u2019absence de frais de douane jusqu\u2019\u00e0 un montant d\u2019achat de 500$ sans compter les frais de port, mais&nbsp;<strong>seulement si vous utilisez l\u2019option de livraison standard (Standard Shipping)!<\/strong><\/p>\n\n\n\n<p><strong>Print-and-play PDF<\/strong>&#8211; GRATUIT\/Payez ce que vous voulez (vous pouvez donner soit par&nbsp;<a href=\"https:\/\/paypal.me\/niseiproject\">PayPal<\/a>, ou par notre&nbsp;<a href=\"https:\/\/www.patreon.com\/NISEI\">Patreon<\/a>)<\/p>\n\n\n\n<ul><li><a href=\"https:\/\/nullsignal.games\/wp-content\/uploads\/2021\/07\/Magnum_Opus_-_A4_Printable_Sheets_3x_fr.pdf\">A4 paper size, 3x copy<\/a><\/li><li><a href=\"https:\/\/nullsignal.games\/wp-content\/uploads\/2021\/07\/Magnum_Opus_-_A4_Printable_Sheets_1x_fr.pdf\">A4 paper size, 1x copy<\/a><\/li><li><a href=\"https:\/\/nullsignal.games\/wp-content\/uploads\/2021\/07\/Magnum_Opus_-_US_Letter_Printable_Sheets_3x_fr.pdf\">US Letter paper size, 3x copy<\/a><\/li><li><a href=\"https:\/\/nullsignal.games\/wp-content\/uploads\/2021\/07\/Magnum_Opus_-_US_Letter_Printable_Sheets_1x_fr.pdf\">US Letter paper size, 1x copy<\/a><\/li><\/ul>\n\n\n\n<p><\/p>\n","protected":false},"excerpt":{"rendered":"<p>Cette extension \u00e9tait sortie vers la fin de l\u2019ann\u00e9e 2018, comportant six cartes con\u00e7ues par les vainqueurs des plus prestigieux tournois. Elle \u00e9tait uniquement disponible \u00e0 ceux qui avaient pu [&hellip;]<\/p>\n","protected":false},"author":15,"featured_media":7847,"parent":2158,"menu_order":250,"comment_status":"closed","ping_status":"open","template":"","meta":{"advgb_blocks_editor_width":"","advgb_blocks_columns_visual_guide":"","kt_blocks_editor_width":"","_links_to":"","_links_to_target":""},"pp_force_visibility":null,"pp_subpost_visibility":null,"pp_inherited_force_visibility":null,"pp_inherited_subpost_visibility":null,"yoast_head":"<!-- This site is optimized with the Yoast SEO plugin v17.7.1 - https:\/\/yoast.com\/wordpress\/plugins\/seo\/ -->\n<title>Magnum Opus - Fran\u00e7ais - Null Signal Games<\/title>\n<meta name=\"robots\" content=\"index, follow, max-snippet:-1, max-image-preview:large, max-video-preview:-1\" \/>\n<link rel=\"canonical\" href=\"https:\/\/nullsignal.games\/fr\/produits\/magnumopus-fr\/\" \/>\n<meta property=\"og:locale\" content=\"fr_FR\" \/>\n<meta property=\"og:type\" content=\"article\" \/>\n<meta property=\"og:title\" content=\"Magnum Opus - Fran\u00e7ais - Null Signal Games\" \/>\n<meta property=\"og:description\" content=\"Cette extension \u00e9tait sortie vers la fin de l\u2019ann\u00e9e 2018, comportant six cartes con\u00e7ues par les vainqueurs des plus prestigieux tournois. Elle \u00e9tait uniquement disponible \u00e0 ceux qui avaient pu [&hellip;]\" \/>\n<meta property=\"og:url\" content=\"https:\/\/nullsignal.games\/fr\/produits\/magnumopus-fr\/\" \/>\n<meta property=\"og:site_name\" content=\"Null Signal Games\" \/>\n<meta property=\"article:publisher\" content=\"https:\/\/www.facebook.com\/NetrunnerNISEI\" \/>\n<meta property=\"article:modified_time\" content=\"2022-09-30T15:59:56+00:00\" \/>\n<meta property=\"og:image\" content=\"https:\/\/nullsignal.games\/wp-content\/uploads\/2020\/03\/Mopus-500.png\" \/>\n\t<meta property=\"og:image:width\" content=\"500\" \/>\n\t<meta property=\"og:image:height\" content=\"500\" \/>\n<meta name=\"twitter:card\" content=\"summary_large_image\" \/>\n<meta name=\"twitter:site\" content=\"@ProjectNISEI\" \/>\n<meta name=\"twitter:label1\" content=\"Dur\u00e9e de lecture estim\u00e9e\" \/>\n\t<meta name=\"twitter:data1\" content=\"2 minutes\" \/>\n<script type=\"application\/ld+json\" class=\"yoast-schema-graph\">{\"@context\":\"https:\/\/schema.org\",\"@graph\":[{\"@type\":\"Organization\",\"@id\":\"https:\/\/nisei.net\/#organization\",\"name\":\"NISEI\",\"url\":\"https:\/\/nisei.net\/\",\"sameAs\":[\"https:\/\/www.facebook.com\/NetrunnerNISEI\",\"https:\/\/www.youtube.com\/channel\/UC4j5b7f95JGN4RHvXS_7z1Q\",\"https:\/\/twitter.com\/ProjectNISEI\"],\"logo\":{\"@type\":\"ImageObject\",\"@id\":\"https:\/\/nisei.net\/#logo\",\"inLanguage\":\"fr-FR\",\"url\":\"https:\/\/nullsignal.games\/wp-content\/uploads\/2020\/08\/cropped-logo_black.png\",\"contentUrl\":\"https:\/\/nullsignal.games\/wp-content\/uploads\/2020\/08\/cropped-logo_black.png\",\"width\":512,\"height\":512,\"caption\":\"NISEI\"},\"image\":{\"@id\":\"https:\/\/nisei.net\/#logo\"}},{\"@type\":\"WebSite\",\"@id\":\"https:\/\/nisei.net\/#website\",\"url\":\"https:\/\/nisei.net\/\",\"name\":\"NISEI\",\"description\":\"The Future of Netrunner\",\"publisher\":{\"@id\":\"https:\/\/nisei.net\/#organization\"},\"potentialAction\":[{\"@type\":\"SearchAction\",\"target\":{\"@type\":\"EntryPoint\",\"urlTemplate\":\"https:\/\/nisei.net\/?s={search_term_string}\"},\"query-input\":\"required name=search_term_string\"}],\"inLanguage\":\"fr-FR\"},{\"@type\":\"ImageObject\",\"@id\":\"https:\/\/nullsignal.games\/fr\/produits\/magnumopus-fr\/#primaryimage\",\"inLanguage\":\"fr-FR\",\"url\":\"https:\/\/nullsignal.games\/wp-content\/uploads\/2020\/03\/Mopus-500.png\",\"contentUrl\":\"https:\/\/nullsignal.games\/wp-content\/uploads\/2020\/03\/Mopus-500.png\",\"width\":500,\"height\":500},{\"@type\":\"WebPage\",\"@id\":\"https:\/\/nullsignal.games\/fr\/produits\/magnumopus-fr\/#webpage\",\"url\":\"https:\/\/nullsignal.games\/fr\/produits\/magnumopus-fr\/\",\"name\":\"Magnum Opus - Fran\\u00e7ais - Null Signal Games\",\"isPartOf\":{\"@id\":\"https:\/\/nisei.net\/#website\"},\"primaryImageOfPage\":{\"@id\":\"https:\/\/nullsignal.games\/fr\/produits\/magnumopus-fr\/#primaryimage\"},\"datePublished\":\"2019-07-23T12:42:38+00:00\",\"dateModified\":\"2022-09-30T15:59:56+00:00\",\"breadcrumb\":{\"@id\":\"https:\/\/nullsignal.games\/fr\/produits\/magnumopus-fr\/#breadcrumb\"},\"inLanguage\":\"fr-FR\",\"potentialAction\":[{\"@type\":\"ReadAction\",\"target\":[\"https:\/\/nullsignal.games\/fr\/produits\/magnumopus-fr\/\"]}]},{\"@type\":\"BreadcrumbList\",\"@id\":\"https:\/\/nullsignal.games\/fr\/produits\/magnumopus-fr\/#breadcrumb\",\"itemListElement\":[{\"@type\":\"ListItem\",\"position\":1,\"name\":\"Home\",\"item\":\"https:\/\/nullsignal.games\/fr\/null-signal-games\/\"},{\"@type\":\"ListItem\",\"position\":2,\"name\":\"Produits\",\"item\":\"https:\/\/nullsignal.games\/fr\/produits\/\"},{\"@type\":\"ListItem\",\"position\":3,\"name\":\"Magnum Opus &#8211; Fran\\u00e7ais\"}]}]}<\/script>\n<!-- \/ Yoast SEO plugin. -->","yoast_head_json":{"title":"Magnum Opus - Fran\u00e7ais - Null Signal Games","robots":{"index":"index","follow":"follow","max-snippet":"max-snippet:-1","max-image-preview":"max-image-preview:large","max-video-preview":"max-video-preview:-1"},"canonical":"https:\/\/nullsignal.games\/fr\/produits\/magnumopus-fr\/","og_locale":"fr_FR","og_type":"article","og_title":"Magnum Opus - Fran\u00e7ais - Null Signal Games","og_description":"Cette extension \u00e9tait sortie vers la fin de l\u2019ann\u00e9e 2018, comportant six cartes con\u00e7ues par les vainqueurs des plus prestigieux tournois. Elle \u00e9tait uniquement disponible \u00e0 ceux qui avaient pu [&hellip;]","og_url":"https:\/\/nullsignal.games\/fr\/produits\/magnumopus-fr\/","og_site_name":"Null Signal Games","article_publisher":"https:\/\/www.facebook.com\/NetrunnerNISEI","article_modified_time":"2022-09-30T15:59:56+00:00","og_image":[{"width":500,"height":500,"url":"https:\/\/nullsignal.games\/wp-content\/uploads\/2020\/03\/Mopus-500.png","type":"image\/png"}],"twitter_card":"summary_large_image","twitter_site":"@ProjectNISEI","twitter_misc":{"Dur\u00e9e de lecture estim\u00e9e":"2 minutes"},"schema":{"@context":"https:\/\/schema.org","@graph":[{"@type":"Organization","@id":"https:\/\/nisei.net\/#organization","name":"NISEI","url":"https:\/\/nisei.net\/","sameAs":["https:\/\/www.facebook.com\/NetrunnerNISEI","https:\/\/www.youtube.com\/channel\/UC4j5b7f95JGN4RHvXS_7z1Q","https:\/\/twitter.com\/ProjectNISEI"],"logo":{"@type":"ImageObject","@id":"https:\/\/nisei.net\/#logo","inLanguage":"fr-FR","url":"https:\/\/nullsignal.games\/wp-content\/uploads\/2020\/08\/cropped-logo_black.png","contentUrl":"https:\/\/nullsignal.games\/wp-content\/uploads\/2020\/08\/cropped-logo_black.png","width":512,"height":512,"caption":"NISEI"},"image":{"@id":"https:\/\/nisei.net\/#logo"}},{"@type":"WebSite","@id":"https:\/\/nisei.net\/#website","url":"https:\/\/nisei.net\/","name":"NISEI","description":"The Future of Netrunner","publisher":{"@id":"https:\/\/nisei.net\/#organization"},"potentialAction":[{"@type":"SearchAction","target":{"@type":"EntryPoint","urlTemplate":"https:\/\/nisei.net\/?s={search_term_string}"},"query-input":"required name=search_term_string"}],"inLanguage":"fr-FR"},{"@type":"ImageObject","@id":"https:\/\/nullsignal.games\/fr\/produits\/magnumopus-fr\/#primaryimage","inLanguage":"fr-FR","url":"https:\/\/nullsignal.games\/wp-content\/uploads\/2020\/03\/Mopus-500.png","contentUrl":"https:\/\/nullsignal.games\/wp-content\/uploads\/2020\/03\/Mopus-500.png","width":500,"height":500},{"@type":"WebPage","@id":"https:\/\/nullsignal.games\/fr\/produits\/magnumopus-fr\/#webpage","url":"https:\/\/nullsignal.games\/fr\/produits\/magnumopus-fr\/","name":"Magnum Opus - Fran\u00e7ais - Null Signal Games","isPartOf":{"@id":"https:\/\/nisei.net\/#website"},"primaryImageOfPage":{"@id":"https:\/\/nullsignal.games\/fr\/produits\/magnumopus-fr\/#primaryimage"},"datePublished":"2019-07-23T12:42:38+00:00","dateModified":"2022-09-30T15:59:56+00:00","breadcrumb":{"@id":"https:\/\/nullsignal.games\/fr\/produits\/magnumopus-fr\/#breadcrumb"},"inLanguage":"fr-FR","potentialAction":[{"@type":"ReadAction","target":["https:\/\/nullsignal.games\/fr\/produits\/magnumopus-fr\/"]}]},{"@type":"BreadcrumbList","@id":"https:\/\/nullsignal.games\/fr\/produits\/magnumopus-fr\/#breadcrumb","itemListElement":[{"@type":"ListItem","position":1,"name":"Home","item":"https:\/\/nullsignal.games\/fr\/null-signal-games\/"},{"@type":"ListItem","position":2,"name":"Produits","item":"https:\/\/nullsignal.games\/fr\/produits\/"},{"@type":"ListItem","position":3,"name":"Magnum Opus &#8211; Fran\u00e7ais"}]}]}},"coauthors":[{"link":"https:\/\/nullsignal.games\/fr\/blog\/author\/absotively\/","display_name":"Absotively"}],"author_meta":{"author_link":"https:\/\/nullsignal.games\/fr\/blog\/author\/absotively\/","display_name":"Absotively"},"relative_dates":{"created":"Publi\u00e9 7 ans il y a","modified":"Mis \u00e0 jour 4 ans il y a"},"absolute_dates":{"created":"Publi\u00e9 le juillet 23, 2019","modified":"Mise \u00e0 jour le septembre 30, 2022"},"absolute_dates_time":{"created":"Publi\u00e9 le juillet 23, 2019 12:42  ","modified":"Mise \u00e0 jour le septembre 30, 2022 3:59  "},"featured_img_caption":"","featured_img":"https:\/\/nullsignal.games\/wp-content\/uploads\/2020\/03\/Mopus-500-250x250.png","series_order":"","_links":{"self":[{"href":"https:\/\/nullsignal.games\/fr\/wp-json\/wp\/v2\/pages\/1527"}],"collection":[{"href":"https:\/\/nullsignal.games\/fr\/wp-json\/wp\/v2\/pages"}],"about":[{"href":"https:\/\/nullsignal.games\/fr\/wp-json\/wp\/v2\/types\/page"}],"author":[{"embeddable":true,"href":"https:\/\/nullsignal.games\/fr\/wp-json\/wp\/v2\/users\/15"}],"replies":[{"embeddable":true,"href":"https:\/\/nullsignal.games\/fr\/wp-json\/wp\/v2\/comments?post=1527"}],"version-history":[{"count":6,"href":"https:\/\/nullsignal.games\/fr\/wp-json\/wp\/v2\/pages\/1527\/revisions"}],"predecessor-version":[{"id":32687,"href":"https:\/\/nullsignal.games\/fr\/wp-json\/wp\/v2\/pages\/1527\/revisions\/32687"}],"up":[{"embeddable":true,"href":"https:\/\/nullsignal.games\/fr\/wp-json\/wp\/v2\/pages\/2158"}],"wp:featuredmedia":[{"embeddable":true,"href":"https:\/\/nullsignal.games\/fr\/wp-json\/wp\/v2\/media\/7847"}],"wp:attachment":[{"href":"https:\/\/nullsignal.games\/fr\/wp-json\/wp\/v2\/media?parent=1527"}],"curies":[{"name":"wp","href":"https:\/\/api.w.org\/{rel}","templated":true}]}}