{"id":1521,"date":"2019-06-12T12:32:57","date_gmt":"2019-06-12T12:32:57","guid":{"rendered":"http:\/\/wpniseitest.nfshost.com\/downfall-fr"},"modified":"2021-07-11T19:06:30","modified_gmt":"2021-07-11T19:06:30","slug":"downfall-fr","status":"publish","type":"page","link":"https:\/\/nullsignal.games\/fr\/produits\/downfall-fr\/","title":{"rendered":"Effondrement (Downfall) &#8211; Fran\u00e7ais"},"content":{"rendered":"\n<p><em>C\u2019est arriv\u00e9 soudainement, un soir o\u00f9 le ciel \u00e9tait clair. Les n\u00e9ons de New Angeles s&rsquo;illuminaient, comme si un shoot de speed \u00e9quatorial courait \u00e0 travers la cit\u00e9. Les \u00e9v\u00e8nements arriv\u00e8rent de fa\u00e7on hach\u00e9e et d\u00e9sordonn\u00e9e. Une lumi\u00e8re stroboscopique directement sur nous, comme la flamme d\u2019un r\u00e9acteur l\u00e0 o\u00f9 il n\u2019y avait aucun vaisseau. Une pluie d\u2019\u00e9clats de carbone faisant exploser les fen\u00eatres et chuter les hoppers sur Manta, fondus et tordus en formes absurdes. Cayambe sonna d\u2019une terrible vibration, comme si quelqu\u2019un avait par caprice branch\u00e9 une guitare de la taille d\u2019une plan\u00e8te.\u200b<\/em><\/p>\n\n\n\n<p><em>Le monde ne tient qu\u2019\u00e0 un fil, fait de r\u00eaves et de convictions et de structure carbone.&nbsp;Personne ne r\u00e9alise \u00e0 quel point ce fil est t\u00e9nu\u2026 jusqu\u2019\u00e0 ce que quelqu\u2019un le coupe.<\/em><\/p>\n\n\n\n<figure class=\"wp-block-image\"><img src=\"http:\/\/nullsignal.games\/photos\/13\/Downfall_500_post.png\" alt=\"\"\/><\/figure>\n\n\n\n<p>Effondrement est la premi\u00e8re extension du Cycle des Cendres, publi\u00e9e en anglais le 18 mars 2019. Elle est disponible en quatre formats \u00e0 partir de trois endroits, veuillez voir notre <a href=\"http:\/\/nullsignal.games\/article\/SpecialOrder2019-03\">guide d\u2019achat<\/a> pour les diff\u00e9rences. Les <a href=\"http:\/\/nullsignal.games\/products\/Downfall\/DFReleaseNotes\">notes de publication<\/a> de ce produit sont disponibles sur notre site, elle est imm\u00e9diatement l\u00e9gale pour les \u00e9v\u00e8nements de Niveau Non Comp\u00e9titifs (GNKs, Championnats de Magasins) et le 29 mars pour les \u00e9v\u00e8nements de Niveau Comp\u00e9titifs (Championnats R\u00e9gionaux et au dessus). Vous pouvez voir toutes les cartes de cette extension sur <a href=\"https:\/\/netrunnerdb.com\/en\/set\/df\/full\">NetrunnerDB<\/a>.<\/p>\n\n\n\n<p><strong><a href=\"https:\/\/www.makeplayingcards.com\/sell\/marketplace\/ashes-downfall-french-standard-300gsm-cardstock.html\">MakePlayingCards : Standard<\/a><\/strong><\/p>\n\n\n\n<p><strong><a href=\"https:\/\/www.makeplayingcards.com\/sell\/marketplace\/ashes-downfall-french-premium-330gsm-cardstock.html\">MakePlayingCards : Premium<\/a><\/strong><\/p>\n\n\n\n<p><strong>Note importante pour \u00e9viter les frais de douane<\/strong>: Nous vous conseillons de consulter la page <a href=\"https:\/\/www.makeplayingcards.com\/shipping.aspx\">MakePlayingCards\u2019s Shipping Information<\/a> pour les d\u00e9tails sur les frais de douane. Pour les commandes europ\u00e9ennes en particulier, MPC garantit l\u2019absence de frais de douane jusqu\u2019\u00e0 un montant d\u2019achat de 500$ sans compter les frais de port, mais <strong>seulement si vous utilisez l\u2019option de livraison standard (Standard Shipping)!<\/strong><\/p>\n\n\n\n<p><strong>Print-and-play PDF<\/strong> &#8211; GRATUIT\/Payez ce que vous voulez (vous pouvez donner soit par <a href=\"https:\/\/paypal.me\/niseiproject\">PayPal<\/a>, ou par notre <a href=\"https:\/\/www.patreon.com\/NISEI\">Patreon<\/a>)<\/p>\n\n\n\n<ul><li> <a href=\"https:\/\/nullsignal.games\/wp-content\/uploads\/2021\/03\/Downfall_-_A4_Printable_Sheets_3x_fr.pdf\">A4 paper size, 3x copy<\/a> <\/li><li> <a href=\"https:\/\/nullsignal.games\/wp-content\/uploads\/2021\/03\/Downfall_-_A4_Printable_Sheets_1x_fr.pdf\">A4 paper size, 1x copy<\/a> <\/li><li> <a href=\"https:\/\/nullsignal.games\/wp-content\/uploads\/2021\/03\/Downfall_-_US_Letter_Printable_Sheets_3x_fr.pdf\">US Letter paper size, 3x copy<\/a> <\/li><li> <a href=\"https:\/\/nullsignal.games\/wp-content\/uploads\/2021\/03\/Downfall_-_US_Letter_Printable_Sheets_1x_fr.pdf\">US Letter paper size, 1x copy<\/a> <\/li><\/ul>\n","protected":false},"excerpt":{"rendered":"<p>C\u2019est arriv\u00e9 soudainement, un soir o\u00f9 le ciel \u00e9tait clair. Les n\u00e9ons de New Angeles s&rsquo;illuminaient, comme si un shoot de speed \u00e9quatorial courait \u00e0 travers la cit\u00e9. Les \u00e9v\u00e8nements [&hellip;]<\/p>\n","protected":false},"author":15,"featured_media":7180,"parent":2158,"menu_order":250,"comment_status":"closed","ping_status":"open","template":"","meta":{"advgb_blocks_editor_width":"","advgb_blocks_columns_visual_guide":"","kt_blocks_editor_width":"","_links_to":"","_links_to_target":""},"pp_force_visibility":null,"pp_subpost_visibility":null,"pp_inherited_force_visibility":null,"pp_inherited_subpost_visibility":null,"yoast_head":"<!-- This site is optimized with the Yoast SEO plugin v17.7.1 - https:\/\/yoast.com\/wordpress\/plugins\/seo\/ -->\n<title>Effondrement (Downfall) - Fran\u00e7ais - Null Signal Games<\/title>\n<meta name=\"robots\" content=\"index, follow, max-snippet:-1, max-image-preview:large, max-video-preview:-1\" \/>\n<link rel=\"canonical\" href=\"https:\/\/nullsignal.games\/fr\/produits\/downfall-fr\/\" \/>\n<meta property=\"og:locale\" content=\"fr_FR\" \/>\n<meta property=\"og:type\" content=\"article\" \/>\n<meta property=\"og:title\" content=\"Effondrement (Downfall) - Fran\u00e7ais - Null Signal Games\" \/>\n<meta property=\"og:description\" content=\"C\u2019est arriv\u00e9 soudainement, un soir o\u00f9 le ciel \u00e9tait clair. Les n\u00e9ons de New Angeles s&rsquo;illuminaient, comme si un shoot de speed \u00e9quatorial courait \u00e0 travers la cit\u00e9. Les \u00e9v\u00e8nements [&hellip;]\" \/>\n<meta property=\"og:url\" content=\"https:\/\/nullsignal.games\/fr\/produits\/downfall-fr\/\" \/>\n<meta property=\"og:site_name\" content=\"Null Signal Games\" \/>\n<meta property=\"article:publisher\" content=\"https:\/\/www.facebook.com\/NetrunnerNISEI\" \/>\n<meta property=\"article:modified_time\" content=\"2021-07-11T19:06:30+00:00\" \/>\n<meta property=\"og:image\" content=\"https:\/\/nisei.net\/wp-content\/uploads\/2019\/11\/Downfall_500_post.png\" \/>\n\t<meta property=\"og:image:width\" content=\"500\" \/>\n\t<meta property=\"og:image:height\" content=\"500\" \/>\n<meta name=\"twitter:card\" content=\"summary_large_image\" \/>\n<meta name=\"twitter:site\" content=\"@ProjectNISEI\" \/>\n<meta name=\"twitter:label1\" content=\"Dur\u00e9e de lecture estim\u00e9e\" \/>\n\t<meta name=\"twitter:data1\" content=\"2 minutes\" \/>\n<script type=\"application\/ld+json\" class=\"yoast-schema-graph\">{\"@context\":\"https:\/\/schema.org\",\"@graph\":[{\"@type\":\"Organization\",\"@id\":\"https:\/\/nisei.net\/#organization\",\"name\":\"NISEI\",\"url\":\"https:\/\/nisei.net\/\",\"sameAs\":[\"https:\/\/www.facebook.com\/NetrunnerNISEI\",\"https:\/\/www.youtube.com\/channel\/UC4j5b7f95JGN4RHvXS_7z1Q\",\"https:\/\/twitter.com\/ProjectNISEI\"],\"logo\":{\"@type\":\"ImageObject\",\"@id\":\"https:\/\/nisei.net\/#logo\",\"inLanguage\":\"fr-FR\",\"url\":\"https:\/\/nullsignal.games\/wp-content\/uploads\/2020\/08\/cropped-logo_black.png\",\"contentUrl\":\"https:\/\/nullsignal.games\/wp-content\/uploads\/2020\/08\/cropped-logo_black.png\",\"width\":512,\"height\":512,\"caption\":\"NISEI\"},\"image\":{\"@id\":\"https:\/\/nisei.net\/#logo\"}},{\"@type\":\"WebSite\",\"@id\":\"https:\/\/nisei.net\/#website\",\"url\":\"https:\/\/nisei.net\/\",\"name\":\"NISEI\",\"description\":\"The Future of Netrunner\",\"publisher\":{\"@id\":\"https:\/\/nisei.net\/#organization\"},\"potentialAction\":[{\"@type\":\"SearchAction\",\"target\":{\"@type\":\"EntryPoint\",\"urlTemplate\":\"https:\/\/nisei.net\/?s={search_term_string}\"},\"query-input\":\"required name=search_term_string\"}],\"inLanguage\":\"fr-FR\"},{\"@type\":\"ImageObject\",\"@id\":\"https:\/\/nullsignal.games\/fr\/produits\/downfall-fr\/#primaryimage\",\"inLanguage\":\"fr-FR\",\"url\":\"https:\/\/nullsignal.games\/wp-content\/uploads\/2019\/11\/Downfall_500_post.png\",\"contentUrl\":\"https:\/\/nullsignal.games\/wp-content\/uploads\/2019\/11\/Downfall_500_post.png\",\"width\":500,\"height\":500,\"caption\":\"Effondrement\"},{\"@type\":\"WebPage\",\"@id\":\"https:\/\/nullsignal.games\/fr\/produits\/downfall-fr\/#webpage\",\"url\":\"https:\/\/nullsignal.games\/fr\/produits\/downfall-fr\/\",\"name\":\"Effondrement (Downfall) - Fran\\u00e7ais - Null Signal Games\",\"isPartOf\":{\"@id\":\"https:\/\/nisei.net\/#website\"},\"primaryImageOfPage\":{\"@id\":\"https:\/\/nullsignal.games\/fr\/produits\/downfall-fr\/#primaryimage\"},\"datePublished\":\"2019-06-12T12:32:57+00:00\",\"dateModified\":\"2021-07-11T19:06:30+00:00\",\"breadcrumb\":{\"@id\":\"https:\/\/nullsignal.games\/fr\/produits\/downfall-fr\/#breadcrumb\"},\"inLanguage\":\"fr-FR\",\"potentialAction\":[{\"@type\":\"ReadAction\",\"target\":[\"https:\/\/nullsignal.games\/fr\/produits\/downfall-fr\/\"]}]},{\"@type\":\"BreadcrumbList\",\"@id\":\"https:\/\/nullsignal.games\/fr\/produits\/downfall-fr\/#breadcrumb\",\"itemListElement\":[{\"@type\":\"ListItem\",\"position\":1,\"name\":\"Home\",\"item\":\"https:\/\/nullsignal.games\/fr\/null-signal-games\/\"},{\"@type\":\"ListItem\",\"position\":2,\"name\":\"Produits\",\"item\":\"https:\/\/nullsignal.games\/fr\/produits\/\"},{\"@type\":\"ListItem\",\"position\":3,\"name\":\"Effondrement (Downfall) &#8211; Fran\\u00e7ais\"}]}]}<\/script>\n<!-- \/ Yoast SEO plugin. -->","yoast_head_json":{"title":"Effondrement (Downfall) - Fran\u00e7ais - Null Signal Games","robots":{"index":"index","follow":"follow","max-snippet":"max-snippet:-1","max-image-preview":"max-image-preview:large","max-video-preview":"max-video-preview:-1"},"canonical":"https:\/\/nullsignal.games\/fr\/produits\/downfall-fr\/","og_locale":"fr_FR","og_type":"article","og_title":"Effondrement (Downfall) - Fran\u00e7ais - Null Signal Games","og_description":"C\u2019est arriv\u00e9 soudainement, un soir o\u00f9 le ciel \u00e9tait clair. Les n\u00e9ons de New Angeles s&rsquo;illuminaient, comme si un shoot de speed \u00e9quatorial courait \u00e0 travers la cit\u00e9. Les \u00e9v\u00e8nements [&hellip;]","og_url":"https:\/\/nullsignal.games\/fr\/produits\/downfall-fr\/","og_site_name":"Null Signal Games","article_publisher":"https:\/\/www.facebook.com\/NetrunnerNISEI","article_modified_time":"2021-07-11T19:06:30+00:00","og_image":[{"width":500,"height":500,"url":"https:\/\/nisei.net\/wp-content\/uploads\/2019\/11\/Downfall_500_post.png","type":"image\/png"}],"twitter_card":"summary_large_image","twitter_site":"@ProjectNISEI","twitter_misc":{"Dur\u00e9e de lecture estim\u00e9e":"2 minutes"},"schema":{"@context":"https:\/\/schema.org","@graph":[{"@type":"Organization","@id":"https:\/\/nisei.net\/#organization","name":"NISEI","url":"https:\/\/nisei.net\/","sameAs":["https:\/\/www.facebook.com\/NetrunnerNISEI","https:\/\/www.youtube.com\/channel\/UC4j5b7f95JGN4RHvXS_7z1Q","https:\/\/twitter.com\/ProjectNISEI"],"logo":{"@type":"ImageObject","@id":"https:\/\/nisei.net\/#logo","inLanguage":"fr-FR","url":"https:\/\/nullsignal.games\/wp-content\/uploads\/2020\/08\/cropped-logo_black.png","contentUrl":"https:\/\/nullsignal.games\/wp-content\/uploads\/2020\/08\/cropped-logo_black.png","width":512,"height":512,"caption":"NISEI"},"image":{"@id":"https:\/\/nisei.net\/#logo"}},{"@type":"WebSite","@id":"https:\/\/nisei.net\/#website","url":"https:\/\/nisei.net\/","name":"NISEI","description":"The Future of Netrunner","publisher":{"@id":"https:\/\/nisei.net\/#organization"},"potentialAction":[{"@type":"SearchAction","target":{"@type":"EntryPoint","urlTemplate":"https:\/\/nisei.net\/?s={search_term_string}"},"query-input":"required name=search_term_string"}],"inLanguage":"fr-FR"},{"@type":"ImageObject","@id":"https:\/\/nullsignal.games\/fr\/produits\/downfall-fr\/#primaryimage","inLanguage":"fr-FR","url":"https:\/\/nullsignal.games\/wp-content\/uploads\/2019\/11\/Downfall_500_post.png","contentUrl":"https:\/\/nullsignal.games\/wp-content\/uploads\/2019\/11\/Downfall_500_post.png","width":500,"height":500,"caption":"Effondrement"},{"@type":"WebPage","@id":"https:\/\/nullsignal.games\/fr\/produits\/downfall-fr\/#webpage","url":"https:\/\/nullsignal.games\/fr\/produits\/downfall-fr\/","name":"Effondrement (Downfall) - Fran\u00e7ais - Null Signal Games","isPartOf":{"@id":"https:\/\/nisei.net\/#website"},"primaryImageOfPage":{"@id":"https:\/\/nullsignal.games\/fr\/produits\/downfall-fr\/#primaryimage"},"datePublished":"2019-06-12T12:32:57+00:00","dateModified":"2021-07-11T19:06:30+00:00","breadcrumb":{"@id":"https:\/\/nullsignal.games\/fr\/produits\/downfall-fr\/#breadcrumb"},"inLanguage":"fr-FR","potentialAction":[{"@type":"ReadAction","target":["https:\/\/nullsignal.games\/fr\/produits\/downfall-fr\/"]}]},{"@type":"BreadcrumbList","@id":"https:\/\/nullsignal.games\/fr\/produits\/downfall-fr\/#breadcrumb","itemListElement":[{"@type":"ListItem","position":1,"name":"Home","item":"https:\/\/nullsignal.games\/fr\/null-signal-games\/"},{"@type":"ListItem","position":2,"name":"Produits","item":"https:\/\/nullsignal.games\/fr\/produits\/"},{"@type":"ListItem","position":3,"name":"Effondrement (Downfall) &#8211; Fran\u00e7ais"}]}]}},"coauthors":[{"link":"https:\/\/nullsignal.games\/fr\/blog\/author\/absotively\/","display_name":"Absotively"}],"author_meta":{"author_link":"https:\/\/nullsignal.games\/fr\/blog\/author\/absotively\/","display_name":"Absotively"},"relative_dates":{"created":"Publi\u00e9 7 ans il y a","modified":"Mis \u00e0 jour 5 ans il y a"},"absolute_dates":{"created":"Publi\u00e9 le juin 12, 2019","modified":"Mise \u00e0 jour le juillet 11, 2021"},"absolute_dates_time":{"created":"Publi\u00e9 le juin 12, 2019 12:32  ","modified":"Mise \u00e0 jour le juillet 11, 2021 7:06  "},"featured_img_caption":"","featured_img":"https:\/\/nullsignal.games\/wp-content\/uploads\/2019\/11\/Downfall_500_post-250x250.png","series_order":"","_links":{"self":[{"href":"https:\/\/nullsignal.games\/fr\/wp-json\/wp\/v2\/pages\/1521"}],"collection":[{"href":"https:\/\/nullsignal.games\/fr\/wp-json\/wp\/v2\/pages"}],"about":[{"href":"https:\/\/nullsignal.games\/fr\/wp-json\/wp\/v2\/types\/page"}],"author":[{"embeddable":true,"href":"https:\/\/nullsignal.games\/fr\/wp-json\/wp\/v2\/users\/15"}],"replies":[{"embeddable":true,"href":"https:\/\/nullsignal.games\/fr\/wp-json\/wp\/v2\/comments?post=1521"}],"version-history":[{"count":5,"href":"https:\/\/nullsignal.games\/fr\/wp-json\/wp\/v2\/pages\/1521\/revisions"}],"predecessor-version":[{"id":20093,"href":"https:\/\/nullsignal.games\/fr\/wp-json\/wp\/v2\/pages\/1521\/revisions\/20093"}],"up":[{"embeddable":true,"href":"https:\/\/nullsignal.games\/fr\/wp-json\/wp\/v2\/pages\/2158"}],"wp:featuredmedia":[{"embeddable":true,"href":"https:\/\/nullsignal.games\/fr\/wp-json\/wp\/v2\/media\/7180"}],"wp:attachment":[{"href":"https:\/\/nullsignal.games\/fr\/wp-json\/wp\/v2\/media?parent=1521"}],"curies":[{"name":"wp","href":"https:\/\/api.w.org\/{rel}","templated":true}]}}