{"id":7380,"date":"2021-02-04T02:03:20","date_gmt":"2021-02-04T02:03:20","guid":{"rendered":"https:\/\/nullsignal.games\/products\/"},"modified":"2026-01-04T01:18:43","modified_gmt":"2026-01-04T01:18:43","slug":"productos","status":"publish","type":"page","link":"https:\/\/nullsignal.games\/es\/productos\/","title":{"rendered":"Productos"},"content":{"rendered":"\n<p>Dise\u00f1amos y testeamos cartas originales de Netrunner para que la comunidad las disfrute. Conoce m\u00e1s sobre nuestros sets a continuaci\u00f3n.<\/p>\n\n\n\n<p>Las cartas Null Signal Games est\u00e1n disponibles en formato PDF y puedes pagar lo que quieras por el imprime-y-juega, o puedes comprarlas a nuestros proveedores de impresi\u00f3n a demanda. Si vives en ciertas regiones, tambi\u00e9n puedes realizar pedidos a Revendedores Autorizados que realizan pedidos al por mayor de productos de MakePlayingCards para ofrecer env\u00edos m\u00e1s econ\u00f3micos a los jugadores de su regi\u00f3n. Para obtener m\u00e1s informaci\u00f3n sobre estas opciones, consulta nuestra <a href=\"https:\/\/nullsignal.games\/purchase-guide\/\">Gu\u00eda de compra<\/a>.<\/p>\n\n\n\n<p>Los diferentes formatos de juego incluyen diferentes sets de cartas. Visita nuestra p\u00e1gina de <a href=\"https:\/\/nullsignal.games\/op\/supported-formats\/\">Formatos Admitidos<\/a> para saber qu\u00e9 sets son legales en los formatos Null Signal Games.<\/p>\n\n\n\n<h2>Vamos a Empezar<\/h2>\n\n\n\n<p>\u00bfNuevo en Netrunner? \u00bfBuscas ampliar tu colecci\u00f3n con cartas modernas y fiables? Empieza aqu\u00ed.<\/p>\n\n\n\n<div class=\"wp-block-columns\">\n<div class=\"wp-block-column\" style=\"flex-basis:33.33%\">\n<figure class=\"wp-block-image size-large\"><a href=\"https:\/\/nullsignal.games\/es\/productos\/system-gateway\/\"><img loading=\"lazy\" width=\"1024\" height=\"1024\" src=\"https:\/\/nullsignal.games\/wp-content\/uploads\/2021\/03\/Gateway-CoverRGB-1-1024x1024.png\" alt=\"System Gateway: Starter Pack\" class=\"wp-image-9771\" srcset=\"https:\/\/nullsignal.games\/wp-content\/uploads\/2021\/03\/Gateway-CoverRGB-1-1024x1024.png 1024w, https:\/\/nullsignal.games\/wp-content\/uploads\/2021\/03\/Gateway-CoverRGB-1-300x300.png 300w, https:\/\/nullsignal.games\/wp-content\/uploads\/2021\/03\/Gateway-CoverRGB-1-150x150.png 150w, https:\/\/nullsignal.games\/wp-content\/uploads\/2021\/03\/Gateway-CoverRGB-1-768x768.png 768w, https:\/\/nullsignal.games\/wp-content\/uploads\/2021\/03\/Gateway-CoverRGB-1.png 1500w\" sizes=\"(max-width: 1024px) 100vw, 1024px\" \/><\/a><\/figure>\n<\/div>\n\n\n\n<div class=\"wp-block-column\" style=\"flex-basis:66.66%\">\n<h3>System Gateway<\/h3>\n\n\n\n<p><em><em>System Gateway<\/em><\/em> es la mejor manera de enchufarte y comenzar a aprender el juego. Con dos mazos de duelo optimizados y sets completos de cartas simples pero poderosas, ser\u00e1 la nueva piedra angular de tu colecci\u00f3n.<\/p>\n\n\n\n<div class=\"wp-block-buttons\">\n<div class=\"wp-block-button\"><a class=\"wp-block-button__link\" href=\"https:\/\/nullsignal.games\/es\/productos\/system-gateway\/\">Aprende m\u00e1s&#8230; <\/a><\/div>\n<\/div>\n<\/div>\n<\/div>\n\n\n\n<div class=\"wp-block-columns\">\n<div class=\"wp-block-column\" style=\"flex-basis:33.33%\">\n<figure class=\"wp-block-image size-full\"><img loading=\"lazy\" width=\"1033\" height=\"1033\" src=\"https:\/\/nullsignal.games\/wp-content\/uploads\/2026\/01\/Core-Elevation-Cover_es-small.png\" alt=\"\" class=\"wp-image-55882\"\/><\/figure>\n<\/div>\n\n\n\n<div class=\"wp-block-column\" style=\"flex-basis:66.66%\">\n<h3>Elevaci\u00f3n<\/h3>\n\n\n\n<p><em>Elevaci\u00f3n<\/em> es la segunda compra ideal para les jugadores que ya tengan <em>System Gateway<\/em>. Ampl\u00eda los temas, mec\u00e1nicas y t\u00e1cticas introducidos en System Gateway, y profundiza en el alcance de la exploraci\u00f3n y la construcci\u00f3n de mazos. <\/p>\n\n\n\n<p><em>System Gateway<\/em> y <em>Elevaci\u00f3n<\/em> juntos forman los nuevos Core Sets de Netrunner, y son la base de los formatos competitivos de Standard y Startup<\/p>\n\n\n\n<div class=\"wp-block-buttons\">\n<div class=\"wp-block-button\"><a class=\"wp-block-button__link\" href=\"https:\/\/nullsignal.games\/es\/productos\/elevacion\/\">Aprende m\u00e1s&#8230; <\/a><\/div>\n<\/div>\n<\/div>\n<\/div>\n\n\n\n<h2>Packs de Expansi\u00f3n <\/h2>\n\n\n\n<p>Una vez est\u00e9s familiarizado con el juego, estos sets te permitir\u00e1n explorar nuevas direcciones de juego. Nuestro objetivo es lanzar al menos una expansi\u00f3n por a\u00f1o. <\/p>\n\n\n\n<div class=\"wp-block-columns\">\n<div class=\"wp-block-column\" style=\"flex-basis:33.33%\">\n<figure class=\"wp-block-image size-large\"><img loading=\"lazy\" width=\"1024\" height=\"1024\" src=\"https:\/\/nullsignal.games\/wp-content\/uploads\/2022\/07\/Midnight-Sun-Box-Cover-1024x1024.png\" alt=\"Cubierta de Caja de Sol de Medianoche \" class=\"wp-image-27590\" srcset=\"https:\/\/nullsignal.games\/wp-content\/uploads\/2022\/07\/Midnight-Sun-Box-Cover-1024x1024.png 1024w, https:\/\/nullsignal.games\/wp-content\/uploads\/2022\/07\/Midnight-Sun-Box-Cover-300x300.png 300w, https:\/\/nullsignal.games\/wp-content\/uploads\/2022\/07\/Midnight-Sun-Box-Cover-150x150.png 150w, https:\/\/nullsignal.games\/wp-content\/uploads\/2022\/07\/Midnight-Sun-Box-Cover-768x768.png 768w, https:\/\/nullsignal.games\/wp-content\/uploads\/2022\/07\/Midnight-Sun-Box-Cover.png 1200w\" sizes=\"(max-width: 1024px) 100vw, 1024px\" \/><\/figure>\n<\/div>\n\n\n\n<div class=\"wp-block-column\" style=\"flex-basis:66.66%\">\n<h3>Sol de Medianoche <\/h3>\n\n\n\n<p>En el C\u00edrculo Polar \u00c1rtico, que se est\u00e1 descongelando, las Corporaciones alcanzan nuevos niveles de crueldad en su b\u00fasqueda de beneficio econ\u00f3mico, y les Runners recurren a nuevos trucos para luchar contra ellas. <\/p>\n\n\n\n<p><em>Sol de Medianoche<\/em> es una expansi\u00f3n de 65 cartas y la primera mitad del <em>Ciclo Borealis<\/em>. Presenta tres nuevas mec\u00e1nicas para les Runners\u2014(sabotaje, marca y carga)\u2014y les da a las Corporaciones herramientas m\u00e1s poderosas para avanzar hacia la victoria. <\/p>\n\n\n\n<div class=\"wp-block-buttons\">\n<div class=\"wp-block-button\"><a class=\"wp-block-button__link\" href=\"https:\/\/nullsignal.games\/es\/productos\/sol-de-medianoche\/\">Aprende m\u00e1s&#8230; <\/a><\/div>\n<\/div>\n<\/div>\n<\/div>\n\n\n\n<div class=\"wp-block-columns\">\n<div class=\"wp-block-column\" style=\"flex-basis:33.33%\">\n<figure class=\"wp-block-image size-large\"><img src=\"https:\/\/nullsignal.games\/wp-content\/uploads\/2022\/03\/MSBP-Box-Art-SG-Style.png\" alt=\"\"\/><\/figure>\n<\/div>\n\n\n\n<div class=\"wp-block-column\" style=\"flex-basis:66.66%\">\n<h3>Pack de Avance de Sol de Medianoche <\/h3>\n\n\n\n<p>El <em>Pack de Avance de Sol de Medianoche <\/em>es un peque\u00f1o lanzamiento intersticial con siete cartas, una por cada facci\u00f3n, elegidas del pr\u00f3ximo lanzamiento de Null Signal Games, <em>Sol de Medianoche. <\/em>Estas siete cartas se eligieron para agregar variedad a los formatos Standard y Start-Up, as\u00ed como para servir como avance de los temas mec\u00e1nicos y creativos que aparecer\u00e1n en el set completo. Cada carta en el <em>Pack de Avance de Sol de Medianoche<\/em> est\u00e1 impresa en con el arte completo para hacer resaltar la ilustraci\u00f3n. <\/p>\n\n\n\n<div class=\"wp-block-buttons\">\n<div class=\"wp-block-button\"><a class=\"wp-block-button__link\" href=\"https:\/\/nullsignal.games\/products\/midnight-sun-booster-pack\/\">Aprende m\u00e1s&#8230; <\/a><\/div>\n<\/div>\n<\/div>\n<\/div>\n\n\n\n<div class=\"wp-block-columns\">\n<div class=\"wp-block-column\" style=\"flex-basis:33.33%\">\n<figure class=\"wp-block-image size-large\"><a href=\"https:\/\/nullsignal.games\/products\/uprising\/\"><img loading=\"lazy\" width=\"500\" height=\"500\" src=\"https:\/\/nullsignal.games\/wp-content\/uploads\/2020\/03\/Uprising_500_post.png\" alt=\"Levantamiento \" class=\"wp-image-2208\" srcset=\"https:\/\/nullsignal.games\/wp-content\/uploads\/2020\/03\/Uprising_500_post.png 500w, https:\/\/nullsignal.games\/wp-content\/uploads\/2020\/03\/Uprising_500_post-150x150.png 150w, https:\/\/nullsignal.games\/wp-content\/uploads\/2020\/03\/Uprising_500_post-100x100.png 100w, https:\/\/nullsignal.games\/wp-content\/uploads\/2020\/03\/Uprising_500_post-300x300.png 300w, https:\/\/nullsignal.games\/wp-content\/uploads\/2020\/03\/Uprising_500_post-250x250.png 250w\" sizes=\"(max-width: 500px) 100vw, 500px\" \/><\/a><\/figure>\n<\/div>\n\n\n\n<div class=\"wp-block-column\" style=\"flex-basis:66.66%\">\n<h3>Levantamiento <\/h3>\n\n\n\n<p>A ra\u00edz del ataque a Beanstalk, el mundo se recupera y se reorganiza. Las cosas est\u00e1n mejorando. <\/p>\n\n\n\n<p><em>Levantamiento<\/em> es una expansi\u00f3n de 65 cartas y la segunda mitad del <em>Ciclo Cenizas<\/em>. Mientras ampl\u00eda los dise\u00f1os de <em>Ca\u00edda<\/em>, tambi\u00e9n presenta nuevas ideas como <strong>bloqueos<\/strong>\u2014poderosas operaciones de la Corporaci\u00f3n que puede disuadir a le Runner durante todo un turno. <\/p>\n\n\n\n<div class=\"wp-block-buttons\">\n<div class=\"wp-block-button\"><a class=\"wp-block-button__link\" href=\"https:\/\/nullsignal.games\/products\/uprising\/\">Aprende m\u00e1s&#8230; <\/a><\/div>\n<\/div>\n\n\n\n<p><\/p>\n<\/div>\n<\/div>\n\n\n\n<div class=\"wp-block-columns\">\n<div class=\"wp-block-column\" style=\"flex-basis:33.33%\">\n<figure class=\"wp-block-image size-large\"><a href=\"https:\/\/nullsignal.games\/products\/downfall\/\"><img loading=\"lazy\" width=\"500\" height=\"500\" src=\"https:\/\/nullsignal.games\/wp-content\/uploads\/2019\/11\/Downfall_500_post.png\" alt=\"Ca\u00edda\" class=\"wp-image-7842\" srcset=\"https:\/\/nullsignal.games\/wp-content\/uploads\/2019\/11\/Downfall_500_post.png 500w, https:\/\/nullsignal.games\/wp-content\/uploads\/2019\/11\/Downfall_500_post-150x150.png 150w, https:\/\/nullsignal.games\/wp-content\/uploads\/2019\/11\/Downfall_500_post-100x100.png 100w, https:\/\/nullsignal.games\/wp-content\/uploads\/2019\/11\/Downfall_500_post-300x300.png 300w, https:\/\/nullsignal.games\/wp-content\/uploads\/2019\/11\/Downfall_500_post-250x250.png 250w\" sizes=\"(max-width: 500px) 100vw, 500px\" \/><\/a><\/figure>\n<\/div>\n\n\n\n<div class=\"wp-block-column\" style=\"flex-basis:66.66%\">\n<h3>Ca\u00edda<\/h3>\n\n\n\n<p>Beanstalk ha sido atacado. El mundo nunca ser\u00e1 el mismo. <\/p>\n\n\n\n<p><em>Ca\u00edda<\/em> es una expansi\u00f3n de 65 cartas, la primera mitad del <em>Ciclo Cenizas,<\/em> y el primer set original de Null Signal Games. Presenta un dise\u00f1o gr\u00e1fico y art\u00edstico completamente nuevo y contiene dise\u00f1os de cartas que son a la vez modernos y familiares. <\/p>\n\n\n\n<div class=\"wp-block-buttons\">\n<div class=\"wp-block-button\"><a class=\"wp-block-button__link\" href=\"https:\/\/nullsignal.games\/products\/downfall\/\">Aprende m\u00e1s&#8230; <\/a><\/div>\n<\/div>\n<\/div>\n<\/div>\n\n\n\n<h2>Sets Adicionales y Expansiones <\/h2>\n\n\n\n<p>Estos son paquetes de cartas suplementarios m\u00e1s peque\u00f1os, producidos fuera de nuestra l\u00ednea de lanzamientos habitual. <\/p>\n\n\n\n<div class=\"wp-block-columns\">\n<div class=\"wp-block-column\" style=\"flex-basis:33.33%\">\n<figure class=\"wp-block-image size-large\"><img loading=\"lazy\" width=\"500\" height=\"500\" src=\"https:\/\/nullsignal.games\/wp-content\/uploads\/2020\/03\/Mopus-500.png\" alt=\"\" class=\"wp-image-7853\" srcset=\"https:\/\/nullsignal.games\/wp-content\/uploads\/2020\/03\/Mopus-500.png 500w, https:\/\/nullsignal.games\/wp-content\/uploads\/2020\/03\/Mopus-500-150x150.png 150w, https:\/\/nullsignal.games\/wp-content\/uploads\/2020\/03\/Mopus-500-100x100.png 100w, https:\/\/nullsignal.games\/wp-content\/uploads\/2020\/03\/Mopus-500-300x300.png 300w, https:\/\/nullsignal.games\/wp-content\/uploads\/2020\/03\/Mopus-500-250x250.png 250w\" sizes=\"(max-width: 500px) 100vw, 500px\" \/><\/figure>\n<\/div>\n\n\n\n<div class=\"wp-block-column\" style=\"flex-basis:66.66%\">\n<h3>Reimpresi\u00f3n de Magnum Opus<\/h3>\n\n\n\n<p>Reimpresiones de las cartas de edici\u00f3n limitada que se entregaron en el evento Magnum Opus en 2018, con arte y texto actualizados. <\/p>\n\n\n\n<div class=\"wp-block-buttons\">\n<div class=\"wp-block-button\"><a class=\"wp-block-button__link\" href=\"https:\/\/nullsignal.games\/products\/magnumopus\/\">Aprende m\u00e1s&#8230; <\/a><\/div>\n<\/div>\n<\/div>\n<\/div>\n\n\n\n<div class=\"wp-block-columns\">\n<div class=\"wp-block-column\" style=\"flex-basis:33.33%\">\n<div class=\"wp-block-image\"><figure class=\"aligncenter size-full\"><img loading=\"lazy\" width=\"100\" height=\"100\" src=\"https:\/\/nullsignal.games\/wp-content\/uploads\/2022\/02\/SC19.png\" alt=\"Icono System Core 2019 \" class=\"wp-image-23119\"\/><\/figure><\/div>\n<\/div>\n\n\n\n<div class=\"wp-block-column\" style=\"flex-basis:66.66%\">\n<h3>System Core 2019<\/h3>\n\n\n\n<p>El primer \u00abset de inicio\u00bb de Null Signal Games. <em>System Core 2019<\/em> fue un producto solamente virtual; una lista de cartas que los jugadores pueden ensamblar a partir de sus colecciones existentes para crear un nuevo \u00abconjunto b\u00e1sico\u00bb. <\/p>\n\n\n\n<div class=\"wp-block-buttons\">\n<div class=\"wp-block-button\"><a class=\"wp-block-button__link\" href=\"https:\/\/nullsignal.games\/products\/system-core-2019\/\">Aprende m\u00e1s&#8230; <\/a><\/div>\n<\/div>\n<\/div>\n<\/div>\n\n\n\n<h2>Pr\u00f3ximamente<\/h2>\n\n\n\n<p>\u00bfCurioso por lo que viene despu\u00e9s? A medida que nuestros proyectos Null Signal Games avancen a trav\u00e9s de nuestra l\u00ednea de producci\u00f3n, el primer paso siempre ser\u00e1 incluirlos en nuestra p\u00e1gina <a href=\"https:\/\/nullsignal.games\/products\/upcoming\/\">Pr\u00f3ximamente<\/a>. Cuando haya suficiente informaci\u00f3n p\u00fablica y el lanzamiento se acerque, le daremos a cada producto su propia p\u00e1gina.<\/p>\n\n\n\n<p>The <a href=\"https:\/\/nullsignal.games\/products\/product-status\/\">Product Status Page<\/a> provides an overview of what stage in production each Null Signal Games product is in, and estimated release dates. This includes past and future products, including remastered versions of our old sets.<\/p>\n\n\n\n<div class=\"wp-block-buttons is-content-justification-center\">\n<div class=\"wp-block-button\"><a class=\"wp-block-button__link\" href=\"https:\/\/nullsignal.games\/products\/upcoming\/\">Lo que est\u00e1 en proceso <\/a><\/div>\n<\/div>\n\n\n\n<h2>Product Exchange Program<\/h2>\n\n\n\n<p>If you purchased our sets with the <a href=\"https:\/\/nullsignal.games\/blog\/a-change\/\">outdated card backs<\/a>, you may be eligible to exchange them for the remastered versions of our older sets once they are released. Please visit <a href=\"https:\/\/nullsignal.games\/products\/product-exchange-program\/\">this page<\/a> for details on how to take advantage of this.<\/p>\n\n\n\n<h2>Product Support<\/h2>\n\n\n\n<p>Please visit our <a href=\"https:\/\/nullsignal.games\/products\/product-support\/\">Product Support Page<\/a> if you have any issues or questions not covered by the above links.<\/p>\n\n\n\n<p><\/p>\n","protected":false},"excerpt":{"rendered":"<p>Dise\u00f1amos y testeamos cartas originales de Netrunner para que la comunidad las disfrute. Conoce m\u00e1s sobre nuestros sets a continuaci\u00f3n. Las cartas Null Signal Games est\u00e1n disponibles en formato PDF [&hellip;]<\/p>\n","protected":false},"author":43,"featured_media":0,"parent":0,"menu_order":0,"comment_status":"closed","ping_status":"closed","template":"","meta":{"advgb_blocks_editor_width":"","advgb_blocks_columns_visual_guide":"","kt_blocks_editor_width":"","_links_to":"","_links_to_target":""},"pp_force_visibility":null,"pp_subpost_visibility":null,"pp_inherited_force_visibility":null,"pp_inherited_subpost_visibility":null,"yoast_head":"<!-- This site is optimized with the Yoast SEO plugin v17.7.1 - https:\/\/yoast.com\/wordpress\/plugins\/seo\/ -->\n<title>Productos - Null Signal Games<\/title>\n<meta name=\"robots\" content=\"index, follow, max-snippet:-1, max-image-preview:large, max-video-preview:-1\" \/>\n<link rel=\"canonical\" href=\"https:\/\/nullsignal.games\/es\/productos\/\" \/>\n<meta property=\"og:locale\" content=\"es_ES\" \/>\n<meta property=\"og:type\" content=\"article\" \/>\n<meta property=\"og:title\" content=\"Productos - Null Signal Games\" \/>\n<meta property=\"og:description\" content=\"Dise\u00f1amos y testeamos cartas originales de Netrunner para que la comunidad las disfrute. Conoce m\u00e1s sobre nuestros sets a continuaci\u00f3n. Las cartas Null Signal Games est\u00e1n disponibles en formato PDF [&hellip;]\" \/>\n<meta property=\"og:url\" content=\"https:\/\/nullsignal.games\/es\/productos\/\" \/>\n<meta property=\"og:site_name\" content=\"Null Signal Games\" \/>\n<meta property=\"article:publisher\" content=\"https:\/\/www.facebook.com\/NetrunnerNISEI\" \/>\n<meta property=\"article:modified_time\" content=\"2026-01-04T01:18:43+00:00\" \/>\n<meta property=\"og:image\" content=\"https:\/\/nullsignal.games\/wp-content\/uploads\/2021\/03\/Gateway-CoverRGB-1-1024x1024.png\" \/>\n<meta name=\"twitter:card\" content=\"summary_large_image\" \/>\n<meta name=\"twitter:site\" content=\"@ProjectNISEI\" \/>\n<meta name=\"twitter:label1\" content=\"Tiempo de lectura\" \/>\n\t<meta name=\"twitter:data1\" content=\"6 minutos\" \/>\n<script type=\"application\/ld+json\" class=\"yoast-schema-graph\">{\"@context\":\"https:\/\/schema.org\",\"@graph\":[{\"@type\":\"Organization\",\"@id\":\"https:\/\/nisei.net\/#organization\",\"name\":\"NISEI\",\"url\":\"https:\/\/nisei.net\/\",\"sameAs\":[\"https:\/\/www.facebook.com\/NetrunnerNISEI\",\"https:\/\/www.youtube.com\/channel\/UC4j5b7f95JGN4RHvXS_7z1Q\",\"https:\/\/twitter.com\/ProjectNISEI\"],\"logo\":{\"@type\":\"ImageObject\",\"@id\":\"https:\/\/nisei.net\/#logo\",\"inLanguage\":\"es\",\"url\":\"https:\/\/nullsignal.games\/wp-content\/uploads\/2020\/08\/cropped-logo_black.png\",\"contentUrl\":\"https:\/\/nullsignal.games\/wp-content\/uploads\/2020\/08\/cropped-logo_black.png\",\"width\":512,\"height\":512,\"caption\":\"NISEI\"},\"image\":{\"@id\":\"https:\/\/nisei.net\/#logo\"}},{\"@type\":\"WebSite\",\"@id\":\"https:\/\/nisei.net\/#website\",\"url\":\"https:\/\/nisei.net\/\",\"name\":\"NISEI\",\"description\":\"The Future of Netrunner\",\"publisher\":{\"@id\":\"https:\/\/nisei.net\/#organization\"},\"potentialAction\":[{\"@type\":\"SearchAction\",\"target\":{\"@type\":\"EntryPoint\",\"urlTemplate\":\"https:\/\/nisei.net\/?s={search_term_string}\"},\"query-input\":\"required name=search_term_string\"}],\"inLanguage\":\"es\"},{\"@type\":\"ImageObject\",\"@id\":\"https:\/\/nullsignal.games\/es\/productos\/#primaryimage\",\"inLanguage\":\"es\",\"url\":\"https:\/\/nullsignal.games\/wp-content\/uploads\/2021\/03\/Gateway-CoverRGB-1.png\",\"contentUrl\":\"https:\/\/nullsignal.games\/wp-content\/uploads\/2021\/03\/Gateway-CoverRGB-1.png\",\"width\":1500,\"height\":1500,\"caption\":\"System Gateway: Starter Pack\"},{\"@type\":\"WebPage\",\"@id\":\"https:\/\/nullsignal.games\/es\/productos\/#webpage\",\"url\":\"https:\/\/nullsignal.games\/es\/productos\/\",\"name\":\"Productos - Null Signal Games\",\"isPartOf\":{\"@id\":\"https:\/\/nisei.net\/#website\"},\"primaryImageOfPage\":{\"@id\":\"https:\/\/nullsignal.games\/es\/productos\/#primaryimage\"},\"datePublished\":\"2021-02-04T02:03:20+00:00\",\"dateModified\":\"2026-01-04T01:18:43+00:00\",\"breadcrumb\":{\"@id\":\"https:\/\/nullsignal.games\/es\/productos\/#breadcrumb\"},\"inLanguage\":\"es\",\"potentialAction\":[{\"@type\":\"ReadAction\",\"target\":[\"https:\/\/nullsignal.games\/es\/productos\/\"]}]},{\"@type\":\"BreadcrumbList\",\"@id\":\"https:\/\/nullsignal.games\/es\/productos\/#breadcrumb\",\"itemListElement\":[{\"@type\":\"ListItem\",\"position\":1,\"name\":\"Home\",\"item\":\"https:\/\/nullsignal.games\/es\/nisei\/\"},{\"@type\":\"ListItem\",\"position\":2,\"name\":\"Productos\"}]}]}<\/script>\n<!-- \/ Yoast SEO plugin. -->","yoast_head_json":{"title":"Productos - Null Signal Games","robots":{"index":"index","follow":"follow","max-snippet":"max-snippet:-1","max-image-preview":"max-image-preview:large","max-video-preview":"max-video-preview:-1"},"canonical":"https:\/\/nullsignal.games\/es\/productos\/","og_locale":"es_ES","og_type":"article","og_title":"Productos - Null Signal Games","og_description":"Dise\u00f1amos y testeamos cartas originales de Netrunner para que la comunidad las disfrute. Conoce m\u00e1s sobre nuestros sets a continuaci\u00f3n. Las cartas Null Signal Games est\u00e1n disponibles en formato PDF [&hellip;]","og_url":"https:\/\/nullsignal.games\/es\/productos\/","og_site_name":"Null Signal Games","article_publisher":"https:\/\/www.facebook.com\/NetrunnerNISEI","article_modified_time":"2026-01-04T01:18:43+00:00","og_image":[{"url":"https:\/\/nullsignal.games\/wp-content\/uploads\/2021\/03\/Gateway-CoverRGB-1-1024x1024.png"}],"twitter_card":"summary_large_image","twitter_site":"@ProjectNISEI","twitter_misc":{"Tiempo de lectura":"6 minutos"},"schema":{"@context":"https:\/\/schema.org","@graph":[{"@type":"Organization","@id":"https:\/\/nisei.net\/#organization","name":"NISEI","url":"https:\/\/nisei.net\/","sameAs":["https:\/\/www.facebook.com\/NetrunnerNISEI","https:\/\/www.youtube.com\/channel\/UC4j5b7f95JGN4RHvXS_7z1Q","https:\/\/twitter.com\/ProjectNISEI"],"logo":{"@type":"ImageObject","@id":"https:\/\/nisei.net\/#logo","inLanguage":"es","url":"https:\/\/nullsignal.games\/wp-content\/uploads\/2020\/08\/cropped-logo_black.png","contentUrl":"https:\/\/nullsignal.games\/wp-content\/uploads\/2020\/08\/cropped-logo_black.png","width":512,"height":512,"caption":"NISEI"},"image":{"@id":"https:\/\/nisei.net\/#logo"}},{"@type":"WebSite","@id":"https:\/\/nisei.net\/#website","url":"https:\/\/nisei.net\/","name":"NISEI","description":"The Future of Netrunner","publisher":{"@id":"https:\/\/nisei.net\/#organization"},"potentialAction":[{"@type":"SearchAction","target":{"@type":"EntryPoint","urlTemplate":"https:\/\/nisei.net\/?s={search_term_string}"},"query-input":"required name=search_term_string"}],"inLanguage":"es"},{"@type":"ImageObject","@id":"https:\/\/nullsignal.games\/es\/productos\/#primaryimage","inLanguage":"es","url":"https:\/\/nullsignal.games\/wp-content\/uploads\/2021\/03\/Gateway-CoverRGB-1.png","contentUrl":"https:\/\/nullsignal.games\/wp-content\/uploads\/2021\/03\/Gateway-CoverRGB-1.png","width":1500,"height":1500,"caption":"System Gateway: Starter Pack"},{"@type":"WebPage","@id":"https:\/\/nullsignal.games\/es\/productos\/#webpage","url":"https:\/\/nullsignal.games\/es\/productos\/","name":"Productos - Null Signal Games","isPartOf":{"@id":"https:\/\/nisei.net\/#website"},"primaryImageOfPage":{"@id":"https:\/\/nullsignal.games\/es\/productos\/#primaryimage"},"datePublished":"2021-02-04T02:03:20+00:00","dateModified":"2026-01-04T01:18:43+00:00","breadcrumb":{"@id":"https:\/\/nullsignal.games\/es\/productos\/#breadcrumb"},"inLanguage":"es","potentialAction":[{"@type":"ReadAction","target":["https:\/\/nullsignal.games\/es\/productos\/"]}]},{"@type":"BreadcrumbList","@id":"https:\/\/nullsignal.games\/es\/productos\/#breadcrumb","itemListElement":[{"@type":"ListItem","position":1,"name":"Home","item":"https:\/\/nullsignal.games\/es\/nisei\/"},{"@type":"ListItem","position":2,"name":"Productos"}]}]}},"coauthors":[{"link":"https:\/\/nullsignal.games\/es\/blog\/author\/spencer-dub\/","display_name":"Spencer Dub"}],"author_meta":{"author_link":"https:\/\/nullsignal.games\/es\/blog\/author\/spencer-dub\/","display_name":"Spencer Dub"},"relative_dates":{"created":"Publicado 5 a\u00f1os hace","modified":"Actualizado 4 meses hace"},"absolute_dates":{"created":"Publicado el febrero 4, 2021","modified":"Actualizado el enero 4, 2026"},"absolute_dates_time":{"created":"Publicado el febrero 4, 2021 2:03 am","modified":"Actualizado el enero 4, 2026 1:18 am"},"featured_img_caption":"","featured_img":false,"series_order":"","_links":{"self":[{"href":"https:\/\/nullsignal.games\/es\/wp-json\/wp\/v2\/pages\/7380"}],"collection":[{"href":"https:\/\/nullsignal.games\/es\/wp-json\/wp\/v2\/pages"}],"about":[{"href":"https:\/\/nullsignal.games\/es\/wp-json\/wp\/v2\/types\/page"}],"author":[{"embeddable":true,"href":"https:\/\/nullsignal.games\/es\/wp-json\/wp\/v2\/users\/43"}],"replies":[{"embeddable":true,"href":"https:\/\/nullsignal.games\/es\/wp-json\/wp\/v2\/comments?post=7380"}],"version-history":[{"count":10,"href":"https:\/\/nullsignal.games\/es\/wp-json\/wp\/v2\/pages\/7380\/revisions"}],"predecessor-version":[{"id":55897,"href":"https:\/\/nullsignal.games\/es\/wp-json\/wp\/v2\/pages\/7380\/revisions\/55897"}],"wp:attachment":[{"href":"https:\/\/nullsignal.games\/es\/wp-json\/wp\/v2\/media?parent=7380"}],"curies":[{"name":"wp","href":"https:\/\/api.w.org\/{rel}","templated":true}]}}