{"id":20329,"date":"2021-07-24T14:43:21","date_gmt":"2021-07-24T14:43:21","guid":{"rendered":"https:\/\/nullsignal.games\/que-es-netrunner\/"},"modified":"2021-07-24T14:43:21","modified_gmt":"2021-07-24T14:43:21","slug":"que-es-netrunner","status":"publish","type":"page","link":"https:\/\/nullsignal.games\/es\/que-es-netrunner\/","title":{"rendered":"\u00bfQu\u00e9 es Netrunner?"},"content":{"rendered":"\n<p>Netrunner es un juego de cartas asim\u00e9trico para dos jugadores situado en un futuro dist\u00f3pico donde cuatro megacorporaciones controlan casi todos los aspectos de la vida cotidiana. Les hackers legendaries conocides como \u00abrunners\u00bb pretenden combatir la influencia de las corporaciones hackeando sus servidores e impidiendo que hagan progresos en sus siniestros planes.<\/p>\n\n<figure class=\"wp-block-image alignwide size-large\"><img loading=\"lazy\" width=\"1000\" height=\"685\" src=\"https:\/\/nullsignal.games\/wp-content\/uploads\/2021\/03\/Runner-vs-Corp.png\" alt=\"Una carta de identidad de le runner y una carta de indentidad de la corporaci&#xF3;n.\" class=\"wp-image-9674\" srcset=\"https:\/\/nullsignal.games\/wp-content\/uploads\/2021\/03\/Runner-vs-Corp.png 1000w, https:\/\/nullsignal.games\/wp-content\/uploads\/2021\/03\/Runner-vs-Corp-300x206.png 300w, https:\/\/nullsignal.games\/wp-content\/uploads\/2021\/03\/Runner-vs-Corp-768x526.png 768w\" sizes=\"(max-width: 1000px) 100vw, 1000px\" \/><\/figure>\n\n<p>En Netrunner, une jugadore toma el rol de la <strong>corporaci\u00f3n<\/strong>, cuyas herramientas incluyen ventajas corporativas y programas defensivos llamados \u00abhielos\u00bb. Utilizando este tipo de herramientas y el elemento sorpresa, la corporaci\u00f3n pretende avanzar sus planes hasta completarlos. Al otro lado de la mesa, el objetivo de le <strong>Runner<\/strong> es infiltrarse en los servidores de la corporaci\u00f3n y robar sus planes, y echar\u00e1n mano de sus recursos, su hardware especializado y sus programas para lograrlo. Evidentemente, le Runner no ser\u00e1 una amenaza si est\u00e1 muerte, as\u00ed que una corporaci\u00f3n astuta tambi\u00e9n puede intentar que su oponente \u00abexpire\u00bb mediante da\u00f1o&#8230; mientras que el camino secundario de le Runner hacia la victoria es retrasar a la corporaci\u00f3n durante el tiempo suficiente como para que se le acaben las oporunidades.<\/p>\n\n<p>Netrunner es un juego dise\u00f1ado para ser personalizado. Los jugadores pueden elegir entre decenas de cartas de identidad de Runner y de corporaci\u00f3n, cada una con sus propias habilidades \u00fanicas, y construir mazos personalizados en torno a ellas. Un sistema de \u00abinfluencia\u00bb \u00fanico permite a los jugadores importar a su mazo un peque\u00f1o n\u00famero de cartas de facciones distintas, teniendo en cuenta que las cartas m\u00e1s distintivas suelen costar m\u00e1s de este escaso recurso de construcci\u00f3n de mazos. Une Delincuente meticulose podr\u00eda adoptar las herramientas destructivas de une Anarquista, pero no puede coger todas&#8212;\u00a1debe seleccionar cuidadosamente las que sean m\u00e1s importantes para su estrategia!<\/p>\n\n<p>\u00bfPodr\u00e1 descubrir le Runner los faroles de la corporaci\u00f3n y emerger victoriose de su asedio virtual, o conseguir\u00e1 establecer la corporaci\u00f3n su f\u00e9rreo control sobre el mundo? Desc\u00fabrelo jugando Netrunner.<\/p>\n\n<div class=\"wp-block-buttons is-content-justification-center\">\n<div class=\"wp-block-button\"><a class=\"wp-block-button__link\" href=\"https:\/\/nullsignal.games\/products\/system-gateway\/\">Comienza con <em>System Gateway<\/em>.<\/a><\/div>\n<\/div>\n","protected":false},"excerpt":{"rendered":"<p>Netrunner es un juego de cartas asim\u00e9trico para dos jugadores situado en un futuro dist\u00f3pico donde cuatro megacorporaciones controlan casi todos los aspectos de la vida cotidiana. Les hackers legendaries [&hellip;]<\/p>\n","protected":false},"author":15,"featured_media":0,"parent":0,"menu_order":1,"comment_status":"closed","ping_status":"closed","template":"","meta":{"advgb_blocks_editor_width":"","advgb_blocks_columns_visual_guide":"","kt_blocks_editor_width":"","_links_to":"","_links_to_target":""},"pp_force_visibility":null,"pp_subpost_visibility":null,"pp_inherited_force_visibility":null,"pp_inherited_subpost_visibility":null,"yoast_head":"<!-- This site is optimized with the Yoast SEO plugin v17.7.1 - https:\/\/yoast.com\/wordpress\/plugins\/seo\/ -->\n<title>\u00bfQu\u00e9 es Netrunner? - Null Signal Games<\/title>\n<meta name=\"robots\" content=\"index, follow, max-snippet:-1, max-image-preview:large, max-video-preview:-1\" \/>\n<link rel=\"canonical\" href=\"https:\/\/nisei.net\/es\/que-es-netrunner\/\" \/>\n<meta property=\"og:locale\" content=\"es_ES\" \/>\n<meta property=\"og:type\" content=\"article\" \/>\n<meta property=\"og:title\" content=\"\u00bfQu\u00e9 es Netrunner? - Null Signal Games\" \/>\n<meta property=\"og:description\" content=\"Netrunner es un juego de cartas asim\u00e9trico para dos jugadores situado en un futuro dist\u00f3pico donde cuatro megacorporaciones controlan casi todos los aspectos de la vida cotidiana. Les hackers legendaries [&hellip;]\" \/>\n<meta property=\"og:url\" content=\"https:\/\/nisei.net\/es\/que-es-netrunner\/\" \/>\n<meta property=\"og:site_name\" content=\"Null Signal Games\" \/>\n<meta property=\"article:publisher\" content=\"https:\/\/www.facebook.com\/NetrunnerNISEI\" \/>\n<meta property=\"og:image\" content=\"https:\/\/nisei.net\/wp-content\/uploads\/2021\/03\/Runner-vs-Corp.png\" \/>\n<meta name=\"twitter:card\" content=\"summary_large_image\" \/>\n<meta name=\"twitter:site\" content=\"@ProjectNISEI\" \/>\n<meta name=\"twitter:label1\" content=\"Tiempo de lectura\" \/>\n\t<meta name=\"twitter:data1\" content=\"2 minutos\" \/>\n<script type=\"application\/ld+json\" class=\"yoast-schema-graph\">{\"@context\":\"https:\/\/schema.org\",\"@graph\":[{\"@type\":\"Organization\",\"@id\":\"https:\/\/nisei.net\/#organization\",\"name\":\"NISEI\",\"url\":\"https:\/\/nisei.net\/\",\"sameAs\":[\"https:\/\/www.facebook.com\/NetrunnerNISEI\",\"https:\/\/www.youtube.com\/channel\/UC4j5b7f95JGN4RHvXS_7z1Q\",\"https:\/\/twitter.com\/ProjectNISEI\"],\"logo\":{\"@type\":\"ImageObject\",\"@id\":\"https:\/\/nisei.net\/#logo\",\"inLanguage\":\"es\",\"url\":\"https:\/\/nullsignal.games\/wp-content\/uploads\/2020\/08\/cropped-logo_black.png\",\"contentUrl\":\"https:\/\/nullsignal.games\/wp-content\/uploads\/2020\/08\/cropped-logo_black.png\",\"width\":512,\"height\":512,\"caption\":\"NISEI\"},\"image\":{\"@id\":\"https:\/\/nisei.net\/#logo\"}},{\"@type\":\"WebSite\",\"@id\":\"https:\/\/nisei.net\/#website\",\"url\":\"https:\/\/nisei.net\/\",\"name\":\"NISEI\",\"description\":\"The Future of Netrunner\",\"publisher\":{\"@id\":\"https:\/\/nisei.net\/#organization\"},\"potentialAction\":[{\"@type\":\"SearchAction\",\"target\":{\"@type\":\"EntryPoint\",\"urlTemplate\":\"https:\/\/nisei.net\/?s={search_term_string}\"},\"query-input\":\"required name=search_term_string\"}],\"inLanguage\":\"es\"},{\"@type\":\"ImageObject\",\"@id\":\"https:\/\/nisei.net\/es\/que-es-netrunner\/#primaryimage\",\"inLanguage\":\"es\",\"url\":\"https:\/\/nullsignal.games\/wp-content\/uploads\/2021\/03\/Runner-vs-Corp.png\",\"contentUrl\":\"https:\/\/nullsignal.games\/wp-content\/uploads\/2021\/03\/Runner-vs-Corp.png\",\"width\":1000,\"height\":685},{\"@type\":\"WebPage\",\"@id\":\"https:\/\/nisei.net\/es\/que-es-netrunner\/#webpage\",\"url\":\"https:\/\/nisei.net\/es\/que-es-netrunner\/\",\"name\":\"\\u00bfQu\\u00e9 es Netrunner? - Null Signal Games\",\"isPartOf\":{\"@id\":\"https:\/\/nisei.net\/#website\"},\"primaryImageOfPage\":{\"@id\":\"https:\/\/nisei.net\/es\/que-es-netrunner\/#primaryimage\"},\"datePublished\":\"2021-07-24T14:43:21+00:00\",\"dateModified\":\"2021-07-24T14:43:21+00:00\",\"breadcrumb\":{\"@id\":\"https:\/\/nisei.net\/es\/que-es-netrunner\/#breadcrumb\"},\"inLanguage\":\"es\",\"potentialAction\":[{\"@type\":\"ReadAction\",\"target\":[\"https:\/\/nisei.net\/es\/que-es-netrunner\/\"]}]},{\"@type\":\"BreadcrumbList\",\"@id\":\"https:\/\/nisei.net\/es\/que-es-netrunner\/#breadcrumb\",\"itemListElement\":[{\"@type\":\"ListItem\",\"position\":1,\"name\":\"Home\",\"item\":\"https:\/\/nullsignal.games\/es\/nisei\/\"},{\"@type\":\"ListItem\",\"position\":2,\"name\":\"\\u00bfQu\\u00e9 es Netrunner?\"}]}]}<\/script>\n<!-- \/ Yoast SEO plugin. -->","yoast_head_json":{"title":"\u00bfQu\u00e9 es Netrunner? - Null Signal Games","robots":{"index":"index","follow":"follow","max-snippet":"max-snippet:-1","max-image-preview":"max-image-preview:large","max-video-preview":"max-video-preview:-1"},"canonical":"https:\/\/nisei.net\/es\/que-es-netrunner\/","og_locale":"es_ES","og_type":"article","og_title":"\u00bfQu\u00e9 es Netrunner? - Null Signal Games","og_description":"Netrunner es un juego de cartas asim\u00e9trico para dos jugadores situado en un futuro dist\u00f3pico donde cuatro megacorporaciones controlan casi todos los aspectos de la vida cotidiana. Les hackers legendaries [&hellip;]","og_url":"https:\/\/nisei.net\/es\/que-es-netrunner\/","og_site_name":"Null Signal Games","article_publisher":"https:\/\/www.facebook.com\/NetrunnerNISEI","og_image":[{"url":"https:\/\/nisei.net\/wp-content\/uploads\/2021\/03\/Runner-vs-Corp.png"}],"twitter_card":"summary_large_image","twitter_site":"@ProjectNISEI","twitter_misc":{"Tiempo de lectura":"2 minutos"},"schema":{"@context":"https:\/\/schema.org","@graph":[{"@type":"Organization","@id":"https:\/\/nisei.net\/#organization","name":"NISEI","url":"https:\/\/nisei.net\/","sameAs":["https:\/\/www.facebook.com\/NetrunnerNISEI","https:\/\/www.youtube.com\/channel\/UC4j5b7f95JGN4RHvXS_7z1Q","https:\/\/twitter.com\/ProjectNISEI"],"logo":{"@type":"ImageObject","@id":"https:\/\/nisei.net\/#logo","inLanguage":"es","url":"https:\/\/nullsignal.games\/wp-content\/uploads\/2020\/08\/cropped-logo_black.png","contentUrl":"https:\/\/nullsignal.games\/wp-content\/uploads\/2020\/08\/cropped-logo_black.png","width":512,"height":512,"caption":"NISEI"},"image":{"@id":"https:\/\/nisei.net\/#logo"}},{"@type":"WebSite","@id":"https:\/\/nisei.net\/#website","url":"https:\/\/nisei.net\/","name":"NISEI","description":"The Future of Netrunner","publisher":{"@id":"https:\/\/nisei.net\/#organization"},"potentialAction":[{"@type":"SearchAction","target":{"@type":"EntryPoint","urlTemplate":"https:\/\/nisei.net\/?s={search_term_string}"},"query-input":"required name=search_term_string"}],"inLanguage":"es"},{"@type":"ImageObject","@id":"https:\/\/nisei.net\/es\/que-es-netrunner\/#primaryimage","inLanguage":"es","url":"https:\/\/nullsignal.games\/wp-content\/uploads\/2021\/03\/Runner-vs-Corp.png","contentUrl":"https:\/\/nullsignal.games\/wp-content\/uploads\/2021\/03\/Runner-vs-Corp.png","width":1000,"height":685},{"@type":"WebPage","@id":"https:\/\/nisei.net\/es\/que-es-netrunner\/#webpage","url":"https:\/\/nisei.net\/es\/que-es-netrunner\/","name":"\u00bfQu\u00e9 es Netrunner? - Null Signal Games","isPartOf":{"@id":"https:\/\/nisei.net\/#website"},"primaryImageOfPage":{"@id":"https:\/\/nisei.net\/es\/que-es-netrunner\/#primaryimage"},"datePublished":"2021-07-24T14:43:21+00:00","dateModified":"2021-07-24T14:43:21+00:00","breadcrumb":{"@id":"https:\/\/nisei.net\/es\/que-es-netrunner\/#breadcrumb"},"inLanguage":"es","potentialAction":[{"@type":"ReadAction","target":["https:\/\/nisei.net\/es\/que-es-netrunner\/"]}]},{"@type":"BreadcrumbList","@id":"https:\/\/nisei.net\/es\/que-es-netrunner\/#breadcrumb","itemListElement":[{"@type":"ListItem","position":1,"name":"Home","item":"https:\/\/nullsignal.games\/es\/nisei\/"},{"@type":"ListItem","position":2,"name":"\u00bfQu\u00e9 es Netrunner?"}]}]}},"coauthors":[{"link":"https:\/\/nullsignal.games\/es\/blog\/author\/absotively\/","display_name":"Absotively"}],"author_meta":{"author_link":"https:\/\/nullsignal.games\/es\/blog\/author\/absotively\/","display_name":"Absotively"},"relative_dates":{"created":"Publicado 5 a\u00f1os hace","modified":"Actualizado 5 a\u00f1os hace"},"absolute_dates":{"created":"Publicado el julio 24, 2021","modified":"Actualizado el julio 24, 2021"},"absolute_dates_time":{"created":"Publicado el julio 24, 2021 2:43 pm","modified":"Actualizado el julio 24, 2021 2:43 pm"},"featured_img_caption":"","featured_img":false,"series_order":"","_links":{"self":[{"href":"https:\/\/nullsignal.games\/es\/wp-json\/wp\/v2\/pages\/20329"}],"collection":[{"href":"https:\/\/nullsignal.games\/es\/wp-json\/wp\/v2\/pages"}],"about":[{"href":"https:\/\/nullsignal.games\/es\/wp-json\/wp\/v2\/types\/page"}],"author":[{"embeddable":true,"href":"https:\/\/nullsignal.games\/es\/wp-json\/wp\/v2\/users\/15"}],"replies":[{"embeddable":true,"href":"https:\/\/nullsignal.games\/es\/wp-json\/wp\/v2\/comments?post=20329"}],"version-history":[{"count":1,"href":"https:\/\/nullsignal.games\/es\/wp-json\/wp\/v2\/pages\/20329\/revisions"}],"predecessor-version":[{"id":20330,"href":"https:\/\/nullsignal.games\/es\/wp-json\/wp\/v2\/pages\/20329\/revisions\/20330"}],"wp:attachment":[{"href":"https:\/\/nullsignal.games\/es\/wp-json\/wp\/v2\/media?parent=20329"}],"curies":[{"name":"wp","href":"https:\/\/api.w.org\/{rel}","templated":true}]}}