{"id":21428,"date":"2021-12-08T17:53:02","date_gmt":"2021-12-08T17:53:02","guid":{"rendered":"https:\/\/nullsignal.games\/was-ist-netrunner\/"},"modified":"2025-09-08T11:51:18","modified_gmt":"2025-09-08T11:51:18","slug":"was-ist-netrunner","status":"publish","type":"page","link":"https:\/\/nullsignal.games\/de\/was-ist-netrunner\/","title":{"rendered":"Was ist Netrunner?"},"content":{"rendered":"\n<p>Netrunner ist ein asymmetrisches Kartenspiel f\u00fcr zwei Spieler*innen, das in einer dystopischen Zukunft spielt, in der vier Megakonzerne fast alle Aspekte des Alltags kontrollieren. Legend\u00e4re Hacker, die sich &#8222;Runner&#8220; nennen, bek\u00e4mpfen den Einfluss der Konzerne, indem sie ihre Server hacken und sie davon abhalten, ihre b\u00f6se Agenda zu entwickeln.<\/p>\n\n\n\n<figure class=\"wp-block-image alignwide size-large\"><img loading=\"lazy\" width=\"1000\" height=\"685\" src=\"https:\/\/nullsignal.games\/wp-content\/uploads\/2021\/03\/Runner-vs-Corp.png\" alt=\"Identit\u00e4tskarte einer Runnerin und Identit\u00e4tskarte einer Konzerns\" class=\"wp-image-9669\" srcset=\"https:\/\/nullsignal.games\/wp-content\/uploads\/2021\/03\/Runner-vs-Corp.png 1000w, https:\/\/nullsignal.games\/wp-content\/uploads\/2021\/03\/Runner-vs-Corp-300x206.png 300w, https:\/\/nullsignal.games\/wp-content\/uploads\/2021\/03\/Runner-vs-Corp-768x526.png 768w\" sizes=\"(max-width: 1000px) 100vw, 1000px\" \/><\/figure>\n\n\n\n<p>In Netrunner, eine Spieler*in nimmt die Rolle des <strong>Kons<\/strong> ein, der Aktivposten und defensive Programme namens &#8222;ice&#8220; nutzen kann. Mit Werkzeugen wie diesen und dem \u00dcberraschungseffekt versucht der Kon, seine Agenden zu Ende zu entwickeln. Auf der anderen Seite des Tisches versucht die <strong>Runnerin<\/strong>, die Server des Kons zu infiltrieren und dessen Agenden zu stehlen. Daf\u00fcr kann die Runnerin Ressourcen, Hardware und Programme nutzen. Eine tote Runnerin ist nat\u00fcrlich keine Gefahr mehr, also kann ein gerissener Kon versuchen, seine Gegnerin durch Schaden zu &#8222;flatlinen&#8220;&#8212;w\u00e4hrend die Runnerin als alternative Siegesbedingungen versuchen kann, den Kon lange genug vom Gewinnen abzuhalten, bis das Ende des Decks erreicht ist.<\/p>\n\n\n\n<p>Netrunner bietet viele M\u00f6glichkeiten zur Individualisierung. Spieler*innen k\u00f6nnen aus dutzenden Runnerinnen und Kons mit einzigartigen F\u00e4higkeiten w\u00e4hlen und eigene Decks mit ihnen bauen. Ein einzigartiges &#8222;Einfluss&#8220; System erlaubt Spieler*innen, eine kleine Anzahl von Karten aus anderen Fraktionen in ihr Deck zu importieren, wobei fraktionstypische Karten normalerweise mehr Punkte kosten. Ein sorgf\u00e4ltiger Criminal kann die zerst\u00f6rerischen Werkzeuge eines Anarchen nutzen, aber nicht alle&#8212;hier muss sorgf\u00e4ltige abgew\u00e4gt werden, was f\u00fcr die verfolgte Strategie am wichtigsten ist!<\/p>\n\n\n\n<p>Kann die Runnerin die Bluffs des Kons erkennen und siegreich aus dem Cyberkrieg hervorgehen, oder wird der Kon seinen Einfluss weiter ungest\u00f6rt auf die Welt aus\u00fcben? Finde es raus. Spiel Netrunner!<\/p>\n\n\n\n<div class=\"wp-block-buttons is-content-justification-center\">\n<div class=\"wp-block-button\"><a class=\"wp-block-button__link\" href=\"https:\/\/nullsignal.games\/de\/products\/system-gateway\/\">Leg los mit <em>System Gateway <\/em><\/a><\/div>\n<\/div>\n","protected":false},"excerpt":{"rendered":"<p>Netrunner ist ein asymmetrisches Kartenspiel f\u00fcr zwei Spieler*innen, das in einer dystopischen Zukunft spielt, in der vier Megakonzerne fast alle Aspekte des Alltags kontrollieren. Legend\u00e4re Hacker, die sich &#8222;Runner&#8220; nennen, [&hellip;]<\/p>\n","protected":false},"author":15,"featured_media":0,"parent":0,"menu_order":1,"comment_status":"closed","ping_status":"closed","template":"","meta":{"advgb_blocks_editor_width":"","advgb_blocks_columns_visual_guide":"","kt_blocks_editor_width":"","_links_to":"","_links_to_target":""},"pp_force_visibility":null,"pp_subpost_visibility":null,"pp_inherited_force_visibility":null,"pp_inherited_subpost_visibility":null,"yoast_head":"<!-- This site is optimized with the Yoast SEO plugin v17.7.1 - https:\/\/yoast.com\/wordpress\/plugins\/seo\/ -->\n<title>Was ist Netrunner? - Null Signal Games<\/title>\n<meta name=\"robots\" content=\"index, follow, max-snippet:-1, max-image-preview:large, max-video-preview:-1\" \/>\n<link rel=\"canonical\" href=\"https:\/\/nullsignal.games\/de\/was-ist-netrunner\/\" \/>\n<meta property=\"og:locale\" content=\"de_DE\" \/>\n<meta property=\"og:type\" content=\"article\" \/>\n<meta property=\"og:title\" content=\"Was ist Netrunner? - Null Signal Games\" \/>\n<meta property=\"og:description\" content=\"Netrunner ist ein asymmetrisches Kartenspiel f\u00fcr zwei Spieler*innen, das in einer dystopischen Zukunft spielt, in der vier Megakonzerne fast alle Aspekte des Alltags kontrollieren. Legend\u00e4re Hacker, die sich &#8222;Runner&#8220; nennen, [&hellip;]\" \/>\n<meta property=\"og:url\" content=\"https:\/\/nullsignal.games\/de\/was-ist-netrunner\/\" \/>\n<meta property=\"og:site_name\" content=\"Null Signal Games\" \/>\n<meta property=\"article:publisher\" content=\"https:\/\/www.facebook.com\/NetrunnerNISEI\" \/>\n<meta property=\"article:modified_time\" content=\"2025-09-08T11:51:18+00:00\" \/>\n<meta property=\"og:image\" content=\"https:\/\/nullsignal.games\/wp-content\/uploads\/2021\/03\/Runner-vs-Corp.png\" \/>\n<meta name=\"twitter:card\" content=\"summary_large_image\" \/>\n<meta name=\"twitter:site\" content=\"@ProjectNISEI\" \/>\n<meta name=\"twitter:label1\" content=\"Gesch\u00e4tzte Lesezeit\" \/>\n\t<meta name=\"twitter:data1\" content=\"2\u00a0Minuten\" \/>\n<script type=\"application\/ld+json\" class=\"yoast-schema-graph\">{\"@context\":\"https:\/\/schema.org\",\"@graph\":[{\"@type\":\"Organization\",\"@id\":\"https:\/\/nisei.net\/#organization\",\"name\":\"NISEI\",\"url\":\"https:\/\/nisei.net\/\",\"sameAs\":[\"https:\/\/www.facebook.com\/NetrunnerNISEI\",\"https:\/\/www.youtube.com\/channel\/UC4j5b7f95JGN4RHvXS_7z1Q\",\"https:\/\/twitter.com\/ProjectNISEI\"],\"logo\":{\"@type\":\"ImageObject\",\"@id\":\"https:\/\/nisei.net\/#logo\",\"inLanguage\":\"de\",\"url\":\"https:\/\/nullsignal.games\/wp-content\/uploads\/2020\/08\/cropped-logo_black.png\",\"contentUrl\":\"https:\/\/nullsignal.games\/wp-content\/uploads\/2020\/08\/cropped-logo_black.png\",\"width\":512,\"height\":512,\"caption\":\"NISEI\"},\"image\":{\"@id\":\"https:\/\/nisei.net\/#logo\"}},{\"@type\":\"WebSite\",\"@id\":\"https:\/\/nisei.net\/#website\",\"url\":\"https:\/\/nisei.net\/\",\"name\":\"NISEI\",\"description\":\"The Future of Netrunner\",\"publisher\":{\"@id\":\"https:\/\/nisei.net\/#organization\"},\"potentialAction\":[{\"@type\":\"SearchAction\",\"target\":{\"@type\":\"EntryPoint\",\"urlTemplate\":\"https:\/\/nisei.net\/?s={search_term_string}\"},\"query-input\":\"required name=search_term_string\"}],\"inLanguage\":\"de\"},{\"@type\":\"ImageObject\",\"@id\":\"https:\/\/nullsignal.games\/de\/was-ist-netrunner\/#primaryimage\",\"inLanguage\":\"de\",\"url\":\"https:\/\/nullsignal.games\/wp-content\/uploads\/2021\/03\/Runner-vs-Corp.png\",\"contentUrl\":\"https:\/\/nullsignal.games\/wp-content\/uploads\/2021\/03\/Runner-vs-Corp.png\",\"width\":1000,\"height\":685},{\"@type\":\"WebPage\",\"@id\":\"https:\/\/nullsignal.games\/de\/was-ist-netrunner\/#webpage\",\"url\":\"https:\/\/nullsignal.games\/de\/was-ist-netrunner\/\",\"name\":\"Was ist Netrunner? - Null Signal Games\",\"isPartOf\":{\"@id\":\"https:\/\/nisei.net\/#website\"},\"primaryImageOfPage\":{\"@id\":\"https:\/\/nullsignal.games\/de\/was-ist-netrunner\/#primaryimage\"},\"datePublished\":\"2021-12-08T17:53:02+00:00\",\"dateModified\":\"2025-09-08T11:51:18+00:00\",\"breadcrumb\":{\"@id\":\"https:\/\/nullsignal.games\/de\/was-ist-netrunner\/#breadcrumb\"},\"inLanguage\":\"de\",\"potentialAction\":[{\"@type\":\"ReadAction\",\"target\":[\"https:\/\/nullsignal.games\/de\/was-ist-netrunner\/\"]}]},{\"@type\":\"BreadcrumbList\",\"@id\":\"https:\/\/nullsignal.games\/de\/was-ist-netrunner\/#breadcrumb\",\"itemListElement\":[{\"@type\":\"ListItem\",\"position\":1,\"name\":\"Home\",\"item\":\"https:\/\/nullsignal.games\/de\/\"},{\"@type\":\"ListItem\",\"position\":2,\"name\":\"Was ist Netrunner?\"}]}]}<\/script>\n<!-- \/ Yoast SEO plugin. -->","yoast_head_json":{"title":"Was ist Netrunner? - Null Signal Games","robots":{"index":"index","follow":"follow","max-snippet":"max-snippet:-1","max-image-preview":"max-image-preview:large","max-video-preview":"max-video-preview:-1"},"canonical":"https:\/\/nullsignal.games\/de\/was-ist-netrunner\/","og_locale":"de_DE","og_type":"article","og_title":"Was ist Netrunner? - Null Signal Games","og_description":"Netrunner ist ein asymmetrisches Kartenspiel f\u00fcr zwei Spieler*innen, das in einer dystopischen Zukunft spielt, in der vier Megakonzerne fast alle Aspekte des Alltags kontrollieren. Legend\u00e4re Hacker, die sich &#8222;Runner&#8220; nennen, [&hellip;]","og_url":"https:\/\/nullsignal.games\/de\/was-ist-netrunner\/","og_site_name":"Null Signal Games","article_publisher":"https:\/\/www.facebook.com\/NetrunnerNISEI","article_modified_time":"2025-09-08T11:51:18+00:00","og_image":[{"url":"https:\/\/nullsignal.games\/wp-content\/uploads\/2021\/03\/Runner-vs-Corp.png"}],"twitter_card":"summary_large_image","twitter_site":"@ProjectNISEI","twitter_misc":{"Gesch\u00e4tzte Lesezeit":"2\u00a0Minuten"},"schema":{"@context":"https:\/\/schema.org","@graph":[{"@type":"Organization","@id":"https:\/\/nisei.net\/#organization","name":"NISEI","url":"https:\/\/nisei.net\/","sameAs":["https:\/\/www.facebook.com\/NetrunnerNISEI","https:\/\/www.youtube.com\/channel\/UC4j5b7f95JGN4RHvXS_7z1Q","https:\/\/twitter.com\/ProjectNISEI"],"logo":{"@type":"ImageObject","@id":"https:\/\/nisei.net\/#logo","inLanguage":"de","url":"https:\/\/nullsignal.games\/wp-content\/uploads\/2020\/08\/cropped-logo_black.png","contentUrl":"https:\/\/nullsignal.games\/wp-content\/uploads\/2020\/08\/cropped-logo_black.png","width":512,"height":512,"caption":"NISEI"},"image":{"@id":"https:\/\/nisei.net\/#logo"}},{"@type":"WebSite","@id":"https:\/\/nisei.net\/#website","url":"https:\/\/nisei.net\/","name":"NISEI","description":"The Future of Netrunner","publisher":{"@id":"https:\/\/nisei.net\/#organization"},"potentialAction":[{"@type":"SearchAction","target":{"@type":"EntryPoint","urlTemplate":"https:\/\/nisei.net\/?s={search_term_string}"},"query-input":"required name=search_term_string"}],"inLanguage":"de"},{"@type":"ImageObject","@id":"https:\/\/nullsignal.games\/de\/was-ist-netrunner\/#primaryimage","inLanguage":"de","url":"https:\/\/nullsignal.games\/wp-content\/uploads\/2021\/03\/Runner-vs-Corp.png","contentUrl":"https:\/\/nullsignal.games\/wp-content\/uploads\/2021\/03\/Runner-vs-Corp.png","width":1000,"height":685},{"@type":"WebPage","@id":"https:\/\/nullsignal.games\/de\/was-ist-netrunner\/#webpage","url":"https:\/\/nullsignal.games\/de\/was-ist-netrunner\/","name":"Was ist Netrunner? - Null Signal Games","isPartOf":{"@id":"https:\/\/nisei.net\/#website"},"primaryImageOfPage":{"@id":"https:\/\/nullsignal.games\/de\/was-ist-netrunner\/#primaryimage"},"datePublished":"2021-12-08T17:53:02+00:00","dateModified":"2025-09-08T11:51:18+00:00","breadcrumb":{"@id":"https:\/\/nullsignal.games\/de\/was-ist-netrunner\/#breadcrumb"},"inLanguage":"de","potentialAction":[{"@type":"ReadAction","target":["https:\/\/nullsignal.games\/de\/was-ist-netrunner\/"]}]},{"@type":"BreadcrumbList","@id":"https:\/\/nullsignal.games\/de\/was-ist-netrunner\/#breadcrumb","itemListElement":[{"@type":"ListItem","position":1,"name":"Home","item":"https:\/\/nullsignal.games\/de\/"},{"@type":"ListItem","position":2,"name":"Was ist Netrunner?"}]}]}},"coauthors":[{"link":"https:\/\/nullsignal.games\/de\/blog\/author\/absotively\/","display_name":"Absotively"}],"author_meta":{"author_link":"https:\/\/nullsignal.games\/de\/blog\/author\/absotively\/","display_name":"Absotively"},"relative_dates":{"created":"Posted 4\u00a0Jahren ago","modified":"Updated 7\u00a0Monaten ago"},"absolute_dates":{"created":"Posted on Dezember 8, 2021","modified":"Updated on September 8, 2025"},"absolute_dates_time":{"created":"Posted on Dezember 8, 2021 5:53 p.m.","modified":"Updated on September 8, 2025 11:51 a.m."},"featured_img_caption":"","featured_img":false,"series_order":"","_links":{"self":[{"href":"https:\/\/nullsignal.games\/de\/wp-json\/wp\/v2\/pages\/21428"}],"collection":[{"href":"https:\/\/nullsignal.games\/de\/wp-json\/wp\/v2\/pages"}],"about":[{"href":"https:\/\/nullsignal.games\/de\/wp-json\/wp\/v2\/types\/page"}],"author":[{"embeddable":true,"href":"https:\/\/nullsignal.games\/de\/wp-json\/wp\/v2\/users\/15"}],"replies":[{"embeddable":true,"href":"https:\/\/nullsignal.games\/de\/wp-json\/wp\/v2\/comments?post=21428"}],"version-history":[{"count":4,"href":"https:\/\/nullsignal.games\/de\/wp-json\/wp\/v2\/pages\/21428\/revisions"}],"predecessor-version":[{"id":53909,"href":"https:\/\/nullsignal.games\/de\/wp-json\/wp\/v2\/pages\/21428\/revisions\/53909"}],"wp:attachment":[{"href":"https:\/\/nullsignal.games\/de\/wp-json\/wp\/v2\/media?parent=21428"}],"curies":[{"name":"wp","href":"https:\/\/api.w.org\/{rel}","templated":true}]}}