{"id":19105,"date":"2021-03-31T19:26:10","date_gmt":"2021-03-31T19:26:10","guid":{"rendered":"https:\/\/nullsignal.games\/?page_id=19105"},"modified":"2023-02-14T23:08:34","modified_gmt":"2023-02-14T23:08:34","slug":"system-update-2021","status":"publish","type":"page","link":"https:\/\/nullsignal.games\/de\/products\/system-update-2021\/","title":{"rendered":"System Update 2021"},"content":{"rendered":"\n<p><em>System Update 2021<\/em> ist ein Set von mehr als 80 klassischen Netrunner-Karten, die mit \u00fcberarbeitetem Null Signal Games-Regeltext und Layout und komplett neuen Illustrationen nachgedruckt worden sind.<\/p>\n\n\n\n<p>Die \u00dcbersetzung der kompletten Produktwebseite wird zur Zeit durchgef\u00fchrt. Bitte schau deswegen in K\u00fcrze noch einmal vorbei!<\/p>\n\n\n\n<h2>Hol Dir System Update 2021!<\/h2>\n\n\n\n<div class=\"wp-block-buttons is-content-justification-center\">\n<div class=\"wp-block-button is-style-fill\"><a class=\"wp-block-button__link\" href=\"https:\/\/www.makeplayingcards.com\/sell\/marketplace\/system-update-2021-german-standard-300gsm-cardstock.html\">Hier kaufen \u2013 Standard-Qualit\u00e4t<\/a><\/div>\n\n\n\n<div class=\"wp-block-button\"><a class=\"wp-block-button__link\" href=\"https:\/\/www.makeplayingcards.com\/sell\/marketplace\/system-update-2021-german-premium-330gsm-cardstock.html\">Hier kaufen \u2013 Premium-Qualit\u00e4t<\/a><\/div>\n<\/div>\n\n\n\n<div class=\"wp-block-file aligncenter\"><a href=\"https:\/\/nullsignal.games\/wp-content\/uploads\/2023\/02\/system-update-21-final-pnp-a4-GERMAN.pdf\">Drucken-und-Spielen Datei (A4)<\/a><a href=\"https:\/\/nullsignal.games\/wp-content\/uploads\/2023\/02\/system-update-21-final-pnp-a4-GERMAN.pdf\" class=\"wp-block-file__button\" download>Herunterladen<\/a><\/div>\n\n\n\n<div class=\"wp-block-file aligncenter\"><a href=\"https:\/\/nullsignal.games\/wp-content\/uploads\/2023\/02\/system-update-21-final-pnp-letter-GERMAN.pdf\">Drucken-und-Spielen Datei (Letter)<\/a><a href=\"https:\/\/nullsignal.games\/wp-content\/uploads\/2023\/02\/system-update-21-final-pnp-letter-GERMAN.pdf\" class=\"wp-block-file__button\" download>Herunterladen<\/a><\/div>\n\n\n\n<p><\/p>\n","protected":false},"excerpt":{"rendered":"<p>System Update 2021 ist ein Set von mehr als 80 klassischen Netrunner-Karten, die mit \u00fcberarbeitetem Null Signal Games-Regeltext und Layout und komplett neuen Illustrationen nachgedruckt worden sind. Die \u00dcbersetzung der [&hellip;]<\/p>\n","protected":false},"author":43,"featured_media":0,"parent":2159,"menu_order":0,"comment_status":"closed","ping_status":"closed","template":"","meta":{"advgb_blocks_editor_width":"","advgb_blocks_columns_visual_guide":"","kt_blocks_editor_width":"","_links_to":"","_links_to_target":""},"pp_force_visibility":null,"pp_subpost_visibility":null,"pp_inherited_force_visibility":null,"pp_inherited_subpost_visibility":null,"yoast_head":"<!-- This site is optimized with the Yoast SEO plugin v17.7.1 - https:\/\/yoast.com\/wordpress\/plugins\/seo\/ -->\n<title>System Update 2021 - Null Signal Games<\/title>\n<meta name=\"robots\" content=\"index, follow, max-snippet:-1, max-image-preview:large, max-video-preview:-1\" \/>\n<link rel=\"canonical\" href=\"https:\/\/nullsignal.games\/de\/products\/system-update-2021\/\" \/>\n<meta property=\"og:locale\" content=\"de_DE\" \/>\n<meta property=\"og:type\" content=\"article\" \/>\n<meta property=\"og:title\" content=\"System Update 2021 - Null Signal Games\" \/>\n<meta property=\"og:description\" content=\"System Update 2021 ist ein Set von mehr als 80 klassischen Netrunner-Karten, die mit \u00fcberarbeitetem Null Signal Games-Regeltext und Layout und komplett neuen Illustrationen nachgedruckt worden sind. Die \u00dcbersetzung der [&hellip;]\" \/>\n<meta property=\"og:url\" content=\"https:\/\/nullsignal.games\/de\/products\/system-update-2021\/\" \/>\n<meta property=\"og:site_name\" content=\"Null Signal Games\" \/>\n<meta property=\"article:publisher\" content=\"https:\/\/www.facebook.com\/NetrunnerNISEI\" \/>\n<meta property=\"article:modified_time\" content=\"2023-02-14T23:08:34+00:00\" \/>\n<meta name=\"twitter:card\" content=\"summary_large_image\" \/>\n<meta name=\"twitter:site\" content=\"@ProjectNISEI\" \/>\n<meta name=\"twitter:label1\" content=\"Gesch\u00e4tzte Lesezeit\" \/>\n\t<meta name=\"twitter:data1\" content=\"1\u00a0Minute\" \/>\n<script type=\"application\/ld+json\" class=\"yoast-schema-graph\">{\"@context\":\"https:\/\/schema.org\",\"@graph\":[{\"@type\":\"Organization\",\"@id\":\"https:\/\/nisei.net\/#organization\",\"name\":\"NISEI\",\"url\":\"https:\/\/nisei.net\/\",\"sameAs\":[\"https:\/\/www.facebook.com\/NetrunnerNISEI\",\"https:\/\/www.youtube.com\/channel\/UC4j5b7f95JGN4RHvXS_7z1Q\",\"https:\/\/twitter.com\/ProjectNISEI\"],\"logo\":{\"@type\":\"ImageObject\",\"@id\":\"https:\/\/nisei.net\/#logo\",\"inLanguage\":\"de\",\"url\":\"https:\/\/nullsignal.games\/wp-content\/uploads\/2020\/08\/cropped-logo_black.png\",\"contentUrl\":\"https:\/\/nullsignal.games\/wp-content\/uploads\/2020\/08\/cropped-logo_black.png\",\"width\":512,\"height\":512,\"caption\":\"NISEI\"},\"image\":{\"@id\":\"https:\/\/nisei.net\/#logo\"}},{\"@type\":\"WebSite\",\"@id\":\"https:\/\/nisei.net\/#website\",\"url\":\"https:\/\/nisei.net\/\",\"name\":\"NISEI\",\"description\":\"The Future of Netrunner\",\"publisher\":{\"@id\":\"https:\/\/nisei.net\/#organization\"},\"potentialAction\":[{\"@type\":\"SearchAction\",\"target\":{\"@type\":\"EntryPoint\",\"urlTemplate\":\"https:\/\/nisei.net\/?s={search_term_string}\"},\"query-input\":\"required name=search_term_string\"}],\"inLanguage\":\"de\"},{\"@type\":\"WebPage\",\"@id\":\"https:\/\/nullsignal.games\/de\/products\/system-update-2021\/#webpage\",\"url\":\"https:\/\/nullsignal.games\/de\/products\/system-update-2021\/\",\"name\":\"System Update 2021 - Null Signal Games\",\"isPartOf\":{\"@id\":\"https:\/\/nisei.net\/#website\"},\"datePublished\":\"2021-03-31T19:26:10+00:00\",\"dateModified\":\"2023-02-14T23:08:34+00:00\",\"breadcrumb\":{\"@id\":\"https:\/\/nullsignal.games\/de\/products\/system-update-2021\/#breadcrumb\"},\"inLanguage\":\"de\",\"potentialAction\":[{\"@type\":\"ReadAction\",\"target\":[\"https:\/\/nullsignal.games\/de\/products\/system-update-2021\/\"]}]},{\"@type\":\"BreadcrumbList\",\"@id\":\"https:\/\/nullsignal.games\/de\/products\/system-update-2021\/#breadcrumb\",\"itemListElement\":[{\"@type\":\"ListItem\",\"position\":1,\"name\":\"Home\",\"item\":\"https:\/\/nullsignal.games\/de\/\"},{\"@type\":\"ListItem\",\"position\":2,\"name\":\"Produkte\",\"item\":\"https:\/\/nullsignal.games\/de\/products\/\"},{\"@type\":\"ListItem\",\"position\":3,\"name\":\"System Update 2021\"}]}]}<\/script>\n<!-- \/ Yoast SEO plugin. -->","yoast_head_json":{"title":"System Update 2021 - Null Signal Games","robots":{"index":"index","follow":"follow","max-snippet":"max-snippet:-1","max-image-preview":"max-image-preview:large","max-video-preview":"max-video-preview:-1"},"canonical":"https:\/\/nullsignal.games\/de\/products\/system-update-2021\/","og_locale":"de_DE","og_type":"article","og_title":"System Update 2021 - Null Signal Games","og_description":"System Update 2021 ist ein Set von mehr als 80 klassischen Netrunner-Karten, die mit \u00fcberarbeitetem Null Signal Games-Regeltext und Layout und komplett neuen Illustrationen nachgedruckt worden sind. Die \u00dcbersetzung der [&hellip;]","og_url":"https:\/\/nullsignal.games\/de\/products\/system-update-2021\/","og_site_name":"Null Signal Games","article_publisher":"https:\/\/www.facebook.com\/NetrunnerNISEI","article_modified_time":"2023-02-14T23:08:34+00:00","twitter_card":"summary_large_image","twitter_site":"@ProjectNISEI","twitter_misc":{"Gesch\u00e4tzte Lesezeit":"1\u00a0Minute"},"schema":{"@context":"https:\/\/schema.org","@graph":[{"@type":"Organization","@id":"https:\/\/nisei.net\/#organization","name":"NISEI","url":"https:\/\/nisei.net\/","sameAs":["https:\/\/www.facebook.com\/NetrunnerNISEI","https:\/\/www.youtube.com\/channel\/UC4j5b7f95JGN4RHvXS_7z1Q","https:\/\/twitter.com\/ProjectNISEI"],"logo":{"@type":"ImageObject","@id":"https:\/\/nisei.net\/#logo","inLanguage":"de","url":"https:\/\/nullsignal.games\/wp-content\/uploads\/2020\/08\/cropped-logo_black.png","contentUrl":"https:\/\/nullsignal.games\/wp-content\/uploads\/2020\/08\/cropped-logo_black.png","width":512,"height":512,"caption":"NISEI"},"image":{"@id":"https:\/\/nisei.net\/#logo"}},{"@type":"WebSite","@id":"https:\/\/nisei.net\/#website","url":"https:\/\/nisei.net\/","name":"NISEI","description":"The Future of Netrunner","publisher":{"@id":"https:\/\/nisei.net\/#organization"},"potentialAction":[{"@type":"SearchAction","target":{"@type":"EntryPoint","urlTemplate":"https:\/\/nisei.net\/?s={search_term_string}"},"query-input":"required name=search_term_string"}],"inLanguage":"de"},{"@type":"WebPage","@id":"https:\/\/nullsignal.games\/de\/products\/system-update-2021\/#webpage","url":"https:\/\/nullsignal.games\/de\/products\/system-update-2021\/","name":"System Update 2021 - Null Signal Games","isPartOf":{"@id":"https:\/\/nisei.net\/#website"},"datePublished":"2021-03-31T19:26:10+00:00","dateModified":"2023-02-14T23:08:34+00:00","breadcrumb":{"@id":"https:\/\/nullsignal.games\/de\/products\/system-update-2021\/#breadcrumb"},"inLanguage":"de","potentialAction":[{"@type":"ReadAction","target":["https:\/\/nullsignal.games\/de\/products\/system-update-2021\/"]}]},{"@type":"BreadcrumbList","@id":"https:\/\/nullsignal.games\/de\/products\/system-update-2021\/#breadcrumb","itemListElement":[{"@type":"ListItem","position":1,"name":"Home","item":"https:\/\/nullsignal.games\/de\/"},{"@type":"ListItem","position":2,"name":"Produkte","item":"https:\/\/nullsignal.games\/de\/products\/"},{"@type":"ListItem","position":3,"name":"System Update 2021"}]}]}},"coauthors":[{"link":"https:\/\/nullsignal.games\/de\/blog\/author\/spencer-dub\/","display_name":"Spencer Dub"}],"author_meta":{"author_link":"https:\/\/nullsignal.games\/de\/blog\/author\/spencer-dub\/","display_name":"Spencer Dub"},"relative_dates":{"created":"Posted 5\u00a0Jahren ago","modified":"Updated 3\u00a0Jahren ago"},"absolute_dates":{"created":"Posted on M\u00e4rz 31, 2021","modified":"Updated on Februar 14, 2023"},"absolute_dates_time":{"created":"Posted on M\u00e4rz 31, 2021 7:26 p.m.","modified":"Updated on Februar 14, 2023 11:08 p.m."},"featured_img_caption":"","featured_img":false,"series_order":"","_links":{"self":[{"href":"https:\/\/nullsignal.games\/de\/wp-json\/wp\/v2\/pages\/19105"}],"collection":[{"href":"https:\/\/nullsignal.games\/de\/wp-json\/wp\/v2\/pages"}],"about":[{"href":"https:\/\/nullsignal.games\/de\/wp-json\/wp\/v2\/types\/page"}],"author":[{"embeddable":true,"href":"https:\/\/nullsignal.games\/de\/wp-json\/wp\/v2\/users\/43"}],"replies":[{"embeddable":true,"href":"https:\/\/nullsignal.games\/de\/wp-json\/wp\/v2\/comments?post=19105"}],"version-history":[{"count":5,"href":"https:\/\/nullsignal.games\/de\/wp-json\/wp\/v2\/pages\/19105\/revisions"}],"predecessor-version":[{"id":37348,"href":"https:\/\/nullsignal.games\/de\/wp-json\/wp\/v2\/pages\/19105\/revisions\/37348"}],"up":[{"embeddable":true,"href":"https:\/\/nullsignal.games\/de\/wp-json\/wp\/v2\/pages\/2159"}],"wp:attachment":[{"href":"https:\/\/nullsignal.games\/de\/wp-json\/wp\/v2\/media?parent=19105"}],"curies":[{"name":"wp","href":"https:\/\/api.w.org\/{rel}","templated":true}]}}