{"id":1529,"date":"2019-12-13T18:55:36","date_gmt":"2019-12-13T18:55:36","guid":{"rendered":"http:\/\/wpniseitest.nfshost.com\/uprising-de"},"modified":"2022-09-25T17:51:42","modified_gmt":"2022-09-25T17:51:42","slug":"uprising-de","status":"publish","type":"page","link":"https:\/\/nullsignal.games\/de\/products\/uprising-de\/","title":{"rendered":"Aufstand (Uprising) &#8211; Deutsch"},"content":{"rendered":"\n<p><em>Wenn du am Strand von Manta stehst, w\u00e4hrend die Sonne \u00fcber den Anden aufgeht, kannst du einen kleinen Streifen beobachten, der sich \u00fcber die Skyline der Stadt zieht. So zart wie ein Tagtraum reckt er immer weiter nach oben. Ein goldenes Band das Himmel und Erde, Vergangenheit und Zukunft verbindet. Ausgefranst von den Launen der Konzernkriege und Terroranschl\u00e4gen, doch geflickt und repariert.<\/em><\/p>\n\n\n\n<p><em>Ganz.<\/em><\/p>\n\n\n\n<p><em>Ver\u00e4nderung ist unausweichlich und nimmt viele Formen an. Nicht einmal verst\u00e4rktes Buckyweave wird ewig halten. Die Ereignisse der Vergangenheit haben geschoben und gezogen. Kontroverse Schritte wurden von oben herab erzwungen, um die Gesellschaft in eine Form zu dr\u00fccken, die der Elite passt. Als Antwort schwoll eine Flut von vereinigter Emp\u00f6rung von unten empor, die es den Runner*innen erlaubte, aus bisher unm\u00f6glichen Richtungen zur\u00fcckzuschlagen. W\u00e4hrend dieser Konflikt seinen Lauf nimmt, wird New Angeles von Hoffnung durchzogen. Manche finden Trost darin, dass die Zitadelle des Beanstalks nicht gefallen ist, andere atmen leichter, jetzt wo der Druck der Konzerne nachl\u00e4sst. Es ist eine neue Welt und alles ist m\u00f6glich.<\/em><\/p>\n\n\n\n<p><em>Es geht bergauf.&nbsp;<\/em><\/p>\n\n\n\n<figure class=\"wp-block-image\"><img src=\"http:\/\/nullsignal.games\/photos\/2\/N02 - UprisingBoxCover.jpg\" alt=\"\"\/><\/figure>\n\n\n\n<p>Aufstand ist das zweite Set im Asche-Zyklus. Es wurde am 16.12. 2019 auf Englisch ver\u00f6ffentlicht. Es ist in vier Formaten auf drei unterschiedlichen Quellen erh\u00e4ltlich, f\u00fcr eine genaue Erl\u00e4uterung der Unterschiede siehe Null Signal Games\u00a0<a href=\"http:\/\/nullsignal.games\/article\/SpecialOrder2019-12\">Kaufempfehlungen<\/a>. Die\u00a0<a href=\"http:\/\/nullsignal.games\/products\/Uprising\/URReleaseNotes\">Ver\u00f6ffentlichungsnotizen<\/a> sind auf unserer Seite erh\u00e4ltlich. Aufstand ist ab sofort legal f\u00fcr informelle Events (GNKs, Ladenmeisterschaften) und ab dem 27.12. 2019 f\u00fcr kompetitive Events (Regionalmeisterschaften und aufw\u00e4rts). Die Karten dieses Sets sind\u00a0<a href=\"https:\/\/netrunnerdb.com\/en\/set\/ur\/full\">auf NetrunnerDB<\/a> gelistet.<\/p>\n\n\n\n<p><a href=\"http:\/\/www.makeplayingcards.com\/sell\/marketplace\/ashes-uprising-german-standard-300gsm-cardstock.html\"><strong>MakePlayingCards : Standard<\/strong><\/a><\/p>\n\n\n\n<p><a href=\"http:\/\/www.makeplayingcards.com\/sell\/marketplace\/ashes-uprising-german-premium-330gsm-cardstock.html\"><strong>MakePlayingCards : Premium<\/strong><\/a><\/p>\n\n\n\n<p><strong>Wichtiger Hinweis zum Vermeiden von Zollgeb\u00fchren:<\/strong> Wir empfehlen, dass ihr die&nbsp;<a href=\"https:\/\/www.makeplayingcards.com\/shipping.aspx\">MakePlayingCards&#8217;s Shipping Information Page<\/a> lest, um Details \u00fcber Zollgeb\u00fchren herauszufinden. F\u00fcr EU Bestellungen garantiert MPC Zollgeb\u00fchrenfreiheit f\u00fcr Bestellungen bis zu einem Wert von 276\u20ac exklusive Versandkosten, <strong>allerdings nur, wenn \u00fcber die Standard Shipping Option bestellt wird!<\/strong>&nbsp;<\/p>\n\n\n\n<p><strong>Print-and-play PDF<\/strong>&nbsp;&#8211; UMSONST\/Pay-what-you-want (Spenden sind \u00fcber&nbsp;<a href=\"https:\/\/paypal.me\/niseiproject\">PayPal<\/a> oder unseren&nbsp;<a href=\"https:\/\/www.patreon.com\/NISEI\">Patreon<\/a> m\u00f6glich).<\/p>\n\n\n\n<ul><li dir=\"ltr\">\n<p dir=\"ltr\"><a href=\"http:\/\/nullsignal.games\/files\/German\/Uprising_-_A4_Printable_Sheets_3x_de.pdf\"><u>A4 paper size, 3x copy<\/u><\/a><\/p>\n<\/li><li dir=\"ltr\">\n<p dir=\"ltr\"><a href=\"http:\/\/nullsignal.games\/files\/German\/Uprising_-_A4_Printable_Sheets_1x_de.pdf\"><u>A4 paper size, 1x copy<\/u><\/a><\/p>\n<\/li><li dir=\"ltr\">\n<p dir=\"ltr\"><a href=\"http:\/\/nullsignal.games\/files\/German\/Uprising_-_US_Letter_Printable_Sheets_3x_de.pdf\"><u>US Letter paper size, 3x copy<\/u><\/a><\/p>\n<\/li><li dir=\"ltr\">\n<p dir=\"ltr\"><a href=\"http:\/\/nullsignal.games\/files\/German\/Uprising_-_US_Letter_Printable_Sheets_1x_de.pdf\"><u>US Letter paper size, 1x copy<\/u><\/a><\/p>\n<\/li><\/ul>\n","protected":false},"excerpt":{"rendered":"<p>Wenn du am Strand von Manta stehst, w\u00e4hrend die Sonne \u00fcber den Anden aufgeht, kannst du einen kleinen Streifen beobachten, der sich \u00fcber die Skyline der Stadt zieht. So zart [&hellip;]<\/p>\n","protected":false},"author":15,"featured_media":12172,"parent":2159,"menu_order":276,"comment_status":"closed","ping_status":"open","template":"","meta":{"advgb_blocks_editor_width":"","advgb_blocks_columns_visual_guide":"","kt_blocks_editor_width":"","_links_to":"","_links_to_target":""},"pp_force_visibility":null,"pp_subpost_visibility":null,"pp_inherited_force_visibility":null,"pp_inherited_subpost_visibility":null,"yoast_head":"<!-- This site is optimized with the Yoast SEO plugin v17.7.1 - https:\/\/yoast.com\/wordpress\/plugins\/seo\/ -->\n<title>Aufstand (Uprising) - Deutsch - Null Signal Games<\/title>\n<meta name=\"robots\" content=\"index, follow, max-snippet:-1, max-image-preview:large, max-video-preview:-1\" \/>\n<link rel=\"canonical\" href=\"https:\/\/nullsignal.games\/de\/products\/uprising-de\/\" \/>\n<meta property=\"og:locale\" content=\"de_DE\" \/>\n<meta property=\"og:type\" content=\"article\" \/>\n<meta property=\"og:title\" content=\"Aufstand (Uprising) - Deutsch - Null Signal Games\" \/>\n<meta property=\"og:description\" content=\"Wenn du am Strand von Manta stehst, w\u00e4hrend die Sonne \u00fcber den Anden aufgeht, kannst du einen kleinen Streifen beobachten, der sich \u00fcber die Skyline der Stadt zieht. So zart [&hellip;]\" \/>\n<meta property=\"og:url\" content=\"https:\/\/nullsignal.games\/de\/products\/uprising-de\/\" \/>\n<meta property=\"og:site_name\" content=\"Null Signal Games\" \/>\n<meta property=\"article:publisher\" content=\"https:\/\/www.facebook.com\/NetrunnerNISEI\" \/>\n<meta property=\"article:modified_time\" content=\"2022-09-25T17:51:42+00:00\" \/>\n<meta property=\"og:image\" content=\"https:\/\/nullsignal.games\/wp-content\/uploads\/2020\/03\/Uprising_500_post.png\" \/>\n\t<meta property=\"og:image:width\" content=\"500\" \/>\n\t<meta property=\"og:image:height\" content=\"500\" \/>\n<meta name=\"twitter:card\" content=\"summary_large_image\" \/>\n<meta name=\"twitter:site\" content=\"@ProjectNISEI\" \/>\n<meta name=\"twitter:label1\" content=\"Gesch\u00e4tzte Lesezeit\" \/>\n\t<meta name=\"twitter:data1\" content=\"2\u00a0Minuten\" \/>\n<script type=\"application\/ld+json\" class=\"yoast-schema-graph\">{\"@context\":\"https:\/\/schema.org\",\"@graph\":[{\"@type\":\"Organization\",\"@id\":\"https:\/\/nisei.net\/#organization\",\"name\":\"NISEI\",\"url\":\"https:\/\/nisei.net\/\",\"sameAs\":[\"https:\/\/www.facebook.com\/NetrunnerNISEI\",\"https:\/\/www.youtube.com\/channel\/UC4j5b7f95JGN4RHvXS_7z1Q\",\"https:\/\/twitter.com\/ProjectNISEI\"],\"logo\":{\"@type\":\"ImageObject\",\"@id\":\"https:\/\/nisei.net\/#logo\",\"inLanguage\":\"de\",\"url\":\"https:\/\/nullsignal.games\/wp-content\/uploads\/2020\/08\/cropped-logo_black.png\",\"contentUrl\":\"https:\/\/nullsignal.games\/wp-content\/uploads\/2020\/08\/cropped-logo_black.png\",\"width\":512,\"height\":512,\"caption\":\"NISEI\"},\"image\":{\"@id\":\"https:\/\/nisei.net\/#logo\"}},{\"@type\":\"WebSite\",\"@id\":\"https:\/\/nisei.net\/#website\",\"url\":\"https:\/\/nisei.net\/\",\"name\":\"NISEI\",\"description\":\"The Future of Netrunner\",\"publisher\":{\"@id\":\"https:\/\/nisei.net\/#organization\"},\"potentialAction\":[{\"@type\":\"SearchAction\",\"target\":{\"@type\":\"EntryPoint\",\"urlTemplate\":\"https:\/\/nisei.net\/?s={search_term_string}\"},\"query-input\":\"required name=search_term_string\"}],\"inLanguage\":\"de\"},{\"@type\":\"ImageObject\",\"@id\":\"https:\/\/nullsignal.games\/de\/products\/uprising-de\/#primaryimage\",\"inLanguage\":\"de\",\"url\":\"https:\/\/nullsignal.games\/wp-content\/uploads\/2020\/03\/Uprising_500_post.png\",\"contentUrl\":\"https:\/\/nullsignal.games\/wp-content\/uploads\/2020\/03\/Uprising_500_post.png\",\"width\":500,\"height\":500},{\"@type\":\"WebPage\",\"@id\":\"https:\/\/nullsignal.games\/de\/products\/uprising-de\/#webpage\",\"url\":\"https:\/\/nullsignal.games\/de\/products\/uprising-de\/\",\"name\":\"Aufstand (Uprising) - Deutsch - Null Signal Games\",\"isPartOf\":{\"@id\":\"https:\/\/nisei.net\/#website\"},\"primaryImageOfPage\":{\"@id\":\"https:\/\/nullsignal.games\/de\/products\/uprising-de\/#primaryimage\"},\"datePublished\":\"2019-12-13T18:55:36+00:00\",\"dateModified\":\"2022-09-25T17:51:42+00:00\",\"breadcrumb\":{\"@id\":\"https:\/\/nullsignal.games\/de\/products\/uprising-de\/#breadcrumb\"},\"inLanguage\":\"de\",\"potentialAction\":[{\"@type\":\"ReadAction\",\"target\":[\"https:\/\/nullsignal.games\/de\/products\/uprising-de\/\"]}]},{\"@type\":\"BreadcrumbList\",\"@id\":\"https:\/\/nullsignal.games\/de\/products\/uprising-de\/#breadcrumb\",\"itemListElement\":[{\"@type\":\"ListItem\",\"position\":1,\"name\":\"Home\",\"item\":\"https:\/\/nullsignal.games\/de\/\"},{\"@type\":\"ListItem\",\"position\":2,\"name\":\"Produkte\",\"item\":\"https:\/\/nullsignal.games\/de\/products\/\"},{\"@type\":\"ListItem\",\"position\":3,\"name\":\"Aufstand (Uprising) &#8211; Deutsch\"}]}]}<\/script>\n<!-- \/ Yoast SEO plugin. -->","yoast_head_json":{"title":"Aufstand (Uprising) - Deutsch - Null Signal Games","robots":{"index":"index","follow":"follow","max-snippet":"max-snippet:-1","max-image-preview":"max-image-preview:large","max-video-preview":"max-video-preview:-1"},"canonical":"https:\/\/nullsignal.games\/de\/products\/uprising-de\/","og_locale":"de_DE","og_type":"article","og_title":"Aufstand (Uprising) - Deutsch - Null Signal Games","og_description":"Wenn du am Strand von Manta stehst, w\u00e4hrend die Sonne \u00fcber den Anden aufgeht, kannst du einen kleinen Streifen beobachten, der sich \u00fcber die Skyline der Stadt zieht. So zart [&hellip;]","og_url":"https:\/\/nullsignal.games\/de\/products\/uprising-de\/","og_site_name":"Null Signal Games","article_publisher":"https:\/\/www.facebook.com\/NetrunnerNISEI","article_modified_time":"2022-09-25T17:51:42+00:00","og_image":[{"width":500,"height":500,"url":"https:\/\/nullsignal.games\/wp-content\/uploads\/2020\/03\/Uprising_500_post.png","type":"image\/png"}],"twitter_card":"summary_large_image","twitter_site":"@ProjectNISEI","twitter_misc":{"Gesch\u00e4tzte Lesezeit":"2\u00a0Minuten"},"schema":{"@context":"https:\/\/schema.org","@graph":[{"@type":"Organization","@id":"https:\/\/nisei.net\/#organization","name":"NISEI","url":"https:\/\/nisei.net\/","sameAs":["https:\/\/www.facebook.com\/NetrunnerNISEI","https:\/\/www.youtube.com\/channel\/UC4j5b7f95JGN4RHvXS_7z1Q","https:\/\/twitter.com\/ProjectNISEI"],"logo":{"@type":"ImageObject","@id":"https:\/\/nisei.net\/#logo","inLanguage":"de","url":"https:\/\/nullsignal.games\/wp-content\/uploads\/2020\/08\/cropped-logo_black.png","contentUrl":"https:\/\/nullsignal.games\/wp-content\/uploads\/2020\/08\/cropped-logo_black.png","width":512,"height":512,"caption":"NISEI"},"image":{"@id":"https:\/\/nisei.net\/#logo"}},{"@type":"WebSite","@id":"https:\/\/nisei.net\/#website","url":"https:\/\/nisei.net\/","name":"NISEI","description":"The Future of Netrunner","publisher":{"@id":"https:\/\/nisei.net\/#organization"},"potentialAction":[{"@type":"SearchAction","target":{"@type":"EntryPoint","urlTemplate":"https:\/\/nisei.net\/?s={search_term_string}"},"query-input":"required name=search_term_string"}],"inLanguage":"de"},{"@type":"ImageObject","@id":"https:\/\/nullsignal.games\/de\/products\/uprising-de\/#primaryimage","inLanguage":"de","url":"https:\/\/nullsignal.games\/wp-content\/uploads\/2020\/03\/Uprising_500_post.png","contentUrl":"https:\/\/nullsignal.games\/wp-content\/uploads\/2020\/03\/Uprising_500_post.png","width":500,"height":500},{"@type":"WebPage","@id":"https:\/\/nullsignal.games\/de\/products\/uprising-de\/#webpage","url":"https:\/\/nullsignal.games\/de\/products\/uprising-de\/","name":"Aufstand (Uprising) - Deutsch - Null Signal Games","isPartOf":{"@id":"https:\/\/nisei.net\/#website"},"primaryImageOfPage":{"@id":"https:\/\/nullsignal.games\/de\/products\/uprising-de\/#primaryimage"},"datePublished":"2019-12-13T18:55:36+00:00","dateModified":"2022-09-25T17:51:42+00:00","breadcrumb":{"@id":"https:\/\/nullsignal.games\/de\/products\/uprising-de\/#breadcrumb"},"inLanguage":"de","potentialAction":[{"@type":"ReadAction","target":["https:\/\/nullsignal.games\/de\/products\/uprising-de\/"]}]},{"@type":"BreadcrumbList","@id":"https:\/\/nullsignal.games\/de\/products\/uprising-de\/#breadcrumb","itemListElement":[{"@type":"ListItem","position":1,"name":"Home","item":"https:\/\/nullsignal.games\/de\/"},{"@type":"ListItem","position":2,"name":"Produkte","item":"https:\/\/nullsignal.games\/de\/products\/"},{"@type":"ListItem","position":3,"name":"Aufstand (Uprising) &#8211; Deutsch"}]}]}},"coauthors":[{"link":"https:\/\/nullsignal.games\/de\/blog\/author\/absotively\/","display_name":"Absotively"}],"author_meta":{"author_link":"https:\/\/nullsignal.games\/de\/blog\/author\/absotively\/","display_name":"Absotively"},"relative_dates":{"created":"Posted 6\u00a0Jahren ago","modified":"Updated 4\u00a0Jahren ago"},"absolute_dates":{"created":"Posted on Dezember 13, 2019","modified":"Updated on September 25, 2022"},"absolute_dates_time":{"created":"Posted on Dezember 13, 2019 6:55 p.m.","modified":"Updated on September 25, 2022 5:51 p.m."},"featured_img_caption":"","featured_img":"https:\/\/nullsignal.games\/wp-content\/uploads\/2020\/03\/Uprising_500_post-250x250.png","series_order":"","_links":{"self":[{"href":"https:\/\/nullsignal.games\/de\/wp-json\/wp\/v2\/pages\/1529"}],"collection":[{"href":"https:\/\/nullsignal.games\/de\/wp-json\/wp\/v2\/pages"}],"about":[{"href":"https:\/\/nullsignal.games\/de\/wp-json\/wp\/v2\/types\/page"}],"author":[{"embeddable":true,"href":"https:\/\/nullsignal.games\/de\/wp-json\/wp\/v2\/users\/15"}],"replies":[{"embeddable":true,"href":"https:\/\/nullsignal.games\/de\/wp-json\/wp\/v2\/comments?post=1529"}],"version-history":[{"count":4,"href":"https:\/\/nullsignal.games\/de\/wp-json\/wp\/v2\/pages\/1529\/revisions"}],"predecessor-version":[{"id":32437,"href":"https:\/\/nullsignal.games\/de\/wp-json\/wp\/v2\/pages\/1529\/revisions\/32437"}],"up":[{"embeddable":true,"href":"https:\/\/nullsignal.games\/de\/wp-json\/wp\/v2\/pages\/2159"}],"wp:featuredmedia":[{"embeddable":true,"href":"https:\/\/nullsignal.games\/de\/wp-json\/wp\/v2\/media\/12172"}],"wp:attachment":[{"href":"https:\/\/nullsignal.games\/de\/wp-json\/wp\/v2\/media?parent=1529"}],"curies":[{"name":"wp","href":"https:\/\/api.w.org\/{rel}","templated":true}]}}