{"id":1525,"date":"2019-07-23T12:29:28","date_gmt":"2019-07-23T12:29:28","guid":{"rendered":"http:\/\/wpniseitest.nfshost.com\/magnumopus-de"},"modified":"2022-09-25T17:52:10","modified_gmt":"2022-09-25T17:52:10","slug":"magnumopus-de","status":"publish","type":"page","link":"https:\/\/nullsignal.games\/de\/products\/magnumopus-de\/","title":{"rendered":"Magnum Opus &#8211; Deutsch"},"content":{"rendered":"\n<p>Dieses Set wurde Ende 2018 ver\u00f6ffentlicht und enth\u00e4lt sechs Karten, welche von Siegern einiger der wichtigsten Turniere gestaltet wurden. Es war lediglich f\u00fcr Teilnehmer\/innen der Magnum Opus Events zug\u00e4nglich. Seither f\u00e4llt es vielen Spieler\/innen schwer, an eine Kopie des Sets zu gelangen, weshalb Null Signal Games es mit neuem Artwork, aktuellem Wording und modernisierten Templates und Glyphen erneut ver\u00f6ffentlicht.<\/p>\n\n\n\n<figure class=\"wp-block-image\"><a href=\"http:\/\/nullsignal.games\/files\/Downfall_Box_Large.png\"><img src=\"http:\/\/nullsignal.games\/photos\/6\/Mopus 500.png\" alt=\"\"\/><\/a><\/figure>\n\n\n\n<p>Das Magnum Opus-Kartenset ist in vier Ausf\u00fchrungen von drei Quellen erh\u00e4ltlich. F\u00fcr eine Zusammenfassung der Unterschiede siehe Null Signal Games <a href=\"http:\/\/nullsignal.games\/article\/SpecialOrder2019-03\">Kaufempfehlungen<\/a>, die mit dem Erscheinen von Untergang herausgegeben wurden. Alle Karten in diesem Set sind auf <a href=\"http:\/\/netrunnerdb.com\/en\/set\/mo\">NetrunnerDB<\/a> einsehbar. <strong>Leiharbeiter (Hired Help) und Sieh Die Welt Brennen (Watch The World Burn) sind <em>nicht<\/em> Teil dieses Sets.<\/strong><\/p>\n\n\n\n<p><u><a href=\"https:\/\/www.makeplayingcards.com\/sell\/marketplace\/magnum-opus-german-standard-300gsm-cardstock.html\"><strong>MakePlayingCards : Standard<\/strong><\/a><\/u><\/p>\n\n\n\n<p><u><a href=\"https:\/\/www.makeplayingcards.com\/sell\/marketplace\/magnum-opus-german-premium-330gsm-cardstock.html\"><strong>MakePlayingCards : Premium<\/strong><\/a><\/u><\/p>\n\n\n\n<p><strong>Wichtiger Hinweis zum Vermeiden von Zollgeb\u00fchren<\/strong>: Wir empfehlen, dass ihr die&nbsp;<a href=\"https:\/\/www.makeplayingcards.com\/shipping.aspx\">MakePlayingCards&#8217;s Shipping Information Page<\/a>&nbsp;lest, um Details \u00fcber Zollgeb\u00fchren herauszufinden. F\u00fcr EU Bestellungen garantiert MPC Zollgeb\u00fchrenfreiheit f\u00fcr Bestellungen bis zu einem Wert von 500$ exklusive Versandkosten,&nbsp;<strong>allerdings nur, wenn \u00fcber die Standard Shipping Option bestellt wird!<\/strong><\/p>\n\n\n\n<p><strong>Print-and-play PDF<\/strong>&#8211; UMSONST\/Pay-what-you-want (Spenden sind \u00fcber&nbsp;<a href=\"https:\/\/paypal.me\/niseiproject\">PayPal<\/a>&nbsp;oder unseren&nbsp;<a href=\"https:\/\/www.patreon.com\/NISEI\">Patreon<\/a>&nbsp;m\u00f6glich)<\/p>\n\n\n\n<ul><li><a href=\"https:\/\/nullsignal.games\/wp-content\/uploads\/2021\/07\/Magnum_Opus_-_A4_Printable_Sheets_3x_de.pdf\">A4 paper size, 3x copy<\/a><\/li><li><a href=\"https:\/\/nullsignal.games\/wp-content\/uploads\/2021\/07\/Magnum_Opus_-_A4_Printable_Sheets_1x_de.pdf\">A4 paper size, 1x copy<\/a><\/li><li><a href=\"https:\/\/nullsignal.games\/wp-content\/uploads\/2021\/07\/Magnum_Opus_-_US_Letter_Printable_Sheets_3x_de.pdf\">US Letter paper size, 3x copy<\/a><\/li><li><a href=\"https:\/\/nullsignal.games\/wp-content\/uploads\/2021\/07\/Magnum_Opus_-_US_Letter_Printable_Sheets_1x_de.pdf\">US Letter paper size, 1x copy<\/a><\/li><\/ul>\n","protected":false},"excerpt":{"rendered":"<p>Dieses Set wurde Ende 2018 ver\u00f6ffentlicht und enth\u00e4lt sechs Karten, welche von Siegern einiger der wichtigsten Turniere gestaltet wurden. Es war lediglich f\u00fcr Teilnehmer\/innen der Magnum Opus Events zug\u00e4nglich. Seither [&hellip;]<\/p>\n","protected":false},"author":15,"featured_media":7848,"parent":2159,"menu_order":276,"comment_status":"closed","ping_status":"open","template":"","meta":{"advgb_blocks_editor_width":"","advgb_blocks_columns_visual_guide":"","kt_blocks_editor_width":"","_links_to":"","_links_to_target":""},"pp_force_visibility":null,"pp_subpost_visibility":null,"pp_inherited_force_visibility":null,"pp_inherited_subpost_visibility":null,"yoast_head":"<!-- This site is optimized with the Yoast SEO plugin v17.7.1 - https:\/\/yoast.com\/wordpress\/plugins\/seo\/ -->\n<title>Magnum Opus - Deutsch - Null Signal Games<\/title>\n<meta name=\"robots\" content=\"index, follow, max-snippet:-1, max-image-preview:large, max-video-preview:-1\" \/>\n<link rel=\"canonical\" href=\"https:\/\/nullsignal.games\/de\/products\/magnumopus-de\/\" \/>\n<meta property=\"og:locale\" content=\"de_DE\" \/>\n<meta property=\"og:type\" content=\"article\" \/>\n<meta property=\"og:title\" content=\"Magnum Opus - Deutsch - Null Signal Games\" \/>\n<meta property=\"og:description\" content=\"Dieses Set wurde Ende 2018 ver\u00f6ffentlicht und enth\u00e4lt sechs Karten, welche von Siegern einiger der wichtigsten Turniere gestaltet wurden. Es war lediglich f\u00fcr Teilnehmer\/innen der Magnum Opus Events zug\u00e4nglich. Seither [&hellip;]\" \/>\n<meta property=\"og:url\" content=\"https:\/\/nullsignal.games\/de\/products\/magnumopus-de\/\" \/>\n<meta property=\"og:site_name\" content=\"Null Signal Games\" \/>\n<meta property=\"article:publisher\" content=\"https:\/\/www.facebook.com\/NetrunnerNISEI\" \/>\n<meta property=\"article:modified_time\" content=\"2022-09-25T17:52:10+00:00\" \/>\n<meta property=\"og:image\" content=\"https:\/\/nullsignal.games\/wp-content\/uploads\/2020\/03\/Mopus-500.png\" \/>\n\t<meta property=\"og:image:width\" content=\"500\" \/>\n\t<meta property=\"og:image:height\" content=\"500\" \/>\n<meta name=\"twitter:card\" content=\"summary_large_image\" \/>\n<meta name=\"twitter:site\" content=\"@ProjectNISEI\" \/>\n<meta name=\"twitter:label1\" content=\"Gesch\u00e4tzte Lesezeit\" \/>\n\t<meta name=\"twitter:data1\" content=\"2\u00a0Minuten\" \/>\n<script type=\"application\/ld+json\" class=\"yoast-schema-graph\">{\"@context\":\"https:\/\/schema.org\",\"@graph\":[{\"@type\":\"Organization\",\"@id\":\"https:\/\/nisei.net\/#organization\",\"name\":\"NISEI\",\"url\":\"https:\/\/nisei.net\/\",\"sameAs\":[\"https:\/\/www.facebook.com\/NetrunnerNISEI\",\"https:\/\/www.youtube.com\/channel\/UC4j5b7f95JGN4RHvXS_7z1Q\",\"https:\/\/twitter.com\/ProjectNISEI\"],\"logo\":{\"@type\":\"ImageObject\",\"@id\":\"https:\/\/nisei.net\/#logo\",\"inLanguage\":\"de\",\"url\":\"https:\/\/nullsignal.games\/wp-content\/uploads\/2020\/08\/cropped-logo_black.png\",\"contentUrl\":\"https:\/\/nullsignal.games\/wp-content\/uploads\/2020\/08\/cropped-logo_black.png\",\"width\":512,\"height\":512,\"caption\":\"NISEI\"},\"image\":{\"@id\":\"https:\/\/nisei.net\/#logo\"}},{\"@type\":\"WebSite\",\"@id\":\"https:\/\/nisei.net\/#website\",\"url\":\"https:\/\/nisei.net\/\",\"name\":\"NISEI\",\"description\":\"The Future of Netrunner\",\"publisher\":{\"@id\":\"https:\/\/nisei.net\/#organization\"},\"potentialAction\":[{\"@type\":\"SearchAction\",\"target\":{\"@type\":\"EntryPoint\",\"urlTemplate\":\"https:\/\/nisei.net\/?s={search_term_string}\"},\"query-input\":\"required name=search_term_string\"}],\"inLanguage\":\"de\"},{\"@type\":\"ImageObject\",\"@id\":\"https:\/\/nullsignal.games\/de\/products\/magnumopus-de\/#primaryimage\",\"inLanguage\":\"de\",\"url\":\"https:\/\/nullsignal.games\/wp-content\/uploads\/2020\/03\/Mopus-500.png\",\"contentUrl\":\"https:\/\/nullsignal.games\/wp-content\/uploads\/2020\/03\/Mopus-500.png\",\"width\":500,\"height\":500},{\"@type\":\"WebPage\",\"@id\":\"https:\/\/nullsignal.games\/de\/products\/magnumopus-de\/#webpage\",\"url\":\"https:\/\/nullsignal.games\/de\/products\/magnumopus-de\/\",\"name\":\"Magnum Opus - Deutsch - Null Signal Games\",\"isPartOf\":{\"@id\":\"https:\/\/nisei.net\/#website\"},\"primaryImageOfPage\":{\"@id\":\"https:\/\/nullsignal.games\/de\/products\/magnumopus-de\/#primaryimage\"},\"datePublished\":\"2019-07-23T12:29:28+00:00\",\"dateModified\":\"2022-09-25T17:52:10+00:00\",\"breadcrumb\":{\"@id\":\"https:\/\/nullsignal.games\/de\/products\/magnumopus-de\/#breadcrumb\"},\"inLanguage\":\"de\",\"potentialAction\":[{\"@type\":\"ReadAction\",\"target\":[\"https:\/\/nullsignal.games\/de\/products\/magnumopus-de\/\"]}]},{\"@type\":\"BreadcrumbList\",\"@id\":\"https:\/\/nullsignal.games\/de\/products\/magnumopus-de\/#breadcrumb\",\"itemListElement\":[{\"@type\":\"ListItem\",\"position\":1,\"name\":\"Home\",\"item\":\"https:\/\/nullsignal.games\/de\/\"},{\"@type\":\"ListItem\",\"position\":2,\"name\":\"Produkte\",\"item\":\"https:\/\/nullsignal.games\/de\/products\/\"},{\"@type\":\"ListItem\",\"position\":3,\"name\":\"Magnum Opus &#8211; Deutsch\"}]}]}<\/script>\n<!-- \/ Yoast SEO plugin. -->","yoast_head_json":{"title":"Magnum Opus - Deutsch - Null Signal Games","robots":{"index":"index","follow":"follow","max-snippet":"max-snippet:-1","max-image-preview":"max-image-preview:large","max-video-preview":"max-video-preview:-1"},"canonical":"https:\/\/nullsignal.games\/de\/products\/magnumopus-de\/","og_locale":"de_DE","og_type":"article","og_title":"Magnum Opus - Deutsch - Null Signal Games","og_description":"Dieses Set wurde Ende 2018 ver\u00f6ffentlicht und enth\u00e4lt sechs Karten, welche von Siegern einiger der wichtigsten Turniere gestaltet wurden. Es war lediglich f\u00fcr Teilnehmer\/innen der Magnum Opus Events zug\u00e4nglich. Seither [&hellip;]","og_url":"https:\/\/nullsignal.games\/de\/products\/magnumopus-de\/","og_site_name":"Null Signal Games","article_publisher":"https:\/\/www.facebook.com\/NetrunnerNISEI","article_modified_time":"2022-09-25T17:52:10+00:00","og_image":[{"width":500,"height":500,"url":"https:\/\/nullsignal.games\/wp-content\/uploads\/2020\/03\/Mopus-500.png","type":"image\/png"}],"twitter_card":"summary_large_image","twitter_site":"@ProjectNISEI","twitter_misc":{"Gesch\u00e4tzte Lesezeit":"2\u00a0Minuten"},"schema":{"@context":"https:\/\/schema.org","@graph":[{"@type":"Organization","@id":"https:\/\/nisei.net\/#organization","name":"NISEI","url":"https:\/\/nisei.net\/","sameAs":["https:\/\/www.facebook.com\/NetrunnerNISEI","https:\/\/www.youtube.com\/channel\/UC4j5b7f95JGN4RHvXS_7z1Q","https:\/\/twitter.com\/ProjectNISEI"],"logo":{"@type":"ImageObject","@id":"https:\/\/nisei.net\/#logo","inLanguage":"de","url":"https:\/\/nullsignal.games\/wp-content\/uploads\/2020\/08\/cropped-logo_black.png","contentUrl":"https:\/\/nullsignal.games\/wp-content\/uploads\/2020\/08\/cropped-logo_black.png","width":512,"height":512,"caption":"NISEI"},"image":{"@id":"https:\/\/nisei.net\/#logo"}},{"@type":"WebSite","@id":"https:\/\/nisei.net\/#website","url":"https:\/\/nisei.net\/","name":"NISEI","description":"The Future of Netrunner","publisher":{"@id":"https:\/\/nisei.net\/#organization"},"potentialAction":[{"@type":"SearchAction","target":{"@type":"EntryPoint","urlTemplate":"https:\/\/nisei.net\/?s={search_term_string}"},"query-input":"required name=search_term_string"}],"inLanguage":"de"},{"@type":"ImageObject","@id":"https:\/\/nullsignal.games\/de\/products\/magnumopus-de\/#primaryimage","inLanguage":"de","url":"https:\/\/nullsignal.games\/wp-content\/uploads\/2020\/03\/Mopus-500.png","contentUrl":"https:\/\/nullsignal.games\/wp-content\/uploads\/2020\/03\/Mopus-500.png","width":500,"height":500},{"@type":"WebPage","@id":"https:\/\/nullsignal.games\/de\/products\/magnumopus-de\/#webpage","url":"https:\/\/nullsignal.games\/de\/products\/magnumopus-de\/","name":"Magnum Opus - Deutsch - Null Signal Games","isPartOf":{"@id":"https:\/\/nisei.net\/#website"},"primaryImageOfPage":{"@id":"https:\/\/nullsignal.games\/de\/products\/magnumopus-de\/#primaryimage"},"datePublished":"2019-07-23T12:29:28+00:00","dateModified":"2022-09-25T17:52:10+00:00","breadcrumb":{"@id":"https:\/\/nullsignal.games\/de\/products\/magnumopus-de\/#breadcrumb"},"inLanguage":"de","potentialAction":[{"@type":"ReadAction","target":["https:\/\/nullsignal.games\/de\/products\/magnumopus-de\/"]}]},{"@type":"BreadcrumbList","@id":"https:\/\/nullsignal.games\/de\/products\/magnumopus-de\/#breadcrumb","itemListElement":[{"@type":"ListItem","position":1,"name":"Home","item":"https:\/\/nullsignal.games\/de\/"},{"@type":"ListItem","position":2,"name":"Produkte","item":"https:\/\/nullsignal.games\/de\/products\/"},{"@type":"ListItem","position":3,"name":"Magnum Opus &#8211; Deutsch"}]}]}},"coauthors":[{"link":"https:\/\/nullsignal.games\/de\/blog\/author\/absotively\/","display_name":"Absotively"}],"author_meta":{"author_link":"https:\/\/nullsignal.games\/de\/blog\/author\/absotively\/","display_name":"Absotively"},"relative_dates":{"created":"Posted 7\u00a0Jahren ago","modified":"Updated 4\u00a0Jahren ago"},"absolute_dates":{"created":"Posted on Juli 23, 2019","modified":"Updated on September 25, 2022"},"absolute_dates_time":{"created":"Posted on Juli 23, 2019 12:29 p.m.","modified":"Updated on September 25, 2022 5:52 p.m."},"featured_img_caption":"","featured_img":"https:\/\/nullsignal.games\/wp-content\/uploads\/2020\/03\/Mopus-500-250x250.png","series_order":"","_links":{"self":[{"href":"https:\/\/nullsignal.games\/de\/wp-json\/wp\/v2\/pages\/1525"}],"collection":[{"href":"https:\/\/nullsignal.games\/de\/wp-json\/wp\/v2\/pages"}],"about":[{"href":"https:\/\/nullsignal.games\/de\/wp-json\/wp\/v2\/types\/page"}],"author":[{"embeddable":true,"href":"https:\/\/nullsignal.games\/de\/wp-json\/wp\/v2\/users\/15"}],"replies":[{"embeddable":true,"href":"https:\/\/nullsignal.games\/de\/wp-json\/wp\/v2\/comments?post=1525"}],"version-history":[{"count":5,"href":"https:\/\/nullsignal.games\/de\/wp-json\/wp\/v2\/pages\/1525\/revisions"}],"predecessor-version":[{"id":32438,"href":"https:\/\/nullsignal.games\/de\/wp-json\/wp\/v2\/pages\/1525\/revisions\/32438"}],"up":[{"embeddable":true,"href":"https:\/\/nullsignal.games\/de\/wp-json\/wp\/v2\/pages\/2159"}],"wp:featuredmedia":[{"embeddable":true,"href":"https:\/\/nullsignal.games\/de\/wp-json\/wp\/v2\/media\/7848"}],"wp:attachment":[{"href":"https:\/\/nullsignal.games\/de\/wp-json\/wp\/v2\/media?parent=1525"}],"curies":[{"name":"wp","href":"https:\/\/api.w.org\/{rel}","templated":true}]}}