{"id":1519,"date":"2019-05-17T13:00:46","date_gmt":"2019-05-17T13:00:46","guid":{"rendered":"http:\/\/wpniseitest.nfshost.com\/downfall-de"},"modified":"2022-09-25T17:52:22","modified_gmt":"2022-09-25T17:52:22","slug":"downfall-de","status":"publish","type":"page","link":"https:\/\/nullsignal.games\/de\/products\/downfall-de\/","title":{"rendered":"Untergang (Downfall) &#8211; Deutsch"},"content":{"rendered":"\n<p><em>Es geschah ohne Vorwarnung, aus heiterem Abendhimmel. Die Neonlichter von New Angeles erwachten flackernd zum Leben, w\u00e4hrend die \u00c4quatord\u00e4mmerung sich \u00fcber der Stadt ausbreitete. Die Ereignisse waren gebrochen und ungeordnet. Ein Stroboskoplicht zeichnete sich gegen den Himmel ab, wie eine Antriebsflamme wo kein Schiff h\u00e4tte sein sollen. Ein Regen aus Carbonsplittern zertr\u00fcmmerte Fenster und brachte Hopper in Manta zum Absturz, ihre H\u00fcllen geschmolzen und in verzerrte Formen verdreht. Cayambe hallte von einer bebenden Vibration wieder, als ob jemand eigenwillig an einer Gitarre in Planetengr\u00f6\u00dfe gezupft h\u00e4tte.<\/em><\/p>\n\n\n\n<p><em>Die Welt h\u00e4ngt an einem seidenen Faden aus Tr\u00e4umen, Glauben und verst\u00e4rktem Buckyweave. Niemand merkt, wie d\u00fcnn dieser Faden ist\u2026 bis jemand versucht, ihn zu zerschneiden.<\/em><\/p>\n\n\n\n<figure class=\"wp-block-image\"><img src=\"http:\/\/nullsignal.games\/photos\/13\/Downfall_500_post.png\" alt=\"\"\/><\/figure>\n\n\n\n<p>Untergang ist das erste Set im Asche-Zyklus. Es wurde am 18.03.2019 auf Englisch ver\u00f6ffentlicht. Es ist in vier Formaten auf drei unterschiedlichen Quellen erh\u00e4ltlich, f\u00fcr eine genaue Erl\u00e4uterung der Unterschiede siehe Null Signal Games <a href=\"http:\/\/nullsignal.games\/article\/SpecialOrder2019-03\">Kaufempfehlungen<\/a>. Die <a href=\"http:\/\/nullsignal.games\/products\/Downfall\/DFReleaseNotes\">Ver\u00f6ffentlichungsnotizen<\/a> sind auf unserer Seite erh\u00e4ltlich. Untergang ist ab sofort legal f\u00fcr informelle Events (GNKs, Ladenmeisterschaften) und ab dem 29. M\u00e4rz f\u00fcr kompetitive Events (Regionalmeisterschaften und aufw\u00e4rts). Die Karten dieses Sets sind <a href=\"https:\/\/netrunnerdb.com\/en\/set\/df\/full\">auf NetrunnerDB<\/a> gelistet.<\/p>\n\n\n\n<p><strong><a href=\"https:\/\/www.makeplayingcards.com\/sell\/marketplace\/ashes-downfall-german-standard-300gsm-cardstock.html\">MakePlayingCards : Standard<\/a><\/strong><\/p>\n\n\n\n<p><strong><a href=\"https:\/\/www.makeplayingcards.com\/sell\/marketplace\/ashes-downfall-german-premium-330gsm-cardstock.html\">MakePlayingCards : Premium<\/a><\/strong><\/p>\n\n\n\n<p><strong>Wichtiger Hinweis zum Vermeiden von Zollgeb\u00fchren<\/strong>: Wir empfehlen, dass ihr die <a href=\"https:\/\/www.makeplayingcards.com\/shipping.aspx\">MakePlayingCards&#8217;s Shipping Information Page<\/a> lest, um Details \u00fcber Zollgeb\u00fchren herauszufinden. F\u00fcr EU Bestellungen garantiert MPC Zollgeb\u00fchrenfreiheit f\u00fcr Bestellungen bis zu einem Wert von 500$ exklusive Versandkosten, <strong>allerdings nur, wenn \u00fcber die Standard Shipping Option bestellt wird!<\/strong><\/p>\n\n\n\n<p><strong>Print-and-play PDF<\/strong> &#8211; UMSONST\/Pay-what-you-want (Spenden sind \u00fcber <a href=\"https:\/\/paypal.me\/niseiproject\">PayPal<\/a> oder unseren <a href=\"https:\/\/www.patreon.com\/NISEI\">Patreon<\/a> m\u00f6glich)<\/p>\n\n\n\n<ul><li> <a href=\"http:\/\/nullsignal.games\/files\/German\/Downfall_-_A4_Printable_Sheets_3x_de.pdf\">A4 paper size, 3x copy<\/a> <\/li><li> <a href=\"http:\/\/nullsignal.games\/files\/German\/Downfall_-_A4_Printable_Sheets_1x_de.pdf\">A4 paper size, 1x copy<\/a> <\/li><li> <a href=\"http:\/\/nullsignal.games\/files\/German\/Downfall_-_US_Letter_Printable_Sheets_3x_de.pdf\">US Letter paper size, 3x copy<\/a> <\/li><li> <a href=\"http:\/\/nullsignal.games\/files\/German\/Downfall_-_US_Letter_Printable_Sheets_1x_de.pdf\">US Letter paper size, 1x copy<\/a> <\/li><\/ul>\n","protected":false},"excerpt":{"rendered":"<p>Es geschah ohne Vorwarnung, aus heiterem Abendhimmel. Die Neonlichter von New Angeles erwachten flackernd zum Leben, w\u00e4hrend die \u00c4quatord\u00e4mmerung sich \u00fcber der Stadt ausbreitete. Die Ereignisse waren gebrochen und ungeordnet. [&hellip;]<\/p>\n","protected":false},"author":15,"featured_media":7182,"parent":2159,"menu_order":276,"comment_status":"closed","ping_status":"open","template":"","meta":{"advgb_blocks_editor_width":"","advgb_blocks_columns_visual_guide":"","kt_blocks_editor_width":"","_links_to":"","_links_to_target":""},"pp_force_visibility":null,"pp_subpost_visibility":null,"pp_inherited_force_visibility":null,"pp_inherited_subpost_visibility":null,"yoast_head":"<!-- This site is optimized with the Yoast SEO plugin v17.7.1 - https:\/\/yoast.com\/wordpress\/plugins\/seo\/ -->\n<title>Untergang (Downfall) - Deutsch - Null Signal Games<\/title>\n<meta name=\"robots\" content=\"index, follow, max-snippet:-1, max-image-preview:large, max-video-preview:-1\" \/>\n<link rel=\"canonical\" href=\"https:\/\/nullsignal.games\/de\/products\/downfall-de\/\" \/>\n<meta property=\"og:locale\" content=\"de_DE\" \/>\n<meta property=\"og:type\" content=\"article\" \/>\n<meta property=\"og:title\" content=\"Untergang (Downfall) - Deutsch - Null Signal Games\" \/>\n<meta property=\"og:description\" content=\"Es geschah ohne Vorwarnung, aus heiterem Abendhimmel. Die Neonlichter von New Angeles erwachten flackernd zum Leben, w\u00e4hrend die \u00c4quatord\u00e4mmerung sich \u00fcber der Stadt ausbreitete. Die Ereignisse waren gebrochen und ungeordnet. [&hellip;]\" \/>\n<meta property=\"og:url\" content=\"https:\/\/nullsignal.games\/de\/products\/downfall-de\/\" \/>\n<meta property=\"og:site_name\" content=\"Null Signal Games\" \/>\n<meta property=\"article:publisher\" content=\"https:\/\/www.facebook.com\/NetrunnerNISEI\" \/>\n<meta property=\"article:modified_time\" content=\"2022-09-25T17:52:22+00:00\" \/>\n<meta property=\"og:image\" content=\"https:\/\/nullsignal.games\/wp-content\/uploads\/2019\/11\/Downfall_500_post.png\" \/>\n\t<meta property=\"og:image:width\" content=\"500\" \/>\n\t<meta property=\"og:image:height\" content=\"500\" \/>\n<meta name=\"twitter:card\" content=\"summary_large_image\" \/>\n<meta name=\"twitter:site\" content=\"@ProjectNISEI\" \/>\n<meta name=\"twitter:label1\" content=\"Gesch\u00e4tzte Lesezeit\" \/>\n\t<meta name=\"twitter:data1\" content=\"2\u00a0Minuten\" \/>\n<script type=\"application\/ld+json\" class=\"yoast-schema-graph\">{\"@context\":\"https:\/\/schema.org\",\"@graph\":[{\"@type\":\"Organization\",\"@id\":\"https:\/\/nisei.net\/#organization\",\"name\":\"NISEI\",\"url\":\"https:\/\/nisei.net\/\",\"sameAs\":[\"https:\/\/www.facebook.com\/NetrunnerNISEI\",\"https:\/\/www.youtube.com\/channel\/UC4j5b7f95JGN4RHvXS_7z1Q\",\"https:\/\/twitter.com\/ProjectNISEI\"],\"logo\":{\"@type\":\"ImageObject\",\"@id\":\"https:\/\/nisei.net\/#logo\",\"inLanguage\":\"de\",\"url\":\"https:\/\/nullsignal.games\/wp-content\/uploads\/2020\/08\/cropped-logo_black.png\",\"contentUrl\":\"https:\/\/nullsignal.games\/wp-content\/uploads\/2020\/08\/cropped-logo_black.png\",\"width\":512,\"height\":512,\"caption\":\"NISEI\"},\"image\":{\"@id\":\"https:\/\/nisei.net\/#logo\"}},{\"@type\":\"WebSite\",\"@id\":\"https:\/\/nisei.net\/#website\",\"url\":\"https:\/\/nisei.net\/\",\"name\":\"NISEI\",\"description\":\"The Future of Netrunner\",\"publisher\":{\"@id\":\"https:\/\/nisei.net\/#organization\"},\"potentialAction\":[{\"@type\":\"SearchAction\",\"target\":{\"@type\":\"EntryPoint\",\"urlTemplate\":\"https:\/\/nisei.net\/?s={search_term_string}\"},\"query-input\":\"required name=search_term_string\"}],\"inLanguage\":\"de\"},{\"@type\":\"ImageObject\",\"@id\":\"https:\/\/nullsignal.games\/de\/products\/downfall-de\/#primaryimage\",\"inLanguage\":\"de\",\"url\":\"https:\/\/nullsignal.games\/wp-content\/uploads\/2019\/11\/Downfall_500_post.png\",\"contentUrl\":\"https:\/\/nullsignal.games\/wp-content\/uploads\/2019\/11\/Downfall_500_post.png\",\"width\":500,\"height\":500,\"caption\":\"Downfall\"},{\"@type\":\"WebPage\",\"@id\":\"https:\/\/nullsignal.games\/de\/products\/downfall-de\/#webpage\",\"url\":\"https:\/\/nullsignal.games\/de\/products\/downfall-de\/\",\"name\":\"Untergang (Downfall) - Deutsch - Null Signal Games\",\"isPartOf\":{\"@id\":\"https:\/\/nisei.net\/#website\"},\"primaryImageOfPage\":{\"@id\":\"https:\/\/nullsignal.games\/de\/products\/downfall-de\/#primaryimage\"},\"datePublished\":\"2019-05-17T13:00:46+00:00\",\"dateModified\":\"2022-09-25T17:52:22+00:00\",\"breadcrumb\":{\"@id\":\"https:\/\/nullsignal.games\/de\/products\/downfall-de\/#breadcrumb\"},\"inLanguage\":\"de\",\"potentialAction\":[{\"@type\":\"ReadAction\",\"target\":[\"https:\/\/nullsignal.games\/de\/products\/downfall-de\/\"]}]},{\"@type\":\"BreadcrumbList\",\"@id\":\"https:\/\/nullsignal.games\/de\/products\/downfall-de\/#breadcrumb\",\"itemListElement\":[{\"@type\":\"ListItem\",\"position\":1,\"name\":\"Home\",\"item\":\"https:\/\/nullsignal.games\/de\/\"},{\"@type\":\"ListItem\",\"position\":2,\"name\":\"Produkte\",\"item\":\"https:\/\/nullsignal.games\/de\/products\/\"},{\"@type\":\"ListItem\",\"position\":3,\"name\":\"Untergang (Downfall) &#8211; Deutsch\"}]}]}<\/script>\n<!-- \/ Yoast SEO plugin. -->","yoast_head_json":{"title":"Untergang (Downfall) - Deutsch - Null Signal Games","robots":{"index":"index","follow":"follow","max-snippet":"max-snippet:-1","max-image-preview":"max-image-preview:large","max-video-preview":"max-video-preview:-1"},"canonical":"https:\/\/nullsignal.games\/de\/products\/downfall-de\/","og_locale":"de_DE","og_type":"article","og_title":"Untergang (Downfall) - Deutsch - Null Signal Games","og_description":"Es geschah ohne Vorwarnung, aus heiterem Abendhimmel. Die Neonlichter von New Angeles erwachten flackernd zum Leben, w\u00e4hrend die \u00c4quatord\u00e4mmerung sich \u00fcber der Stadt ausbreitete. Die Ereignisse waren gebrochen und ungeordnet. [&hellip;]","og_url":"https:\/\/nullsignal.games\/de\/products\/downfall-de\/","og_site_name":"Null Signal Games","article_publisher":"https:\/\/www.facebook.com\/NetrunnerNISEI","article_modified_time":"2022-09-25T17:52:22+00:00","og_image":[{"width":500,"height":500,"url":"https:\/\/nullsignal.games\/wp-content\/uploads\/2019\/11\/Downfall_500_post.png","type":"image\/png"}],"twitter_card":"summary_large_image","twitter_site":"@ProjectNISEI","twitter_misc":{"Gesch\u00e4tzte Lesezeit":"2\u00a0Minuten"},"schema":{"@context":"https:\/\/schema.org","@graph":[{"@type":"Organization","@id":"https:\/\/nisei.net\/#organization","name":"NISEI","url":"https:\/\/nisei.net\/","sameAs":["https:\/\/www.facebook.com\/NetrunnerNISEI","https:\/\/www.youtube.com\/channel\/UC4j5b7f95JGN4RHvXS_7z1Q","https:\/\/twitter.com\/ProjectNISEI"],"logo":{"@type":"ImageObject","@id":"https:\/\/nisei.net\/#logo","inLanguage":"de","url":"https:\/\/nullsignal.games\/wp-content\/uploads\/2020\/08\/cropped-logo_black.png","contentUrl":"https:\/\/nullsignal.games\/wp-content\/uploads\/2020\/08\/cropped-logo_black.png","width":512,"height":512,"caption":"NISEI"},"image":{"@id":"https:\/\/nisei.net\/#logo"}},{"@type":"WebSite","@id":"https:\/\/nisei.net\/#website","url":"https:\/\/nisei.net\/","name":"NISEI","description":"The Future of Netrunner","publisher":{"@id":"https:\/\/nisei.net\/#organization"},"potentialAction":[{"@type":"SearchAction","target":{"@type":"EntryPoint","urlTemplate":"https:\/\/nisei.net\/?s={search_term_string}"},"query-input":"required name=search_term_string"}],"inLanguage":"de"},{"@type":"ImageObject","@id":"https:\/\/nullsignal.games\/de\/products\/downfall-de\/#primaryimage","inLanguage":"de","url":"https:\/\/nullsignal.games\/wp-content\/uploads\/2019\/11\/Downfall_500_post.png","contentUrl":"https:\/\/nullsignal.games\/wp-content\/uploads\/2019\/11\/Downfall_500_post.png","width":500,"height":500,"caption":"Downfall"},{"@type":"WebPage","@id":"https:\/\/nullsignal.games\/de\/products\/downfall-de\/#webpage","url":"https:\/\/nullsignal.games\/de\/products\/downfall-de\/","name":"Untergang (Downfall) - Deutsch - Null Signal Games","isPartOf":{"@id":"https:\/\/nisei.net\/#website"},"primaryImageOfPage":{"@id":"https:\/\/nullsignal.games\/de\/products\/downfall-de\/#primaryimage"},"datePublished":"2019-05-17T13:00:46+00:00","dateModified":"2022-09-25T17:52:22+00:00","breadcrumb":{"@id":"https:\/\/nullsignal.games\/de\/products\/downfall-de\/#breadcrumb"},"inLanguage":"de","potentialAction":[{"@type":"ReadAction","target":["https:\/\/nullsignal.games\/de\/products\/downfall-de\/"]}]},{"@type":"BreadcrumbList","@id":"https:\/\/nullsignal.games\/de\/products\/downfall-de\/#breadcrumb","itemListElement":[{"@type":"ListItem","position":1,"name":"Home","item":"https:\/\/nullsignal.games\/de\/"},{"@type":"ListItem","position":2,"name":"Produkte","item":"https:\/\/nullsignal.games\/de\/products\/"},{"@type":"ListItem","position":3,"name":"Untergang (Downfall) &#8211; Deutsch"}]}]}},"coauthors":[{"link":"https:\/\/nullsignal.games\/de\/blog\/author\/absotively\/","display_name":"Absotively"}],"author_meta":{"author_link":"https:\/\/nullsignal.games\/de\/blog\/author\/absotively\/","display_name":"Absotively"},"relative_dates":{"created":"Posted 7\u00a0Jahren ago","modified":"Updated 4\u00a0Jahren ago"},"absolute_dates":{"created":"Posted on Mai 17, 2019","modified":"Updated on September 25, 2022"},"absolute_dates_time":{"created":"Posted on Mai 17, 2019 1:00 p.m.","modified":"Updated on September 25, 2022 5:52 p.m."},"featured_img_caption":"","featured_img":"https:\/\/nullsignal.games\/wp-content\/uploads\/2019\/11\/Downfall_500_post-250x250.png","series_order":"","_links":{"self":[{"href":"https:\/\/nullsignal.games\/de\/wp-json\/wp\/v2\/pages\/1519"}],"collection":[{"href":"https:\/\/nullsignal.games\/de\/wp-json\/wp\/v2\/pages"}],"about":[{"href":"https:\/\/nullsignal.games\/de\/wp-json\/wp\/v2\/types\/page"}],"author":[{"embeddable":true,"href":"https:\/\/nullsignal.games\/de\/wp-json\/wp\/v2\/users\/15"}],"replies":[{"embeddable":true,"href":"https:\/\/nullsignal.games\/de\/wp-json\/wp\/v2\/comments?post=1519"}],"version-history":[{"count":5,"href":"https:\/\/nullsignal.games\/de\/wp-json\/wp\/v2\/pages\/1519\/revisions"}],"predecessor-version":[{"id":32439,"href":"https:\/\/nullsignal.games\/de\/wp-json\/wp\/v2\/pages\/1519\/revisions\/32439"}],"up":[{"embeddable":true,"href":"https:\/\/nullsignal.games\/de\/wp-json\/wp\/v2\/pages\/2159"}],"wp:featuredmedia":[{"embeddable":true,"href":"https:\/\/nullsignal.games\/de\/wp-json\/wp\/v2\/media\/7182"}],"wp:attachment":[{"href":"https:\/\/nullsignal.games\/de\/wp-json\/wp\/v2\/media?parent=1519"}],"curies":[{"name":"wp","href":"https:\/\/api.w.org\/{rel}","templated":true}]}}