{"id":36387,"date":"2023-01-31T10:03:14","date_gmt":"2023-01-31T10:03:14","guid":{"rendered":"https:\/\/nullsignal.games\/productes\/joc-basic-2019\/"},"modified":"2023-02-09T21:32:31","modified_gmt":"2023-02-09T21:32:31","slug":"joc-basic-2019","status":"publish","type":"page","link":"https:\/\/nullsignal.games\/ca\/productes\/joc-basic-2019\/","title":{"rendered":"Joc b\u00e0sic 2019"},"content":{"rendered":"\n<p><em>El Joc b\u00e0sic 2019<\/em> va ser una llista de cartes sel\u00b7leccionades cl\u00e0ssiques de Netrunner, amb l&#8217;intenci\u00f3 de ser un nou &#8220;joc b\u00e0sic&#8221;. Mai no es va publicar com un producte f\u00edsic i des d&#8217;aleshores s&#8217;ha substitu\u00eft per <em><a href=\"https:\/\/nullsignal.games\/ca\/productes\/entrada-al-sistema\/\">Entrada al sistema<\/a><\/em> i la s\u00e8rie de <em><a href=\"https:\/\/nullsignal.games\/ca\/productes\/actualitzacio-del-sistema-2021\/\">Actualitzaci\u00f3 del sistema<\/a><\/em>.<\/p>\n\n\n\n<hr class=\"wp-block-separator\"\/>\n\n\n\n<aside class=\"wp-block-group has-nav-text-background-color has-background\">\n<h3>Nou a Netrunner?<\/h3>\n\n\n\n<p>El nostre set d&#8217;iniciaci\u00f3 <em>Entrada al sistema<\/em>, \u00e9s la millor manera de comen\u00e7ar en el joc.<\/p>\n\n\n\n<div class=\"wp-block-buttons is-content-justification-center\">\n<div class=\"wp-block-button\"><a class=\"wp-block-button__link\" href=\"https:\/\/nullsignal.games\/ca\/productes\/entrada-al-sistema\/\">Comen\u00e7a amb <em>Entrada al sistema<\/em><\/a><\/div>\n<\/div>\n<\/aside>\n\n\n\n<hr class=\"wp-block-separator\"\/>\n\n\n\n<h2>Dades b\u00e0siques <\/h2>\n\n\n\n<div class=\"wp-block-columns\">\n<div class=\"wp-block-column\" style=\"flex-basis:33.33%\">\n<div class=\"wp-block-image\"><figure class=\"aligncenter size-full\"><img loading=\"lazy\" width=\"100\" height=\"100\" src=\"https:\/\/nullsignal.games\/wp-content\/uploads\/2022\/02\/SC19.png\" alt=\"\" class=\"wp-image-23110\"\/><\/figure><\/div>\n<\/div>\n\n\n\n<div class=\"wp-block-column\" style=\"flex-basis:66.66%\">\n<ul><li><strong>Data de publicaci\u00f3:<\/strong> 15 de novembre de 2018<\/li><li><strong>Mida:<\/strong> Llista de 147 cartes cl\u00e0ssiques (incloent 14 cartes d&#8217;identitat, 2 per cada facci\u00f3)<\/li><li><strong>S\u00edmbol del set:<\/strong> &#8220;19&#8221; dins d&#8217;una caixa<\/li><li><strong>Abreviaci\u00f3 del set a NetrunnerDB:<\/strong> <a href=\"https:\/\/netrunnerdb.com\/en\/set\/sc19\"><code>sc19<\/code><\/a><\/li><\/ul>\n<\/div>\n<\/div>\n\n\n\n<h2>Sobre el Joc b\u00e0sic 2019<\/h2>\n\n\n\n<p><em>El joc b\u00e0sic 2019<\/em> mai no es va publicar com a un arxiu d&#8217;imprimir i jugar ni com a producte f\u00edsic. Va ser dissenyat com una llista de cartes cl\u00e0ssiques que els jugadors podien reunir de les seues col\u00b7leccions preexistents.<\/p>\n\n\n\n<p>Tot i que <em>el joc b\u00e0sic 2019<\/em> mai no es va imprimir, cada carta de la llista estava en una quantitat determinada. A\u00e7\u00f2 feia m\u00e9s f\u00e0cil la manera de fer carters bassada en &#8220;barrejar&#8221; com es feia al <em>Joc b\u00e0sic<\/em> i <em>Joc b\u00e0sic revisat<\/em> de Fantasy Flight Games, on les cartes d&#8217;una facci\u00f3 es barrejaven amb cartes neutrals per a fer un carter r\u00e0pidament. Aquestes quantiats tamb\u00e9 es feien servir en el ja extint format &#8216;Core Experience&#8217;, on els participants havien de formar els carters com si tingueren nom\u00e9s una c\u00f2pia del <em>Joc b\u00e0sic 2019.<\/em><\/p>\n\n\n\n<p>Per a la posteritat, el llistat de les cartes del <em>Joc b\u00e0sic 2019<\/em> est\u00e0 ac\u00ed:<\/p>\n\n\n\n<div class=\"wp-block-file\"><object class=\"wp-block-file__embed\" data=\"https:\/\/nullsignal.games\/wp-content\/uploads\/2021\/05\/SYSTEM-CORE-2019.pdf\" type=\"application\/pdf\" style=\"width:100%;height:600px\" aria-label=\"Embed of System Core 2019.\"><\/object><a href=\"https:\/\/nullsignal.games\/wp-content\/uploads\/2021\/05\/SYSTEM-CORE-2019.pdf\">Joc b\u00e0sic 2019<\/a><a href=\"https:\/\/nullsignal.games\/wp-content\/uploads\/2021\/05\/SYSTEM-CORE-2019.pdf\" class=\"wp-block-file__button\" download=\"\">Descarregueu<\/a><\/div>\n\n\n\n<h2>Preguntes freq\u00fcents del <em>Joc b\u00e0sic 2019<\/em> <\/h2>\n\n\n\n<div class=\"wp-block-kadence-accordion alignnone\"><div class=\"kt-accordion-wrap kt-accordion-wrap kt-accordion-id_357e32-fb kt-accordion-has-3-panes kt-active-pane-0 kt-accordion-block kt-pane-header-alignment-left kt-accodion-icon-style-basic kt-accodion-icon-side-right\" style=\"max-width:none\"><div class=\"kt-accordion-inner-wrap\" data-allow-multiple-open=\"false\" data-start-open=\"0\">\n<div class=\"wp-block-kadence-pane kt-accordion-pane kt-accordion-pane-1 kt-pane_0a1caf-e5\"><div class=\"kt-accordion-header-wrap\"><button class=\"kt-blocks-accordion-header kt-acccordion-button-label-show\"><span class=\"kt-blocks-accordion-title-wrap\"><span class=\"kt-blocks-accordion-title\">Qu\u00e8 s\u00f3n les &#8220;Identitats b\u00e0siques&#8221; i les &#8220;Identitats avan\u00e7ades&#8221;?<\/span><\/span><span class=\"kt-blocks-accordion-icon-trigger\"><\/span><\/button><\/div><div class=\"kt-accordion-panel\"><div class=\"kt-accordion-panel-inner\">\n<p>Cada facci\u00f3 tenia dos cartes d&#8217;identitat al <em>Joc b\u00e0sic 2019<\/em>. Les &#8220;identitats b\u00e0siques&#8221; eren m\u00e9s senzilles i eren \u00fatils per a aprendre a jugar. Les &#8220;identitats avan\u00e7ades&#8221; introdu\u00efen complexitats estrat\u00e8giques dins de cada facci\u00f3<\/p>\n\n\n\n<blockquote class=\"wp-block-quote\"><p>La col\u00b7lecci\u00f3 de cartes de cada facci\u00f3 va ser dissenyada per a fer-se servir amb <em>dos<\/em> identitats diferents; una \u00e9s la del <em>Joc base revisat<\/em> i l&#8217;altra \u00e9s una m\u00e9s complexa que utilitza les mateixes cartes d&#8217;una manera nova i excitant. Per exemple, una vegada estigues c\u00f2mode amb la potent economia i els gels de Weyland <a href=\"https:\/\/netrunnerdb.com\/en\/card\/20077\">Construint un m\u00f3n millor<\/a> i vullgues comen\u00e7ar a fer carters nous, pots provar amb la identitat avan\u00e7ada <a href=\"https:\/\/netrunnerdb.com\/en\/card\/06068\">Sol blau<\/a>! <\/p><cite><a href=\"https:\/\/nullsignal.games\/blog\/rebirth\/\"><em>System Core 2019 <\/em>Lead Designer Gregory &#8220;CritHitD20&#8221; Tongue<\/a><\/cite><\/blockquote>\n\n\n\n<p><\/p>\n<\/div><\/div><\/div>\n\n\n\n<div class=\"wp-block-kadence-pane kt-accordion-pane kt-accordion-pane-2 kt-pane_2ef58b-8c\"><div class=\"kt-accordion-header-wrap\"><button class=\"kt-blocks-accordion-header kt-acccordion-button-label-show\"><span class=\"kt-blocks-accordion-title-wrap\"><span class=\"kt-blocks-accordion-title\">Com em puc fer amb una c\u00f2pia del <em>Joc b\u00e0sic 2019<\/em> de Null Signal Games?<\/span><\/span><span class=\"kt-blocks-accordion-icon-trigger\"><\/span><\/button><\/div><div class=\"kt-accordion-panel\"><div class=\"kt-accordion-panel-inner\">\n<p>No pots. Aquest set mai no es va imprimir ni publicar com a arxiu per a imprimir i jugar. Va ser dissenyat per a que els jugadors el muntaren des de les seues col\u00b7leccions o amb c\u00f2pies.<\/p>\n<\/div><\/div><\/div>\n\n\n\n<div class=\"wp-block-kadence-pane kt-accordion-pane kt-accordion-pane-3 kt-pane_81a2a6-cc\"><div class=\"kt-accordion-header-wrap\"><button class=\"kt-blocks-accordion-header kt-acccordion-button-label-show\"><span class=\"kt-blocks-accordion-title-wrap\"><span class=\"kt-blocks-accordion-title\">T\u00e9 pensat Null Signal Games imprimir mai <em>Joc b\u00e0sic 2019<\/em>?<\/span><\/span><span class=\"kt-blocks-accordion-icon-trigger\"><\/span><\/button><\/div><div class=\"kt-accordion-panel\"><div class=\"kt-accordion-panel-inner\">\n<p>No. Si vols aprendre com jugar, et recomanem <em><a href=\"https:\/\/nullsignal.games\/ca\/productes\/entrada-al-sistema\/\">Entrada al sistema<\/a><\/em>, el nostre set introductori. Si vols completar la teua col\u00b7lecci\u00f3 amb reimpressions de cartes cl\u00e0ssiques, et recomanem la darrera <em>Actualitzaci\u00f3 del sistema<\/em>, actualment <em><a href=\"https:\/\/nullsignal.games\/ca\/productes\/actualitzacio-del-sistema-2021\/\">Actualitzaci\u00f3 del sistema 2021<\/a>.<\/em> Moltes de les cartes del <em>Joc b\u00e0sic 2019<\/em>, tot i que no totes, es poden trobar a <em>Actualitzaci\u00f3 del sistema 2021.<\/em><\/p>\n<\/div><\/div><\/div>\n<\/div><\/div><\/div>\n<style class=\"advgb-styles-renderer\">.kt-accordion-id_357e32-fb .kt-accordion-panel-inner {border-width:0px 0px 0px 0px;}.kt-accordion-id_357e32-fb .wp-block-kadence-pane .kt-accordion-header-wrap .kt-blocks-accordion-header {color:#555555;background:#f2f2f2;border-color:#555555 #555555 #555555 #555555;font-size:18px;line-height:24px;border-radius:0px 0px 0px 0px;border-width:0px 0px 0px 0px;padding-top:10px;padding-right:14px;padding-bottom:10px;padding-left:14px;}.kt-accordion-id_357e32-fb .kt-blocks-accordion-header .kt-btn-svg-icon svg {width:18px;height:18px;}.kt-accordion-id_357e32-fb:not( .kt-accodion-icon-style-basiccircle ):not( .kt-accodion-icon-style-xclosecircle ):not( .kt-accodion-icon-style-arrowcircle ) .kt-blocks-accordion-icon-trigger:after, .kt-accordion-id_357e32-fb:not( .kt-accodion-icon-style-basiccircle ):not( .kt-accodion-icon-style-xclosecircle ):not( .kt-accodion-icon-style-arrowcircle ) .kt-blocks-accordion-icon-trigger:before {background:#555555;}.kt-accordion-id_357e32-fb:not( .kt-accodion-icon-style-basic ):not( .kt-accodion-icon-style-xclose ):not( .kt-accodion-icon-style-arrow ) .kt-blocks-accordion-icon-trigger {background:#555555;}.kt-accordion-id_357e32-fb:not( .kt-accodion-icon-style-basic ):not( .kt-accodion-icon-style-xclose ):not( .kt-accodion-icon-style-arrow ) .kt-blocks-accordion-icon-trigger:after, .kt-accordion-id_357e32-fb:not( .kt-accodion-icon-style-basic ):not( .kt-accodion-icon-style-xclose ):not( .kt-accodion-icon-style-arrow ) .kt-blocks-accordion-icon-trigger:before {background:#f2f2f2;}.kt-accordion-id_357e32-fb .kt-accordion-header-wrap .kt-blocks-accordion-header:hover, .kt-accordion-id_357e32-fb .kt-accordion-header-wrap .kt-blocks-accordion-header:focus {color:#444444;background:#eeeeee;border-color:#eeeeee #eeeeee #eeeeee #eeeeee;}.kt-accordion-id_357e32-fb:not( .kt-accodion-icon-style-basiccircle ):not( .kt-accodion-icon-style-xclosecircle ):not( .kt-accodion-icon-style-arrowcircle ) .kt-blocks-accordion-header:hover .kt-blocks-accordion-icon-trigger:after, .kt-accordion-id_357e32-fb:not( .kt-accodion-icon-style-basiccircle ):not( .kt-accodion-icon-style-xclosecircle ):not( .kt-accodion-icon-style-arrowcircle ) .kt-blocks-accordion-header:hover .kt-blocks-accordion-icon-trigger:before, .kt-accordion-id_357e32-fb:not( .kt-accodion-icon-style-basiccircle ):not( .kt-accodion-icon-style-xclosecircle ):not( .kt-accodion-icon-style-arrowcircle ) .kt-blocks-accordion-header:focus .kt-blocks-accordion-icon-trigger:after, .kt-accordion-id_357e32-fb:not( .kt-accodion-icon-style-basiccircle ):not( .kt-accodion-icon-style-xclosecircle ):not( .kt-accodion-icon-style-arrowcircle ) .kt-blocks-accordion-header:focus .kt-blocks-accordion-icon-trigger:before {background:#444444;}.kt-accordion-id_357e32-fb:not( .kt-accodion-icon-style-basic ):not( .kt-accodion-icon-style-xclose ):not( .kt-accodion-icon-style-arrow ) .kt-blocks-accordion-header:hover .kt-blocks-accordion-icon-trigger, .kt-accordion-id_357e32-fb:not( .kt-accodion-icon-style-basic ):not( .kt-accodion-icon-style-xclose ):not( .kt-accodion-icon-style-arrow ) .kt-blocks-accordion-header:focus .kt-blocks-accordion-icon-trigger {background:#444444;}.kt-accordion-id_357e32-fb:not( .kt-accodion-icon-style-basic ):not( .kt-accodion-icon-style-xclose ):not( .kt-accodion-icon-style-arrow ) .kt-blocks-accordion-header:hover .kt-blocks-accordion-icon-trigger:after, .kt-accordion-id_357e32-fb:not( .kt-accodion-icon-style-basic ):not( .kt-accodion-icon-style-xclose ):not( .kt-accodion-icon-style-arrow ) .kt-blocks-accordion-header:hover .kt-blocks-accordion-icon-trigger:before, .kt-accordion-id_357e32-fb:not( .kt-accodion-icon-style-basic ):not( .kt-accodion-icon-style-xclose ):not( .kt-accodion-icon-style-arrow ) .kt-blocks-accordion-header:focus .kt-blocks-accordion-icon-trigger:after, .kt-accordion-id_357e32-fb:not( .kt-accodion-icon-style-basic ):not( .kt-accodion-icon-style-xclose ):not( .kt-accodion-icon-style-arrow ) .kt-blocks-accordion-header:focus .kt-blocks-accordion-icon-trigger:before {background:#eeeeee;}.kt-accordion-id_357e32-fb .kt-accordion-header-wrap .kt-blocks-accordion-header.kt-accordion-panel-active {color:#ffffff;background:#444444;border-color:#444444 #444444 #444444 #444444;}.kt-accordion-id_357e32-fb:not( .kt-accodion-icon-style-basiccircle ):not( .kt-accodion-icon-style-xclosecircle ):not( .kt-accodion-icon-style-arrowcircle ) .kt-blocks-accordion-header.kt-accordion-panel-active .kt-blocks-accordion-icon-trigger:after, .kt-accordion-id_357e32-fb:not( .kt-accodion-icon-style-basiccircle ):not( .kt-accodion-icon-style-xclosecircle ):not( .kt-accodion-icon-style-arrowcircle ) .kt-blocks-accordion-header.kt-accordion-panel-active .kt-blocks-accordion-icon-trigger:before {background:#ffffff;}.kt-accordion-id_357e32-fb:not( .kt-accodion-icon-style-basic ):not( .kt-accodion-icon-style-xclose ):not( .kt-accodion-icon-style-arrow ) .kt-blocks-accordion-header.kt-accordion-panel-active .kt-blocks-accordion-icon-trigger {background:#ffffff;}.kt-accordion-id_357e32-fb:not( .kt-accodion-icon-style-basic ):not( .kt-accodion-icon-style-xclose ):not( .kt-accodion-icon-style-arrow ) .kt-blocks-accordion-header.kt-accordion-panel-active .kt-blocks-accordion-icon-trigger:after, .kt-accordion-id_357e32-fb:not( .kt-accodion-icon-style-basic ):not( .kt-accodion-icon-style-xclose ):not( .kt-accodion-icon-style-arrow ) .kt-blocks-accordion-header.kt-accordion-panel-active .kt-blocks-accordion-icon-trigger:before {background:#444444;}<\/style>","protected":false},"excerpt":{"rendered":"<p>El Joc b\u00e0sic 2019 va ser una llista de cartes sel\u00b7leccionades cl\u00e0ssiques de Netrunner, amb l&#8217;intenci\u00f3 de ser un nou &#8220;joc b\u00e0sic&#8221;. Mai no es va publicar com un producte [&hellip;]<\/p>\n","protected":false},"author":43,"featured_media":0,"parent":21595,"menu_order":0,"comment_status":"closed","ping_status":"closed","template":"","meta":{"advgb_blocks_editor_width":"","advgb_blocks_columns_visual_guide":"","kt_blocks_editor_width":"","_links_to":"","_links_to_target":""},"pp_force_visibility":null,"pp_subpost_visibility":null,"pp_inherited_force_visibility":null,"pp_inherited_subpost_visibility":null,"yoast_head":"<!-- This site is optimized with the Yoast SEO plugin v17.7.1 - https:\/\/yoast.com\/wordpress\/plugins\/seo\/ -->\n<title>Joc b\u00e0sic 2019 - Null Signal Games<\/title>\n<meta name=\"robots\" content=\"index, follow, max-snippet:-1, max-image-preview:large, max-video-preview:-1\" \/>\n<link rel=\"canonical\" href=\"https:\/\/nullsignal.games\/ca\/productes\/joc-basic-2019\/\" \/>\n<meta property=\"og:locale\" content=\"ca_ES\" \/>\n<meta property=\"og:type\" content=\"article\" \/>\n<meta property=\"og:title\" content=\"Joc b\u00e0sic 2019 - Null Signal Games\" \/>\n<meta property=\"og:description\" content=\"El Joc b\u00e0sic 2019 va ser una llista de cartes sel\u00b7leccionades cl\u00e0ssiques de Netrunner, amb l&#8217;intenci\u00f3 de ser un nou &#8220;joc b\u00e0sic&#8221;. Mai no es va publicar com un producte [&hellip;]\" \/>\n<meta property=\"og:url\" content=\"https:\/\/nullsignal.games\/ca\/productes\/joc-basic-2019\/\" \/>\n<meta property=\"og:site_name\" content=\"Null Signal Games\" \/>\n<meta property=\"article:publisher\" content=\"https:\/\/www.facebook.com\/NetrunnerNISEI\" \/>\n<meta property=\"article:modified_time\" content=\"2023-02-09T21:32:31+00:00\" \/>\n<meta property=\"og:image\" content=\"https:\/\/nullsignal.games\/wp-content\/uploads\/2022\/02\/SC19.png\" \/>\n<meta name=\"twitter:card\" content=\"summary_large_image\" \/>\n<meta name=\"twitter:site\" content=\"@ProjectNISEI\" \/>\n<meta name=\"twitter:label1\" content=\"Temps estimat de lectura\" \/>\n\t<meta name=\"twitter:data1\" content=\"3 minuts\" \/>\n<script type=\"application\/ld+json\" class=\"yoast-schema-graph\">{\"@context\":\"https:\/\/schema.org\",\"@graph\":[{\"@type\":\"Organization\",\"@id\":\"https:\/\/nisei.net\/#organization\",\"name\":\"NISEI\",\"url\":\"https:\/\/nisei.net\/\",\"sameAs\":[\"https:\/\/www.facebook.com\/NetrunnerNISEI\",\"https:\/\/www.youtube.com\/channel\/UC4j5b7f95JGN4RHvXS_7z1Q\",\"https:\/\/twitter.com\/ProjectNISEI\"],\"logo\":{\"@type\":\"ImageObject\",\"@id\":\"https:\/\/nisei.net\/#logo\",\"inLanguage\":\"ca\",\"url\":\"https:\/\/nullsignal.games\/wp-content\/uploads\/2020\/08\/cropped-logo_black.png\",\"contentUrl\":\"https:\/\/nullsignal.games\/wp-content\/uploads\/2020\/08\/cropped-logo_black.png\",\"width\":512,\"height\":512,\"caption\":\"NISEI\"},\"image\":{\"@id\":\"https:\/\/nisei.net\/#logo\"}},{\"@type\":\"WebSite\",\"@id\":\"https:\/\/nisei.net\/#website\",\"url\":\"https:\/\/nisei.net\/\",\"name\":\"NISEI\",\"description\":\"The Future of Netrunner\",\"publisher\":{\"@id\":\"https:\/\/nisei.net\/#organization\"},\"potentialAction\":[{\"@type\":\"SearchAction\",\"target\":{\"@type\":\"EntryPoint\",\"urlTemplate\":\"https:\/\/nisei.net\/?s={search_term_string}\"},\"query-input\":\"required name=search_term_string\"}],\"inLanguage\":\"ca\"},{\"@type\":\"ImageObject\",\"@id\":\"https:\/\/nullsignal.games\/ca\/productes\/joc-basic-2019\/#primaryimage\",\"inLanguage\":\"ca\",\"url\":\"https:\/\/nullsignal.games\/wp-content\/uploads\/2022\/02\/SC19.png\",\"contentUrl\":\"https:\/\/nullsignal.games\/wp-content\/uploads\/2022\/02\/SC19.png\",\"width\":100,\"height\":100,\"caption\":\"Icona de Joc b\\u00e0sic 2019\"},{\"@type\":\"WebPage\",\"@id\":\"https:\/\/nullsignal.games\/ca\/productes\/joc-basic-2019\/#webpage\",\"url\":\"https:\/\/nullsignal.games\/ca\/productes\/joc-basic-2019\/\",\"name\":\"Joc b\\u00e0sic 2019 - Null Signal Games\",\"isPartOf\":{\"@id\":\"https:\/\/nisei.net\/#website\"},\"primaryImageOfPage\":{\"@id\":\"https:\/\/nullsignal.games\/ca\/productes\/joc-basic-2019\/#primaryimage\"},\"datePublished\":\"2023-01-31T10:03:14+00:00\",\"dateModified\":\"2023-02-09T21:32:31+00:00\",\"breadcrumb\":{\"@id\":\"https:\/\/nullsignal.games\/ca\/productes\/joc-basic-2019\/#breadcrumb\"},\"inLanguage\":\"ca\",\"potentialAction\":[{\"@type\":\"ReadAction\",\"target\":[\"https:\/\/nullsignal.games\/ca\/productes\/joc-basic-2019\/\"]}]},{\"@type\":\"BreadcrumbList\",\"@id\":\"https:\/\/nullsignal.games\/ca\/productes\/joc-basic-2019\/#breadcrumb\",\"itemListElement\":[{\"@type\":\"ListItem\",\"position\":1,\"name\":\"Home\",\"item\":\"https:\/\/nullsignal.games\/ca\/\"},{\"@type\":\"ListItem\",\"position\":2,\"name\":\"Productes\",\"item\":\"https:\/\/nullsignal.games\/ca\/productes\/\"},{\"@type\":\"ListItem\",\"position\":3,\"name\":\"Joc b\\u00e0sic 2019\"}]}]}<\/script>\n<!-- \/ Yoast SEO plugin. -->","yoast_head_json":{"title":"Joc b\u00e0sic 2019 - Null Signal Games","robots":{"index":"index","follow":"follow","max-snippet":"max-snippet:-1","max-image-preview":"max-image-preview:large","max-video-preview":"max-video-preview:-1"},"canonical":"https:\/\/nullsignal.games\/ca\/productes\/joc-basic-2019\/","og_locale":"ca_ES","og_type":"article","og_title":"Joc b\u00e0sic 2019 - Null Signal Games","og_description":"El Joc b\u00e0sic 2019 va ser una llista de cartes sel\u00b7leccionades cl\u00e0ssiques de Netrunner, amb l&#8217;intenci\u00f3 de ser un nou &#8220;joc b\u00e0sic&#8221;. Mai no es va publicar com un producte [&hellip;]","og_url":"https:\/\/nullsignal.games\/ca\/productes\/joc-basic-2019\/","og_site_name":"Null Signal Games","article_publisher":"https:\/\/www.facebook.com\/NetrunnerNISEI","article_modified_time":"2023-02-09T21:32:31+00:00","og_image":[{"url":"https:\/\/nullsignal.games\/wp-content\/uploads\/2022\/02\/SC19.png"}],"twitter_card":"summary_large_image","twitter_site":"@ProjectNISEI","twitter_misc":{"Temps estimat de lectura":"3 minuts"},"schema":{"@context":"https:\/\/schema.org","@graph":[{"@type":"Organization","@id":"https:\/\/nisei.net\/#organization","name":"NISEI","url":"https:\/\/nisei.net\/","sameAs":["https:\/\/www.facebook.com\/NetrunnerNISEI","https:\/\/www.youtube.com\/channel\/UC4j5b7f95JGN4RHvXS_7z1Q","https:\/\/twitter.com\/ProjectNISEI"],"logo":{"@type":"ImageObject","@id":"https:\/\/nisei.net\/#logo","inLanguage":"ca","url":"https:\/\/nullsignal.games\/wp-content\/uploads\/2020\/08\/cropped-logo_black.png","contentUrl":"https:\/\/nullsignal.games\/wp-content\/uploads\/2020\/08\/cropped-logo_black.png","width":512,"height":512,"caption":"NISEI"},"image":{"@id":"https:\/\/nisei.net\/#logo"}},{"@type":"WebSite","@id":"https:\/\/nisei.net\/#website","url":"https:\/\/nisei.net\/","name":"NISEI","description":"The Future of Netrunner","publisher":{"@id":"https:\/\/nisei.net\/#organization"},"potentialAction":[{"@type":"SearchAction","target":{"@type":"EntryPoint","urlTemplate":"https:\/\/nisei.net\/?s={search_term_string}"},"query-input":"required name=search_term_string"}],"inLanguage":"ca"},{"@type":"ImageObject","@id":"https:\/\/nullsignal.games\/ca\/productes\/joc-basic-2019\/#primaryimage","inLanguage":"ca","url":"https:\/\/nullsignal.games\/wp-content\/uploads\/2022\/02\/SC19.png","contentUrl":"https:\/\/nullsignal.games\/wp-content\/uploads\/2022\/02\/SC19.png","width":100,"height":100,"caption":"Icona de Joc b\u00e0sic 2019"},{"@type":"WebPage","@id":"https:\/\/nullsignal.games\/ca\/productes\/joc-basic-2019\/#webpage","url":"https:\/\/nullsignal.games\/ca\/productes\/joc-basic-2019\/","name":"Joc b\u00e0sic 2019 - Null Signal Games","isPartOf":{"@id":"https:\/\/nisei.net\/#website"},"primaryImageOfPage":{"@id":"https:\/\/nullsignal.games\/ca\/productes\/joc-basic-2019\/#primaryimage"},"datePublished":"2023-01-31T10:03:14+00:00","dateModified":"2023-02-09T21:32:31+00:00","breadcrumb":{"@id":"https:\/\/nullsignal.games\/ca\/productes\/joc-basic-2019\/#breadcrumb"},"inLanguage":"ca","potentialAction":[{"@type":"ReadAction","target":["https:\/\/nullsignal.games\/ca\/productes\/joc-basic-2019\/"]}]},{"@type":"BreadcrumbList","@id":"https:\/\/nullsignal.games\/ca\/productes\/joc-basic-2019\/#breadcrumb","itemListElement":[{"@type":"ListItem","position":1,"name":"Home","item":"https:\/\/nullsignal.games\/ca\/"},{"@type":"ListItem","position":2,"name":"Productes","item":"https:\/\/nullsignal.games\/ca\/productes\/"},{"@type":"ListItem","position":3,"name":"Joc b\u00e0sic 2019"}]}]}},"coauthors":[{"link":"https:\/\/nullsignal.games\/ca\/blog\/author\/spencer-dub\/","display_name":"Spencer Dub"}],"author_meta":{"author_link":"https:\/\/nullsignal.games\/ca\/blog\/author\/spencer-dub\/","display_name":"Spencer Dub"},"relative_dates":{"created":"Posted 3 anys ago","modified":"Updated 3 anys ago"},"absolute_dates":{"created":"Posted on gener 31, 2023","modified":"Updated on febrer 9, 2023"},"absolute_dates_time":{"created":"Posted on gener 31, 2023 10:03 am","modified":"Updated on febrer 9, 2023 9:32 pm"},"featured_img_caption":"","featured_img":false,"series_order":"","_links":{"self":[{"href":"https:\/\/nullsignal.games\/ca\/wp-json\/wp\/v2\/pages\/36387"}],"collection":[{"href":"https:\/\/nullsignal.games\/ca\/wp-json\/wp\/v2\/pages"}],"about":[{"href":"https:\/\/nullsignal.games\/ca\/wp-json\/wp\/v2\/types\/page"}],"author":[{"embeddable":true,"href":"https:\/\/nullsignal.games\/ca\/wp-json\/wp\/v2\/users\/43"}],"replies":[{"embeddable":true,"href":"https:\/\/nullsignal.games\/ca\/wp-json\/wp\/v2\/comments?post=36387"}],"version-history":[{"count":2,"href":"https:\/\/nullsignal.games\/ca\/wp-json\/wp\/v2\/pages\/36387\/revisions"}],"predecessor-version":[{"id":36879,"href":"https:\/\/nullsignal.games\/ca\/wp-json\/wp\/v2\/pages\/36387\/revisions\/36879"}],"up":[{"embeddable":true,"href":"https:\/\/nullsignal.games\/ca\/wp-json\/wp\/v2\/pages\/21595"}],"wp:attachment":[{"href":"https:\/\/nullsignal.games\/ca\/wp-json\/wp\/v2\/media?parent=36387"}],"curies":[{"name":"wp","href":"https:\/\/api.w.org\/{rel}","templated":true}]}}