{"id":28703,"date":"2022-07-31T08:49:36","date_gmt":"2022-07-31T08:49:36","guid":{"rendered":"https:\/\/nullsignal.games\/que-es-nisei\/"},"modified":"2023-02-24T11:06:59","modified_gmt":"2023-02-24T11:06:59","slug":"que-es-null-signal","status":"publish","type":"page","link":"https:\/\/nullsignal.games\/ca\/que-es-null-signal\/","title":{"rendered":"Qu\u00e8 \u00e9s Null Signal Games"},"content":{"rendered":"\n<p>Null Signal Games \u00e9s una editorial de jocs que funciona com una companyia registrada sense \u00e0nim de lucre. El nostre \u00fanic producte \u00e9s el joc de cartes ampliable Netrunner, al que continuem donant suport des de que la seua anterior editoral, Fantasy Flight Games, deixara de produir-lo. <\/p>\n\n<p>Aix\u00f2 ho fem principalment creant nous sets de cartes originals de Netrunner. Aquestes cartes es poden mesclar i jugar sense problema amb les cartes d&#8217;<em>Android: Netrunner<\/em> de FFG.<\/p>\n\n<p>Els nostres productes inclouen <a href=\"https:\/\/nullsignal.games\/ca\/productes\/entrada-al-sistema\/\"><em>Entrada al sistema<\/em><\/a>, un nou set introductori dissenyat per a ser una experi\u00e8ncia introductoria completa, i els dos nostres primers cicles, el <em>Cicle cendres,<\/em> que inclou <a href=\"https:\/\/nullsignal.games\/ca\/productes\/caiguda\/\"><em>Caiguda<\/em><\/a> i <a href=\"https:\/\/nullsignal.games\/ca\/productes\/alcament\/\"><em>Al\u00e7ament<\/em><\/a>, i el <em>Cicle borealis<\/em>, que consisteix en <a href=\"https:\/\/nullsignal.games\/ca\/productes\/sol-de-mitjanit\/\"><em>Sol de mitjanit<\/em><\/a> i <em>Parheli<\/em>. Les nostres cartes es tradueixen a diversos idiomes i estan disponibles a serveis d&#8217;impressi\u00f3 a demanda i a un nombre creixent de distribu\u00efdors. Com pensem que Netrunner deuria ser accessible a tothom, tamb\u00e9 proporcionem l&#8217;opci\u00f3 de descarregar PDFs per a imprimir i retallar les cartes gratu\u00eftament o mitjan\u00e7ant una donaci\u00f3. Les c\u00f2pies de les cartes son completament legals a tornejos i als esdeveniments de joc organitzat de Null Signal Games.<\/p>\n\n<p>A banda de llan\u00e7ar nous sets, tamb\u00e9 revisem la col\u00b7lecci\u00f3 de cartes disponibles, fent fora sets antics a mesura que entren de nous, aix\u00ed com actualitzant el metajoc competitiu amb prohibicions o restriccions. El nostre equip d&#8217;equilibri de joc dona suport a tres formats: Startup, que cont\u00e9 nom\u00e9s productes de Null Signal Games, Standard, que \u00e9s una col\u00b7lecci\u00f3 de cartes m\u00e9s gran amb els \u00faltims sets de FFG i Eternal que t\u00e9 tot all\u00f2 publicat d&#8217;<em>Android: Netrunner <\/em>i Null Signal Games. <\/p>\n\n<p>Null Signal Games tamb\u00e9 gestiona el joc organitzat. Aix\u00f2 ho fem preparant premis per les nits de joc informals (conegudes per les seues sigles en angl\u00e9s com a GNKs) i gestionant la temporada de joc competitiu, des dels tornejos locals anomenats Circuit Openers fins als Nacionals, Continentals i Campionats del m\u00f3n. Els tornejos m\u00e9s b\u00e0sics s\u00f3n gestionats per equips locals, als que donem suport amb premis, ferramentes de gesti\u00f3 de tornejos i altres recursos, mentre que els campionats Continentals i Mundials estan gestionats pel nostre equip de joc organitzat.<\/p>\n\n<p>Per \u00faltim, el nostre equip de regles mant\u00e9 els documents vius que fan el joc possible i tamb\u00e9 busquen el millor text per a que les cartes noves siguen clares.<\/p>\n\n<p>L&#8217;equip de Null signal games est\u00e0 format per voluntaris que no reben cap remuneraci\u00f3 econ\u00f2mica. Les nostres cartes s\u00f3n creades pels nostres equips de disseny i desenvolupament, sota un minuci\u00f3s proc\u00e9s iteratiu que involucra a dotzenes de jugadors de la comunitat de Netrunner que fan proves de joc. Les il\u00b7lustracions de les cartes i tots els elements gr\u00e0fics s\u00f3n creats pel nostre equip gr\u00e0fic intern o \u00e9s encarregat a artistes professionals i pagat a preu de mercat. Tots els nostres voluntaris venen de la comunitat de Netrunner i la seua motivaci\u00f3 \u00e9s el desig de mantindre el joc de Netrunner viu i vibrant i introduir-lo a quanta m\u00e9s gent millor, en comptes de buscar un benefici econ\u00f2mic. Null Signal Games \u00e9s una companyia sense \u00e0nim de lucre i reinverteix els seus ingressos en la creaci\u00f3 de nous sets de Netrunner, aix\u00ed com en donar suport al joc organizat. Si est\u00e0s interessat a unir-te a Null signal games, per favor, mira ac\u00ed les <a href=\"https:\/\/nullsignal.games\/about\/what-is-null-signal\/join\/\">tasques disponibles<\/a>. Podeu fer una donaci\u00f3 per a mostrar el suport al nostre treball mitjan\u00e7ant <a href=\"https:\/\/www.paypal.com\/paypalme\/niseiproject\">PayPal<\/a>, o unint-vos al nostre <a href=\"https:\/\/www.patreon.com\/m\/NullSignalGames\">Patreon<\/a>.<\/p>\n\n<h2>L&#8217;equip<\/h2>\n\n<p>Ac\u00ed baix, trobareu un llistat dels actuals equips directius i executius de Null Signal Games. Torebeu-nos a <a href=\"https:\/\/stimhack.slack.com\/\">stimhack.slack.com<\/a> als canals #NullSignal i #future, a Twitter com a <a href=\"https:\/\/twitter.com\/NullSignalGames\">@NulSignalGames<\/a>, i a Facebook com a <a href=\"https:\/\/www.facebook.com\/NullSignalGames\/\">NullSignalGames<\/a>. Podeu fer consultes a l&#8217;equip de regles a Twitter a <a href=\"https:\/\/twitter.com\/NISEI_Rules\">@Netrunner_Rules<\/a>.<\/p>\n\n<p>La majoria dels nostres departaments tenen adreces de correu pr\u00f2pies, per\u00f2 si no est\u00e0s segur d&#8217;on contactar, la nostra adre\u00e7a de correu general \u00e9s <strong>info@nullsignal.games<\/strong>.<\/p>\n\n<h3>Consell executiu<\/h3>\n\n<ul><li>icecoldjazz (ell; he\/him) <em>\u2014<\/em> President <em>\u2014<\/em> president@nullsignal.games<\/li><li>SwearyPrincess (ella; she\/her) <em>\u2014<\/em> VP de Comprom\u00eds <em>\u2014<\/em> serenity@nullsignal.games<\/li><li>KevinTame (ell; he\/him) <em>\u2014<\/em> VP de Producte <em>\u2014<\/em> kevin@nullsignal.games<\/li><\/ul>\n\n<h3>Equip de direcci\u00f3<\/h3>\n\n<ul><li>Spencer Dub (ell; he\/they) <em>\u2014<\/em> Comunitat <em>\u2014<\/em> community@nullsignal.games<\/li><li>June Cuervo (elli; they\/she) <em>\u2014<\/em> Disseny <em>\u2014<\/em> design@nullsignal.games<\/li><li>divadus (ell; he\/him) <em>\u2014<\/em> Desenvolupament \u2014 development@nullsignal.games<\/li><li>Paillu (ey\/em)<em> \u2014 <\/em>Equality, Diversity, Inclusion<em> \u2014<\/em> edi@nullsignal.games<\/li><li>DanB (ell; he\/him) <em>\u2014<\/em> Marketing <em>\u2014<\/em> marketing@nullsignal.games<\/li><li>Anzekay (elli; they\/them) <em>\u2014<\/em> Narrativa <em>\u2014<\/em> creative@nullsignal.games<\/li><li>Orbital Tangent (ell; he\/him) <em>\u2014<\/em> Joc organitzat <em>\u2014<\/em> op@nullsignal.games<\/li><li>anarchomushroom (elli; they\/them) <em>\u2014<\/em> Producci\u00f3 \u2014 production@nullsignal.games<\/li><li>neuropantser (ell; he\/him) <em>\u2014<\/em> Contractaci\u00f3 <em>\u2014<\/em> recruitment@nullsignal.games<\/li><li>Jamie Perconti (elli; they\/them) <em>\u2014<\/em> Regles <em>\u2014<\/em> rules@nullsignal.games<\/li><li>lostgeek (ell; he\/him) <em>\u2014<\/em> Equip d&#8217;equilibri d&#8217;Standard<\/li><li>MrBuggles (he\/him) and PouchSurfer (he\/him) <em>\u2014<\/em> Translation<em> \u2014<\/em> translation@nullsignal.games<\/li><li>Conrad &#8220;Banknote&#8221; (ell; he\/him) <em>\u2014<\/em> Apartat gr\u00e0fic<em> \u2014<\/em> art@nullsignal.games<\/li><li>Ams (she\/her) <em>\u2014<\/em> WebDevelopment<em> \u2014<\/em> website@nullsignal.games<\/li><\/ul>\n\n<p><\/p>\n","protected":false},"excerpt":{"rendered":"<p>Null Signal Games \u00e9s una editorial de jocs que funciona com una companyia registrada sense \u00e0nim de lucre. El nostre \u00fanic producte \u00e9s el joc de cartes ampliable Netrunner, al [&hellip;]<\/p>\n","protected":false},"author":15,"featured_media":0,"parent":0,"menu_order":2,"comment_status":"closed","ping_status":"closed","template":"","meta":{"advgb_blocks_editor_width":"","advgb_blocks_columns_visual_guide":"","kt_blocks_editor_width":"","_links_to":"","_links_to_target":""},"pp_force_visibility":null,"pp_subpost_visibility":null,"pp_inherited_force_visibility":null,"pp_inherited_subpost_visibility":null,"yoast_head":"<!-- This site is optimized with the Yoast SEO plugin v17.7.1 - https:\/\/yoast.com\/wordpress\/plugins\/seo\/ -->\n<title>Qu\u00e8 \u00e9s Null Signal Games - Null Signal Games<\/title>\n<meta name=\"robots\" content=\"index, follow, max-snippet:-1, max-image-preview:large, max-video-preview:-1\" \/>\n<link rel=\"canonical\" href=\"https:\/\/nullsignal.games\/ca\/que-es-null-signal\/\" \/>\n<meta property=\"og:locale\" content=\"ca_ES\" \/>\n<meta property=\"og:type\" content=\"article\" \/>\n<meta property=\"og:title\" content=\"Qu\u00e8 \u00e9s Null Signal Games - Null Signal Games\" \/>\n<meta property=\"og:description\" content=\"Null Signal Games \u00e9s una editorial de jocs que funciona com una companyia registrada sense \u00e0nim de lucre. El nostre \u00fanic producte \u00e9s el joc de cartes ampliable Netrunner, al [&hellip;]\" \/>\n<meta property=\"og:url\" content=\"https:\/\/nullsignal.games\/ca\/que-es-null-signal\/\" \/>\n<meta property=\"og:site_name\" content=\"Null Signal Games\" \/>\n<meta property=\"article:publisher\" content=\"https:\/\/www.facebook.com\/NetrunnerNISEI\" \/>\n<meta property=\"article:modified_time\" content=\"2023-02-24T11:06:59+00:00\" \/>\n<meta name=\"twitter:card\" content=\"summary_large_image\" \/>\n<meta name=\"twitter:site\" content=\"@ProjectNISEI\" \/>\n<meta name=\"twitter:label1\" content=\"Temps estimat de lectura\" \/>\n\t<meta name=\"twitter:data1\" content=\"2 minuts\" \/>\n<script type=\"application\/ld+json\" class=\"yoast-schema-graph\">{\"@context\":\"https:\/\/schema.org\",\"@graph\":[{\"@type\":\"Organization\",\"@id\":\"https:\/\/nisei.net\/#organization\",\"name\":\"NISEI\",\"url\":\"https:\/\/nisei.net\/\",\"sameAs\":[\"https:\/\/www.facebook.com\/NetrunnerNISEI\",\"https:\/\/www.youtube.com\/channel\/UC4j5b7f95JGN4RHvXS_7z1Q\",\"https:\/\/twitter.com\/ProjectNISEI\"],\"logo\":{\"@type\":\"ImageObject\",\"@id\":\"https:\/\/nisei.net\/#logo\",\"inLanguage\":\"ca\",\"url\":\"https:\/\/nullsignal.games\/wp-content\/uploads\/2020\/08\/cropped-logo_black.png\",\"contentUrl\":\"https:\/\/nullsignal.games\/wp-content\/uploads\/2020\/08\/cropped-logo_black.png\",\"width\":512,\"height\":512,\"caption\":\"NISEI\"},\"image\":{\"@id\":\"https:\/\/nisei.net\/#logo\"}},{\"@type\":\"WebSite\",\"@id\":\"https:\/\/nisei.net\/#website\",\"url\":\"https:\/\/nisei.net\/\",\"name\":\"NISEI\",\"description\":\"The Future of Netrunner\",\"publisher\":{\"@id\":\"https:\/\/nisei.net\/#organization\"},\"potentialAction\":[{\"@type\":\"SearchAction\",\"target\":{\"@type\":\"EntryPoint\",\"urlTemplate\":\"https:\/\/nisei.net\/?s={search_term_string}\"},\"query-input\":\"required name=search_term_string\"}],\"inLanguage\":\"ca\"},{\"@type\":\"WebPage\",\"@id\":\"https:\/\/nullsignal.games\/ca\/que-es-null-signal\/#webpage\",\"url\":\"https:\/\/nullsignal.games\/ca\/que-es-null-signal\/\",\"name\":\"Qu\\u00e8 \\u00e9s Null Signal Games - Null Signal Games\",\"isPartOf\":{\"@id\":\"https:\/\/nisei.net\/#website\"},\"datePublished\":\"2022-07-31T08:49:36+00:00\",\"dateModified\":\"2023-02-24T11:06:59+00:00\",\"breadcrumb\":{\"@id\":\"https:\/\/nullsignal.games\/ca\/que-es-null-signal\/#breadcrumb\"},\"inLanguage\":\"ca\",\"potentialAction\":[{\"@type\":\"ReadAction\",\"target\":[\"https:\/\/nullsignal.games\/ca\/que-es-null-signal\/\"]}]},{\"@type\":\"BreadcrumbList\",\"@id\":\"https:\/\/nullsignal.games\/ca\/que-es-null-signal\/#breadcrumb\",\"itemListElement\":[{\"@type\":\"ListItem\",\"position\":1,\"name\":\"Home\",\"item\":\"https:\/\/nullsignal.games\/ca\/\"},{\"@type\":\"ListItem\",\"position\":2,\"name\":\"Qu\\u00e8 \\u00e9s Null Signal Games\"}]}]}<\/script>\n<!-- \/ Yoast SEO plugin. -->","yoast_head_json":{"title":"Qu\u00e8 \u00e9s Null Signal Games - Null Signal Games","robots":{"index":"index","follow":"follow","max-snippet":"max-snippet:-1","max-image-preview":"max-image-preview:large","max-video-preview":"max-video-preview:-1"},"canonical":"https:\/\/nullsignal.games\/ca\/que-es-null-signal\/","og_locale":"ca_ES","og_type":"article","og_title":"Qu\u00e8 \u00e9s Null Signal Games - Null Signal Games","og_description":"Null Signal Games \u00e9s una editorial de jocs que funciona com una companyia registrada sense \u00e0nim de lucre. El nostre \u00fanic producte \u00e9s el joc de cartes ampliable Netrunner, al [&hellip;]","og_url":"https:\/\/nullsignal.games\/ca\/que-es-null-signal\/","og_site_name":"Null Signal Games","article_publisher":"https:\/\/www.facebook.com\/NetrunnerNISEI","article_modified_time":"2023-02-24T11:06:59+00:00","twitter_card":"summary_large_image","twitter_site":"@ProjectNISEI","twitter_misc":{"Temps estimat de lectura":"2 minuts"},"schema":{"@context":"https:\/\/schema.org","@graph":[{"@type":"Organization","@id":"https:\/\/nisei.net\/#organization","name":"NISEI","url":"https:\/\/nisei.net\/","sameAs":["https:\/\/www.facebook.com\/NetrunnerNISEI","https:\/\/www.youtube.com\/channel\/UC4j5b7f95JGN4RHvXS_7z1Q","https:\/\/twitter.com\/ProjectNISEI"],"logo":{"@type":"ImageObject","@id":"https:\/\/nisei.net\/#logo","inLanguage":"ca","url":"https:\/\/nullsignal.games\/wp-content\/uploads\/2020\/08\/cropped-logo_black.png","contentUrl":"https:\/\/nullsignal.games\/wp-content\/uploads\/2020\/08\/cropped-logo_black.png","width":512,"height":512,"caption":"NISEI"},"image":{"@id":"https:\/\/nisei.net\/#logo"}},{"@type":"WebSite","@id":"https:\/\/nisei.net\/#website","url":"https:\/\/nisei.net\/","name":"NISEI","description":"The Future of Netrunner","publisher":{"@id":"https:\/\/nisei.net\/#organization"},"potentialAction":[{"@type":"SearchAction","target":{"@type":"EntryPoint","urlTemplate":"https:\/\/nisei.net\/?s={search_term_string}"},"query-input":"required name=search_term_string"}],"inLanguage":"ca"},{"@type":"WebPage","@id":"https:\/\/nullsignal.games\/ca\/que-es-null-signal\/#webpage","url":"https:\/\/nullsignal.games\/ca\/que-es-null-signal\/","name":"Qu\u00e8 \u00e9s Null Signal Games - Null Signal Games","isPartOf":{"@id":"https:\/\/nisei.net\/#website"},"datePublished":"2022-07-31T08:49:36+00:00","dateModified":"2023-02-24T11:06:59+00:00","breadcrumb":{"@id":"https:\/\/nullsignal.games\/ca\/que-es-null-signal\/#breadcrumb"},"inLanguage":"ca","potentialAction":[{"@type":"ReadAction","target":["https:\/\/nullsignal.games\/ca\/que-es-null-signal\/"]}]},{"@type":"BreadcrumbList","@id":"https:\/\/nullsignal.games\/ca\/que-es-null-signal\/#breadcrumb","itemListElement":[{"@type":"ListItem","position":1,"name":"Home","item":"https:\/\/nullsignal.games\/ca\/"},{"@type":"ListItem","position":2,"name":"Qu\u00e8 \u00e9s Null Signal Games"}]}]}},"coauthors":[{"link":"https:\/\/nullsignal.games\/ca\/blog\/author\/absotively\/","display_name":"Absotively"}],"author_meta":{"author_link":"https:\/\/nullsignal.games\/ca\/blog\/author\/absotively\/","display_name":"Absotively"},"relative_dates":{"created":"Posted 4 anys ago","modified":"Updated 3 anys ago"},"absolute_dates":{"created":"Posted on juliol 31, 2022","modified":"Updated on febrer 24, 2023"},"absolute_dates_time":{"created":"Posted on juliol 31, 2022 8:49 am","modified":"Updated on febrer 24, 2023 11:06 am"},"featured_img_caption":"","featured_img":false,"series_order":"","_links":{"self":[{"href":"https:\/\/nullsignal.games\/ca\/wp-json\/wp\/v2\/pages\/28703"}],"collection":[{"href":"https:\/\/nullsignal.games\/ca\/wp-json\/wp\/v2\/pages"}],"about":[{"href":"https:\/\/nullsignal.games\/ca\/wp-json\/wp\/v2\/types\/page"}],"author":[{"embeddable":true,"href":"https:\/\/nullsignal.games\/ca\/wp-json\/wp\/v2\/users\/15"}],"replies":[{"embeddable":true,"href":"https:\/\/nullsignal.games\/ca\/wp-json\/wp\/v2\/comments?post=28703"}],"version-history":[{"count":4,"href":"https:\/\/nullsignal.games\/ca\/wp-json\/wp\/v2\/pages\/28703\/revisions"}],"predecessor-version":[{"id":37858,"href":"https:\/\/nullsignal.games\/ca\/wp-json\/wp\/v2\/pages\/28703\/revisions\/37858"}],"wp:attachment":[{"href":"https:\/\/nullsignal.games\/ca\/wp-json\/wp\/v2\/media?parent=28703"}],"curies":[{"name":"wp","href":"https:\/\/api.w.org\/{rel}","templated":true}]}}