{"id":21453,"date":"2021-12-10T15:42:15","date_gmt":"2021-12-10T15:42:15","guid":{"rendered":"https:\/\/nullsignal.games\/que-es-netrunner\/"},"modified":"2022-07-31T09:01:16","modified_gmt":"2022-07-31T09:01:16","slug":"que-es-netrunner","status":"publish","type":"page","link":"https:\/\/nullsignal.games\/ca\/que-es-netrunner\/","title":{"rendered":"Qu\u00e8 \u00e9s Netrunner?"},"content":{"rendered":"\n<p>Netrunner \u00e9s un joc de cartes asim\u00e8tric per a dos jugadors, ambientat en un futur dist\u00f2pic on quatre megacorporacions controlen quasi tots els aspectes del dia a dia. Hackers llegendaris, coneguts com a &#8220;runners&#8221; tenen com a objectiu lluitar contra la influ\u00e8ncia de les corporacions mitjan\u00e7ant el hackeig als seus servidors i prevenint que avancen els seus obscurs plans.<\/p>\n\n\n\n<figure class=\"wp-block-image alignwide size-large\"><img loading=\"lazy\" width=\"1000\" height=\"685\" src=\"https:\/\/nullsignal.games\/wp-content\/uploads\/2021\/03\/Runner-vs-Corp.png\" alt=\"Una carta d'identitat de Runner i una carta d'identitat de Corporaci\u00f3\" class=\"wp-image-21454\" srcset=\"https:\/\/nullsignal.games\/wp-content\/uploads\/2021\/03\/Runner-vs-Corp.png 1000w, https:\/\/nullsignal.games\/wp-content\/uploads\/2021\/03\/Runner-vs-Corp-300x206.png 300w, https:\/\/nullsignal.games\/wp-content\/uploads\/2021\/03\/Runner-vs-Corp-768x526.png 768w\" sizes=\"(max-width: 1000px) 100vw, 1000px\" \/><\/figure>\n\n\n\n<p>A Netrunner, un jugador fa de <strong>Corporaci\u00f3<\/strong>, amb eines que inclouen actius corporatius i programes defensius coneguts com a &#8220;gel&#8221;. Fent servir les ferramentes com aquestes i un element de sorpresa, la Corporaci\u00f3 prova de fer avan\u00e7ar els seus plans per tal de completar-los. A l&#8217;altra banda de la taula, l&#8217;objectiu dil <strong>Runner<\/strong> \u00e9s infiltrar-se als servidors de la Corporaci\u00f3 i furtar els seus plans, i jugaran recursos, especialment maquinari i programes per a aconseguir-ho. Per descomptat, il Runner no \u00e9s cap perill si est\u00e0 mort, de manera que una Corporaci\u00f3 astuta potser tamb\u00e9 prova d&#8217;eliminar al seu oponent mitjan\u00e7ant dany, mentre que el segon cam\u00ed a la vict\u00f2ria del Runner \u00e9s frenar a la Corporaci\u00f3 durant prou de temps perqu\u00e8 es quede sense oportunitats.<\/p>\n\n\n\n<p>Netrunner \u00e9s un joc dissenyat per a ser personalitzat. Es pot escollir entre dotzenes de cartes d&#8217;identitat de Runner i Corporaci\u00f3, cadascuna amb les seues capacitats \u00faniques i construir carters personalitzats al seu voltant. Un s\u00edstema \u00fanic d&#8217;influ\u00e8ncia permet als jugadors importar unes poques cartes d&#8217;altres faccions al seu carter, tenint les cartes m\u00e9s distintives un cost d&#8217;inclusi\u00f3 m\u00e9s alt. Un delinq\u00fcent meticul\u00f3s pot adoptar les eines destructives dels anarquistes, per\u00f2 no poden agafar-les totes, ha de seleccionar amb compte quines s\u00f3n les m\u00e9s importants per a la seua estrat\u00e8gia!<\/p>\n\n\n\n<p>Pot il Runner llegir els blufs de la Corporaci\u00f3 i acabar guanyant el seu setge a la xarxa, o aconseguir\u00e0 la Corporaci\u00f3 incrementar el seu control al m\u00f3n? Descobreix-ho jugant a Netrunner.<\/p>\n\n\n\n<div class=\"wp-block-buttons is-content-justification-center\">\n<div class=\"wp-block-button\"><a class=\"wp-block-button__link\" href=\"https:\/\/nullsignal.games\/ca\/productes\/entrada-al-sistema\/\">Comen\u00e7a amb <em>Entrada al sistema<\/em><\/a><\/div>\n<\/div>\n","protected":false},"excerpt":{"rendered":"<p>Netrunner \u00e9s un joc de cartes asim\u00e8tric per a dos jugadors, ambientat en un futur dist\u00f2pic on quatre megacorporacions controlen quasi tots els aspectes del dia a dia. Hackers llegendaris, [&hellip;]<\/p>\n","protected":false},"author":15,"featured_media":0,"parent":0,"menu_order":1,"comment_status":"closed","ping_status":"closed","template":"","meta":{"advgb_blocks_editor_width":"","advgb_blocks_columns_visual_guide":"","kt_blocks_editor_width":"","_links_to":"","_links_to_target":""},"pp_force_visibility":null,"pp_subpost_visibility":null,"pp_inherited_force_visibility":null,"pp_inherited_subpost_visibility":null,"yoast_head":"<!-- This site is optimized with the Yoast SEO plugin v17.7.1 - https:\/\/yoast.com\/wordpress\/plugins\/seo\/ -->\n<title>Qu\u00e8 \u00e9s Netrunner? - Null Signal Games<\/title>\n<meta name=\"robots\" content=\"index, follow, max-snippet:-1, max-image-preview:large, max-video-preview:-1\" \/>\n<link rel=\"canonical\" href=\"https:\/\/nisei.net\/ca\/que-es-netrunner\/\" \/>\n<meta property=\"og:locale\" content=\"ca_ES\" \/>\n<meta property=\"og:type\" content=\"article\" \/>\n<meta property=\"og:title\" content=\"Qu\u00e8 \u00e9s Netrunner? - Null Signal Games\" \/>\n<meta property=\"og:description\" content=\"Netrunner \u00e9s un joc de cartes asim\u00e8tric per a dos jugadors, ambientat en un futur dist\u00f2pic on quatre megacorporacions controlen quasi tots els aspectes del dia a dia. Hackers llegendaris, [&hellip;]\" \/>\n<meta property=\"og:url\" content=\"https:\/\/nisei.net\/ca\/que-es-netrunner\/\" \/>\n<meta property=\"og:site_name\" content=\"Null Signal Games\" \/>\n<meta property=\"article:publisher\" content=\"https:\/\/www.facebook.com\/NetrunnerNISEI\" \/>\n<meta property=\"article:modified_time\" content=\"2022-07-31T09:01:16+00:00\" \/>\n<meta property=\"og:image\" content=\"https:\/\/nisei.net\/wp-content\/uploads\/2021\/03\/Runner-vs-Corp.png\" \/>\n<meta name=\"twitter:card\" content=\"summary_large_image\" \/>\n<meta name=\"twitter:site\" content=\"@ProjectNISEI\" \/>\n<meta name=\"twitter:label1\" content=\"Temps estimat de lectura\" \/>\n\t<meta name=\"twitter:data1\" content=\"2 minuts\" \/>\n<script type=\"application\/ld+json\" class=\"yoast-schema-graph\">{\"@context\":\"https:\/\/schema.org\",\"@graph\":[{\"@type\":\"Organization\",\"@id\":\"https:\/\/nisei.net\/#organization\",\"name\":\"NISEI\",\"url\":\"https:\/\/nisei.net\/\",\"sameAs\":[\"https:\/\/www.facebook.com\/NetrunnerNISEI\",\"https:\/\/www.youtube.com\/channel\/UC4j5b7f95JGN4RHvXS_7z1Q\",\"https:\/\/twitter.com\/ProjectNISEI\"],\"logo\":{\"@type\":\"ImageObject\",\"@id\":\"https:\/\/nisei.net\/#logo\",\"inLanguage\":\"ca\",\"url\":\"https:\/\/nullsignal.games\/wp-content\/uploads\/2020\/08\/cropped-logo_black.png\",\"contentUrl\":\"https:\/\/nullsignal.games\/wp-content\/uploads\/2020\/08\/cropped-logo_black.png\",\"width\":512,\"height\":512,\"caption\":\"NISEI\"},\"image\":{\"@id\":\"https:\/\/nisei.net\/#logo\"}},{\"@type\":\"WebSite\",\"@id\":\"https:\/\/nisei.net\/#website\",\"url\":\"https:\/\/nisei.net\/\",\"name\":\"NISEI\",\"description\":\"The Future of Netrunner\",\"publisher\":{\"@id\":\"https:\/\/nisei.net\/#organization\"},\"potentialAction\":[{\"@type\":\"SearchAction\",\"target\":{\"@type\":\"EntryPoint\",\"urlTemplate\":\"https:\/\/nisei.net\/?s={search_term_string}\"},\"query-input\":\"required name=search_term_string\"}],\"inLanguage\":\"ca\"},{\"@type\":\"ImageObject\",\"@id\":\"https:\/\/nisei.net\/ca\/que-es-netrunner\/#primaryimage\",\"inLanguage\":\"ca\",\"url\":\"https:\/\/nullsignal.games\/wp-content\/uploads\/2021\/03\/Runner-vs-Corp.png\",\"contentUrl\":\"https:\/\/nullsignal.games\/wp-content\/uploads\/2021\/03\/Runner-vs-Corp.png\",\"width\":1000,\"height\":685},{\"@type\":\"WebPage\",\"@id\":\"https:\/\/nisei.net\/ca\/que-es-netrunner\/#webpage\",\"url\":\"https:\/\/nisei.net\/ca\/que-es-netrunner\/\",\"name\":\"Qu\\u00e8 \\u00e9s Netrunner? - Null Signal Games\",\"isPartOf\":{\"@id\":\"https:\/\/nisei.net\/#website\"},\"primaryImageOfPage\":{\"@id\":\"https:\/\/nisei.net\/ca\/que-es-netrunner\/#primaryimage\"},\"datePublished\":\"2021-12-10T15:42:15+00:00\",\"dateModified\":\"2022-07-31T09:01:16+00:00\",\"breadcrumb\":{\"@id\":\"https:\/\/nisei.net\/ca\/que-es-netrunner\/#breadcrumb\"},\"inLanguage\":\"ca\",\"potentialAction\":[{\"@type\":\"ReadAction\",\"target\":[\"https:\/\/nisei.net\/ca\/que-es-netrunner\/\"]}]},{\"@type\":\"BreadcrumbList\",\"@id\":\"https:\/\/nisei.net\/ca\/que-es-netrunner\/#breadcrumb\",\"itemListElement\":[{\"@type\":\"ListItem\",\"position\":1,\"name\":\"Home\",\"item\":\"https:\/\/nullsignal.games\/ca\/\"},{\"@type\":\"ListItem\",\"position\":2,\"name\":\"Qu\\u00e8 \\u00e9s Netrunner?\"}]}]}<\/script>\n<!-- \/ Yoast SEO plugin. -->","yoast_head_json":{"title":"Qu\u00e8 \u00e9s Netrunner? - Null Signal Games","robots":{"index":"index","follow":"follow","max-snippet":"max-snippet:-1","max-image-preview":"max-image-preview:large","max-video-preview":"max-video-preview:-1"},"canonical":"https:\/\/nisei.net\/ca\/que-es-netrunner\/","og_locale":"ca_ES","og_type":"article","og_title":"Qu\u00e8 \u00e9s Netrunner? - Null Signal Games","og_description":"Netrunner \u00e9s un joc de cartes asim\u00e8tric per a dos jugadors, ambientat en un futur dist\u00f2pic on quatre megacorporacions controlen quasi tots els aspectes del dia a dia. Hackers llegendaris, [&hellip;]","og_url":"https:\/\/nisei.net\/ca\/que-es-netrunner\/","og_site_name":"Null Signal Games","article_publisher":"https:\/\/www.facebook.com\/NetrunnerNISEI","article_modified_time":"2022-07-31T09:01:16+00:00","og_image":[{"url":"https:\/\/nisei.net\/wp-content\/uploads\/2021\/03\/Runner-vs-Corp.png"}],"twitter_card":"summary_large_image","twitter_site":"@ProjectNISEI","twitter_misc":{"Temps estimat de lectura":"2 minuts"},"schema":{"@context":"https:\/\/schema.org","@graph":[{"@type":"Organization","@id":"https:\/\/nisei.net\/#organization","name":"NISEI","url":"https:\/\/nisei.net\/","sameAs":["https:\/\/www.facebook.com\/NetrunnerNISEI","https:\/\/www.youtube.com\/channel\/UC4j5b7f95JGN4RHvXS_7z1Q","https:\/\/twitter.com\/ProjectNISEI"],"logo":{"@type":"ImageObject","@id":"https:\/\/nisei.net\/#logo","inLanguage":"ca","url":"https:\/\/nullsignal.games\/wp-content\/uploads\/2020\/08\/cropped-logo_black.png","contentUrl":"https:\/\/nullsignal.games\/wp-content\/uploads\/2020\/08\/cropped-logo_black.png","width":512,"height":512,"caption":"NISEI"},"image":{"@id":"https:\/\/nisei.net\/#logo"}},{"@type":"WebSite","@id":"https:\/\/nisei.net\/#website","url":"https:\/\/nisei.net\/","name":"NISEI","description":"The Future of Netrunner","publisher":{"@id":"https:\/\/nisei.net\/#organization"},"potentialAction":[{"@type":"SearchAction","target":{"@type":"EntryPoint","urlTemplate":"https:\/\/nisei.net\/?s={search_term_string}"},"query-input":"required name=search_term_string"}],"inLanguage":"ca"},{"@type":"ImageObject","@id":"https:\/\/nisei.net\/ca\/que-es-netrunner\/#primaryimage","inLanguage":"ca","url":"https:\/\/nullsignal.games\/wp-content\/uploads\/2021\/03\/Runner-vs-Corp.png","contentUrl":"https:\/\/nullsignal.games\/wp-content\/uploads\/2021\/03\/Runner-vs-Corp.png","width":1000,"height":685},{"@type":"WebPage","@id":"https:\/\/nisei.net\/ca\/que-es-netrunner\/#webpage","url":"https:\/\/nisei.net\/ca\/que-es-netrunner\/","name":"Qu\u00e8 \u00e9s Netrunner? - Null Signal Games","isPartOf":{"@id":"https:\/\/nisei.net\/#website"},"primaryImageOfPage":{"@id":"https:\/\/nisei.net\/ca\/que-es-netrunner\/#primaryimage"},"datePublished":"2021-12-10T15:42:15+00:00","dateModified":"2022-07-31T09:01:16+00:00","breadcrumb":{"@id":"https:\/\/nisei.net\/ca\/que-es-netrunner\/#breadcrumb"},"inLanguage":"ca","potentialAction":[{"@type":"ReadAction","target":["https:\/\/nisei.net\/ca\/que-es-netrunner\/"]}]},{"@type":"BreadcrumbList","@id":"https:\/\/nisei.net\/ca\/que-es-netrunner\/#breadcrumb","itemListElement":[{"@type":"ListItem","position":1,"name":"Home","item":"https:\/\/nullsignal.games\/ca\/"},{"@type":"ListItem","position":2,"name":"Qu\u00e8 \u00e9s Netrunner?"}]}]}},"coauthors":[{"link":"https:\/\/nullsignal.games\/ca\/blog\/author\/absotively\/","display_name":"Absotively"}],"author_meta":{"author_link":"https:\/\/nullsignal.games\/ca\/blog\/author\/absotively\/","display_name":"Absotively"},"relative_dates":{"created":"Posted 4 anys ago","modified":"Updated 4 anys ago"},"absolute_dates":{"created":"Posted on desembre 10, 2021","modified":"Updated on juliol 31, 2022"},"absolute_dates_time":{"created":"Posted on desembre 10, 2021 3:42 pm","modified":"Updated on juliol 31, 2022 9:01 am"},"featured_img_caption":"","featured_img":false,"series_order":"","_links":{"self":[{"href":"https:\/\/nullsignal.games\/ca\/wp-json\/wp\/v2\/pages\/21453"}],"collection":[{"href":"https:\/\/nullsignal.games\/ca\/wp-json\/wp\/v2\/pages"}],"about":[{"href":"https:\/\/nullsignal.games\/ca\/wp-json\/wp\/v2\/types\/page"}],"author":[{"embeddable":true,"href":"https:\/\/nullsignal.games\/ca\/wp-json\/wp\/v2\/users\/15"}],"replies":[{"embeddable":true,"href":"https:\/\/nullsignal.games\/ca\/wp-json\/wp\/v2\/comments?post=21453"}],"version-history":[{"count":2,"href":"https:\/\/nullsignal.games\/ca\/wp-json\/wp\/v2\/pages\/21453\/revisions"}],"predecessor-version":[{"id":28715,"href":"https:\/\/nullsignal.games\/ca\/wp-json\/wp\/v2\/pages\/21453\/revisions\/28715"}],"wp:attachment":[{"href":"https:\/\/nullsignal.games\/ca\/wp-json\/wp\/v2\/media?parent=21453"}],"curies":[{"name":"wp","href":"https:\/\/api.w.org\/{rel}","templated":true}]}}